{"id":27003,"date":"2025-07-31T08:28:38","date_gmt":"2025-07-31T08:28:38","guid":{"rendered":"https:\/\/onurkaucuk.com\/?page_id=27003"},"modified":"2025-09-08T23:26:41","modified_gmt":"2025-09-08T20:26:41","slug":"tarihcemiz","status":"publish","type":"page","link":"https:\/\/onurkaucuk.com\/de\/tarihcemiz\/","title":{"rendered":"Unsere Geschichte"},"content":{"rendered":"<div data-elementor-type=\"wp-page\" data-elementor-id=\"27003\" class=\"elementor elementor-27003\">\n\t\t\t\t\t\t\t\t\t<section class=\"elementor-section elementor-top-section elementor-element elementor-element-650eaa7 elementor-section-boxed elementor-section-height-default elementor-section-height-default sc_fly_static\" data-id=\"650eaa7\" data-element_type=\"section\">\n\t\t\t\t\t\t<div class=\"elementor-container elementor-column-gap-extended\">\n\t\t\t\t\t<div class=\"elementor-column elementor-col-100 elementor-top-column elementor-element elementor-element-299111fb sc_content_align_inherit sc_layouts_column_icons_position_left sc_fly_static\" data-id=\"299111fb\" data-element_type=\"column\">\n\t\t\t<div class=\"elementor-widget-wrap elementor-element-populated\">\n\t\t\t\t\t\t\t\t<div class=\"elementor-element elementor-element-437978bb sc_height_large sc_fly_static elementor-widget elementor-widget-spacer\" data-id=\"437978bb\" data-element_type=\"widget\" data-widget_type=\"spacer.default\">\n\t\t\t\t<div class=\"elementor-widget-container\">\n\t\t\t<style>\/*! elementor - v3.15.0 - 31-07-2023 *\/\n.elementor-column .elementor-spacer-inner{height:var(--spacer-size)}.e-con{--container-widget-width:100%}.e-con-inner>.elementor-widget-spacer,.e-con>.elementor-widget-spacer{width:var(--container-widget-width,var(--spacer-size));--align-self:var(--container-widget-align-self,initial);--flex-shrink:0}.e-con-inner>.elementor-widget-spacer>.elementor-widget-container,.e-con-inner>.elementor-widget-spacer>.elementor-widget-container>.elementor-spacer,.e-con>.elementor-widget-spacer>.elementor-widget-container,.e-con>.elementor-widget-spacer>.elementor-widget-container>.elementor-spacer{height:100%}.e-con-inner>.elementor-widget-spacer>.elementor-widget-container>.elementor-spacer>.elementor-spacer-inner,.e-con>.elementor-widget-spacer>.elementor-widget-container>.elementor-spacer>.elementor-spacer-inner{height:var(--container-widget-height,var(--spacer-size))}<\/style>\t\t<div class=\"elementor-spacer\">\n\t\t\t<div class=\"elementor-spacer-inner\"><\/div>\n\t\t<\/div>\n\t\t\t\t<\/div>\n\t\t\t\t<\/div>\n\t\t\t\t\t<\/div>\n\t\t<\/div>\n\t\t\t\t\t\t\t<\/div>\n\t\t<\/section>\n\t\t\t\t<section class=\"elementor-section elementor-top-section elementor-element elementor-element-54e1fcc9 elementor-section-boxed elementor-section-height-default elementor-section-height-default sc_fly_static\" data-id=\"54e1fcc9\" data-element_type=\"section\">\n\t\t\t\t\t\t<div class=\"elementor-container elementor-column-gap-extended\">\n\t\t\t\t\t<div class=\"elementor-column elementor-col-100 elementor-top-column elementor-element elementor-element-18c5f31a sc_content_align_inherit sc_layouts_column_icons_position_left sc_fly_static\" data-id=\"18c5f31a\" data-element_type=\"column\">\n\t\t\t<div class=\"elementor-widget-wrap elementor-element-populated\">\n\t\t\t\t\t\t\t\t<div class=\"elementor-element elementor-element-de68a97 sc_fly_static elementor-widget elementor-widget-image\" data-id=\"de68a97\" data-element_type=\"widget\" data-widget_type=\"image.default\">\n\t\t\t\t<div class=\"elementor-widget-container\">\n\t\t\t<style>\/*! elementor - v3.15.0 - 31-07-2023 *\/\n.elementor-widget-image{text-align:center}.elementor-widget-image a{display:inline-block}.elementor-widget-image a img[src$=\".svg\"]{width:48px}.elementor-widget-image img{vertical-align:middle;display:inline-block}<\/style>\t\t\t\t\t\t\t\t\t\t\t\t<img loading=\"lazy\" decoding=\"async\" width=\"1280\" height=\"412\" src=\"https:\/\/onurkaucuk.com\/wp-content\/uploads\/2025\/09\/tarihce-1-Photoroom.png\" class=\"attachment-full size-full wp-image-28429\" alt=\"\" srcset=\"https:\/\/onurkaucuk.com\/wp-content\/uploads\/2025\/09\/tarihce-1-Photoroom.png 1280w, https:\/\/onurkaucuk.com\/wp-content\/uploads\/2025\/09\/tarihce-1-Photoroom-300x97.png 300w, https:\/\/onurkaucuk.com\/wp-content\/uploads\/2025\/09\/tarihce-1-Photoroom-1024x330.png 1024w, https:\/\/onurkaucuk.com\/wp-content\/uploads\/2025\/09\/tarihce-1-Photoroom-768x247.png 768w, https:\/\/onurkaucuk.com\/wp-content\/uploads\/2025\/09\/tarihce-1-Photoroom-16x5.png 16w, https:\/\/onurkaucuk.com\/wp-content\/uploads\/2025\/09\/tarihce-1-Photoroom-370x119.png 370w, https:\/\/onurkaucuk.com\/wp-content\/uploads\/2025\/09\/tarihce-1-Photoroom-840x270.png 840w, https:\/\/onurkaucuk.com\/wp-content\/uploads\/2025\/09\/tarihce-1-Photoroom-410x132.png 410w, https:\/\/onurkaucuk.com\/wp-content\/uploads\/2025\/09\/tarihce-1-Photoroom-600x193.png 600w\" sizes=\"auto, (max-width: 1280px) 100vw, 1280px\" \/>\t\t\t\t\t\t\t\t\t\t\t\t\t\t\t<\/div>\n\t\t\t\t<\/div>\n\t\t\t\t<div class=\"elementor-element elementor-element-10d3a5b sc_fly_static elementor-widget elementor-widget-spacer\" data-id=\"10d3a5b\" data-element_type=\"widget\" data-widget_type=\"spacer.default\">\n\t\t\t\t<div class=\"elementor-widget-container\">\n\t\t\t\t\t<div class=\"elementor-spacer\">\n\t\t\t<div class=\"elementor-spacer-inner\"><\/div>\n\t\t<\/div>\n\t\t\t\t<\/div>\n\t\t\t\t<\/div>\n\t\t\t\t<div class=\"elementor-element elementor-element-5d7d389 sc_fly_static elementor-widget elementor-widget-text-editor\" data-id=\"5d7d389\" data-element_type=\"widget\" data-widget_type=\"text-editor.default\">\n\t\t\t\t<div class=\"elementor-widget-container\">\n\t\t\t<style>\/*! elementor - v3.15.0 - 31-07-2023 *\/\n.elementor-widget-text-editor.elementor-drop-cap-view-stacked .elementor-drop-cap{background-color:#69727d;color:#fff}.elementor-widget-text-editor.elementor-drop-cap-view-framed .elementor-drop-cap{color:#69727d;border:3px solid;background-color:transparent}.elementor-widget-text-editor:not(.elementor-drop-cap-view-default) .elementor-drop-cap{margin-top:8px}.elementor-widget-text-editor:not(.elementor-drop-cap-view-default) .elementor-drop-cap-letter{width:1em;height:1em}.elementor-widget-text-editor .elementor-drop-cap{float:left;text-align:center;line-height:1;font-size:50px}.elementor-widget-text-editor .elementor-drop-cap-letter{display:inline-block}<\/style>\t\t\t\t<p>Onur Kau\u00e7uk begann 1985 in einer kleinen Werkstatt mit der Gesch\u00e4ftst\u00e4tigkeit. Kundenzufriedenheit und Servicequalit\u00e4t waren dabei die Kernprinzipien des Unternehmens. Nach der Umstrukturierung in eine Gesellschaft mit beschr\u00e4nkter Haftung im Jahr 1989 entwickelte sich das Unternehmen schnell zu einer f\u00fchrenden und gefragten Marke in der Branche.<\/p><p>Mit der Erneuerung unserer Technologie und Arbeitsr\u00e4ume im Jahr 2024 haben wir unsere Marktpr\u00e4senz weiter gest\u00e4rkt. Durch die Kombination langj\u00e4hriger Erfahrung mit modernster Technologie bieten wir Produkte, die ein hohes Ma\u00df an Kundenzufriedenheit gew\u00e4hrleisten.<\/p>\t\t\t\t\t\t<\/div>\n\t\t\t\t<\/div>\n\t\t\t\t<div class=\"elementor-element elementor-element-6542108 sc_height_tiny sc_fly_static elementor-widget elementor-widget-spacer\" data-id=\"6542108\" data-element_type=\"widget\" data-widget_type=\"spacer.default\">\n\t\t\t\t<div class=\"elementor-widget-container\">\n\t\t\t\t\t<div class=\"elementor-spacer\">\n\t\t\t<div class=\"elementor-spacer-inner\"><\/div>\n\t\t<\/div>\n\t\t\t\t<\/div>\n\t\t\t\t<\/div>\n\t\t\t\t<div data-animation-type=\"block\" class=\"elementor-element elementor-element-d427fa8 animation_type_block sc_fly_static elementor-invisible elementor-widget elementor-widget-trx_sc_button\" data-id=\"d427fa8\" data-element_type=\"widget\" data-settings=\"{&quot;_animation&quot;:&quot;tint-fadeinup&quot;}\" data-widget_type=\"trx_sc_button.default\">\n\t\t\t\t<div class=\"elementor-widget-container\">\n\t\t\t<div\tclass=\"sc_item_button sc_button_wrap\" ><a href=\"https:\/\/onurkaucuk.com\/de\/urunlerimiz\/\" class=\"sc_button sc_button_default sc_button_size_normal sc_button_icon_left\" ><span class=\"sc_button_text\"><span class=\"sc_button_title\">Schauen Sie sich unsere Produkte an<\/span><\/span><\/a><\/div>\t\t<\/div>\n\t\t\t\t<\/div>\n\t\t\t\t\t<\/div>\n\t\t<\/div>\n\t\t\t\t\t\t\t<\/div>\n\t\t<\/section>\n\t\t\t\t<section class=\"elementor-section elementor-top-section elementor-element elementor-element-1d744ca0 elementor-section-boxed elementor-section-height-default elementor-section-height-default sc_fly_static\" data-id=\"1d744ca0\" data-element_type=\"section\">\n\t\t\t\t\t\t<div class=\"elementor-container elementor-column-gap-extended\">\n\t\t\t\t\t<div class=\"elementor-column elementor-col-100 elementor-top-column elementor-element elementor-element-47d2b275 sc_content_align_inherit sc_layouts_column_icons_position_left sc_fly_static\" data-id=\"47d2b275\" data-element_type=\"column\">\n\t\t\t<div class=\"elementor-widget-wrap elementor-element-populated\">\n\t\t\t\t\t\t\t\t<div class=\"elementor-element elementor-element-2fb4cd08 sc_height_large sc_fly_static elementor-widget elementor-widget-spacer\" data-id=\"2fb4cd08\" data-element_type=\"widget\" data-widget_type=\"spacer.default\">\n\t\t\t\t<div class=\"elementor-widget-container\">\n\t\t\t\t\t<div class=\"elementor-spacer\">\n\t\t\t<div class=\"elementor-spacer-inner\"><\/div>\n\t\t<\/div>\n\t\t\t\t<\/div>\n\t\t\t\t<\/div>\n\t\t\t\t\t<\/div>\n\t\t<\/div>\n\t\t\t\t\t\t\t<\/div>\n\t\t<\/section>\n\t\t\t\t\t\t\t<\/div>","protected":false},"excerpt":{"rendered":"<p>Onur Kau\u00e7uk, 1985 y\u0131l\u0131nda m\u00fc\u015fteri memnuniyeti ve hizmet kalitesini temel ilke edinerek k\u00fc\u00e7\u00fck bir at\u00f6lyede faaliyetlerine ba\u015flad\u0131. 1989 y\u0131l\u0131nda Limited \u015eirketi olarak yeniden yap\u0131lanan firma, k\u0131sa s\u00fcrede sekt\u00f6rde \u00f6nc\u00fc ve&hellip;<\/p>","protected":false},"author":1,"featured_media":0,"parent":0,"menu_order":0,"comment_status":"closed","ping_status":"closed","template":"","meta":{"footnotes":""},"class_list":["post-27003","page","type-page","status-publish","hentry"],"yoast_head":"<!-- This site is optimized with the Yoast SEO plugin v25.6 - https:\/\/yoast.com\/wordpress\/plugins\/seo\/ -->\n<title>Tarih\u00e7emiz - Onur Kau&ccedil;uk<\/title>\n<meta name=\"robots\" content=\"index, follow, max-snippet:-1, max-image-preview:large, max-video-preview:-1\" \/>\n<link rel=\"canonical\" href=\"https:\/\/onurkaucuk.com\/de\/tarihcemiz\/\" \/>\n<meta property=\"og:locale\" content=\"de_DE\" \/>\n<meta property=\"og:type\" content=\"article\" \/>\n<meta property=\"og:title\" content=\"Tarih\u00e7emiz - Onur Kau&ccedil;uk\" \/>\n<meta property=\"og:description\" content=\"Onur Kau\u00e7uk, 1985 y\u0131l\u0131nda m\u00fc\u015fteri memnuniyeti ve hizmet kalitesini temel ilke edinerek k\u00fc\u00e7\u00fck bir at\u00f6lyede faaliyetlerine ba\u015flad\u0131. 1989 y\u0131l\u0131nda Limited \u015eirketi olarak yeniden yap\u0131lanan firma, k\u0131sa s\u00fcrede sekt\u00f6rde \u00f6nc\u00fc ve&hellip;\" \/>\n<meta property=\"og:url\" content=\"https:\/\/onurkaucuk.com\/de\/tarihcemiz\/\" \/>\n<meta property=\"og:site_name\" content=\"Onur Kau&ccedil;uk\" \/>\n<meta property=\"article:modified_time\" content=\"2025-09-08T20:26:41+00:00\" \/>\n<meta property=\"og:image\" content=\"https:\/\/onurkaucuk.com\/wp-content\/uploads\/2025\/09\/tarihce-1-Photoroom.png\" \/>\n<meta name=\"twitter:card\" content=\"summary_large_image\" \/>\n<script type=\"application\/ld+json\" class=\"yoast-schema-graph\">{\"@context\":\"https:\/\/schema.org\",\"@graph\":[{\"@type\":\"WebPage\",\"@id\":\"https:\/\/onurkaucuk.com\/tarihcemiz\/\",\"url\":\"https:\/\/onurkaucuk.com\/tarihcemiz\/\",\"name\":\"Tarih\u00e7emiz - Onur Kau&ccedil;uk\",\"isPartOf\":{\"@id\":\"https:\/\/onurkaucuk.com\/#website\"},\"primaryImageOfPage\":{\"@id\":\"https:\/\/onurkaucuk.com\/tarihcemiz\/#primaryimage\"},\"image\":{\"@id\":\"https:\/\/onurkaucuk.com\/tarihcemiz\/#primaryimage\"},\"thumbnailUrl\":\"https:\/\/onurkaucuk.com\/wp-content\/uploads\/2025\/09\/tarihce-1-Photoroom.png\",\"datePublished\":\"2025-07-31T08:28:38+00:00\",\"dateModified\":\"2025-09-08T20:26:41+00:00\",\"breadcrumb\":{\"@id\":\"https:\/\/onurkaucuk.com\/tarihcemiz\/#breadcrumb\"},\"inLanguage\":\"de\",\"potentialAction\":[{\"@type\":\"ReadAction\",\"target\":[\"https:\/\/onurkaucuk.com\/tarihcemiz\/\"]}]},{\"@type\":\"ImageObject\",\"inLanguage\":\"de\",\"@id\":\"https:\/\/onurkaucuk.com\/tarihcemiz\/#primaryimage\",\"url\":\"https:\/\/onurkaucuk.com\/wp-content\/uploads\/2025\/09\/tarihce-1-Photoroom.png\",\"contentUrl\":\"https:\/\/onurkaucuk.com\/wp-content\/uploads\/2025\/09\/tarihce-1-Photoroom.png\"},{\"@type\":\"BreadcrumbList\",\"@id\":\"https:\/\/onurkaucuk.com\/tarihcemiz\/#breadcrumb\",\"itemListElement\":[{\"@type\":\"ListItem\",\"position\":1,\"name\":\"Anasayfa\",\"item\":\"https:\/\/onurkaucuk.com\/\"},{\"@type\":\"ListItem\",\"position\":2,\"name\":\"Tarih\u00e7emiz\"}]},{\"@type\":\"WebSite\",\"@id\":\"https:\/\/onurkaucuk.com\/#website\",\"url\":\"https:\/\/onurkaucuk.com\/\",\"name\":\"Onur Kau&ccedil;uk\",\"description\":\"Kau&ccedil;uk ve Silikonda G&uuml;venilir &Ccedil;&ouml;z&uuml;m Orta\u011f\u0131n\u0131z\",\"publisher\":{\"@id\":\"https:\/\/onurkaucuk.com\/#organization\"},\"potentialAction\":[{\"@type\":\"SearchAction\",\"target\":{\"@type\":\"EntryPoint\",\"urlTemplate\":\"https:\/\/onurkaucuk.com\/?s={search_term_string}\"},\"query-input\":{\"@type\":\"PropertyValueSpecification\",\"valueRequired\":true,\"valueName\":\"search_term_string\"}}],\"inLanguage\":\"de\"},{\"@type\":\"Organization\",\"@id\":\"https:\/\/onurkaucuk.com\/#organization\",\"name\":\"Onur Kau&ccedil;uk\",\"url\":\"https:\/\/onurkaucuk.com\/\",\"logo\":{\"@type\":\"ImageObject\",\"inLanguage\":\"de\",\"@id\":\"https:\/\/onurkaucuk.com\/#\/schema\/logo\/image\/\",\"url\":\"https:\/\/onurkaucuk.com\/wp-content\/uploads\/2025\/07\/onurkaucuk-logo-buyuk.png\",\"contentUrl\":\"https:\/\/onurkaucuk.com\/wp-content\/uploads\/2025\/07\/onurkaucuk-logo-buyuk.png\",\"width\":698,\"height\":250,\"caption\":\"Onur Kau&ccedil;uk\"},\"image\":{\"@id\":\"https:\/\/onurkaucuk.com\/#\/schema\/logo\/image\/\"}}]}<\/script>\n<!-- \/ Yoast SEO plugin. -->","yoast_head_json":{"title":"Tarih\u00e7emiz - Onur Kau&ccedil;uk","robots":{"index":"index","follow":"follow","max-snippet":"max-snippet:-1","max-image-preview":"max-image-preview:large","max-video-preview":"max-video-preview:-1"},"canonical":"https:\/\/onurkaucuk.com\/de\/tarihcemiz\/","og_locale":"de_DE","og_type":"article","og_title":"Tarih\u00e7emiz - Onur Kau&ccedil;uk","og_description":"Onur Kau\u00e7uk, 1985 y\u0131l\u0131nda m\u00fc\u015fteri memnuniyeti ve hizmet kalitesini temel ilke edinerek k\u00fc\u00e7\u00fck bir at\u00f6lyede faaliyetlerine ba\u015flad\u0131. 1989 y\u0131l\u0131nda Limited \u015eirketi olarak yeniden yap\u0131lanan firma, k\u0131sa s\u00fcrede sekt\u00f6rde \u00f6nc\u00fc ve&hellip;","og_url":"https:\/\/onurkaucuk.com\/de\/tarihcemiz\/","og_site_name":"Onur Kau&ccedil;uk","article_modified_time":"2025-09-08T20:26:41+00:00","og_image":[{"url":"https:\/\/onurkaucuk.com\/wp-content\/uploads\/2025\/09\/tarihce-1-Photoroom.png","type":"","width":"","height":""}],"twitter_card":"summary_large_image","schema":{"@context":"https:\/\/schema.org","@graph":[{"@type":"WebPage","@id":"https:\/\/onurkaucuk.com\/tarihcemiz\/","url":"https:\/\/onurkaucuk.com\/tarihcemiz\/","name":"Tarih\u00e7emiz - Onur Kau&ccedil;uk","isPartOf":{"@id":"https:\/\/onurkaucuk.com\/#website"},"primaryImageOfPage":{"@id":"https:\/\/onurkaucuk.com\/tarihcemiz\/#primaryimage"},"image":{"@id":"https:\/\/onurkaucuk.com\/tarihcemiz\/#primaryimage"},"thumbnailUrl":"https:\/\/onurkaucuk.com\/wp-content\/uploads\/2025\/09\/tarihce-1-Photoroom.png","datePublished":"2025-07-31T08:28:38+00:00","dateModified":"2025-09-08T20:26:41+00:00","breadcrumb":{"@id":"https:\/\/onurkaucuk.com\/tarihcemiz\/#breadcrumb"},"inLanguage":"de","potentialAction":[{"@type":"ReadAction","target":["https:\/\/onurkaucuk.com\/tarihcemiz\/"]}]},{"@type":"ImageObject","inLanguage":"de","@id":"https:\/\/onurkaucuk.com\/tarihcemiz\/#primaryimage","url":"https:\/\/onurkaucuk.com\/wp-content\/uploads\/2025\/09\/tarihce-1-Photoroom.png","contentUrl":"https:\/\/onurkaucuk.com\/wp-content\/uploads\/2025\/09\/tarihce-1-Photoroom.png"},{"@type":"BreadcrumbList","@id":"https:\/\/onurkaucuk.com\/tarihcemiz\/#breadcrumb","itemListElement":[{"@type":"ListItem","position":1,"name":"Anasayfa","item":"https:\/\/onurkaucuk.com\/"},{"@type":"ListItem","position":2,"name":"Tarih\u00e7emiz"}]},{"@type":"WebSite","@id":"https:\/\/onurkaucuk.com\/#website","url":"https:\/\/onurkaucuk.com\/","name":"Onur Kau&ccedil;uk","description":"Kau&ccedil;uk ve Silikonda G&uuml;venilir &Ccedil;&ouml;z&uuml;m Orta\u011f\u0131n\u0131z","publisher":{"@id":"https:\/\/onurkaucuk.com\/#organization"},"potentialAction":[{"@type":"SearchAction","target":{"@type":"EntryPoint","urlTemplate":"https:\/\/onurkaucuk.com\/?s={search_term_string}"},"query-input":{"@type":"PropertyValueSpecification","valueRequired":true,"valueName":"search_term_string"}}],"inLanguage":"de"},{"@type":"Organization","@id":"https:\/\/onurkaucuk.com\/#organization","name":"Onur Kau&ccedil;uk","url":"https:\/\/onurkaucuk.com\/","logo":{"@type":"ImageObject","inLanguage":"de","@id":"https:\/\/onurkaucuk.com\/#\/schema\/logo\/image\/","url":"https:\/\/onurkaucuk.com\/wp-content\/uploads\/2025\/07\/onurkaucuk-logo-buyuk.png","contentUrl":"https:\/\/onurkaucuk.com\/wp-content\/uploads\/2025\/07\/onurkaucuk-logo-buyuk.png","width":698,"height":250,"caption":"Onur Kau&ccedil;uk"},"image":{"@id":"https:\/\/onurkaucuk.com\/#\/schema\/logo\/image\/"}}]}},"_links":{"self":[{"href":"https:\/\/onurkaucuk.com\/de\/wp-json\/wp\/v2\/pages\/27003","targetHints":{"allow":["GET"]}}],"collection":[{"href":"https:\/\/onurkaucuk.com\/de\/wp-json\/wp\/v2\/pages"}],"about":[{"href":"https:\/\/onurkaucuk.com\/de\/wp-json\/wp\/v2\/types\/page"}],"author":[{"embeddable":true,"href":"https:\/\/onurkaucuk.com\/de\/wp-json\/wp\/v2\/users\/1"}],"replies":[{"embeddable":true,"href":"https:\/\/onurkaucuk.com\/de\/wp-json\/wp\/v2\/comments?post=27003"}],"version-history":[{"count":34,"href":"https:\/\/onurkaucuk.com\/de\/wp-json\/wp\/v2\/pages\/27003\/revisions"}],"predecessor-version":[{"id":28432,"href":"https:\/\/onurkaucuk.com\/de\/wp-json\/wp\/v2\/pages\/27003\/revisions\/28432"}],"wp:attachment":[{"href":"https:\/\/onurkaucuk.com\/de\/wp-json\/wp\/v2\/media?parent=27003"}],"curies":[{"name":"wp","href":"https:\/\/api.w.org\/{rel}","templated":true}]}}