{"id":27015,"date":"2025-07-31T08:38:47","date_gmt":"2025-07-31T08:38:47","guid":{"rendered":"https:\/\/onurkaucuk.com\/?page_id=27015"},"modified":"2025-07-31T08:46:09","modified_gmt":"2025-07-31T08:46:09","slug":"gizlilik-politikasi","status":"publish","type":"page","link":"https:\/\/onurkaucuk.com\/de\/gizlilik-politikasi\/","title":{"rendered":"Datenschutzrichtlinie"},"content":{"rendered":"<div data-elementor-type=\"wp-page\" data-elementor-id=\"27015\" class=\"elementor elementor-27015\">\n\t\t\t\t\t\t\t\t\t<section class=\"elementor-section elementor-top-section elementor-element elementor-element-3e4b8bef elementor-section-boxed elementor-section-height-default elementor-section-height-default sc_fly_static\" data-id=\"3e4b8bef\" data-element_type=\"section\">\n\t\t\t\t\t\t<div class=\"elementor-container elementor-column-gap-extended\">\n\t\t\t\t\t<div class=\"elementor-column elementor-col-100 elementor-top-column elementor-element elementor-element-52514409 sc_content_align_inherit sc_layouts_column_icons_position_left sc_fly_static\" data-id=\"52514409\" data-element_type=\"column\">\n\t\t\t<div class=\"elementor-widget-wrap elementor-element-populated\">\n\t\t\t\t\t\t\t\t<div class=\"elementor-element elementor-element-6a1ab569 sc_fly_static elementor-widget elementor-widget-text-editor\" data-id=\"6a1ab569\" data-element_type=\"widget\" data-widget_type=\"text-editor.default\">\n\t\t\t\t<div class=\"elementor-widget-container\">\n\t\t\t<style>\/*! elementor - v3.15.0 - 31-07-2023 *\/\n.elementor-widget-text-editor.elementor-drop-cap-view-stacked .elementor-drop-cap{background-color:#69727d;color:#fff}.elementor-widget-text-editor.elementor-drop-cap-view-framed .elementor-drop-cap{color:#69727d;border:3px solid;background-color:transparent}.elementor-widget-text-editor:not(.elementor-drop-cap-view-default) .elementor-drop-cap{margin-top:8px}.elementor-widget-text-editor:not(.elementor-drop-cap-view-default) .elementor-drop-cap-letter{width:1em;height:1em}.elementor-widget-text-editor .elementor-drop-cap{float:left;text-align:center;line-height:1;font-size:50px}.elementor-widget-text-editor .elementor-drop-cap-letter{display:inline-block}<\/style>\t\t\t\t<p>Alle Informationen, die Sie eingeben, um Mitglied unserer Site zu werden, werden nicht an Drittunternehmen oder Einzelpersonen weitergegeben. Alle Informationen, die Sie \u00fcber die Kontaktformulare unserer Site eingeben, werden nicht an Drittunternehmen oder Einzelpersonen weitergegeben.<\/p><p>Unsere Website sendet Kunden und Mitgliedern gelegentlich Kampagneninformationen, Informationen zu neuen Produkten und Werbeinformationen. Mitglieder k\u00f6nnen bei der Registrierung w\u00e4hlen, ob sie solche Informationen erhalten m\u00f6chten. Diese Auswahl kann nach der Anmeldung im Bereich \u201eKontoinformationen\u201c ge\u00e4ndert werden.<\/p><p>Nur Sie k\u00f6nnen auf die bei der Registrierung angegebenen Daten zugreifen und diese \u00e4ndern. Wenn Sie Ihre Anmeldedaten sicher aufbewahren, ist es Dritten nicht m\u00f6glich, auf Ihre Daten zuzugreifen oder sie zu \u00e4ndern.\u00a0<\/p><p>Der K\u00e4ufer ist pers\u00f6nlich f\u00fcr jegliche unregelm\u00e4\u00dfige Nutzung, Einw\u00e4nde sowie finanzielle Verluste und Strafen verantwortlich, die aus Kreditkartentransaktionen seinerseits oder von Dritten auf der Website onurkaucuk.com entstehen k\u00f6nnen.<\/p>\t\t\t\t\t\t<\/div>\n\t\t\t\t<\/div>\n\t\t\t\t\t<\/div>\n\t\t<\/div>\n\t\t\t\t\t\t\t<\/div>\n\t\t<\/section>\n\t\t\t\t\t\t\t<\/div>","protected":false},"excerpt":{"rendered":"<p>Sitemize \u00fcye olmak i\u00e7in girmi\u015f oldu\u011funuz t\u00fcm bilgiler, \u00a03. parti firma veya ki\u015filerle payla\u015f\u0131lmayacakt\u0131r. Sitemiz ileti\u015fim formlar\u0131ndan girmi\u015f oldu\u011funuz t\u00fcm bilgiler, \u00a03. parti firma veya ki\u015filerle payla\u015f\u0131lmayacakt\u0131r. Sitemiz baz\u0131 d\u00f6nemlerde&hellip;<\/p>","protected":false},"author":1,"featured_media":0,"parent":0,"menu_order":0,"comment_status":"closed","ping_status":"closed","template":"","meta":{"footnotes":""},"class_list":["post-27015","page","type-page","status-publish","hentry"],"yoast_head":"<!-- This site is optimized with the Yoast SEO plugin v25.6 - https:\/\/yoast.com\/wordpress\/plugins\/seo\/ -->\n<title>Gizlilik Politikas\u0131 - Onur Kau&ccedil;uk<\/title>\n<meta name=\"robots\" content=\"index, follow, max-snippet:-1, max-image-preview:large, max-video-preview:-1\" \/>\n<link rel=\"canonical\" href=\"https:\/\/onurkaucuk.com\/de\/gizlilik-politikasi\/\" \/>\n<meta property=\"og:locale\" content=\"de_DE\" \/>\n<meta property=\"og:type\" content=\"article\" \/>\n<meta property=\"og:title\" content=\"Gizlilik Politikas\u0131 - Onur Kau&ccedil;uk\" \/>\n<meta property=\"og:description\" content=\"Sitemize \u00fcye olmak i\u00e7in girmi\u015f oldu\u011funuz t\u00fcm bilgiler, \u00a03. parti firma veya ki\u015filerle payla\u015f\u0131lmayacakt\u0131r. Sitemiz ileti\u015fim formlar\u0131ndan girmi\u015f oldu\u011funuz t\u00fcm bilgiler, \u00a03. parti firma veya ki\u015filerle payla\u015f\u0131lmayacakt\u0131r. Sitemiz baz\u0131 d\u00f6nemlerde&hellip;\" \/>\n<meta property=\"og:url\" content=\"https:\/\/onurkaucuk.com\/de\/gizlilik-politikasi\/\" \/>\n<meta property=\"og:site_name\" content=\"Onur Kau&ccedil;uk\" \/>\n<meta property=\"article:modified_time\" content=\"2025-07-31T08:46:09+00:00\" \/>\n<meta name=\"twitter:card\" content=\"summary_large_image\" \/>\n<meta name=\"twitter:label1\" content=\"Gesch\u00e4tzte Lesezeit\" \/>\n\t<meta name=\"twitter:data1\" content=\"1\u00a0Minute\" \/>\n<script type=\"application\/ld+json\" class=\"yoast-schema-graph\">{\"@context\":\"https:\/\/schema.org\",\"@graph\":[{\"@type\":\"WebPage\",\"@id\":\"https:\/\/onurkaucuk.com\/gizlilik-politikasi\/\",\"url\":\"https:\/\/onurkaucuk.com\/gizlilik-politikasi\/\",\"name\":\"Gizlilik Politikas\u0131 - Onur Kau&ccedil;uk\",\"isPartOf\":{\"@id\":\"https:\/\/onurkaucuk.com\/#website\"},\"datePublished\":\"2025-07-31T08:38:47+00:00\",\"dateModified\":\"2025-07-31T08:46:09+00:00\",\"breadcrumb\":{\"@id\":\"https:\/\/onurkaucuk.com\/gizlilik-politikasi\/#breadcrumb\"},\"inLanguage\":\"de\",\"potentialAction\":[{\"@type\":\"ReadAction\",\"target\":[\"https:\/\/onurkaucuk.com\/gizlilik-politikasi\/\"]}]},{\"@type\":\"BreadcrumbList\",\"@id\":\"https:\/\/onurkaucuk.com\/gizlilik-politikasi\/#breadcrumb\",\"itemListElement\":[{\"@type\":\"ListItem\",\"position\":1,\"name\":\"Anasayfa\",\"item\":\"https:\/\/onurkaucuk.com\/\"},{\"@type\":\"ListItem\",\"position\":2,\"name\":\"Gizlilik Politikas\u0131\"}]},{\"@type\":\"WebSite\",\"@id\":\"https:\/\/onurkaucuk.com\/#website\",\"url\":\"https:\/\/onurkaucuk.com\/\",\"name\":\"Onur Kau&ccedil;uk\",\"description\":\"Kau&ccedil;uk ve Silikonda G&uuml;venilir &Ccedil;&ouml;z&uuml;m Orta\u011f\u0131n\u0131z\",\"publisher\":{\"@id\":\"https:\/\/onurkaucuk.com\/#organization\"},\"potentialAction\":[{\"@type\":\"SearchAction\",\"target\":{\"@type\":\"EntryPoint\",\"urlTemplate\":\"https:\/\/onurkaucuk.com\/?s={search_term_string}\"},\"query-input\":{\"@type\":\"PropertyValueSpecification\",\"valueRequired\":true,\"valueName\":\"search_term_string\"}}],\"inLanguage\":\"de\"},{\"@type\":\"Organization\",\"@id\":\"https:\/\/onurkaucuk.com\/#organization\",\"name\":\"Onur Kau&ccedil;uk\",\"url\":\"https:\/\/onurkaucuk.com\/\",\"logo\":{\"@type\":\"ImageObject\",\"inLanguage\":\"de\",\"@id\":\"https:\/\/onurkaucuk.com\/#\/schema\/logo\/image\/\",\"url\":\"https:\/\/onurkaucuk.com\/wp-content\/uploads\/2025\/07\/onurkaucuk-logo-buyuk.png\",\"contentUrl\":\"https:\/\/onurkaucuk.com\/wp-content\/uploads\/2025\/07\/onurkaucuk-logo-buyuk.png\",\"width\":698,\"height\":250,\"caption\":\"Onur Kau&ccedil;uk\"},\"image\":{\"@id\":\"https:\/\/onurkaucuk.com\/#\/schema\/logo\/image\/\"}}]}<\/script>\n<!-- \/ Yoast SEO plugin. -->","yoast_head_json":{"title":"Gizlilik Politikas\u0131 - Onur Kau&ccedil;uk","robots":{"index":"index","follow":"follow","max-snippet":"max-snippet:-1","max-image-preview":"max-image-preview:large","max-video-preview":"max-video-preview:-1"},"canonical":"https:\/\/onurkaucuk.com\/de\/gizlilik-politikasi\/","og_locale":"de_DE","og_type":"article","og_title":"Gizlilik Politikas\u0131 - Onur Kau&ccedil;uk","og_description":"Sitemize \u00fcye olmak i\u00e7in girmi\u015f oldu\u011funuz t\u00fcm bilgiler, \u00a03. parti firma veya ki\u015filerle payla\u015f\u0131lmayacakt\u0131r. Sitemiz ileti\u015fim formlar\u0131ndan girmi\u015f oldu\u011funuz t\u00fcm bilgiler, \u00a03. parti firma veya ki\u015filerle payla\u015f\u0131lmayacakt\u0131r. Sitemiz baz\u0131 d\u00f6nemlerde&hellip;","og_url":"https:\/\/onurkaucuk.com\/de\/gizlilik-politikasi\/","og_site_name":"Onur Kau&ccedil;uk","article_modified_time":"2025-07-31T08:46:09+00:00","twitter_card":"summary_large_image","twitter_misc":{"Gesch\u00e4tzte Lesezeit":"1\u00a0Minute"},"schema":{"@context":"https:\/\/schema.org","@graph":[{"@type":"WebPage","@id":"https:\/\/onurkaucuk.com\/gizlilik-politikasi\/","url":"https:\/\/onurkaucuk.com\/gizlilik-politikasi\/","name":"Gizlilik Politikas\u0131 - Onur Kau&ccedil;uk","isPartOf":{"@id":"https:\/\/onurkaucuk.com\/#website"},"datePublished":"2025-07-31T08:38:47+00:00","dateModified":"2025-07-31T08:46:09+00:00","breadcrumb":{"@id":"https:\/\/onurkaucuk.com\/gizlilik-politikasi\/#breadcrumb"},"inLanguage":"de","potentialAction":[{"@type":"ReadAction","target":["https:\/\/onurkaucuk.com\/gizlilik-politikasi\/"]}]},{"@type":"BreadcrumbList","@id":"https:\/\/onurkaucuk.com\/gizlilik-politikasi\/#breadcrumb","itemListElement":[{"@type":"ListItem","position":1,"name":"Anasayfa","item":"https:\/\/onurkaucuk.com\/"},{"@type":"ListItem","position":2,"name":"Gizlilik Politikas\u0131"}]},{"@type":"WebSite","@id":"https:\/\/onurkaucuk.com\/#website","url":"https:\/\/onurkaucuk.com\/","name":"Onur Kau&ccedil;uk","description":"Kau&ccedil;uk ve Silikonda G&uuml;venilir &Ccedil;&ouml;z&uuml;m Orta\u011f\u0131n\u0131z","publisher":{"@id":"https:\/\/onurkaucuk.com\/#organization"},"potentialAction":[{"@type":"SearchAction","target":{"@type":"EntryPoint","urlTemplate":"https:\/\/onurkaucuk.com\/?s={search_term_string}"},"query-input":{"@type":"PropertyValueSpecification","valueRequired":true,"valueName":"search_term_string"}}],"inLanguage":"de"},{"@type":"Organization","@id":"https:\/\/onurkaucuk.com\/#organization","name":"Onur Kau&ccedil;uk","url":"https:\/\/onurkaucuk.com\/","logo":{"@type":"ImageObject","inLanguage":"de","@id":"https:\/\/onurkaucuk.com\/#\/schema\/logo\/image\/","url":"https:\/\/onurkaucuk.com\/wp-content\/uploads\/2025\/07\/onurkaucuk-logo-buyuk.png","contentUrl":"https:\/\/onurkaucuk.com\/wp-content\/uploads\/2025\/07\/onurkaucuk-logo-buyuk.png","width":698,"height":250,"caption":"Onur Kau&ccedil;uk"},"image":{"@id":"https:\/\/onurkaucuk.com\/#\/schema\/logo\/image\/"}}]}},"_links":{"self":[{"href":"https:\/\/onurkaucuk.com\/de\/wp-json\/wp\/v2\/pages\/27015","targetHints":{"allow":["GET"]}}],"collection":[{"href":"https:\/\/onurkaucuk.com\/de\/wp-json\/wp\/v2\/pages"}],"about":[{"href":"https:\/\/onurkaucuk.com\/de\/wp-json\/wp\/v2\/types\/page"}],"author":[{"embeddable":true,"href":"https:\/\/onurkaucuk.com\/de\/wp-json\/wp\/v2\/users\/1"}],"replies":[{"embeddable":true,"href":"https:\/\/onurkaucuk.com\/de\/wp-json\/wp\/v2\/comments?post=27015"}],"version-history":[{"count":8,"href":"https:\/\/onurkaucuk.com\/de\/wp-json\/wp\/v2\/pages\/27015\/revisions"}],"predecessor-version":[{"id":27033,"href":"https:\/\/onurkaucuk.com\/de\/wp-json\/wp\/v2\/pages\/27015\/revisions\/27033"}],"wp:attachment":[{"href":"https:\/\/onurkaucuk.com\/de\/wp-json\/wp\/v2\/media?parent=27015"}],"curies":[{"name":"wp","href":"https:\/\/api.w.org\/{rel}","templated":true}]}}