{"id":27027,"date":"2025-07-31T08:42:27","date_gmt":"2025-07-31T08:42:27","guid":{"rendered":"https:\/\/onurkaucuk.com\/?page_id=27027"},"modified":"2025-09-29T14:06:24","modified_gmt":"2025-09-29T11:06:24","slug":"cerez-politikasi","status":"publish","type":"page","link":"https:\/\/onurkaucuk.com\/de\/cerez-politikasi\/","title":{"rendered":"Cookie-Richtlinie"},"content":{"rendered":"<div data-elementor-type=\"wp-page\" data-elementor-id=\"27027\" class=\"elementor elementor-27027\">\n\t\t\t\t\t\t\t\t\t<section class=\"elementor-section elementor-top-section elementor-element elementor-element-3e4b8bef elementor-section-boxed elementor-section-height-default elementor-section-height-default sc_fly_static\" data-id=\"3e4b8bef\" data-element_type=\"section\">\n\t\t\t\t\t\t<div class=\"elementor-container elementor-column-gap-extended\">\n\t\t\t\t\t<div class=\"elementor-column elementor-col-100 elementor-top-column elementor-element elementor-element-52514409 sc_content_align_inherit sc_layouts_column_icons_position_left sc_fly_static\" data-id=\"52514409\" data-element_type=\"column\">\n\t\t\t<div class=\"elementor-widget-wrap elementor-element-populated\">\n\t\t\t\t\t\t\t\t<div class=\"elementor-element elementor-element-6a1ab569 sc_fly_static elementor-widget elementor-widget-text-editor\" data-id=\"6a1ab569\" data-element_type=\"widget\" data-widget_type=\"text-editor.default\">\n\t\t\t\t<div class=\"elementor-widget-container\">\n\t\t\t<style>\/*! elementor - v3.15.0 - 31-07-2023 *\/\n.elementor-widget-text-editor.elementor-drop-cap-view-stacked .elementor-drop-cap{background-color:#69727d;color:#fff}.elementor-widget-text-editor.elementor-drop-cap-view-framed .elementor-drop-cap{color:#69727d;border:3px solid;background-color:transparent}.elementor-widget-text-editor:not(.elementor-drop-cap-view-default) .elementor-drop-cap{margin-top:8px}.elementor-widget-text-editor:not(.elementor-drop-cap-view-default) .elementor-drop-cap-letter{width:1em;height:1em}.elementor-widget-text-editor .elementor-drop-cap{float:left;text-align:center;line-height:1;font-size:50px}.elementor-widget-text-editor .elementor-drop-cap-letter{display:inline-block}<\/style>\t\t\t\t<p>Bei jedem Besuch unserer Website werden mithilfe verschiedener Datenerfassungstools oder relevanter Technologien von Drittanbietern, die in unserem Namen und auf unsere Rechnung handeln, Informationen zu Ihrem Zugriff und Ihrer Nutzung erfasst, um unsere Website n\u00fctzlich, effektiv und sicher zu machen und Ihnen einen besseren Service zu bieten.<\/p><p><strong>Was ist ein Cookie?\u00a0<\/strong><\/p><p>Cookies sind sehr kleine Textdateien, typischerweise bestehend aus Buchstaben und Zahlen, die beim Besuch einer Webseite im Browser des Nutzers gespeichert werden. Sie protokollieren im Browserverlauf, wonach Nutzer auf Websites gesucht haben. Sie erm\u00f6glichen einer Website den Zugriff auf die Website, indem sie die Aktivit\u00e4ten des Nutzers auf der Website in den Browserprotokollen protokollieren. Cookies sind vergleichbar mit Ausweisen, die Websites anzeigen, dass derselbe Besucher die Website erneut besucht hat. Cookies enthalten keine personenbezogenen Daten \u00fcber Besucher wie Name, Geschlecht oder Adresse. Ausf\u00fchrlichere Informationen zu Cookies finden Sie unter www.aboutcookies.org und www.allaboutcookies.org.<\/p><p><strong>Arten von Cookies und ihre Verwendungszwecke\u00a0<\/strong><\/p><p>Vom Websitebetreiber verwaltete Cookies hei\u00dfen Website-Cookies. Es k\u00f6nnen auch Drittanbieter-Cookies anderer Anbieter zum Einsatz kommen. Sitzungscookies werden gel\u00f6scht, sobald der Besucher die Website verl\u00e4sst, w\u00e4hrend dauerhafte Cookies f\u00fcr unterschiedlich lange Zeit auf dem Ger\u00e4t des Besuchers verbleiben. Wir k\u00f6nnen die Arten von Cookies je nach Verwendungszweck variieren, darunter technische Cookies, Verifizierungs-Cookies, Targeting-\/Werbe-Cookies, Personalisierungs-Cookies und Analyse-Cookies. Cookies k\u00f6nnen verwendet werden, um grundlegende Funktionen der Website auszuf\u00fchren, die Website zu analysieren und ihre Leistung zu verbessern, die Funktionalit\u00e4t und Benutzerfreundlichkeit der Website zu verbessern sowie Personalisierungs-, Targeting- und Werbeaktivit\u00e4ten durchzuf\u00fchren.<\/p><p><strong>Cookie-Einstellungen verwalten<\/strong><\/p><p>Ihre Pr\u00e4ferenzen bez\u00fcglich der Erfassung personenbezogener Daten w\u00e4hrend der Nutzung unserer Rund-A-Website sind uns \u00e4u\u00dferst wichtig. Es ist jedoch nicht m\u00f6glich, die Pr\u00e4ferenzen f\u00fcr Cookies zu verwalten, die f\u00fcr den Betrieb der Website unerl\u00e4sslich sind. Dar\u00fcber hinaus m\u00f6chten wir Sie daran erinnern, dass das Deaktivieren bestimmter Cookies dazu f\u00fchren kann, dass bestimmte Funktionen der Website nicht zur Verf\u00fcgung stehen. Informationen dar\u00fcber, wie Sie Ihre Cookie-Pr\u00e4ferenzen auf unserer Website w\u00e4hrend der Nutzung unserer Website verwalten k\u00f6nnen, finden Sie wie folgt: Sie haben das Recht, Ihre Pr\u00e4ferenzen zu personalisieren, indem Sie die Einstellungen des von Ihnen zum Anzeigen unserer Website verwendeten Browsers \u00e4ndern. Wenn Ihr Browser diese Option bietet, k\u00f6nnen Sie Ihre Cookie-Pr\u00e4ferenzen \u00fcber Ihre Browsereinstellungen \u00e4ndern. Obwohl dies je nach den vom Browser angebotenen Funktionen variieren kann, haben Dateneigent\u00fcmer die M\u00f6glichkeit, die Verwendung von Cookies zu verhindern, eine Warnung vor der Verwendung eines Cookies zu erhalten oder nur bestimmte Cookies zu deaktivieren oder zu l\u00f6schen. Diese Pr\u00e4ferenzen variieren je nach verwendetem Browser. Eine allgemeine Erkl\u00e4rung finden Sie unter https:\/\/www.aboutcookies.org\/. Ihre Cookie-Einstellungen m\u00fcssen m\u00f6glicherweise f\u00fcr jedes Ger\u00e4t, von dem aus Sie auf unsere Website zugreifen, separat festgelegt werden.\u00a0<\/p>\t\t\t\t\t\t<\/div>\n\t\t\t\t<\/div>\n\t\t\t\t\t<\/div>\n\t\t<\/div>\n\t\t\t\t\t\t\t<\/div>\n\t\t<\/section>\n\t\t\t\t\t\t\t<\/div>","protected":false},"excerpt":{"rendered":"<p>Web sitemizi her ziyaretinizde eri\u015fim ve kullan\u0131mlar\u0131n\u0131z\u0131 g\u00f6steren bilgiler sitemizi kullan\u0131\u015fl\u0131, etkili, g\u00fcvenli hale getirmek ve size daha iyi hizmet verebilmek amac\u0131yla \u00e7e\u015fitli veri elde etme ara\u00e7lar\u0131 ile veya bizim&hellip;<\/p>","protected":false},"author":1,"featured_media":0,"parent":0,"menu_order":0,"comment_status":"closed","ping_status":"closed","template":"","meta":{"footnotes":""},"class_list":["post-27027","page","type-page","status-publish","hentry"],"yoast_head":"<!-- This site is optimized with the Yoast SEO plugin v25.6 - https:\/\/yoast.com\/wordpress\/plugins\/seo\/ -->\n<title>\u00c7erez Politikas\u0131 - Onur Kau&ccedil;uk<\/title>\n<meta name=\"robots\" content=\"index, follow, max-snippet:-1, max-image-preview:large, max-video-preview:-1\" \/>\n<link rel=\"canonical\" href=\"https:\/\/onurkaucuk.com\/de\/cerez-politikasi\/\" \/>\n<meta property=\"og:locale\" content=\"de_DE\" \/>\n<meta property=\"og:type\" content=\"article\" \/>\n<meta property=\"og:title\" content=\"\u00c7erez Politikas\u0131 - Onur Kau&ccedil;uk\" \/>\n<meta property=\"og:description\" content=\"Web sitemizi her ziyaretinizde eri\u015fim ve kullan\u0131mlar\u0131n\u0131z\u0131 g\u00f6steren bilgiler sitemizi kullan\u0131\u015fl\u0131, etkili, g\u00fcvenli hale getirmek ve size daha iyi hizmet verebilmek amac\u0131yla \u00e7e\u015fitli veri elde etme ara\u00e7lar\u0131 ile veya bizim&hellip;\" \/>\n<meta property=\"og:url\" content=\"https:\/\/onurkaucuk.com\/de\/cerez-politikasi\/\" \/>\n<meta property=\"og:site_name\" content=\"Onur Kau&ccedil;uk\" \/>\n<meta property=\"article:modified_time\" content=\"2025-09-29T11:06:24+00:00\" \/>\n<meta name=\"twitter:card\" content=\"summary_large_image\" \/>\n<meta name=\"twitter:label1\" content=\"Gesch\u00e4tzte Lesezeit\" \/>\n\t<meta name=\"twitter:data1\" content=\"3\u00a0Minuten\" \/>\n<script type=\"application\/ld+json\" class=\"yoast-schema-graph\">{\"@context\":\"https:\/\/schema.org\",\"@graph\":[{\"@type\":\"WebPage\",\"@id\":\"https:\/\/onurkaucuk.com\/cerez-politikasi\/\",\"url\":\"https:\/\/onurkaucuk.com\/cerez-politikasi\/\",\"name\":\"\u00c7erez Politikas\u0131 - Onur Kau&ccedil;uk\",\"isPartOf\":{\"@id\":\"https:\/\/onurkaucuk.com\/#website\"},\"datePublished\":\"2025-07-31T08:42:27+00:00\",\"dateModified\":\"2025-09-29T11:06:24+00:00\",\"breadcrumb\":{\"@id\":\"https:\/\/onurkaucuk.com\/cerez-politikasi\/#breadcrumb\"},\"inLanguage\":\"de\",\"potentialAction\":[{\"@type\":\"ReadAction\",\"target\":[\"https:\/\/onurkaucuk.com\/cerez-politikasi\/\"]}]},{\"@type\":\"BreadcrumbList\",\"@id\":\"https:\/\/onurkaucuk.com\/cerez-politikasi\/#breadcrumb\",\"itemListElement\":[{\"@type\":\"ListItem\",\"position\":1,\"name\":\"Anasayfa\",\"item\":\"https:\/\/onurkaucuk.com\/\"},{\"@type\":\"ListItem\",\"position\":2,\"name\":\"\u00c7erez Politikas\u0131\"}]},{\"@type\":\"WebSite\",\"@id\":\"https:\/\/onurkaucuk.com\/#website\",\"url\":\"https:\/\/onurkaucuk.com\/\",\"name\":\"Onur Kau&ccedil;uk\",\"description\":\"Kau&ccedil;uk ve Silikonda G&uuml;venilir &Ccedil;&ouml;z&uuml;m Orta\u011f\u0131n\u0131z\",\"publisher\":{\"@id\":\"https:\/\/onurkaucuk.com\/#organization\"},\"potentialAction\":[{\"@type\":\"SearchAction\",\"target\":{\"@type\":\"EntryPoint\",\"urlTemplate\":\"https:\/\/onurkaucuk.com\/?s={search_term_string}\"},\"query-input\":{\"@type\":\"PropertyValueSpecification\",\"valueRequired\":true,\"valueName\":\"search_term_string\"}}],\"inLanguage\":\"de\"},{\"@type\":\"Organization\",\"@id\":\"https:\/\/onurkaucuk.com\/#organization\",\"name\":\"Onur Kau&ccedil;uk\",\"url\":\"https:\/\/onurkaucuk.com\/\",\"logo\":{\"@type\":\"ImageObject\",\"inLanguage\":\"de\",\"@id\":\"https:\/\/onurkaucuk.com\/#\/schema\/logo\/image\/\",\"url\":\"https:\/\/onurkaucuk.com\/wp-content\/uploads\/2025\/07\/onurkaucuk-logo-buyuk.png\",\"contentUrl\":\"https:\/\/onurkaucuk.com\/wp-content\/uploads\/2025\/07\/onurkaucuk-logo-buyuk.png\",\"width\":698,\"height\":250,\"caption\":\"Onur Kau&ccedil;uk\"},\"image\":{\"@id\":\"https:\/\/onurkaucuk.com\/#\/schema\/logo\/image\/\"}}]}<\/script>\n<!-- \/ Yoast SEO plugin. -->","yoast_head_json":{"title":"\u00c7erez Politikas\u0131 - Onur Kau&ccedil;uk","robots":{"index":"index","follow":"follow","max-snippet":"max-snippet:-1","max-image-preview":"max-image-preview:large","max-video-preview":"max-video-preview:-1"},"canonical":"https:\/\/onurkaucuk.com\/de\/cerez-politikasi\/","og_locale":"de_DE","og_type":"article","og_title":"\u00c7erez Politikas\u0131 - Onur Kau&ccedil;uk","og_description":"Web sitemizi her ziyaretinizde eri\u015fim ve kullan\u0131mlar\u0131n\u0131z\u0131 g\u00f6steren bilgiler sitemizi kullan\u0131\u015fl\u0131, etkili, g\u00fcvenli hale getirmek ve size daha iyi hizmet verebilmek amac\u0131yla \u00e7e\u015fitli veri elde etme ara\u00e7lar\u0131 ile veya bizim&hellip;","og_url":"https:\/\/onurkaucuk.com\/de\/cerez-politikasi\/","og_site_name":"Onur Kau&ccedil;uk","article_modified_time":"2025-09-29T11:06:24+00:00","twitter_card":"summary_large_image","twitter_misc":{"Gesch\u00e4tzte Lesezeit":"3\u00a0Minuten"},"schema":{"@context":"https:\/\/schema.org","@graph":[{"@type":"WebPage","@id":"https:\/\/onurkaucuk.com\/cerez-politikasi\/","url":"https:\/\/onurkaucuk.com\/cerez-politikasi\/","name":"\u00c7erez Politikas\u0131 - Onur Kau&ccedil;uk","isPartOf":{"@id":"https:\/\/onurkaucuk.com\/#website"},"datePublished":"2025-07-31T08:42:27+00:00","dateModified":"2025-09-29T11:06:24+00:00","breadcrumb":{"@id":"https:\/\/onurkaucuk.com\/cerez-politikasi\/#breadcrumb"},"inLanguage":"de","potentialAction":[{"@type":"ReadAction","target":["https:\/\/onurkaucuk.com\/cerez-politikasi\/"]}]},{"@type":"BreadcrumbList","@id":"https:\/\/onurkaucuk.com\/cerez-politikasi\/#breadcrumb","itemListElement":[{"@type":"ListItem","position":1,"name":"Anasayfa","item":"https:\/\/onurkaucuk.com\/"},{"@type":"ListItem","position":2,"name":"\u00c7erez Politikas\u0131"}]},{"@type":"WebSite","@id":"https:\/\/onurkaucuk.com\/#website","url":"https:\/\/onurkaucuk.com\/","name":"Onur Kau&ccedil;uk","description":"Kau&ccedil;uk ve Silikonda G&uuml;venilir &Ccedil;&ouml;z&uuml;m Orta\u011f\u0131n\u0131z","publisher":{"@id":"https:\/\/onurkaucuk.com\/#organization"},"potentialAction":[{"@type":"SearchAction","target":{"@type":"EntryPoint","urlTemplate":"https:\/\/onurkaucuk.com\/?s={search_term_string}"},"query-input":{"@type":"PropertyValueSpecification","valueRequired":true,"valueName":"search_term_string"}}],"inLanguage":"de"},{"@type":"Organization","@id":"https:\/\/onurkaucuk.com\/#organization","name":"Onur Kau&ccedil;uk","url":"https:\/\/onurkaucuk.com\/","logo":{"@type":"ImageObject","inLanguage":"de","@id":"https:\/\/onurkaucuk.com\/#\/schema\/logo\/image\/","url":"https:\/\/onurkaucuk.com\/wp-content\/uploads\/2025\/07\/onurkaucuk-logo-buyuk.png","contentUrl":"https:\/\/onurkaucuk.com\/wp-content\/uploads\/2025\/07\/onurkaucuk-logo-buyuk.png","width":698,"height":250,"caption":"Onur Kau&ccedil;uk"},"image":{"@id":"https:\/\/onurkaucuk.com\/#\/schema\/logo\/image\/"}}]}},"_links":{"self":[{"href":"https:\/\/onurkaucuk.com\/de\/wp-json\/wp\/v2\/pages\/27027","targetHints":{"allow":["GET"]}}],"collection":[{"href":"https:\/\/onurkaucuk.com\/de\/wp-json\/wp\/v2\/pages"}],"about":[{"href":"https:\/\/onurkaucuk.com\/de\/wp-json\/wp\/v2\/types\/page"}],"author":[{"embeddable":true,"href":"https:\/\/onurkaucuk.com\/de\/wp-json\/wp\/v2\/users\/1"}],"replies":[{"embeddable":true,"href":"https:\/\/onurkaucuk.com\/de\/wp-json\/wp\/v2\/comments?post=27027"}],"version-history":[{"count":7,"href":"https:\/\/onurkaucuk.com\/de\/wp-json\/wp\/v2\/pages\/27027\/revisions"}],"predecessor-version":[{"id":28551,"href":"https:\/\/onurkaucuk.com\/de\/wp-json\/wp\/v2\/pages\/27027\/revisions\/28551"}],"wp:attachment":[{"href":"https:\/\/onurkaucuk.com\/de\/wp-json\/wp\/v2\/media?parent=27027"}],"curies":[{"name":"wp","href":"https:\/\/api.w.org\/{rel}","templated":true}]}}