{"id":27028,"date":"2025-07-31T08:42:38","date_gmt":"2025-07-31T08:42:38","guid":{"rendered":"https:\/\/onurkaucuk.com\/?page_id=27028"},"modified":"2025-07-31T08:46:34","modified_gmt":"2025-07-31T08:46:34","slug":"kvkk-bildirimi","status":"publish","type":"page","link":"https:\/\/onurkaucuk.com\/de\/kvkk-bildirimi\/","title":{"rendered":"KVKK Benachrichtigung"},"content":{"rendered":"<div data-elementor-type=\"wp-page\" data-elementor-id=\"27028\" class=\"elementor elementor-27028\">\n\t\t\t\t\t\t\t\t\t<section class=\"elementor-section elementor-top-section elementor-element elementor-element-3e4b8bef elementor-section-boxed elementor-section-height-default elementor-section-height-default sc_fly_static\" data-id=\"3e4b8bef\" data-element_type=\"section\">\n\t\t\t\t\t\t<div class=\"elementor-container elementor-column-gap-extended\">\n\t\t\t\t\t<div class=\"elementor-column elementor-col-100 elementor-top-column elementor-element elementor-element-52514409 sc_content_align_inherit sc_layouts_column_icons_position_left sc_fly_static\" data-id=\"52514409\" data-element_type=\"column\">\n\t\t\t<div class=\"elementor-widget-wrap elementor-element-populated\">\n\t\t\t\t\t\t\t\t<div class=\"elementor-element elementor-element-6a1ab569 sc_fly_static elementor-widget elementor-widget-text-editor\" data-id=\"6a1ab569\" data-element_type=\"widget\" data-widget_type=\"text-editor.default\">\n\t\t\t\t<div class=\"elementor-widget-container\">\n\t\t\t<style>\/*! elementor - v3.15.0 - 31-07-2023 *\/\n.elementor-widget-text-editor.elementor-drop-cap-view-stacked .elementor-drop-cap{background-color:#69727d;color:#fff}.elementor-widget-text-editor.elementor-drop-cap-view-framed .elementor-drop-cap{color:#69727d;border:3px solid;background-color:transparent}.elementor-widget-text-editor:not(.elementor-drop-cap-view-default) .elementor-drop-cap{margin-top:8px}.elementor-widget-text-editor:not(.elementor-drop-cap-view-default) .elementor-drop-cap-letter{width:1em;height:1em}.elementor-widget-text-editor .elementor-drop-cap{float:left;text-align:center;line-height:1;font-size:50px}.elementor-widget-text-editor .elementor-drop-cap-letter{display:inline-block}<\/style>\t\t\t\t<p>Als onurkaucuk.com ergreifen wir als Datenverantwortlicher die erforderlichen Ma\u00dfnahmen bei der Speicherung, Verarbeitung und \u00dcbermittlung Ihrer personenbezogenen Daten gem\u00e4\u00df dem Grundsatz des Schutzes der Privatsph\u00e4re und der Grundrechte und -freiheiten des Einzelnen.<\/p><p>Wir haben unseren Informationstext zur Verarbeitung personenbezogener Daten (\u201eInformationstext\u201c) erstellt, um betroffene Personen \u00fcber die Verarbeitung, Speicherung und \u00dcbermittlung Ihrer personenbezogenen Daten im Rahmen des Gesetzes zum Schutz personenbezogener Daten (KVKK) und anderer gesetzlicher Bestimmungen zu informieren. Auf dieser Seite finden Sie alle Informationen zu unseren Informationen als Verantwortlicher, zu den Zwecken der Verarbeitung personenbezogener Daten, zu wem und zu welchen Zwecken sie \u00fcbermittelt werden k\u00f6nnen, zur Methode und Rechtsgrundlage der Erhebung personenbezogener Daten sowie zu Ihren Rechten gem\u00e4\u00df dem KVKK.<\/p><p>Wir behalten uns das Recht vor, den Informationstext bei Bedarf zu \u00e4ndern. \u00c4nderungen treten mit der Ver\u00f6ffentlichung in Kraft.<\/p>\t\t\t\t\t\t<\/div>\n\t\t\t\t<\/div>\n\t\t\t\t\t<\/div>\n\t\t<\/div>\n\t\t\t\t\t\t\t<\/div>\n\t\t<\/section>\n\t\t\t\t\t\t\t<\/div>","protected":false},"excerpt":{"rendered":"<p>Ki\u015fisel verilerinizi \u00f6zel hayat\u0131n gizlili\u011fi ve ki\u015filerin temel hak ve \u00f6zg\u00fcrl\u00fcklerinin korunmas\u0131 ilkesine uygun olarak muhafazas\u0131, i\u015flenmesi ve mevzuata uygun olarak aktar\u0131m\u0131 a\u015famalar\u0131nda onurkaucuk.com olarak Veri Sorumlusu s\u0131fat\u0131 ile gerekli&hellip;<\/p>","protected":false},"author":1,"featured_media":0,"parent":0,"menu_order":0,"comment_status":"closed","ping_status":"closed","template":"","meta":{"footnotes":""},"class_list":["post-27028","page","type-page","status-publish","hentry"],"yoast_head":"<!-- This site is optimized with the Yoast SEO plugin v25.6 - https:\/\/yoast.com\/wordpress\/plugins\/seo\/ -->\n<title>KVKK Bildirimi - Onur Kau&ccedil;uk<\/title>\n<meta name=\"robots\" content=\"index, follow, max-snippet:-1, max-image-preview:large, max-video-preview:-1\" \/>\n<link rel=\"canonical\" href=\"https:\/\/onurkaucuk.com\/de\/kvkk-bildirimi\/\" \/>\n<meta property=\"og:locale\" content=\"de_DE\" \/>\n<meta property=\"og:type\" content=\"article\" \/>\n<meta property=\"og:title\" content=\"KVKK Bildirimi - Onur Kau&ccedil;uk\" \/>\n<meta property=\"og:description\" content=\"Ki\u015fisel verilerinizi \u00f6zel hayat\u0131n gizlili\u011fi ve ki\u015filerin temel hak ve \u00f6zg\u00fcrl\u00fcklerinin korunmas\u0131 ilkesine uygun olarak muhafazas\u0131, i\u015flenmesi ve mevzuata uygun olarak aktar\u0131m\u0131 a\u015famalar\u0131nda onurkaucuk.com olarak Veri Sorumlusu s\u0131fat\u0131 ile gerekli&hellip;\" \/>\n<meta property=\"og:url\" content=\"https:\/\/onurkaucuk.com\/de\/kvkk-bildirimi\/\" \/>\n<meta property=\"og:site_name\" content=\"Onur Kau&ccedil;uk\" \/>\n<meta property=\"article:modified_time\" content=\"2025-07-31T08:46:34+00:00\" \/>\n<meta name=\"twitter:card\" content=\"summary_large_image\" \/>\n<meta name=\"twitter:label1\" content=\"Gesch\u00e4tzte Lesezeit\" \/>\n\t<meta name=\"twitter:data1\" content=\"1\u00a0Minute\" \/>\n<script type=\"application\/ld+json\" class=\"yoast-schema-graph\">{\"@context\":\"https:\/\/schema.org\",\"@graph\":[{\"@type\":\"WebPage\",\"@id\":\"https:\/\/onurkaucuk.com\/kvkk-bildirimi\/\",\"url\":\"https:\/\/onurkaucuk.com\/kvkk-bildirimi\/\",\"name\":\"KVKK Bildirimi - Onur Kau&ccedil;uk\",\"isPartOf\":{\"@id\":\"https:\/\/onurkaucuk.com\/#website\"},\"datePublished\":\"2025-07-31T08:42:38+00:00\",\"dateModified\":\"2025-07-31T08:46:34+00:00\",\"breadcrumb\":{\"@id\":\"https:\/\/onurkaucuk.com\/kvkk-bildirimi\/#breadcrumb\"},\"inLanguage\":\"de\",\"potentialAction\":[{\"@type\":\"ReadAction\",\"target\":[\"https:\/\/onurkaucuk.com\/kvkk-bildirimi\/\"]}]},{\"@type\":\"BreadcrumbList\",\"@id\":\"https:\/\/onurkaucuk.com\/kvkk-bildirimi\/#breadcrumb\",\"itemListElement\":[{\"@type\":\"ListItem\",\"position\":1,\"name\":\"Anasayfa\",\"item\":\"https:\/\/onurkaucuk.com\/\"},{\"@type\":\"ListItem\",\"position\":2,\"name\":\"KVKK Bildirimi\"}]},{\"@type\":\"WebSite\",\"@id\":\"https:\/\/onurkaucuk.com\/#website\",\"url\":\"https:\/\/onurkaucuk.com\/\",\"name\":\"Onur Kau&ccedil;uk\",\"description\":\"Kau&ccedil;uk ve Silikonda G&uuml;venilir &Ccedil;&ouml;z&uuml;m Orta\u011f\u0131n\u0131z\",\"publisher\":{\"@id\":\"https:\/\/onurkaucuk.com\/#organization\"},\"potentialAction\":[{\"@type\":\"SearchAction\",\"target\":{\"@type\":\"EntryPoint\",\"urlTemplate\":\"https:\/\/onurkaucuk.com\/?s={search_term_string}\"},\"query-input\":{\"@type\":\"PropertyValueSpecification\",\"valueRequired\":true,\"valueName\":\"search_term_string\"}}],\"inLanguage\":\"de\"},{\"@type\":\"Organization\",\"@id\":\"https:\/\/onurkaucuk.com\/#organization\",\"name\":\"Onur Kau&ccedil;uk\",\"url\":\"https:\/\/onurkaucuk.com\/\",\"logo\":{\"@type\":\"ImageObject\",\"inLanguage\":\"de\",\"@id\":\"https:\/\/onurkaucuk.com\/#\/schema\/logo\/image\/\",\"url\":\"https:\/\/onurkaucuk.com\/wp-content\/uploads\/2025\/07\/onurkaucuk-logo-buyuk.png\",\"contentUrl\":\"https:\/\/onurkaucuk.com\/wp-content\/uploads\/2025\/07\/onurkaucuk-logo-buyuk.png\",\"width\":698,\"height\":250,\"caption\":\"Onur Kau&ccedil;uk\"},\"image\":{\"@id\":\"https:\/\/onurkaucuk.com\/#\/schema\/logo\/image\/\"}}]}<\/script>\n<!-- \/ Yoast SEO plugin. -->","yoast_head_json":{"title":"KVKK Bildirimi - Onur Kau&ccedil;uk","robots":{"index":"index","follow":"follow","max-snippet":"max-snippet:-1","max-image-preview":"max-image-preview:large","max-video-preview":"max-video-preview:-1"},"canonical":"https:\/\/onurkaucuk.com\/de\/kvkk-bildirimi\/","og_locale":"de_DE","og_type":"article","og_title":"KVKK Bildirimi - Onur Kau&ccedil;uk","og_description":"Ki\u015fisel verilerinizi \u00f6zel hayat\u0131n gizlili\u011fi ve ki\u015filerin temel hak ve \u00f6zg\u00fcrl\u00fcklerinin korunmas\u0131 ilkesine uygun olarak muhafazas\u0131, i\u015flenmesi ve mevzuata uygun olarak aktar\u0131m\u0131 a\u015famalar\u0131nda onurkaucuk.com olarak Veri Sorumlusu s\u0131fat\u0131 ile gerekli&hellip;","og_url":"https:\/\/onurkaucuk.com\/de\/kvkk-bildirimi\/","og_site_name":"Onur Kau&ccedil;uk","article_modified_time":"2025-07-31T08:46:34+00:00","twitter_card":"summary_large_image","twitter_misc":{"Gesch\u00e4tzte Lesezeit":"1\u00a0Minute"},"schema":{"@context":"https:\/\/schema.org","@graph":[{"@type":"WebPage","@id":"https:\/\/onurkaucuk.com\/kvkk-bildirimi\/","url":"https:\/\/onurkaucuk.com\/kvkk-bildirimi\/","name":"KVKK Bildirimi - Onur Kau&ccedil;uk","isPartOf":{"@id":"https:\/\/onurkaucuk.com\/#website"},"datePublished":"2025-07-31T08:42:38+00:00","dateModified":"2025-07-31T08:46:34+00:00","breadcrumb":{"@id":"https:\/\/onurkaucuk.com\/kvkk-bildirimi\/#breadcrumb"},"inLanguage":"de","potentialAction":[{"@type":"ReadAction","target":["https:\/\/onurkaucuk.com\/kvkk-bildirimi\/"]}]},{"@type":"BreadcrumbList","@id":"https:\/\/onurkaucuk.com\/kvkk-bildirimi\/#breadcrumb","itemListElement":[{"@type":"ListItem","position":1,"name":"Anasayfa","item":"https:\/\/onurkaucuk.com\/"},{"@type":"ListItem","position":2,"name":"KVKK Bildirimi"}]},{"@type":"WebSite","@id":"https:\/\/onurkaucuk.com\/#website","url":"https:\/\/onurkaucuk.com\/","name":"Onur Kau&ccedil;uk","description":"Kau&ccedil;uk ve Silikonda G&uuml;venilir &Ccedil;&ouml;z&uuml;m Orta\u011f\u0131n\u0131z","publisher":{"@id":"https:\/\/onurkaucuk.com\/#organization"},"potentialAction":[{"@type":"SearchAction","target":{"@type":"EntryPoint","urlTemplate":"https:\/\/onurkaucuk.com\/?s={search_term_string}"},"query-input":{"@type":"PropertyValueSpecification","valueRequired":true,"valueName":"search_term_string"}}],"inLanguage":"de"},{"@type":"Organization","@id":"https:\/\/onurkaucuk.com\/#organization","name":"Onur Kau&ccedil;uk","url":"https:\/\/onurkaucuk.com\/","logo":{"@type":"ImageObject","inLanguage":"de","@id":"https:\/\/onurkaucuk.com\/#\/schema\/logo\/image\/","url":"https:\/\/onurkaucuk.com\/wp-content\/uploads\/2025\/07\/onurkaucuk-logo-buyuk.png","contentUrl":"https:\/\/onurkaucuk.com\/wp-content\/uploads\/2025\/07\/onurkaucuk-logo-buyuk.png","width":698,"height":250,"caption":"Onur Kau&ccedil;uk"},"image":{"@id":"https:\/\/onurkaucuk.com\/#\/schema\/logo\/image\/"}}]}},"_links":{"self":[{"href":"https:\/\/onurkaucuk.com\/de\/wp-json\/wp\/v2\/pages\/27028","targetHints":{"allow":["GET"]}}],"collection":[{"href":"https:\/\/onurkaucuk.com\/de\/wp-json\/wp\/v2\/pages"}],"about":[{"href":"https:\/\/onurkaucuk.com\/de\/wp-json\/wp\/v2\/types\/page"}],"author":[{"embeddable":true,"href":"https:\/\/onurkaucuk.com\/de\/wp-json\/wp\/v2\/users\/1"}],"replies":[{"embeddable":true,"href":"https:\/\/onurkaucuk.com\/de\/wp-json\/wp\/v2\/comments?post=27028"}],"version-history":[{"count":4,"href":"https:\/\/onurkaucuk.com\/de\/wp-json\/wp\/v2\/pages\/27028\/revisions"}],"predecessor-version":[{"id":27039,"href":"https:\/\/onurkaucuk.com\/de\/wp-json\/wp\/v2\/pages\/27028\/revisions\/27039"}],"wp:attachment":[{"href":"https:\/\/onurkaucuk.com\/de\/wp-json\/wp\/v2\/media?parent=27028"}],"curies":[{"name":"wp","href":"https:\/\/api.w.org\/{rel}","templated":true}]}}