{"id":27948,"date":"2025-07-31T22:43:01","date_gmt":"2025-07-31T19:43:01","guid":{"rendered":"https:\/\/onurkaucuk.com\/?post_type=product&#038;p=27948"},"modified":"2025-12-19T12:14:00","modified_gmt":"2025-12-19T09:14:00","slug":"epdm-kaucuk-levha","status":"publish","type":"product","link":"https:\/\/onurkaucuk.com\/de\/produkt\/epdm-kaucuk-levha\/","title":{"rendered":"EPDM-Gummiplatte"},"content":{"rendered":"<p><strong>EPDM-Gummiplatten: Langlebige und vielseitige L\u00f6sungen<\/strong><\/p>\n<p><strong>Einsatzgebiete<\/strong><\/p>\n<p>EPDM-Kautschukplatten haben ein breites Anwendungsspektrum und werden in folgenden Bereichen h\u00e4ufig eingesetzt:<\/p>\n<ul>\n<li><strong>Maschinenbauindustrie<\/strong><\/li>\n<li><strong>Wasseraufbereitungsindustrie<\/strong><\/li>\n<li><strong>Heizungs- und Klimaindustrie<\/strong><\/li>\n<\/ul>\n<p><strong>Merkmale<\/strong><\/p>\n<ul>\n<li><strong>Hohe Haltbarkeit:<\/strong>\u00a0EPDM-Kautschukplatten weisen eine hervorragende Best\u00e4ndigkeit gegen\u00fcber hei\u00dfem Wasser, Dampf und rauen atmosph\u00e4rischen Bedingungen auf.<\/li>\n<li><strong>Chemische Best\u00e4ndigkeit:<\/strong>\u00a0Es ist best\u00e4ndig gegen Alkohol, Aceton und \u00e4hnliche Chemikalien, weshalb es im Allgemeinen als Dichtungsmaterial bevorzugt wird.<\/li>\n<\/ul>\n<p><strong>Arbeitsumfeld<\/strong><\/p>\n<ul>\n<li><strong>Temperaturbereich:<\/strong>\u00a0Es kann st\u00f6rungsfrei im Temperaturbereich von -30\u00b0C bis +130\u00b0C betrieben werden.<\/li>\n<li><strong>Best\u00e4ndigkeit gegen\u00fcber Umwelteinfl\u00fcssen:<\/strong>\u00a0EPDM-Kautschukplatten weisen eine Langzeitleistung auf, die von verschiedenen Umweltbedingungen unbeeinflusst bleibt.<\/li>\n<\/ul>\n<p><strong>Gr\u00f6\u00dfenoptionen<\/strong><\/p>\n<ul>\n<li><strong>Top-Optionen:<\/strong>\u00a0Standardbreiten sind 1000 mm, 1200 mm und 1500 mm.<\/li>\n<li><strong>Gr\u00f6\u00dfenoptionen:<\/strong>\u00a0Es stehen L\u00e4ngenoptionen von 2000 mm bis 10000 mm zur Verf\u00fcgung.<\/li>\n<li><strong>Dickenoptionen:<\/strong>\u00a0Sie werden in Dicken von 1 mm, 2 mm, 3 mm, 4 mm, 5 mm, 6 mm, 7 mm, 8 mm, 10 mm, 15 mm, 20 mm und 30 mm hergestellt und gelagert.<\/li>\n<\/ul>\n<p><strong>H\u00e4rtebereich<\/strong><\/p>\n<p>EPDM-Kautschukplatten k\u00f6nnen mit einer Shore-H\u00e4rte von 40 bis 80 hergestellt werden. Diese Eigenschaft erm\u00f6glicht ma\u00dfgeschneiderte L\u00f6sungen f\u00fcr unterschiedliche Anwendungsanforderungen.<\/p>\n<p><strong>Andere Gummiplatten<\/strong><\/p>\n<ul>\n<li>Gummireifenplatten<\/li>\n<li>Gemusterte Gummiplatten<\/li>\n<li>Dielektrische Folie (Isolierteppich)<\/li>\n<li>Sandgestrahlte Gummiplatten<\/li>\n<li>Neopren-Gummiplatte<\/li>\n<li>Nitrilkautschukplatte (NBR)<\/li>\n<\/ul>\n<p><strong>Kundenspezifische Fertigungsm\u00f6glichkeiten<\/strong><\/p>\n<p>EPDM-Gummiplatten bieten kundenspezifische Fertigungsm\u00f6glichkeiten in den gew\u00fcnschten Gr\u00f6\u00dfen und Abmessungen. Kontaktieren Sie uns f\u00fcr L\u00f6sungen, die auf Ihre Projektanforderungen zugeschnitten sind!<\/p>","protected":false},"excerpt":{"rendered":"<p class=\" translation-block\">Sie k\u00f6nnen sich an unsere <strong>Verkaufsabteilung<\/strong> wenden, um weitere Informationen zu erhalten oder projektspezifische L\u00f6sungen zu entwickeln.<\/p>","protected":false},"featured_media":27949,"template":"","meta":[],"product_brand":[],"product_cat":[233],"product_tag":[],"class_list":{"0":"post-27948","1":"product","2":"type-product","3":"status-publish","4":"has-post-thumbnail","6":"product_cat-kaucuk-levhalar","8":"first","9":"instock","10":"shipping-taxable","11":"product-type-external"},"yoast_head":"<!-- This site is optimized with the Yoast SEO plugin v25.6 - https:\/\/yoast.com\/wordpress\/plugins\/seo\/ -->\n<title>EPDM Kau\u00e7uk Levha - Onur Kau&ccedil;uk<\/title>\n<meta name=\"description\" content=\"EPDM Kau\u00e7uk Levha \u00fcr\u00fcn\u00fcn\u00fc incelemek ve EPDM Kau\u00e7uk Levha fiyat teklifi almak i\u00e7in hemen t\u0131klay\u0131n. \u0130leti\u015fime ge\u00e7erek \u00fccretsiz teklif al\u0131n.\" \/>\n<meta name=\"robots\" content=\"index, follow, max-snippet:-1, max-image-preview:large, max-video-preview:-1\" \/>\n<link rel=\"canonical\" href=\"https:\/\/onurkaucuk.com\/de\/produkt\/epdm-kaucuk-levha\/\" \/>\n<meta property=\"og:locale\" content=\"de_DE\" \/>\n<meta property=\"og:type\" content=\"article\" \/>\n<meta property=\"og:title\" content=\"EPDM Kau\u00e7uk Levha - Onur Kau&ccedil;uk\" \/>\n<meta property=\"og:description\" content=\"EPDM Kau\u00e7uk Levha \u00fcr\u00fcn\u00fcn\u00fc incelemek ve EPDM Kau\u00e7uk Levha fiyat teklifi almak i\u00e7in hemen t\u0131klay\u0131n. \u0130leti\u015fime ge\u00e7erek \u00fccretsiz teklif al\u0131n.\" \/>\n<meta property=\"og:url\" content=\"https:\/\/onurkaucuk.com\/de\/produkt\/epdm-kaucuk-levha\/\" \/>\n<meta property=\"og:site_name\" content=\"Onur Kau&ccedil;uk\" \/>\n<meta property=\"article:modified_time\" content=\"2025-12-19T09:14:00+00:00\" \/>\n<meta property=\"og:image\" content=\"https:\/\/onurkaucuk.com\/wp-content\/uploads\/2025\/07\/EPDM-Kaucuk-Levha-1.jpg\" \/>\n\t<meta property=\"og:image:width\" content=\"952\" \/>\n\t<meta property=\"og:image:height\" content=\"907\" \/>\n\t<meta property=\"og:image:type\" content=\"image\/jpeg\" \/>\n<meta name=\"twitter:card\" content=\"summary_large_image\" \/>\n<meta name=\"twitter:label1\" content=\"Gesch\u00e4tzte Lesezeit\" \/>\n\t<meta name=\"twitter:data1\" content=\"2\u00a0Minuten\" \/>\n<script type=\"application\/ld+json\" class=\"yoast-schema-graph\">{\"@context\":\"https:\/\/schema.org\",\"@graph\":[{\"@type\":\"WebPage\",\"@id\":\"https:\/\/onurkaucuk.com\/urun\/epdm-kaucuk-levha\/\",\"url\":\"https:\/\/onurkaucuk.com\/urun\/epdm-kaucuk-levha\/\",\"name\":\"EPDM Kau\u00e7uk Levha - Onur Kau&ccedil;uk\",\"isPartOf\":{\"@id\":\"https:\/\/onurkaucuk.com\/#website\"},\"primaryImageOfPage\":{\"@id\":\"https:\/\/onurkaucuk.com\/urun\/epdm-kaucuk-levha\/#primaryimage\"},\"image\":{\"@id\":\"https:\/\/onurkaucuk.com\/urun\/epdm-kaucuk-levha\/#primaryimage\"},\"thumbnailUrl\":\"https:\/\/onurkaucuk.com\/wp-content\/uploads\/2025\/07\/EPDM-Kaucuk-Levha-1.jpg\",\"datePublished\":\"2025-07-31T19:43:01+00:00\",\"dateModified\":\"2025-12-19T09:14:00+00:00\",\"description\":\"EPDM Kau\u00e7uk Levha \u00fcr\u00fcn\u00fcn\u00fc incelemek ve EPDM Kau\u00e7uk Levha fiyat teklifi almak i\u00e7in hemen t\u0131klay\u0131n. \u0130leti\u015fime ge\u00e7erek \u00fccretsiz teklif al\u0131n.\",\"breadcrumb\":{\"@id\":\"https:\/\/onurkaucuk.com\/urun\/epdm-kaucuk-levha\/#breadcrumb\"},\"inLanguage\":\"de\",\"potentialAction\":[{\"@type\":\"ReadAction\",\"target\":[\"https:\/\/onurkaucuk.com\/urun\/epdm-kaucuk-levha\/\"]}]},{\"@type\":\"ImageObject\",\"inLanguage\":\"de\",\"@id\":\"https:\/\/onurkaucuk.com\/urun\/epdm-kaucuk-levha\/#primaryimage\",\"url\":\"https:\/\/onurkaucuk.com\/wp-content\/uploads\/2025\/07\/EPDM-Kaucuk-Levha-1.jpg\",\"contentUrl\":\"https:\/\/onurkaucuk.com\/wp-content\/uploads\/2025\/07\/EPDM-Kaucuk-Levha-1.jpg\",\"width\":952,\"height\":907},{\"@type\":\"BreadcrumbList\",\"@id\":\"https:\/\/onurkaucuk.com\/urun\/epdm-kaucuk-levha\/#breadcrumb\",\"itemListElement\":[{\"@type\":\"ListItem\",\"position\":1,\"name\":\"Anasayfa\",\"item\":\"https:\/\/onurkaucuk.com\/\"},{\"@type\":\"ListItem\",\"position\":2,\"name\":\"\u00dcr\u00fcnlerimiz\",\"item\":\"https:\/\/onurkaucuk.com\/urunlerimiz\/\"},{\"@type\":\"ListItem\",\"position\":3,\"name\":\"EPDM Kau\u00e7uk Levha\"}]},{\"@type\":\"WebSite\",\"@id\":\"https:\/\/onurkaucuk.com\/#website\",\"url\":\"https:\/\/onurkaucuk.com\/\",\"name\":\"Onur Kau&ccedil;uk\",\"description\":\"Kau&ccedil;uk ve Silikonda G&uuml;venilir &Ccedil;&ouml;z&uuml;m Orta\u011f\u0131n\u0131z\",\"publisher\":{\"@id\":\"https:\/\/onurkaucuk.com\/#organization\"},\"potentialAction\":[{\"@type\":\"SearchAction\",\"target\":{\"@type\":\"EntryPoint\",\"urlTemplate\":\"https:\/\/onurkaucuk.com\/?s={search_term_string}\"},\"query-input\":{\"@type\":\"PropertyValueSpecification\",\"valueRequired\":true,\"valueName\":\"search_term_string\"}}],\"inLanguage\":\"de\"},{\"@type\":\"Organization\",\"@id\":\"https:\/\/onurkaucuk.com\/#organization\",\"name\":\"Onur Kau&ccedil;uk\",\"url\":\"https:\/\/onurkaucuk.com\/\",\"logo\":{\"@type\":\"ImageObject\",\"inLanguage\":\"de\",\"@id\":\"https:\/\/onurkaucuk.com\/#\/schema\/logo\/image\/\",\"url\":\"https:\/\/onurkaucuk.com\/wp-content\/uploads\/2025\/07\/onurkaucuk-logo-buyuk.png\",\"contentUrl\":\"https:\/\/onurkaucuk.com\/wp-content\/uploads\/2025\/07\/onurkaucuk-logo-buyuk.png\",\"width\":698,\"height\":250,\"caption\":\"Onur Kau&ccedil;uk\"},\"image\":{\"@id\":\"https:\/\/onurkaucuk.com\/#\/schema\/logo\/image\/\"}}]}<\/script>\n<!-- \/ Yoast SEO plugin. -->","yoast_head_json":{"title":"EPDM Kau\u00e7uk Levha - Onur Kau&ccedil;uk","description":"EPDM Kau\u00e7uk Levha \u00fcr\u00fcn\u00fcn\u00fc incelemek ve EPDM Kau\u00e7uk Levha fiyat teklifi almak i\u00e7in hemen t\u0131klay\u0131n. \u0130leti\u015fime ge\u00e7erek \u00fccretsiz teklif al\u0131n.","robots":{"index":"index","follow":"follow","max-snippet":"max-snippet:-1","max-image-preview":"max-image-preview:large","max-video-preview":"max-video-preview:-1"},"canonical":"https:\/\/onurkaucuk.com\/de\/produkt\/epdm-kaucuk-levha\/","og_locale":"de_DE","og_type":"article","og_title":"EPDM Kau\u00e7uk Levha - Onur Kau&ccedil;uk","og_description":"EPDM Kau\u00e7uk Levha \u00fcr\u00fcn\u00fcn\u00fc incelemek ve EPDM Kau\u00e7uk Levha fiyat teklifi almak i\u00e7in hemen t\u0131klay\u0131n. \u0130leti\u015fime ge\u00e7erek \u00fccretsiz teklif al\u0131n.","og_url":"https:\/\/onurkaucuk.com\/de\/produkt\/epdm-kaucuk-levha\/","og_site_name":"Onur Kau&ccedil;uk","article_modified_time":"2025-12-19T09:14:00+00:00","og_image":[{"width":952,"height":907,"url":"https:\/\/onurkaucuk.com\/wp-content\/uploads\/2025\/07\/EPDM-Kaucuk-Levha-1.jpg","type":"image\/jpeg"}],"twitter_card":"summary_large_image","twitter_misc":{"Gesch\u00e4tzte Lesezeit":"2\u00a0Minuten"},"schema":{"@context":"https:\/\/schema.org","@graph":[{"@type":"WebPage","@id":"https:\/\/onurkaucuk.com\/urun\/epdm-kaucuk-levha\/","url":"https:\/\/onurkaucuk.com\/urun\/epdm-kaucuk-levha\/","name":"EPDM Kau\u00e7uk Levha - Onur Kau&ccedil;uk","isPartOf":{"@id":"https:\/\/onurkaucuk.com\/#website"},"primaryImageOfPage":{"@id":"https:\/\/onurkaucuk.com\/urun\/epdm-kaucuk-levha\/#primaryimage"},"image":{"@id":"https:\/\/onurkaucuk.com\/urun\/epdm-kaucuk-levha\/#primaryimage"},"thumbnailUrl":"https:\/\/onurkaucuk.com\/wp-content\/uploads\/2025\/07\/EPDM-Kaucuk-Levha-1.jpg","datePublished":"2025-07-31T19:43:01+00:00","dateModified":"2025-12-19T09:14:00+00:00","description":"EPDM Kau\u00e7uk Levha \u00fcr\u00fcn\u00fcn\u00fc incelemek ve EPDM Kau\u00e7uk Levha fiyat teklifi almak i\u00e7in hemen t\u0131klay\u0131n. \u0130leti\u015fime ge\u00e7erek \u00fccretsiz teklif al\u0131n.","breadcrumb":{"@id":"https:\/\/onurkaucuk.com\/urun\/epdm-kaucuk-levha\/#breadcrumb"},"inLanguage":"de","potentialAction":[{"@type":"ReadAction","target":["https:\/\/onurkaucuk.com\/urun\/epdm-kaucuk-levha\/"]}]},{"@type":"ImageObject","inLanguage":"de","@id":"https:\/\/onurkaucuk.com\/urun\/epdm-kaucuk-levha\/#primaryimage","url":"https:\/\/onurkaucuk.com\/wp-content\/uploads\/2025\/07\/EPDM-Kaucuk-Levha-1.jpg","contentUrl":"https:\/\/onurkaucuk.com\/wp-content\/uploads\/2025\/07\/EPDM-Kaucuk-Levha-1.jpg","width":952,"height":907},{"@type":"BreadcrumbList","@id":"https:\/\/onurkaucuk.com\/urun\/epdm-kaucuk-levha\/#breadcrumb","itemListElement":[{"@type":"ListItem","position":1,"name":"Anasayfa","item":"https:\/\/onurkaucuk.com\/"},{"@type":"ListItem","position":2,"name":"\u00dcr\u00fcnlerimiz","item":"https:\/\/onurkaucuk.com\/urunlerimiz\/"},{"@type":"ListItem","position":3,"name":"EPDM Kau\u00e7uk Levha"}]},{"@type":"WebSite","@id":"https:\/\/onurkaucuk.com\/#website","url":"https:\/\/onurkaucuk.com\/","name":"Onur Kau&ccedil;uk","description":"Kau&ccedil;uk ve Silikonda G&uuml;venilir &Ccedil;&ouml;z&uuml;m Orta\u011f\u0131n\u0131z","publisher":{"@id":"https:\/\/onurkaucuk.com\/#organization"},"potentialAction":[{"@type":"SearchAction","target":{"@type":"EntryPoint","urlTemplate":"https:\/\/onurkaucuk.com\/?s={search_term_string}"},"query-input":{"@type":"PropertyValueSpecification","valueRequired":true,"valueName":"search_term_string"}}],"inLanguage":"de"},{"@type":"Organization","@id":"https:\/\/onurkaucuk.com\/#organization","name":"Onur Kau&ccedil;uk","url":"https:\/\/onurkaucuk.com\/","logo":{"@type":"ImageObject","inLanguage":"de","@id":"https:\/\/onurkaucuk.com\/#\/schema\/logo\/image\/","url":"https:\/\/onurkaucuk.com\/wp-content\/uploads\/2025\/07\/onurkaucuk-logo-buyuk.png","contentUrl":"https:\/\/onurkaucuk.com\/wp-content\/uploads\/2025\/07\/onurkaucuk-logo-buyuk.png","width":698,"height":250,"caption":"Onur Kau&ccedil;uk"},"image":{"@id":"https:\/\/onurkaucuk.com\/#\/schema\/logo\/image\/"}}]}},"_links":{"self":[{"href":"https:\/\/onurkaucuk.com\/de\/wp-json\/wp\/v2\/product\/27948","targetHints":{"allow":["GET"]}}],"collection":[{"href":"https:\/\/onurkaucuk.com\/de\/wp-json\/wp\/v2\/product"}],"about":[{"href":"https:\/\/onurkaucuk.com\/de\/wp-json\/wp\/v2\/types\/product"}],"wp:featuredmedia":[{"embeddable":true,"href":"https:\/\/onurkaucuk.com\/de\/wp-json\/wp\/v2\/media\/27949"}],"wp:attachment":[{"href":"https:\/\/onurkaucuk.com\/de\/wp-json\/wp\/v2\/media?parent=27948"}],"wp:term":[{"taxonomy":"product_brand","embeddable":true,"href":"https:\/\/onurkaucuk.com\/de\/wp-json\/wp\/v2\/product_brand?post=27948"},{"taxonomy":"product_cat","embeddable":true,"href":"https:\/\/onurkaucuk.com\/de\/wp-json\/wp\/v2\/product_cat?post=27948"},{"taxonomy":"product_tag","embeddable":true,"href":"https:\/\/onurkaucuk.com\/de\/wp-json\/wp\/v2\/product_tag?post=27948"}],"curies":[{"name":"wp","href":"https:\/\/api.w.org\/{rel}","templated":true}]}}