{"id":27950,"date":"2025-07-31T22:51:39","date_gmt":"2025-07-31T19:51:39","guid":{"rendered":"https:\/\/onurkaucuk.com\/?post_type=product&#038;p=27950"},"modified":"2025-12-19T12:13:53","modified_gmt":"2025-12-19T09:13:53","slug":"neopren-kaucuk-levha","status":"publish","type":"product","link":"https:\/\/onurkaucuk.com\/de\/produkt\/neopren-kaucuk-levha\/","title":{"rendered":"Neopren-Gummiplatte"},"content":{"rendered":"<p><strong>Neopren-Gummiplatten: Langlebige und vielseitige L\u00f6sungen<\/strong><\/p>\n<p><strong>Einsatzgebiete<\/strong><\/p>\n<p>Neoprenkautschukplatten finden breite Anwendung in einer Vielzahl industrieller und kommerzieller Bereiche. Insbesondere:<\/p>\n<ul>\n<li><strong>Kontakt mit Meerwasser:<\/strong>\u00a0Es bew\u00e4hrt sich hervorragend in Umgebungen, die Meerwasser ausgesetzt sind.<\/li>\n<li><strong>F\u00fcr den Au\u00dfenbereich geeignet:<\/strong>\u00a0Aufgrund seiner Langlebigkeit ist es eine bevorzugte Wahl f\u00fcr Au\u00dfenbereiche, die direkter Sonneneinstrahlung ausgesetzt sind.<\/li>\n<li><strong>Fl\u00fcssigkeiten auf Erd\u00f6lbasis:<\/strong>\u00a0Es bietet eine hohe Best\u00e4ndigkeit gegen\u00fcber Fl\u00fcssigkeiten auf Erd\u00f6lbasis.<\/li>\n<\/ul>\n<p><strong>Merkmale<\/strong><\/p>\n<ul>\n<li><strong>Best\u00e4ndigkeit gegen Entflammbarkeit:<\/strong>\u00a0Neoprenplatten sind schwer entflammbar und bieten Brandschutz.<\/li>\n<li><strong>UV-Best\u00e4ndigkeit:<\/strong>\u00a0Es weist eine ausgezeichnete Best\u00e4ndigkeit gegen\u00fcber ultravioletten Strahlen auf.<\/li>\n<li><strong>Elastizit\u00e4t:<\/strong>\u00a0Seine hohe Elastizit\u00e4t bietet Flexibilit\u00e4t in verschiedenen Anwendungsbereichen.<\/li>\n<\/ul>\n<p><strong>Arbeitsumfeld<\/strong><\/p>\n<ul>\n<li><strong>Temperaturbereich:<\/strong>\u00a0Neoprenkautschukplatten k\u00f6nnen ohne Beeintr\u00e4chtigung zwischen -30\u00b0C und +120\u00b0C eingesetzt werden.<\/li>\n<li><strong>Best\u00e4ndigkeit gegen\u00fcber Umwelteinfl\u00fcssen:<\/strong>\u00a0Es ist verschlei\u00dffest und best\u00e4ndig gegen \u00e4u\u00dfere Einfl\u00fcsse.<\/li>\n<\/ul>\n<p><strong>Gr\u00f6\u00dfenoptionen<\/strong><\/p>\n<ul>\n<li><strong>Breite:<\/strong>\u00a0Standart geni\u015flik 1000 mm\u2019dir.<\/li>\n<li><strong>L\u00e4nge:<\/strong>\u00a0Seine H\u00f6he betr\u00e4gt 2000 mm.<\/li>\n<li><strong>Dicke:<\/strong>\u00a0Sie werden in Dicken von 1 mm, 2 mm, 3 mm, 4 mm, 5 mm, 6 mm, 7 mm, 8 mm, 10 mm, 15 mm, 20 mm und 30 mm hergestellt und gelagert.<\/li>\n<\/ul>\n<p><strong>H\u00e4rtebereich<\/strong><\/p>\n<p>Neoprenplatten weisen eine Shore-H\u00e4rte von 40 bis 80 auf. Dadurch eignen sie sich f\u00fcr Sonderanfertigungen und die Herstellung von Dichtungen.<\/p>\n<p><strong>Materialeigenschaften<\/strong><\/p>\n<p>Neopren-Gummiplatten sind ein schwer entflammbares Material, das best\u00e4ndig gegen Sonnenlicht, Korrosion, Meerwasser, S\u00e4uren und Chemikalien ist. Sie sind nicht brennbar und finden breite Anwendung im Bauwesen, im Stahlbau und im Staudammbau. Auch im Schiffbau, in D\u00fcngemittelfabriken und in der Glasindustrie werden sie bevorzugt als Dichtungselemente und sto\u00dfd\u00e4mpfende Elastomerpolster eingesetzt.<\/p>\n<p><strong>Andere Gummiplatten<\/strong><\/p>\n<ul>\n<li>Gummireifenplatten<\/li>\n<li>Gemusterte Gummiplatten<\/li>\n<li>Dielektrische Folie (Isolierteppich)<\/li>\n<li>EPDM-Gummiplatte<\/li>\n<li>Sandgestrahlte Gummiplatten<\/li>\n<li>Nitrilkautschukplatte (NBR)<\/li>\n<\/ul>\n<p>F\u00fcr weitere Informationen zu Neoprenkautschukplatten oder f\u00fcr Ihre speziellen Anfragen kontaktieren Sie uns bitte!<\/p>","protected":false},"excerpt":{"rendered":"<p class=\" translation-block\">Sie k\u00f6nnen sich an unsere <strong>Verkaufsabteilung<\/strong> wenden, um weitere Informationen zu erhalten oder projektspezifische L\u00f6sungen zu entwickeln.<\/p>","protected":false},"featured_media":27949,"template":"","meta":[],"product_brand":[],"product_cat":[233],"product_tag":[],"class_list":{"0":"post-27950","1":"product","2":"type-product","3":"status-publish","4":"has-post-thumbnail","6":"product_cat-kaucuk-levhalar","8":"first","9":"instock","10":"shipping-taxable","11":"product-type-external"},"yoast_head":"<!-- This site is optimized with the Yoast SEO plugin v25.6 - https:\/\/yoast.com\/wordpress\/plugins\/seo\/ -->\n<title>Neopren Kau\u00e7uk Levha - Onur Kau&ccedil;uk<\/title>\n<meta name=\"description\" content=\"Neopren Kau\u00e7uk Levha \u00fcr\u00fcn\u00fcn\u00fc incelemek ve Neopren Kau\u00e7uk Levha fiyat teklifi almak i\u00e7in hemen t\u0131klay\u0131n. \u0130leti\u015fime ge\u00e7erek \u00fccretsiz teklif al\u0131n.\" \/>\n<meta name=\"robots\" content=\"index, follow, max-snippet:-1, max-image-preview:large, max-video-preview:-1\" \/>\n<link rel=\"canonical\" href=\"https:\/\/onurkaucuk.com\/de\/produkt\/neopren-kaucuk-levha\/\" \/>\n<meta property=\"og:locale\" content=\"de_DE\" \/>\n<meta property=\"og:type\" content=\"article\" \/>\n<meta property=\"og:title\" content=\"Neopren Kau\u00e7uk Levha - Onur Kau&ccedil;uk\" \/>\n<meta property=\"og:description\" content=\"Neopren Kau\u00e7uk Levha \u00fcr\u00fcn\u00fcn\u00fc incelemek ve Neopren Kau\u00e7uk Levha fiyat teklifi almak i\u00e7in hemen t\u0131klay\u0131n. \u0130leti\u015fime ge\u00e7erek \u00fccretsiz teklif al\u0131n.\" \/>\n<meta property=\"og:url\" content=\"https:\/\/onurkaucuk.com\/de\/produkt\/neopren-kaucuk-levha\/\" \/>\n<meta property=\"og:site_name\" content=\"Onur Kau&ccedil;uk\" \/>\n<meta property=\"article:modified_time\" content=\"2025-12-19T09:13:53+00:00\" \/>\n<meta property=\"og:image\" content=\"https:\/\/onurkaucuk.com\/wp-content\/uploads\/2025\/07\/EPDM-Kaucuk-Levha-1.jpg\" \/>\n\t<meta property=\"og:image:width\" content=\"952\" \/>\n\t<meta property=\"og:image:height\" content=\"907\" \/>\n\t<meta property=\"og:image:type\" content=\"image\/jpeg\" \/>\n<meta name=\"twitter:card\" content=\"summary_large_image\" \/>\n<meta name=\"twitter:label1\" content=\"Gesch\u00e4tzte Lesezeit\" \/>\n\t<meta name=\"twitter:data1\" content=\"2\u00a0Minuten\" \/>\n<script type=\"application\/ld+json\" class=\"yoast-schema-graph\">{\"@context\":\"https:\/\/schema.org\",\"@graph\":[{\"@type\":\"WebPage\",\"@id\":\"https:\/\/onurkaucuk.com\/urun\/neopren-kaucuk-levha\/\",\"url\":\"https:\/\/onurkaucuk.com\/urun\/neopren-kaucuk-levha\/\",\"name\":\"Neopren Kau\u00e7uk Levha - Onur Kau&ccedil;uk\",\"isPartOf\":{\"@id\":\"https:\/\/onurkaucuk.com\/#website\"},\"primaryImageOfPage\":{\"@id\":\"https:\/\/onurkaucuk.com\/urun\/neopren-kaucuk-levha\/#primaryimage\"},\"image\":{\"@id\":\"https:\/\/onurkaucuk.com\/urun\/neopren-kaucuk-levha\/#primaryimage\"},\"thumbnailUrl\":\"https:\/\/onurkaucuk.com\/wp-content\/uploads\/2025\/07\/EPDM-Kaucuk-Levha-1.jpg\",\"datePublished\":\"2025-07-31T19:51:39+00:00\",\"dateModified\":\"2025-12-19T09:13:53+00:00\",\"description\":\"Neopren Kau\u00e7uk Levha \u00fcr\u00fcn\u00fcn\u00fc incelemek ve Neopren Kau\u00e7uk Levha fiyat teklifi almak i\u00e7in hemen t\u0131klay\u0131n. \u0130leti\u015fime ge\u00e7erek \u00fccretsiz teklif al\u0131n.\",\"breadcrumb\":{\"@id\":\"https:\/\/onurkaucuk.com\/urun\/neopren-kaucuk-levha\/#breadcrumb\"},\"inLanguage\":\"de\",\"potentialAction\":[{\"@type\":\"ReadAction\",\"target\":[\"https:\/\/onurkaucuk.com\/urun\/neopren-kaucuk-levha\/\"]}]},{\"@type\":\"ImageObject\",\"inLanguage\":\"de\",\"@id\":\"https:\/\/onurkaucuk.com\/urun\/neopren-kaucuk-levha\/#primaryimage\",\"url\":\"https:\/\/onurkaucuk.com\/wp-content\/uploads\/2025\/07\/EPDM-Kaucuk-Levha-1.jpg\",\"contentUrl\":\"https:\/\/onurkaucuk.com\/wp-content\/uploads\/2025\/07\/EPDM-Kaucuk-Levha-1.jpg\",\"width\":952,\"height\":907},{\"@type\":\"BreadcrumbList\",\"@id\":\"https:\/\/onurkaucuk.com\/urun\/neopren-kaucuk-levha\/#breadcrumb\",\"itemListElement\":[{\"@type\":\"ListItem\",\"position\":1,\"name\":\"Anasayfa\",\"item\":\"https:\/\/onurkaucuk.com\/\"},{\"@type\":\"ListItem\",\"position\":2,\"name\":\"\u00dcr\u00fcnlerimiz\",\"item\":\"https:\/\/onurkaucuk.com\/urunlerimiz\/\"},{\"@type\":\"ListItem\",\"position\":3,\"name\":\"Neopren Kau\u00e7uk Levha\"}]},{\"@type\":\"WebSite\",\"@id\":\"https:\/\/onurkaucuk.com\/#website\",\"url\":\"https:\/\/onurkaucuk.com\/\",\"name\":\"Onur Kau&ccedil;uk\",\"description\":\"Kau&ccedil;uk ve Silikonda G&uuml;venilir &Ccedil;&ouml;z&uuml;m Orta\u011f\u0131n\u0131z\",\"publisher\":{\"@id\":\"https:\/\/onurkaucuk.com\/#organization\"},\"potentialAction\":[{\"@type\":\"SearchAction\",\"target\":{\"@type\":\"EntryPoint\",\"urlTemplate\":\"https:\/\/onurkaucuk.com\/?s={search_term_string}\"},\"query-input\":{\"@type\":\"PropertyValueSpecification\",\"valueRequired\":true,\"valueName\":\"search_term_string\"}}],\"inLanguage\":\"de\"},{\"@type\":\"Organization\",\"@id\":\"https:\/\/onurkaucuk.com\/#organization\",\"name\":\"Onur Kau&ccedil;uk\",\"url\":\"https:\/\/onurkaucuk.com\/\",\"logo\":{\"@type\":\"ImageObject\",\"inLanguage\":\"de\",\"@id\":\"https:\/\/onurkaucuk.com\/#\/schema\/logo\/image\/\",\"url\":\"https:\/\/onurkaucuk.com\/wp-content\/uploads\/2025\/07\/onurkaucuk-logo-buyuk.png\",\"contentUrl\":\"https:\/\/onurkaucuk.com\/wp-content\/uploads\/2025\/07\/onurkaucuk-logo-buyuk.png\",\"width\":698,\"height\":250,\"caption\":\"Onur Kau&ccedil;uk\"},\"image\":{\"@id\":\"https:\/\/onurkaucuk.com\/#\/schema\/logo\/image\/\"}}]}<\/script>\n<!-- \/ Yoast SEO plugin. -->","yoast_head_json":{"title":"Neopren Kau\u00e7uk Levha - Onur Kau&ccedil;uk","description":"Neopren Kau\u00e7uk Levha \u00fcr\u00fcn\u00fcn\u00fc incelemek ve Neopren Kau\u00e7uk Levha fiyat teklifi almak i\u00e7in hemen t\u0131klay\u0131n. \u0130leti\u015fime ge\u00e7erek \u00fccretsiz teklif al\u0131n.","robots":{"index":"index","follow":"follow","max-snippet":"max-snippet:-1","max-image-preview":"max-image-preview:large","max-video-preview":"max-video-preview:-1"},"canonical":"https:\/\/onurkaucuk.com\/de\/produkt\/neopren-kaucuk-levha\/","og_locale":"de_DE","og_type":"article","og_title":"Neopren Kau\u00e7uk Levha - Onur Kau&ccedil;uk","og_description":"Neopren Kau\u00e7uk Levha \u00fcr\u00fcn\u00fcn\u00fc incelemek ve Neopren Kau\u00e7uk Levha fiyat teklifi almak i\u00e7in hemen t\u0131klay\u0131n. \u0130leti\u015fime ge\u00e7erek \u00fccretsiz teklif al\u0131n.","og_url":"https:\/\/onurkaucuk.com\/de\/produkt\/neopren-kaucuk-levha\/","og_site_name":"Onur Kau&ccedil;uk","article_modified_time":"2025-12-19T09:13:53+00:00","og_image":[{"width":952,"height":907,"url":"https:\/\/onurkaucuk.com\/wp-content\/uploads\/2025\/07\/EPDM-Kaucuk-Levha-1.jpg","type":"image\/jpeg"}],"twitter_card":"summary_large_image","twitter_misc":{"Gesch\u00e4tzte Lesezeit":"2\u00a0Minuten"},"schema":{"@context":"https:\/\/schema.org","@graph":[{"@type":"WebPage","@id":"https:\/\/onurkaucuk.com\/urun\/neopren-kaucuk-levha\/","url":"https:\/\/onurkaucuk.com\/urun\/neopren-kaucuk-levha\/","name":"Neopren Kau\u00e7uk Levha - Onur Kau&ccedil;uk","isPartOf":{"@id":"https:\/\/onurkaucuk.com\/#website"},"primaryImageOfPage":{"@id":"https:\/\/onurkaucuk.com\/urun\/neopren-kaucuk-levha\/#primaryimage"},"image":{"@id":"https:\/\/onurkaucuk.com\/urun\/neopren-kaucuk-levha\/#primaryimage"},"thumbnailUrl":"https:\/\/onurkaucuk.com\/wp-content\/uploads\/2025\/07\/EPDM-Kaucuk-Levha-1.jpg","datePublished":"2025-07-31T19:51:39+00:00","dateModified":"2025-12-19T09:13:53+00:00","description":"Neopren Kau\u00e7uk Levha \u00fcr\u00fcn\u00fcn\u00fc incelemek ve Neopren Kau\u00e7uk Levha fiyat teklifi almak i\u00e7in hemen t\u0131klay\u0131n. \u0130leti\u015fime ge\u00e7erek \u00fccretsiz teklif al\u0131n.","breadcrumb":{"@id":"https:\/\/onurkaucuk.com\/urun\/neopren-kaucuk-levha\/#breadcrumb"},"inLanguage":"de","potentialAction":[{"@type":"ReadAction","target":["https:\/\/onurkaucuk.com\/urun\/neopren-kaucuk-levha\/"]}]},{"@type":"ImageObject","inLanguage":"de","@id":"https:\/\/onurkaucuk.com\/urun\/neopren-kaucuk-levha\/#primaryimage","url":"https:\/\/onurkaucuk.com\/wp-content\/uploads\/2025\/07\/EPDM-Kaucuk-Levha-1.jpg","contentUrl":"https:\/\/onurkaucuk.com\/wp-content\/uploads\/2025\/07\/EPDM-Kaucuk-Levha-1.jpg","width":952,"height":907},{"@type":"BreadcrumbList","@id":"https:\/\/onurkaucuk.com\/urun\/neopren-kaucuk-levha\/#breadcrumb","itemListElement":[{"@type":"ListItem","position":1,"name":"Anasayfa","item":"https:\/\/onurkaucuk.com\/"},{"@type":"ListItem","position":2,"name":"\u00dcr\u00fcnlerimiz","item":"https:\/\/onurkaucuk.com\/urunlerimiz\/"},{"@type":"ListItem","position":3,"name":"Neopren Kau\u00e7uk Levha"}]},{"@type":"WebSite","@id":"https:\/\/onurkaucuk.com\/#website","url":"https:\/\/onurkaucuk.com\/","name":"Onur Kau&ccedil;uk","description":"Kau&ccedil;uk ve Silikonda G&uuml;venilir &Ccedil;&ouml;z&uuml;m Orta\u011f\u0131n\u0131z","publisher":{"@id":"https:\/\/onurkaucuk.com\/#organization"},"potentialAction":[{"@type":"SearchAction","target":{"@type":"EntryPoint","urlTemplate":"https:\/\/onurkaucuk.com\/?s={search_term_string}"},"query-input":{"@type":"PropertyValueSpecification","valueRequired":true,"valueName":"search_term_string"}}],"inLanguage":"de"},{"@type":"Organization","@id":"https:\/\/onurkaucuk.com\/#organization","name":"Onur Kau&ccedil;uk","url":"https:\/\/onurkaucuk.com\/","logo":{"@type":"ImageObject","inLanguage":"de","@id":"https:\/\/onurkaucuk.com\/#\/schema\/logo\/image\/","url":"https:\/\/onurkaucuk.com\/wp-content\/uploads\/2025\/07\/onurkaucuk-logo-buyuk.png","contentUrl":"https:\/\/onurkaucuk.com\/wp-content\/uploads\/2025\/07\/onurkaucuk-logo-buyuk.png","width":698,"height":250,"caption":"Onur Kau&ccedil;uk"},"image":{"@id":"https:\/\/onurkaucuk.com\/#\/schema\/logo\/image\/"}}]}},"_links":{"self":[{"href":"https:\/\/onurkaucuk.com\/de\/wp-json\/wp\/v2\/product\/27950","targetHints":{"allow":["GET"]}}],"collection":[{"href":"https:\/\/onurkaucuk.com\/de\/wp-json\/wp\/v2\/product"}],"about":[{"href":"https:\/\/onurkaucuk.com\/de\/wp-json\/wp\/v2\/types\/product"}],"wp:featuredmedia":[{"embeddable":true,"href":"https:\/\/onurkaucuk.com\/de\/wp-json\/wp\/v2\/media\/27949"}],"wp:attachment":[{"href":"https:\/\/onurkaucuk.com\/de\/wp-json\/wp\/v2\/media?parent=27950"}],"wp:term":[{"taxonomy":"product_brand","embeddable":true,"href":"https:\/\/onurkaucuk.com\/de\/wp-json\/wp\/v2\/product_brand?post=27950"},{"taxonomy":"product_cat","embeddable":true,"href":"https:\/\/onurkaucuk.com\/de\/wp-json\/wp\/v2\/product_cat?post=27950"},{"taxonomy":"product_tag","embeddable":true,"href":"https:\/\/onurkaucuk.com\/de\/wp-json\/wp\/v2\/product_tag?post=27950"}],"curies":[{"name":"wp","href":"https:\/\/api.w.org\/{rel}","templated":true}]}}