{"id":27951,"date":"2025-07-31T22:53:22","date_gmt":"2025-07-31T19:53:22","guid":{"rendered":"https:\/\/onurkaucuk.com\/?post_type=product&#038;p=27951"},"modified":"2025-12-19T12:13:47","modified_gmt":"2025-12-19T09:13:47","slug":"nbr-nitril-kaucuk-levha","status":"publish","type":"product","link":"https:\/\/onurkaucuk.com\/de\/produkt\/nbr-nitril-kaucuk-levha\/","title":{"rendered":"NBR \u2013 Nitrilkautschukplatte"},"content":{"rendered":"<p><strong>NBR \u2013 Nitrilkautschukplatten: Langlebige und zuverl\u00e4ssige L\u00f6sungen<\/strong><\/p>\n<p><strong>Einsatzgebiete<\/strong><\/p>\n<p>Nitrilkautschukplatten finden in vielen industriellen Anwendungen breite Verwendung, insbesondere:<\/p>\n<ul>\n<li><strong>Treibstofftanks:<\/strong>\u00a0Es ist f\u00fcr den Kontakt mit Kraftstoffen geeignet.<\/li>\n<li><strong>Maschinenbau:<\/strong>\u00a0Langlebiges und zuverl\u00e4ssiges Material.<\/li>\n<li><strong>Hydraulische und pneumatische Systeme:<\/strong>\u00a0Es bietet hohe Leistung.<\/li>\n<\/ul>\n<p><strong>Merkmale<\/strong><\/p>\n<ul>\n<li><strong>Ausgezeichnete Festigkeit:<\/strong>\u00a0Es bietet eine hervorragende Best\u00e4ndigkeit gegen\u00fcber Mineral-, Metall- und Maschinen\u00f6len.<\/li>\n<li><strong>Kraftstoffe und Erd\u00f6lderivate:<\/strong>\u00a0Diese Materialien k\u00f6nnen ohne Beeintr\u00e4chtigung bei Kontakt verwendet werden.<\/li>\n<li><strong>Anwendung in fettigen Umgebungen:<\/strong>\u00a0Nitrilkautschukplatten k\u00f6nnen in fettigen Umgebungen ohne Aufquellen eingesetzt werden.<\/li>\n<\/ul>\n<p><strong>Arbeitsumfeld<\/strong><\/p>\n<ul>\n<li><strong>Temperaturbereich:<\/strong>\u00a0NBR-Kautschukplatten k\u00f6nnen ohne Beeintr\u00e4chtigung im Temperaturbereich von -30 \u00b0C bis +120 \u00b0C eingesetzt werden.<\/li>\n<\/ul>\n<p><strong>Gr\u00f6\u00dfenoptionen<\/strong><\/p>\n<ul>\n<li><strong>Breite:<\/strong>\u00a0Standardbreiten sind 1000 mm, 1200 mm und 1500 mm.<\/li>\n<li><strong>L\u00e4nge:<\/strong>\u00a0Die Gr\u00f6\u00dfen reichen von 2000 mm bis 10000 mm.<\/li>\n<li><strong>Dicke:<\/strong>\u00a0Sie werden in Dicken von 1 mm, 2 mm, 3 mm, 4 mm, 5 mm, 6 mm, 7 mm, 8 mm, 10 mm, 15 mm, 20 mm und 30 mm hergestellt und gelagert.<\/li>\n<\/ul>\n<p><strong>Sertlik De\u011feri<\/strong><\/p>\n<p>Nitrilkautschukplatten k\u00f6nnen mit einem H\u00e4rtegrad von 40\u201380 Shore hergestellt werden. Dadurch eignen sie sich f\u00fcr kundenspezifische Gr\u00f6\u00dfen und die Herstellung von Dichtungen.<\/p>\n<p><strong>Andere Gummiplatten<\/strong><\/p>\n<ul>\n<li>Gummireifenplatten<\/li>\n<li>Dielektrische Folie (Isolierteppich)<\/li>\n<li>Sandgestrahlte Gummiplatten<\/li>\n<li>Gemusterte Gummiplatten<\/li>\n<li>EPDM-Gummiplatte<\/li>\n<li>Neopren-Gummiplatte<\/li>\n<\/ul>\n<p>F\u00fcr weitere Informationen zu NBR-Nitrilkautschukplatten oder f\u00fcr Ihre speziellen Anfragen kontaktieren Sie uns bitte!<\/p>","protected":false},"excerpt":{"rendered":"<p class=\" translation-block\">Sie k\u00f6nnen sich an unsere <strong>Verkaufsabteilung<\/strong> wenden, um weitere Informationen zu erhalten oder projektspezifische L\u00f6sungen zu entwickeln.<\/p>","protected":false},"featured_media":27949,"template":"","meta":[],"product_brand":[],"product_cat":[233],"product_tag":[],"class_list":{"0":"post-27951","1":"product","2":"type-product","3":"status-publish","4":"has-post-thumbnail","6":"product_cat-kaucuk-levhalar","8":"first","9":"instock","10":"shipping-taxable","11":"product-type-external"},"yoast_head":"<!-- This site is optimized with the Yoast SEO plugin v25.6 - https:\/\/yoast.com\/wordpress\/plugins\/seo\/ -->\n<title>NBR - Nitril Kau\u00e7uk Levha - Onur Kau&ccedil;uk<\/title>\n<meta name=\"description\" content=\"NBR - Nitril Kau\u00e7uk Levha \u00fcr\u00fcn\u00fcn\u00fc incelemek ve NBR - Nitril Kau\u00e7uk Levha fiyat teklifi almak i\u00e7in hemen t\u0131klay\u0131n. \u0130leti\u015fime ge\u00e7erek \u00fccretsiz teklif al\u0131n.\" \/>\n<meta name=\"robots\" content=\"index, follow, max-snippet:-1, max-image-preview:large, max-video-preview:-1\" \/>\n<link rel=\"canonical\" href=\"https:\/\/onurkaucuk.com\/de\/produkt\/nbr-nitril-kaucuk-levha\/\" \/>\n<meta property=\"og:locale\" content=\"de_DE\" \/>\n<meta property=\"og:type\" content=\"article\" \/>\n<meta property=\"og:title\" content=\"NBR - Nitril Kau\u00e7uk Levha - Onur Kau&ccedil;uk\" \/>\n<meta property=\"og:description\" content=\"NBR - Nitril Kau\u00e7uk Levha \u00fcr\u00fcn\u00fcn\u00fc incelemek ve NBR - Nitril Kau\u00e7uk Levha fiyat teklifi almak i\u00e7in hemen t\u0131klay\u0131n. \u0130leti\u015fime ge\u00e7erek \u00fccretsiz teklif al\u0131n.\" \/>\n<meta property=\"og:url\" content=\"https:\/\/onurkaucuk.com\/de\/produkt\/nbr-nitril-kaucuk-levha\/\" \/>\n<meta property=\"og:site_name\" content=\"Onur Kau&ccedil;uk\" \/>\n<meta property=\"article:modified_time\" content=\"2025-12-19T09:13:47+00:00\" \/>\n<meta property=\"og:image\" content=\"https:\/\/onurkaucuk.com\/wp-content\/uploads\/2025\/07\/EPDM-Kaucuk-Levha-1.jpg\" \/>\n\t<meta property=\"og:image:width\" content=\"952\" \/>\n\t<meta property=\"og:image:height\" content=\"907\" \/>\n\t<meta property=\"og:image:type\" content=\"image\/jpeg\" \/>\n<meta name=\"twitter:card\" content=\"summary_large_image\" \/>\n<meta name=\"twitter:label1\" content=\"Gesch\u00e4tzte Lesezeit\" \/>\n\t<meta name=\"twitter:data1\" content=\"2\u00a0Minuten\" \/>\n<script type=\"application\/ld+json\" class=\"yoast-schema-graph\">{\"@context\":\"https:\/\/schema.org\",\"@graph\":[{\"@type\":\"WebPage\",\"@id\":\"https:\/\/onurkaucuk.com\/urun\/nbr-nitril-kaucuk-levha\/\",\"url\":\"https:\/\/onurkaucuk.com\/urun\/nbr-nitril-kaucuk-levha\/\",\"name\":\"NBR - Nitril Kau\u00e7uk Levha - Onur Kau&ccedil;uk\",\"isPartOf\":{\"@id\":\"https:\/\/onurkaucuk.com\/#website\"},\"primaryImageOfPage\":{\"@id\":\"https:\/\/onurkaucuk.com\/urun\/nbr-nitril-kaucuk-levha\/#primaryimage\"},\"image\":{\"@id\":\"https:\/\/onurkaucuk.com\/urun\/nbr-nitril-kaucuk-levha\/#primaryimage\"},\"thumbnailUrl\":\"https:\/\/onurkaucuk.com\/wp-content\/uploads\/2025\/07\/EPDM-Kaucuk-Levha-1.jpg\",\"datePublished\":\"2025-07-31T19:53:22+00:00\",\"dateModified\":\"2025-12-19T09:13:47+00:00\",\"description\":\"NBR - Nitril Kau\u00e7uk Levha \u00fcr\u00fcn\u00fcn\u00fc incelemek ve NBR - Nitril Kau\u00e7uk Levha fiyat teklifi almak i\u00e7in hemen t\u0131klay\u0131n. \u0130leti\u015fime ge\u00e7erek \u00fccretsiz teklif al\u0131n.\",\"breadcrumb\":{\"@id\":\"https:\/\/onurkaucuk.com\/urun\/nbr-nitril-kaucuk-levha\/#breadcrumb\"},\"inLanguage\":\"de\",\"potentialAction\":[{\"@type\":\"ReadAction\",\"target\":[\"https:\/\/onurkaucuk.com\/urun\/nbr-nitril-kaucuk-levha\/\"]}]},{\"@type\":\"ImageObject\",\"inLanguage\":\"de\",\"@id\":\"https:\/\/onurkaucuk.com\/urun\/nbr-nitril-kaucuk-levha\/#primaryimage\",\"url\":\"https:\/\/onurkaucuk.com\/wp-content\/uploads\/2025\/07\/EPDM-Kaucuk-Levha-1.jpg\",\"contentUrl\":\"https:\/\/onurkaucuk.com\/wp-content\/uploads\/2025\/07\/EPDM-Kaucuk-Levha-1.jpg\",\"width\":952,\"height\":907},{\"@type\":\"BreadcrumbList\",\"@id\":\"https:\/\/onurkaucuk.com\/urun\/nbr-nitril-kaucuk-levha\/#breadcrumb\",\"itemListElement\":[{\"@type\":\"ListItem\",\"position\":1,\"name\":\"Anasayfa\",\"item\":\"https:\/\/onurkaucuk.com\/\"},{\"@type\":\"ListItem\",\"position\":2,\"name\":\"\u00dcr\u00fcnlerimiz\",\"item\":\"https:\/\/onurkaucuk.com\/urunlerimiz\/\"},{\"@type\":\"ListItem\",\"position\":3,\"name\":\"NBR &#8211; Nitril Kau\u00e7uk Levha\"}]},{\"@type\":\"WebSite\",\"@id\":\"https:\/\/onurkaucuk.com\/#website\",\"url\":\"https:\/\/onurkaucuk.com\/\",\"name\":\"Onur Kau&ccedil;uk\",\"description\":\"Kau&ccedil;uk ve Silikonda G&uuml;venilir &Ccedil;&ouml;z&uuml;m Orta\u011f\u0131n\u0131z\",\"publisher\":{\"@id\":\"https:\/\/onurkaucuk.com\/#organization\"},\"potentialAction\":[{\"@type\":\"SearchAction\",\"target\":{\"@type\":\"EntryPoint\",\"urlTemplate\":\"https:\/\/onurkaucuk.com\/?s={search_term_string}\"},\"query-input\":{\"@type\":\"PropertyValueSpecification\",\"valueRequired\":true,\"valueName\":\"search_term_string\"}}],\"inLanguage\":\"de\"},{\"@type\":\"Organization\",\"@id\":\"https:\/\/onurkaucuk.com\/#organization\",\"name\":\"Onur Kau&ccedil;uk\",\"url\":\"https:\/\/onurkaucuk.com\/\",\"logo\":{\"@type\":\"ImageObject\",\"inLanguage\":\"de\",\"@id\":\"https:\/\/onurkaucuk.com\/#\/schema\/logo\/image\/\",\"url\":\"https:\/\/onurkaucuk.com\/wp-content\/uploads\/2025\/07\/onurkaucuk-logo-buyuk.png\",\"contentUrl\":\"https:\/\/onurkaucuk.com\/wp-content\/uploads\/2025\/07\/onurkaucuk-logo-buyuk.png\",\"width\":698,\"height\":250,\"caption\":\"Onur Kau&ccedil;uk\"},\"image\":{\"@id\":\"https:\/\/onurkaucuk.com\/#\/schema\/logo\/image\/\"}}]}<\/script>\n<!-- \/ Yoast SEO plugin. -->","yoast_head_json":{"title":"NBR - Nitril Kau\u00e7uk Levha - Onur Kau&ccedil;uk","description":"NBR - Nitril Kau\u00e7uk Levha \u00fcr\u00fcn\u00fcn\u00fc incelemek ve NBR - Nitril Kau\u00e7uk Levha fiyat teklifi almak i\u00e7in hemen t\u0131klay\u0131n. \u0130leti\u015fime ge\u00e7erek \u00fccretsiz teklif al\u0131n.","robots":{"index":"index","follow":"follow","max-snippet":"max-snippet:-1","max-image-preview":"max-image-preview:large","max-video-preview":"max-video-preview:-1"},"canonical":"https:\/\/onurkaucuk.com\/de\/produkt\/nbr-nitril-kaucuk-levha\/","og_locale":"de_DE","og_type":"article","og_title":"NBR - Nitril Kau\u00e7uk Levha - Onur Kau&ccedil;uk","og_description":"NBR - Nitril Kau\u00e7uk Levha \u00fcr\u00fcn\u00fcn\u00fc incelemek ve NBR - Nitril Kau\u00e7uk Levha fiyat teklifi almak i\u00e7in hemen t\u0131klay\u0131n. \u0130leti\u015fime ge\u00e7erek \u00fccretsiz teklif al\u0131n.","og_url":"https:\/\/onurkaucuk.com\/de\/produkt\/nbr-nitril-kaucuk-levha\/","og_site_name":"Onur Kau&ccedil;uk","article_modified_time":"2025-12-19T09:13:47+00:00","og_image":[{"width":952,"height":907,"url":"https:\/\/onurkaucuk.com\/wp-content\/uploads\/2025\/07\/EPDM-Kaucuk-Levha-1.jpg","type":"image\/jpeg"}],"twitter_card":"summary_large_image","twitter_misc":{"Gesch\u00e4tzte Lesezeit":"2\u00a0Minuten"},"schema":{"@context":"https:\/\/schema.org","@graph":[{"@type":"WebPage","@id":"https:\/\/onurkaucuk.com\/urun\/nbr-nitril-kaucuk-levha\/","url":"https:\/\/onurkaucuk.com\/urun\/nbr-nitril-kaucuk-levha\/","name":"NBR - Nitril Kau\u00e7uk Levha - Onur Kau&ccedil;uk","isPartOf":{"@id":"https:\/\/onurkaucuk.com\/#website"},"primaryImageOfPage":{"@id":"https:\/\/onurkaucuk.com\/urun\/nbr-nitril-kaucuk-levha\/#primaryimage"},"image":{"@id":"https:\/\/onurkaucuk.com\/urun\/nbr-nitril-kaucuk-levha\/#primaryimage"},"thumbnailUrl":"https:\/\/onurkaucuk.com\/wp-content\/uploads\/2025\/07\/EPDM-Kaucuk-Levha-1.jpg","datePublished":"2025-07-31T19:53:22+00:00","dateModified":"2025-12-19T09:13:47+00:00","description":"NBR - Nitril Kau\u00e7uk Levha \u00fcr\u00fcn\u00fcn\u00fc incelemek ve NBR - Nitril Kau\u00e7uk Levha fiyat teklifi almak i\u00e7in hemen t\u0131klay\u0131n. \u0130leti\u015fime ge\u00e7erek \u00fccretsiz teklif al\u0131n.","breadcrumb":{"@id":"https:\/\/onurkaucuk.com\/urun\/nbr-nitril-kaucuk-levha\/#breadcrumb"},"inLanguage":"de","potentialAction":[{"@type":"ReadAction","target":["https:\/\/onurkaucuk.com\/urun\/nbr-nitril-kaucuk-levha\/"]}]},{"@type":"ImageObject","inLanguage":"de","@id":"https:\/\/onurkaucuk.com\/urun\/nbr-nitril-kaucuk-levha\/#primaryimage","url":"https:\/\/onurkaucuk.com\/wp-content\/uploads\/2025\/07\/EPDM-Kaucuk-Levha-1.jpg","contentUrl":"https:\/\/onurkaucuk.com\/wp-content\/uploads\/2025\/07\/EPDM-Kaucuk-Levha-1.jpg","width":952,"height":907},{"@type":"BreadcrumbList","@id":"https:\/\/onurkaucuk.com\/urun\/nbr-nitril-kaucuk-levha\/#breadcrumb","itemListElement":[{"@type":"ListItem","position":1,"name":"Anasayfa","item":"https:\/\/onurkaucuk.com\/"},{"@type":"ListItem","position":2,"name":"\u00dcr\u00fcnlerimiz","item":"https:\/\/onurkaucuk.com\/urunlerimiz\/"},{"@type":"ListItem","position":3,"name":"NBR &#8211; Nitril Kau\u00e7uk Levha"}]},{"@type":"WebSite","@id":"https:\/\/onurkaucuk.com\/#website","url":"https:\/\/onurkaucuk.com\/","name":"Onur Kau&ccedil;uk","description":"Kau&ccedil;uk ve Silikonda G&uuml;venilir &Ccedil;&ouml;z&uuml;m Orta\u011f\u0131n\u0131z","publisher":{"@id":"https:\/\/onurkaucuk.com\/#organization"},"potentialAction":[{"@type":"SearchAction","target":{"@type":"EntryPoint","urlTemplate":"https:\/\/onurkaucuk.com\/?s={search_term_string}"},"query-input":{"@type":"PropertyValueSpecification","valueRequired":true,"valueName":"search_term_string"}}],"inLanguage":"de"},{"@type":"Organization","@id":"https:\/\/onurkaucuk.com\/#organization","name":"Onur Kau&ccedil;uk","url":"https:\/\/onurkaucuk.com\/","logo":{"@type":"ImageObject","inLanguage":"de","@id":"https:\/\/onurkaucuk.com\/#\/schema\/logo\/image\/","url":"https:\/\/onurkaucuk.com\/wp-content\/uploads\/2025\/07\/onurkaucuk-logo-buyuk.png","contentUrl":"https:\/\/onurkaucuk.com\/wp-content\/uploads\/2025\/07\/onurkaucuk-logo-buyuk.png","width":698,"height":250,"caption":"Onur Kau&ccedil;uk"},"image":{"@id":"https:\/\/onurkaucuk.com\/#\/schema\/logo\/image\/"}}]}},"_links":{"self":[{"href":"https:\/\/onurkaucuk.com\/de\/wp-json\/wp\/v2\/product\/27951","targetHints":{"allow":["GET"]}}],"collection":[{"href":"https:\/\/onurkaucuk.com\/de\/wp-json\/wp\/v2\/product"}],"about":[{"href":"https:\/\/onurkaucuk.com\/de\/wp-json\/wp\/v2\/types\/product"}],"wp:featuredmedia":[{"embeddable":true,"href":"https:\/\/onurkaucuk.com\/de\/wp-json\/wp\/v2\/media\/27949"}],"wp:attachment":[{"href":"https:\/\/onurkaucuk.com\/de\/wp-json\/wp\/v2\/media?parent=27951"}],"wp:term":[{"taxonomy":"product_brand","embeddable":true,"href":"https:\/\/onurkaucuk.com\/de\/wp-json\/wp\/v2\/product_brand?post=27951"},{"taxonomy":"product_cat","embeddable":true,"href":"https:\/\/onurkaucuk.com\/de\/wp-json\/wp\/v2\/product_cat?post=27951"},{"taxonomy":"product_tag","embeddable":true,"href":"https:\/\/onurkaucuk.com\/de\/wp-json\/wp\/v2\/product_tag?post=27951"}],"curies":[{"name":"wp","href":"https:\/\/api.w.org\/{rel}","templated":true}]}}