{"id":27955,"date":"2025-07-31T22:57:12","date_gmt":"2025-07-31T19:57:12","guid":{"rendered":"https:\/\/onurkaucuk.com\/?post_type=product&#038;p=27955"},"modified":"2025-12-19T12:15:36","modified_gmt":"2025-12-19T09:15:36","slug":"dielektrik-levha-izole-hali","status":"publish","type":"product","link":"https:\/\/onurkaucuk.com\/de\/produkt\/dielektrik-levha-izole-hali\/","title":{"rendered":"Dielektrische Folie (Isolierteppich)"},"content":{"rendered":"<p><strong>Dielektrische Folie (Isolierteppich)<\/strong><\/p>\n<p><strong>Einsatzgebiete<\/strong><\/p>\n<p>Dielektrische Folien sind vor Schaltschr\u00e4nken und Maschinen, in Transformatoren und in Bereichen, in denen sie aus Gr\u00fcnden des Arbeitsschutzes vorgeschrieben sind, obligatorisch. Dieses Produkt dient der elektrischen Isolierung und kann sicher in Niederspannungs-, Mittelspannungs- und Hochspannungsumgebungen eingesetzt werden.<\/p>\n<p><strong>Merkmale<\/strong><\/p>\n<ul>\n<li><strong>Hochspannungswiderstand:<\/strong>\u00a0Sie sind so konstruiert, dass sie elektrischen Str\u00f6men zwischen 15.000 und 30.000 Volt standhalten.<\/li>\n<li><strong>Langfristige Performance:<\/strong>\u00a0Es kann \u00fcber l\u00e4ngere Zeitr\u00e4ume im Temperaturbereich von -30 \u00b0C bis +80 \u00b0C st\u00f6rungsfrei betrieben werden.<\/li>\n<li><strong>Chemische Best\u00e4ndigkeit:<\/strong>\u00a0Es weist eine hervorragende Best\u00e4ndigkeit gegen\u00fcber Maschinen\u00f6l und verschiedenen Umwelteinfl\u00fcssen auf.<\/li>\n<\/ul>\n<p><strong>Ebatlar<\/strong><\/p>\n<ul>\n<li><strong>Dicke:<\/strong>\u00a0Standardm\u00e4\u00dfige Fertigungsdicken sind 3 mm und 5 mm.<\/li>\n<li><strong>Breite:<\/strong>\u00a01 Meter.<\/li>\n<li><strong>L\u00e4nge:<\/strong>\u00a0Es wird in Rollen bis zu 10 Metern L\u00e4nge geliefert. Kundenspezifische Gr\u00f6\u00dfen k\u00f6nnen ebenfalls hergestellt werden, um den Kundenanforderungen gerecht zu werden.<\/li>\n<\/ul>\n<p><strong>Produktinformationen<\/strong><\/p>\n<p>Die dielektrischen Folien werden in Grau gefertigt und sind vom T\u00fcrkischen Normungsinstitut (TSE) zertifiziert. Dem Kunden wird zusammen mit dem Produkt eine Kopie des TSE-Zertifikats ausgeh\u00e4ndigt, und jeder Meter erh\u00e4lt einen Kaltstempel des TSE.<\/p>\n<p><strong>Oberfl\u00e4chengestaltung<\/strong><\/p>\n<p>Die dielektrischen Folien verf\u00fcgen \u00fcber eine geriffelte Oberfl\u00e4che, die f\u00fcr hervorragenden Halt auf dem Boden sorgt. Die gummiisolierenden Matten sind langlebig und auch bei K\u00e4lte einsetzbar. Sie m\u00fcssen in allen Bereichen, in denen Strom flie\u00dft, sicher verwendet werden.<\/p>\n<p><strong>Verwandte Produkte<\/strong><\/p>\n<ul>\n<li><strong>Gummireifenplatten<\/strong><\/li>\n<li><strong>Gemusterte Gummiplatten<\/strong><\/li>\n<li><strong>EPDM-Gummiplatte<\/strong><\/li>\n<li><strong>Sandgestrahlte Gummiplatten<\/strong><\/li>\n<li><strong>Neopren-Gummiplatte<\/strong><\/li>\n<li><strong>Nitrilkautschukplatte (NBR)<\/strong><\/li>\n<\/ul>\n<p>F\u00fcr weitere Informationen und Produktanfragen kontaktieren Sie uns bitte!<\/p>","protected":false},"excerpt":{"rendered":"<p class=\" translation-block\">Sie k\u00f6nnen sich an unsere <strong>Verkaufsabteilung<\/strong> wenden, um weitere Informationen zu erhalten oder projektspezifische L\u00f6sungen zu entwickeln.<\/p>","protected":false},"featured_media":27956,"template":"","meta":[],"product_brand":[],"product_cat":[233],"product_tag":[],"class_list":{"0":"post-27955","1":"product","2":"type-product","3":"status-publish","4":"has-post-thumbnail","6":"product_cat-kaucuk-levhalar","8":"first","9":"instock","10":"shipping-taxable","11":"product-type-external"},"yoast_head":"<!-- This site is optimized with the Yoast SEO plugin v25.6 - https:\/\/yoast.com\/wordpress\/plugins\/seo\/ -->\n<title>Dielektrik Levha (\u0130zole Hal\u0131) - Onur Kau&ccedil;uk<\/title>\n<meta name=\"description\" content=\"Dielektrik Levha (\u0130zole Hal\u0131) \u00fcr\u00fcn\u00fcn\u00fc incelemek ve Dielektrik Levha (\u0130zole Hal\u0131) fiyat teklifi almak i\u00e7in hemen t\u0131klay\u0131n. \u0130leti\u015fime ge\u00e7erek \u00fccretsiz teklif al\u0131n.\" \/>\n<meta name=\"robots\" content=\"index, follow, max-snippet:-1, max-image-preview:large, max-video-preview:-1\" \/>\n<link rel=\"canonical\" href=\"https:\/\/onurkaucuk.com\/de\/produkt\/dielektrik-levha-izole-hali\/\" \/>\n<meta property=\"og:locale\" content=\"de_DE\" \/>\n<meta property=\"og:type\" content=\"article\" \/>\n<meta property=\"og:title\" content=\"Dielektrik Levha (\u0130zole Hal\u0131) - Onur Kau&ccedil;uk\" \/>\n<meta property=\"og:description\" content=\"Dielektrik Levha (\u0130zole Hal\u0131) \u00fcr\u00fcn\u00fcn\u00fc incelemek ve Dielektrik Levha (\u0130zole Hal\u0131) fiyat teklifi almak i\u00e7in hemen t\u0131klay\u0131n. \u0130leti\u015fime ge\u00e7erek \u00fccretsiz teklif al\u0131n.\" \/>\n<meta property=\"og:url\" content=\"https:\/\/onurkaucuk.com\/de\/produkt\/dielektrik-levha-izole-hali\/\" \/>\n<meta property=\"og:site_name\" content=\"Onur Kau&ccedil;uk\" \/>\n<meta property=\"article:modified_time\" content=\"2025-12-19T09:15:36+00:00\" \/>\n<meta property=\"og:image\" content=\"https:\/\/onurkaucuk.com\/wp-content\/uploads\/2025\/07\/Dielektrik-Levha-Izole-Hali-1.jpg\" \/>\n\t<meta property=\"og:image:width\" content=\"952\" \/>\n\t<meta property=\"og:image:height\" content=\"907\" \/>\n\t<meta property=\"og:image:type\" content=\"image\/jpeg\" \/>\n<meta name=\"twitter:card\" content=\"summary_large_image\" \/>\n<meta name=\"twitter:label1\" content=\"Gesch\u00e4tzte Lesezeit\" \/>\n\t<meta name=\"twitter:data1\" content=\"2\u00a0Minuten\" \/>\n<script type=\"application\/ld+json\" class=\"yoast-schema-graph\">{\"@context\":\"https:\/\/schema.org\",\"@graph\":[{\"@type\":\"WebPage\",\"@id\":\"https:\/\/onurkaucuk.com\/urun\/dielektrik-levha-izole-hali\/\",\"url\":\"https:\/\/onurkaucuk.com\/urun\/dielektrik-levha-izole-hali\/\",\"name\":\"Dielektrik Levha (\u0130zole Hal\u0131) - Onur Kau&ccedil;uk\",\"isPartOf\":{\"@id\":\"https:\/\/onurkaucuk.com\/#website\"},\"primaryImageOfPage\":{\"@id\":\"https:\/\/onurkaucuk.com\/urun\/dielektrik-levha-izole-hali\/#primaryimage\"},\"image\":{\"@id\":\"https:\/\/onurkaucuk.com\/urun\/dielektrik-levha-izole-hali\/#primaryimage\"},\"thumbnailUrl\":\"https:\/\/onurkaucuk.com\/wp-content\/uploads\/2025\/07\/Dielektrik-Levha-Izole-Hali-1.jpg\",\"datePublished\":\"2025-07-31T19:57:12+00:00\",\"dateModified\":\"2025-12-19T09:15:36+00:00\",\"description\":\"Dielektrik Levha (\u0130zole Hal\u0131) \u00fcr\u00fcn\u00fcn\u00fc incelemek ve Dielektrik Levha (\u0130zole Hal\u0131) fiyat teklifi almak i\u00e7in hemen t\u0131klay\u0131n. \u0130leti\u015fime ge\u00e7erek \u00fccretsiz teklif al\u0131n.\",\"breadcrumb\":{\"@id\":\"https:\/\/onurkaucuk.com\/urun\/dielektrik-levha-izole-hali\/#breadcrumb\"},\"inLanguage\":\"de\",\"potentialAction\":[{\"@type\":\"ReadAction\",\"target\":[\"https:\/\/onurkaucuk.com\/urun\/dielektrik-levha-izole-hali\/\"]}]},{\"@type\":\"ImageObject\",\"inLanguage\":\"de\",\"@id\":\"https:\/\/onurkaucuk.com\/urun\/dielektrik-levha-izole-hali\/#primaryimage\",\"url\":\"https:\/\/onurkaucuk.com\/wp-content\/uploads\/2025\/07\/Dielektrik-Levha-Izole-Hali-1.jpg\",\"contentUrl\":\"https:\/\/onurkaucuk.com\/wp-content\/uploads\/2025\/07\/Dielektrik-Levha-Izole-Hali-1.jpg\",\"width\":952,\"height\":907},{\"@type\":\"BreadcrumbList\",\"@id\":\"https:\/\/onurkaucuk.com\/urun\/dielektrik-levha-izole-hali\/#breadcrumb\",\"itemListElement\":[{\"@type\":\"ListItem\",\"position\":1,\"name\":\"Anasayfa\",\"item\":\"https:\/\/onurkaucuk.com\/\"},{\"@type\":\"ListItem\",\"position\":2,\"name\":\"\u00dcr\u00fcnlerimiz\",\"item\":\"https:\/\/onurkaucuk.com\/urunlerimiz\/\"},{\"@type\":\"ListItem\",\"position\":3,\"name\":\"Dielektrik Levha (\u0130zole Hal\u0131)\"}]},{\"@type\":\"WebSite\",\"@id\":\"https:\/\/onurkaucuk.com\/#website\",\"url\":\"https:\/\/onurkaucuk.com\/\",\"name\":\"Onur Kau&ccedil;uk\",\"description\":\"Kau&ccedil;uk ve Silikonda G&uuml;venilir &Ccedil;&ouml;z&uuml;m Orta\u011f\u0131n\u0131z\",\"publisher\":{\"@id\":\"https:\/\/onurkaucuk.com\/#organization\"},\"potentialAction\":[{\"@type\":\"SearchAction\",\"target\":{\"@type\":\"EntryPoint\",\"urlTemplate\":\"https:\/\/onurkaucuk.com\/?s={search_term_string}\"},\"query-input\":{\"@type\":\"PropertyValueSpecification\",\"valueRequired\":true,\"valueName\":\"search_term_string\"}}],\"inLanguage\":\"de\"},{\"@type\":\"Organization\",\"@id\":\"https:\/\/onurkaucuk.com\/#organization\",\"name\":\"Onur Kau&ccedil;uk\",\"url\":\"https:\/\/onurkaucuk.com\/\",\"logo\":{\"@type\":\"ImageObject\",\"inLanguage\":\"de\",\"@id\":\"https:\/\/onurkaucuk.com\/#\/schema\/logo\/image\/\",\"url\":\"https:\/\/onurkaucuk.com\/wp-content\/uploads\/2025\/07\/onurkaucuk-logo-buyuk.png\",\"contentUrl\":\"https:\/\/onurkaucuk.com\/wp-content\/uploads\/2025\/07\/onurkaucuk-logo-buyuk.png\",\"width\":698,\"height\":250,\"caption\":\"Onur Kau&ccedil;uk\"},\"image\":{\"@id\":\"https:\/\/onurkaucuk.com\/#\/schema\/logo\/image\/\"}}]}<\/script>\n<!-- \/ Yoast SEO plugin. -->","yoast_head_json":{"title":"Dielektrik Levha (\u0130zole Hal\u0131) - Onur Kau&ccedil;uk","description":"Dielektrik Levha (\u0130zole Hal\u0131) \u00fcr\u00fcn\u00fcn\u00fc incelemek ve Dielektrik Levha (\u0130zole Hal\u0131) fiyat teklifi almak i\u00e7in hemen t\u0131klay\u0131n. \u0130leti\u015fime ge\u00e7erek \u00fccretsiz teklif al\u0131n.","robots":{"index":"index","follow":"follow","max-snippet":"max-snippet:-1","max-image-preview":"max-image-preview:large","max-video-preview":"max-video-preview:-1"},"canonical":"https:\/\/onurkaucuk.com\/de\/produkt\/dielektrik-levha-izole-hali\/","og_locale":"de_DE","og_type":"article","og_title":"Dielektrik Levha (\u0130zole Hal\u0131) - Onur Kau&ccedil;uk","og_description":"Dielektrik Levha (\u0130zole Hal\u0131) \u00fcr\u00fcn\u00fcn\u00fc incelemek ve Dielektrik Levha (\u0130zole Hal\u0131) fiyat teklifi almak i\u00e7in hemen t\u0131klay\u0131n. \u0130leti\u015fime ge\u00e7erek \u00fccretsiz teklif al\u0131n.","og_url":"https:\/\/onurkaucuk.com\/de\/produkt\/dielektrik-levha-izole-hali\/","og_site_name":"Onur Kau&ccedil;uk","article_modified_time":"2025-12-19T09:15:36+00:00","og_image":[{"width":952,"height":907,"url":"https:\/\/onurkaucuk.com\/wp-content\/uploads\/2025\/07\/Dielektrik-Levha-Izole-Hali-1.jpg","type":"image\/jpeg"}],"twitter_card":"summary_large_image","twitter_misc":{"Gesch\u00e4tzte Lesezeit":"2\u00a0Minuten"},"schema":{"@context":"https:\/\/schema.org","@graph":[{"@type":"WebPage","@id":"https:\/\/onurkaucuk.com\/urun\/dielektrik-levha-izole-hali\/","url":"https:\/\/onurkaucuk.com\/urun\/dielektrik-levha-izole-hali\/","name":"Dielektrik Levha (\u0130zole Hal\u0131) - Onur Kau&ccedil;uk","isPartOf":{"@id":"https:\/\/onurkaucuk.com\/#website"},"primaryImageOfPage":{"@id":"https:\/\/onurkaucuk.com\/urun\/dielektrik-levha-izole-hali\/#primaryimage"},"image":{"@id":"https:\/\/onurkaucuk.com\/urun\/dielektrik-levha-izole-hali\/#primaryimage"},"thumbnailUrl":"https:\/\/onurkaucuk.com\/wp-content\/uploads\/2025\/07\/Dielektrik-Levha-Izole-Hali-1.jpg","datePublished":"2025-07-31T19:57:12+00:00","dateModified":"2025-12-19T09:15:36+00:00","description":"Dielektrik Levha (\u0130zole Hal\u0131) \u00fcr\u00fcn\u00fcn\u00fc incelemek ve Dielektrik Levha (\u0130zole Hal\u0131) fiyat teklifi almak i\u00e7in hemen t\u0131klay\u0131n. \u0130leti\u015fime ge\u00e7erek \u00fccretsiz teklif al\u0131n.","breadcrumb":{"@id":"https:\/\/onurkaucuk.com\/urun\/dielektrik-levha-izole-hali\/#breadcrumb"},"inLanguage":"de","potentialAction":[{"@type":"ReadAction","target":["https:\/\/onurkaucuk.com\/urun\/dielektrik-levha-izole-hali\/"]}]},{"@type":"ImageObject","inLanguage":"de","@id":"https:\/\/onurkaucuk.com\/urun\/dielektrik-levha-izole-hali\/#primaryimage","url":"https:\/\/onurkaucuk.com\/wp-content\/uploads\/2025\/07\/Dielektrik-Levha-Izole-Hali-1.jpg","contentUrl":"https:\/\/onurkaucuk.com\/wp-content\/uploads\/2025\/07\/Dielektrik-Levha-Izole-Hali-1.jpg","width":952,"height":907},{"@type":"BreadcrumbList","@id":"https:\/\/onurkaucuk.com\/urun\/dielektrik-levha-izole-hali\/#breadcrumb","itemListElement":[{"@type":"ListItem","position":1,"name":"Anasayfa","item":"https:\/\/onurkaucuk.com\/"},{"@type":"ListItem","position":2,"name":"\u00dcr\u00fcnlerimiz","item":"https:\/\/onurkaucuk.com\/urunlerimiz\/"},{"@type":"ListItem","position":3,"name":"Dielektrik Levha (\u0130zole Hal\u0131)"}]},{"@type":"WebSite","@id":"https:\/\/onurkaucuk.com\/#website","url":"https:\/\/onurkaucuk.com\/","name":"Onur Kau&ccedil;uk","description":"Kau&ccedil;uk ve Silikonda G&uuml;venilir &Ccedil;&ouml;z&uuml;m Orta\u011f\u0131n\u0131z","publisher":{"@id":"https:\/\/onurkaucuk.com\/#organization"},"potentialAction":[{"@type":"SearchAction","target":{"@type":"EntryPoint","urlTemplate":"https:\/\/onurkaucuk.com\/?s={search_term_string}"},"query-input":{"@type":"PropertyValueSpecification","valueRequired":true,"valueName":"search_term_string"}}],"inLanguage":"de"},{"@type":"Organization","@id":"https:\/\/onurkaucuk.com\/#organization","name":"Onur Kau&ccedil;uk","url":"https:\/\/onurkaucuk.com\/","logo":{"@type":"ImageObject","inLanguage":"de","@id":"https:\/\/onurkaucuk.com\/#\/schema\/logo\/image\/","url":"https:\/\/onurkaucuk.com\/wp-content\/uploads\/2025\/07\/onurkaucuk-logo-buyuk.png","contentUrl":"https:\/\/onurkaucuk.com\/wp-content\/uploads\/2025\/07\/onurkaucuk-logo-buyuk.png","width":698,"height":250,"caption":"Onur Kau&ccedil;uk"},"image":{"@id":"https:\/\/onurkaucuk.com\/#\/schema\/logo\/image\/"}}]}},"_links":{"self":[{"href":"https:\/\/onurkaucuk.com\/de\/wp-json\/wp\/v2\/product\/27955","targetHints":{"allow":["GET"]}}],"collection":[{"href":"https:\/\/onurkaucuk.com\/de\/wp-json\/wp\/v2\/product"}],"about":[{"href":"https:\/\/onurkaucuk.com\/de\/wp-json\/wp\/v2\/types\/product"}],"wp:featuredmedia":[{"embeddable":true,"href":"https:\/\/onurkaucuk.com\/de\/wp-json\/wp\/v2\/media\/27956"}],"wp:attachment":[{"href":"https:\/\/onurkaucuk.com\/de\/wp-json\/wp\/v2\/media?parent=27955"}],"wp:term":[{"taxonomy":"product_brand","embeddable":true,"href":"https:\/\/onurkaucuk.com\/de\/wp-json\/wp\/v2\/product_brand?post=27955"},{"taxonomy":"product_cat","embeddable":true,"href":"https:\/\/onurkaucuk.com\/de\/wp-json\/wp\/v2\/product_cat?post=27955"},{"taxonomy":"product_tag","embeddable":true,"href":"https:\/\/onurkaucuk.com\/de\/wp-json\/wp\/v2\/product_tag?post=27955"}],"curies":[{"name":"wp","href":"https:\/\/api.w.org\/{rel}","templated":true}]}}