{"id":27957,"date":"2025-07-31T22:59:14","date_gmt":"2025-07-31T19:59:14","guid":{"rendered":"https:\/\/onurkaucuk.com\/?post_type=product&#038;p=27957"},"modified":"2025-12-19T12:15:20","modified_gmt":"2025-12-19T09:15:20","slug":"kumlama-kaucuk-levhalar","status":"publish","type":"product","link":"https:\/\/onurkaucuk.com\/de\/produkt\/kumlama-kaucuk-levhalar\/","title":{"rendered":"Sandgestrahlte Gummiplatten"},"content":{"rendered":"<p><strong>Sandstrahlgummiplatten: Langlebige und vielseitige L\u00f6sungen<\/strong><\/p>\n<p><strong>Einsatzgebiete<\/strong><\/p>\n<p>Sandgestrahlte Gummiplatten finden in einer Vielzahl industrieller Anwendungen breite Verwendung. Insbesondere:<\/p>\n<ul>\n<li>Sandstrahlkabinen: Als Schutzmaterial.<\/li>\n<li>Textilindustrie: F\u00fcr Anwendungen, die eine hohe Strapazierf\u00e4higkeit erfordern.<\/li>\n<li>Druck- und Marmormaschinen: F\u00fcr Umgebungen, die hohe Druckbest\u00e4ndigkeit erfordern.<\/li>\n<\/ul>\n<p><strong>Merkmale<\/strong><\/p>\n<ul>\n<li>Hoher Kautschukanteil: Der Kautschukanteil ist mit einer Dichte von 1,2 sehr hoch. Diese Eigenschaft verleiht den sandgestrahlten Blechen eine hervorragende Best\u00e4ndigkeit gegen Abrieb und S\u00e4ulenverformung.<\/li>\n<li>Hohe Elastizit\u00e4t: Kann auch in Umgebungen, die st\u00e4ndigen St\u00f6\u00dfen ausgesetzt sind, problemlos eingesetzt werden.<\/li>\n<\/ul>\n<p><strong>Arbeitsumfeld<\/strong><\/p>\n<ul>\n<li>Temperaturbereich: Kann st\u00f6rungsfrei zwischen -30 \u00b0C und +100 \u00b0C betrieben werden.<\/li>\n<li>Haltbarkeit: Sandgestrahlte Gummiplatten sind bekannt f\u00fcr ihre Widerstandsf\u00e4higkeit gegen\u00fcber rauen Bedingungen.<\/li>\n<\/ul>\n<p><strong>Gr\u00f6\u00dfenoptionen<\/strong><\/p>\n<ul>\n<li>Breite: Standardbreiten sind 1000 mm, 1200 mm und 1500 mm.<\/li>\n<li>L\u00e4nge: L\u00e4ngenoptionen von 2000 mm bis 10000 mm.<\/li>\n<li>Erh\u00e4ltlich in den St\u00e4rken 2 mm, 3 mm, 4 mm, 5 mm, 6 mm, 7 mm, 8 mm, 10 mm, 15 mm, 20 mm und 30 mm und sind auf Lager.<\/li>\n<\/ul>\n<p><strong>Kundenspezifische Fertigungsm\u00f6glichkeiten<\/strong><\/p>\n<p>Sandgestrahlte Gummiplatten k\u00f6nnen sowohl in Standardgr\u00f6\u00dfen als auch in Sondergr\u00f6\u00dfen hergestellt werden. Dank ihrer weichen Struktur eignen sie sich ideal f\u00fcr D\u00e4mpfungsanwendungen und \u00e4hnliche Zwecke.<\/p>\n<p><strong>Materialeigenschaften<\/strong><\/p>\n<p>Sandgestrahlte Gummiplatten werden direkt aus Naturkautschuk hergestellt. Diese reine Form, frei von F\u00fcllstoffen, ist \u00e4u\u00dferst widerstandsf\u00e4hig gegen Reibung, Abrieb, St\u00f6\u00dfe und \u00e4u\u00dfere Einfl\u00fcsse. Diese Spezialgummiplatten finden in allen Industriezweigen Anwendung als Schleifmittel, D\u00e4mpfer und Sto\u00dfd\u00e4mpfer.<\/p>\n<p><strong>Andere Gummiplatten<\/strong><\/p>\n<ul>\n<li>Gummireifenplatten<\/li>\n<li>Gemusterte Gummiplatten<\/li>\n<li>Dielektrische Folie (Isolierteppich)<\/li>\n<li>EPDM-Gummiplatte<\/li>\n<li>Neopren-Gummiplatte<\/li>\n<li>Nitrilkautschukplatte (NBR)<\/li>\n<\/ul>\n<p>F\u00fcr weitere Informationen zu sandgestrahlten Gummiplatten oder f\u00fcr Ihre speziellen Anfragen kontaktieren Sie uns bitte!<\/p>","protected":false},"excerpt":{"rendered":"<p class=\" translation-block\">Sie k\u00f6nnen sich an unsere <strong>Verkaufsabteilung<\/strong> wenden, um weitere Informationen zu erhalten oder projektspezifische L\u00f6sungen zu entwickeln.<\/p>","protected":false},"featured_media":27958,"template":"","meta":[],"product_brand":[],"product_cat":[233],"product_tag":[],"class_list":{"0":"post-27957","1":"product","2":"type-product","3":"status-publish","4":"has-post-thumbnail","6":"product_cat-kaucuk-levhalar","8":"first","9":"instock","10":"shipping-taxable","11":"product-type-external"},"yoast_head":"<!-- This site is optimized with the Yoast SEO plugin v25.6 - https:\/\/yoast.com\/wordpress\/plugins\/seo\/ -->\n<title>Kumlama Kau\u00e7uk Levhalar - Onur Kau&ccedil;uk<\/title>\n<meta name=\"description\" content=\"Kumlama Kau\u00e7uk Levhalar \u00fcr\u00fcn\u00fcn\u00fc incelemek ve Kumlama Kau\u00e7uk Levhalar fiyat teklifi almak i\u00e7in hemen t\u0131klay\u0131n. \u0130leti\u015fime ge\u00e7erek \u00fccretsiz teklif al\u0131n.\" \/>\n<meta name=\"robots\" content=\"index, follow, max-snippet:-1, max-image-preview:large, max-video-preview:-1\" \/>\n<link rel=\"canonical\" href=\"https:\/\/onurkaucuk.com\/de\/produkt\/kumlama-kaucuk-levhalar\/\" \/>\n<meta property=\"og:locale\" content=\"de_DE\" \/>\n<meta property=\"og:type\" content=\"article\" \/>\n<meta property=\"og:title\" content=\"Kumlama Kau\u00e7uk Levhalar - Onur Kau&ccedil;uk\" \/>\n<meta property=\"og:description\" content=\"Kumlama Kau\u00e7uk Levhalar \u00fcr\u00fcn\u00fcn\u00fc incelemek ve Kumlama Kau\u00e7uk Levhalar fiyat teklifi almak i\u00e7in hemen t\u0131klay\u0131n. \u0130leti\u015fime ge\u00e7erek \u00fccretsiz teklif al\u0131n.\" \/>\n<meta property=\"og:url\" content=\"https:\/\/onurkaucuk.com\/de\/produkt\/kumlama-kaucuk-levhalar\/\" \/>\n<meta property=\"og:site_name\" content=\"Onur Kau&ccedil;uk\" \/>\n<meta property=\"article:modified_time\" content=\"2025-12-19T09:15:20+00:00\" \/>\n<meta property=\"og:image\" content=\"https:\/\/onurkaucuk.com\/wp-content\/uploads\/2025\/07\/Kumlama-Kaucuk-Levhalar-1.jpg\" \/>\n\t<meta property=\"og:image:width\" content=\"952\" \/>\n\t<meta property=\"og:image:height\" content=\"907\" \/>\n\t<meta property=\"og:image:type\" content=\"image\/jpeg\" \/>\n<meta name=\"twitter:card\" content=\"summary_large_image\" \/>\n<meta name=\"twitter:label1\" content=\"Gesch\u00e4tzte Lesezeit\" \/>\n\t<meta name=\"twitter:data1\" content=\"2\u00a0Minuten\" \/>\n<script type=\"application\/ld+json\" class=\"yoast-schema-graph\">{\"@context\":\"https:\/\/schema.org\",\"@graph\":[{\"@type\":\"WebPage\",\"@id\":\"https:\/\/onurkaucuk.com\/urun\/kumlama-kaucuk-levhalar\/\",\"url\":\"https:\/\/onurkaucuk.com\/urun\/kumlama-kaucuk-levhalar\/\",\"name\":\"Kumlama Kau\u00e7uk Levhalar - Onur Kau&ccedil;uk\",\"isPartOf\":{\"@id\":\"https:\/\/onurkaucuk.com\/#website\"},\"primaryImageOfPage\":{\"@id\":\"https:\/\/onurkaucuk.com\/urun\/kumlama-kaucuk-levhalar\/#primaryimage\"},\"image\":{\"@id\":\"https:\/\/onurkaucuk.com\/urun\/kumlama-kaucuk-levhalar\/#primaryimage\"},\"thumbnailUrl\":\"https:\/\/onurkaucuk.com\/wp-content\/uploads\/2025\/07\/Kumlama-Kaucuk-Levhalar-1.jpg\",\"datePublished\":\"2025-07-31T19:59:14+00:00\",\"dateModified\":\"2025-12-19T09:15:20+00:00\",\"description\":\"Kumlama Kau\u00e7uk Levhalar \u00fcr\u00fcn\u00fcn\u00fc incelemek ve Kumlama Kau\u00e7uk Levhalar fiyat teklifi almak i\u00e7in hemen t\u0131klay\u0131n. \u0130leti\u015fime ge\u00e7erek \u00fccretsiz teklif al\u0131n.\",\"breadcrumb\":{\"@id\":\"https:\/\/onurkaucuk.com\/urun\/kumlama-kaucuk-levhalar\/#breadcrumb\"},\"inLanguage\":\"de\",\"potentialAction\":[{\"@type\":\"ReadAction\",\"target\":[\"https:\/\/onurkaucuk.com\/urun\/kumlama-kaucuk-levhalar\/\"]}]},{\"@type\":\"ImageObject\",\"inLanguage\":\"de\",\"@id\":\"https:\/\/onurkaucuk.com\/urun\/kumlama-kaucuk-levhalar\/#primaryimage\",\"url\":\"https:\/\/onurkaucuk.com\/wp-content\/uploads\/2025\/07\/Kumlama-Kaucuk-Levhalar-1.jpg\",\"contentUrl\":\"https:\/\/onurkaucuk.com\/wp-content\/uploads\/2025\/07\/Kumlama-Kaucuk-Levhalar-1.jpg\",\"width\":952,\"height\":907},{\"@type\":\"BreadcrumbList\",\"@id\":\"https:\/\/onurkaucuk.com\/urun\/kumlama-kaucuk-levhalar\/#breadcrumb\",\"itemListElement\":[{\"@type\":\"ListItem\",\"position\":1,\"name\":\"Anasayfa\",\"item\":\"https:\/\/onurkaucuk.com\/\"},{\"@type\":\"ListItem\",\"position\":2,\"name\":\"\u00dcr\u00fcnlerimiz\",\"item\":\"https:\/\/onurkaucuk.com\/urunlerimiz\/\"},{\"@type\":\"ListItem\",\"position\":3,\"name\":\"Kumlama Kau\u00e7uk Levhalar\"}]},{\"@type\":\"WebSite\",\"@id\":\"https:\/\/onurkaucuk.com\/#website\",\"url\":\"https:\/\/onurkaucuk.com\/\",\"name\":\"Onur Kau&ccedil;uk\",\"description\":\"Kau&ccedil;uk ve Silikonda G&uuml;venilir &Ccedil;&ouml;z&uuml;m Orta\u011f\u0131n\u0131z\",\"publisher\":{\"@id\":\"https:\/\/onurkaucuk.com\/#organization\"},\"potentialAction\":[{\"@type\":\"SearchAction\",\"target\":{\"@type\":\"EntryPoint\",\"urlTemplate\":\"https:\/\/onurkaucuk.com\/?s={search_term_string}\"},\"query-input\":{\"@type\":\"PropertyValueSpecification\",\"valueRequired\":true,\"valueName\":\"search_term_string\"}}],\"inLanguage\":\"de\"},{\"@type\":\"Organization\",\"@id\":\"https:\/\/onurkaucuk.com\/#organization\",\"name\":\"Onur Kau&ccedil;uk\",\"url\":\"https:\/\/onurkaucuk.com\/\",\"logo\":{\"@type\":\"ImageObject\",\"inLanguage\":\"de\",\"@id\":\"https:\/\/onurkaucuk.com\/#\/schema\/logo\/image\/\",\"url\":\"https:\/\/onurkaucuk.com\/wp-content\/uploads\/2025\/07\/onurkaucuk-logo-buyuk.png\",\"contentUrl\":\"https:\/\/onurkaucuk.com\/wp-content\/uploads\/2025\/07\/onurkaucuk-logo-buyuk.png\",\"width\":698,\"height\":250,\"caption\":\"Onur Kau&ccedil;uk\"},\"image\":{\"@id\":\"https:\/\/onurkaucuk.com\/#\/schema\/logo\/image\/\"}}]}<\/script>\n<!-- \/ Yoast SEO plugin. -->","yoast_head_json":{"title":"Kumlama Kau\u00e7uk Levhalar - Onur Kau&ccedil;uk","description":"Kumlama Kau\u00e7uk Levhalar \u00fcr\u00fcn\u00fcn\u00fc incelemek ve Kumlama Kau\u00e7uk Levhalar fiyat teklifi almak i\u00e7in hemen t\u0131klay\u0131n. \u0130leti\u015fime ge\u00e7erek \u00fccretsiz teklif al\u0131n.","robots":{"index":"index","follow":"follow","max-snippet":"max-snippet:-1","max-image-preview":"max-image-preview:large","max-video-preview":"max-video-preview:-1"},"canonical":"https:\/\/onurkaucuk.com\/de\/produkt\/kumlama-kaucuk-levhalar\/","og_locale":"de_DE","og_type":"article","og_title":"Kumlama Kau\u00e7uk Levhalar - Onur Kau&ccedil;uk","og_description":"Kumlama Kau\u00e7uk Levhalar \u00fcr\u00fcn\u00fcn\u00fc incelemek ve Kumlama Kau\u00e7uk Levhalar fiyat teklifi almak i\u00e7in hemen t\u0131klay\u0131n. \u0130leti\u015fime ge\u00e7erek \u00fccretsiz teklif al\u0131n.","og_url":"https:\/\/onurkaucuk.com\/de\/produkt\/kumlama-kaucuk-levhalar\/","og_site_name":"Onur Kau&ccedil;uk","article_modified_time":"2025-12-19T09:15:20+00:00","og_image":[{"width":952,"height":907,"url":"https:\/\/onurkaucuk.com\/wp-content\/uploads\/2025\/07\/Kumlama-Kaucuk-Levhalar-1.jpg","type":"image\/jpeg"}],"twitter_card":"summary_large_image","twitter_misc":{"Gesch\u00e4tzte Lesezeit":"2\u00a0Minuten"},"schema":{"@context":"https:\/\/schema.org","@graph":[{"@type":"WebPage","@id":"https:\/\/onurkaucuk.com\/urun\/kumlama-kaucuk-levhalar\/","url":"https:\/\/onurkaucuk.com\/urun\/kumlama-kaucuk-levhalar\/","name":"Kumlama Kau\u00e7uk Levhalar - Onur Kau&ccedil;uk","isPartOf":{"@id":"https:\/\/onurkaucuk.com\/#website"},"primaryImageOfPage":{"@id":"https:\/\/onurkaucuk.com\/urun\/kumlama-kaucuk-levhalar\/#primaryimage"},"image":{"@id":"https:\/\/onurkaucuk.com\/urun\/kumlama-kaucuk-levhalar\/#primaryimage"},"thumbnailUrl":"https:\/\/onurkaucuk.com\/wp-content\/uploads\/2025\/07\/Kumlama-Kaucuk-Levhalar-1.jpg","datePublished":"2025-07-31T19:59:14+00:00","dateModified":"2025-12-19T09:15:20+00:00","description":"Kumlama Kau\u00e7uk Levhalar \u00fcr\u00fcn\u00fcn\u00fc incelemek ve Kumlama Kau\u00e7uk Levhalar fiyat teklifi almak i\u00e7in hemen t\u0131klay\u0131n. \u0130leti\u015fime ge\u00e7erek \u00fccretsiz teklif al\u0131n.","breadcrumb":{"@id":"https:\/\/onurkaucuk.com\/urun\/kumlama-kaucuk-levhalar\/#breadcrumb"},"inLanguage":"de","potentialAction":[{"@type":"ReadAction","target":["https:\/\/onurkaucuk.com\/urun\/kumlama-kaucuk-levhalar\/"]}]},{"@type":"ImageObject","inLanguage":"de","@id":"https:\/\/onurkaucuk.com\/urun\/kumlama-kaucuk-levhalar\/#primaryimage","url":"https:\/\/onurkaucuk.com\/wp-content\/uploads\/2025\/07\/Kumlama-Kaucuk-Levhalar-1.jpg","contentUrl":"https:\/\/onurkaucuk.com\/wp-content\/uploads\/2025\/07\/Kumlama-Kaucuk-Levhalar-1.jpg","width":952,"height":907},{"@type":"BreadcrumbList","@id":"https:\/\/onurkaucuk.com\/urun\/kumlama-kaucuk-levhalar\/#breadcrumb","itemListElement":[{"@type":"ListItem","position":1,"name":"Anasayfa","item":"https:\/\/onurkaucuk.com\/"},{"@type":"ListItem","position":2,"name":"\u00dcr\u00fcnlerimiz","item":"https:\/\/onurkaucuk.com\/urunlerimiz\/"},{"@type":"ListItem","position":3,"name":"Kumlama Kau\u00e7uk Levhalar"}]},{"@type":"WebSite","@id":"https:\/\/onurkaucuk.com\/#website","url":"https:\/\/onurkaucuk.com\/","name":"Onur Kau&ccedil;uk","description":"Kau&ccedil;uk ve Silikonda G&uuml;venilir &Ccedil;&ouml;z&uuml;m Orta\u011f\u0131n\u0131z","publisher":{"@id":"https:\/\/onurkaucuk.com\/#organization"},"potentialAction":[{"@type":"SearchAction","target":{"@type":"EntryPoint","urlTemplate":"https:\/\/onurkaucuk.com\/?s={search_term_string}"},"query-input":{"@type":"PropertyValueSpecification","valueRequired":true,"valueName":"search_term_string"}}],"inLanguage":"de"},{"@type":"Organization","@id":"https:\/\/onurkaucuk.com\/#organization","name":"Onur Kau&ccedil;uk","url":"https:\/\/onurkaucuk.com\/","logo":{"@type":"ImageObject","inLanguage":"de","@id":"https:\/\/onurkaucuk.com\/#\/schema\/logo\/image\/","url":"https:\/\/onurkaucuk.com\/wp-content\/uploads\/2025\/07\/onurkaucuk-logo-buyuk.png","contentUrl":"https:\/\/onurkaucuk.com\/wp-content\/uploads\/2025\/07\/onurkaucuk-logo-buyuk.png","width":698,"height":250,"caption":"Onur Kau&ccedil;uk"},"image":{"@id":"https:\/\/onurkaucuk.com\/#\/schema\/logo\/image\/"}}]}},"_links":{"self":[{"href":"https:\/\/onurkaucuk.com\/de\/wp-json\/wp\/v2\/product\/27957","targetHints":{"allow":["GET"]}}],"collection":[{"href":"https:\/\/onurkaucuk.com\/de\/wp-json\/wp\/v2\/product"}],"about":[{"href":"https:\/\/onurkaucuk.com\/de\/wp-json\/wp\/v2\/types\/product"}],"wp:featuredmedia":[{"embeddable":true,"href":"https:\/\/onurkaucuk.com\/de\/wp-json\/wp\/v2\/media\/27958"}],"wp:attachment":[{"href":"https:\/\/onurkaucuk.com\/de\/wp-json\/wp\/v2\/media?parent=27957"}],"wp:term":[{"taxonomy":"product_brand","embeddable":true,"href":"https:\/\/onurkaucuk.com\/de\/wp-json\/wp\/v2\/product_brand?post=27957"},{"taxonomy":"product_cat","embeddable":true,"href":"https:\/\/onurkaucuk.com\/de\/wp-json\/wp\/v2\/product_cat?post=27957"},{"taxonomy":"product_tag","embeddable":true,"href":"https:\/\/onurkaucuk.com\/de\/wp-json\/wp\/v2\/product_tag?post=27957"}],"curies":[{"name":"wp","href":"https:\/\/api.w.org\/{rel}","templated":true}]}}