{"id":27959,"date":"2025-07-31T23:00:43","date_gmt":"2025-07-31T20:00:43","guid":{"rendered":"https:\/\/onurkaucuk.com\/?post_type=product&#038;p=27959"},"modified":"2025-12-19T12:15:13","modified_gmt":"2025-12-19T09:15:13","slug":"desenli-kaucuk-levhalar","status":"publish","type":"product","link":"https:\/\/onurkaucuk.com\/de\/produkt\/desenli-kaucuk-levhalar\/","title":{"rendered":"Gemusterte Gummiplatten"},"content":{"rendered":"<p><strong>Gemusterte Gummiplatten: \u00c4sthetische und funktionelle L\u00f6sungen<\/strong><\/p>\n<p>Gemusterte Gummiplatten finden aufgrund ihres \u00e4sthetischen Designs und ihrer hohen Leistungsf\u00e4higkeit vielf\u00e4ltige Anwendung in Industrie und Gewerbe. Sie sind in verschiedenen Mustern und Gr\u00f6\u00dfen erh\u00e4ltlich und erf\u00fcllen somit sowohl optische als auch funktionale Anforderungen.<\/p>\n<p><strong>Wellgummiplatten (kanalf\u00f6rmig)<\/strong><\/p>\n<p>Wellgummimatten erzeugen in ihren Einsatzumgebungen keine unangenehmen Ger\u00fcche. Sie sind in verschiedenen Farben erh\u00e4ltlich und dank ihrer griffigen Oberfl\u00e4che auch auf nassen Oberfl\u00e4chen sicher einsetzbar.<\/p>\n<ul>\n<li><strong>D\u00fcnnes Wellblech:<\/strong>\n<ul>\n<li>Dicke: 3 mm<\/li>\n<li>Breite: 1200 mm<\/li>\n<li>L\u00e4nge: 10000 mm<\/li>\n<\/ul>\n<\/li>\n<li><strong>Mittelgro\u00dfes Wellblech:<\/strong>\n<ul>\n<li>Dicke: 3 mm<\/li>\n<li>Breite: 1200 mm<\/li>\n<li>L\u00e4nge: 10000 mm<\/li>\n<\/ul>\n<\/li>\n<li><strong>Breitwellblech:<\/strong>\n<ul>\n<li>Dicke: 5 mm<\/li>\n<li>Breite: 1200 mm<\/li>\n<li>L\u00e4nge: 10000 mm<\/li>\n<\/ul>\n<\/li>\n<\/ul>\n<p><strong>Gummi- und PVC-beschichtete Platten<\/strong><\/p>\n<p>Gummi- und PVC-beschichtete Bodenbel\u00e4ge sind als universelle Bodenbel\u00e4ge beliebt. Beide Varianten sind in einer breiten Farbpalette erh\u00e4ltlich.<\/p>\n<ul>\n<li><strong>Gummibeschichtete Platten:<\/strong>\n<ul>\n<li>Dicke: 5 mm<\/li>\n<li>Breite: 1000 mm<\/li>\n<li>L\u00e4nge: 7000 mm<\/li>\n<\/ul>\n<\/li>\n<li><strong>PVC-beschichtete Platte:<\/strong>\n<ul>\n<li>Dicke: 3 mm<\/li>\n<li>Breite: 1100 mm<\/li>\n<li>L\u00e4nge: 16000 mm (alternativ: Dicke 3 mm, Breite: 2000 mm, L\u00e4nge: 16000 mm)<\/li>\n<\/ul>\n<\/li>\n<\/ul>\n<p><strong>Kordelgewebe-Gummiplatten<\/strong><\/p>\n<p>Mit Kordgewebe verst\u00e4rkte Gummiplatten bieten eine hohe Zugfestigkeit. Sie k\u00f6nnen mit einlagiger oder optional doppellagiger Kordgewebeverst\u00e4rkung hergestellt werden.<\/p>\n<ul>\n<li><strong>Abmessungen:<\/strong>\n<ul>\n<li>Dicke: 2, 3, 4, 5, 6, 8, 10, 15, 20 mm<\/li>\n<li>Breite: 1000 mm (auf Anfrage auch breiter als 1000 mm m\u00f6glich)<\/li>\n<li>L\u00e4nge: 10000 mm<\/li>\n<\/ul>\n<\/li>\n<\/ul>\n<p><strong>Andere Gummiplatten<\/strong><\/p>\n<ul>\n<li><strong>Gummiplatten mit Baklava-Muster<\/strong><\/li>\n<li><strong>Gummiplatten mit M\u00fcnzmuster<\/strong><\/li>\n<li><strong>Gezahnte Gummiplatten<\/strong><\/li>\n<li><strong>Gerillte Gummiplatten<\/strong><\/li>\n<li><strong>Abmessungen:<\/strong>\n<ul>\n<li>Breite: Bis zu 1000-1200-1500-2000 mm<\/li>\n<li>Dicke: 3, 5, 8, 10 mm<\/li>\n<li>L\u00e4nge: 10000 mm<\/li>\n<\/ul>\n<\/li>\n<\/ul>\n<p><strong>Zus\u00e4tzliche Produkte<\/strong><\/p>\n<ul>\n<li><strong>Dielektrische Folie (Isolierteppich)<\/strong><\/li>\n<li><strong>EPDM-Gummiplatte<\/strong><\/li>\n<li><strong>Sandgestrahlte Gummiplatten<\/strong><\/li>\n<li><strong>Neopren-Gummiplatte<\/strong><\/li>\n<li><strong>Nitrilkautschukplatte (NBR)<\/strong><\/li>\n<\/ul>\n<p>Unsere strukturierten Gummiplatten werden aus hochwertigen Materialien gefertigt und erf\u00fcllen Ihre vielf\u00e4ltigen industriellen Anforderungen. Nutzen Sie unsere M\u00f6glichkeiten zur kundenspezifischen Fertigung f\u00fcr L\u00f6sungen, die genau auf Ihre Bed\u00fcrfnisse zugeschnitten sind.<\/p>\n<p><strong>F\u00fcr weitere Informationen und Produktanfragen kontaktieren Sie uns bitte!<\/strong><\/p>","protected":false},"excerpt":{"rendered":"<p class=\" translation-block\">Sie k\u00f6nnen sich an unsere <strong>Verkaufsabteilung<\/strong> wenden, um weitere Informationen zu erhalten oder projektspezifische L\u00f6sungen zu entwickeln.<\/p>","protected":false},"featured_media":27960,"template":"","meta":[],"product_brand":[],"product_cat":[233],"product_tag":[],"class_list":{"0":"post-27959","1":"product","2":"type-product","3":"status-publish","4":"has-post-thumbnail","6":"product_cat-kaucuk-levhalar","8":"first","9":"instock","10":"shipping-taxable","11":"product-type-external"},"yoast_head":"<!-- This site is optimized with the Yoast SEO plugin v25.6 - https:\/\/yoast.com\/wordpress\/plugins\/seo\/ -->\n<title>Desenli Kau\u00e7uk Levhalar - Onur Kau&ccedil;uk<\/title>\n<meta name=\"description\" content=\"Desenli Kau\u00e7uk Levhalar \u00fcr\u00fcn\u00fcn\u00fc incelemek ve Desenli Kau\u00e7uk Levhalar fiyat teklifi almak i\u00e7in hemen t\u0131klay\u0131n. \u0130leti\u015fime ge\u00e7erek \u00fccretsiz teklif al\u0131n.\" \/>\n<meta name=\"robots\" content=\"index, follow, max-snippet:-1, max-image-preview:large, max-video-preview:-1\" \/>\n<link rel=\"canonical\" href=\"https:\/\/onurkaucuk.com\/de\/produkt\/desenli-kaucuk-levhalar\/\" \/>\n<meta property=\"og:locale\" content=\"de_DE\" \/>\n<meta property=\"og:type\" content=\"article\" \/>\n<meta property=\"og:title\" content=\"Desenli Kau\u00e7uk Levhalar - Onur Kau&ccedil;uk\" \/>\n<meta property=\"og:description\" content=\"Desenli Kau\u00e7uk Levhalar \u00fcr\u00fcn\u00fcn\u00fc incelemek ve Desenli Kau\u00e7uk Levhalar fiyat teklifi almak i\u00e7in hemen t\u0131klay\u0131n. \u0130leti\u015fime ge\u00e7erek \u00fccretsiz teklif al\u0131n.\" \/>\n<meta property=\"og:url\" content=\"https:\/\/onurkaucuk.com\/de\/produkt\/desenli-kaucuk-levhalar\/\" \/>\n<meta property=\"og:site_name\" content=\"Onur Kau&ccedil;uk\" \/>\n<meta property=\"article:modified_time\" content=\"2025-12-19T09:15:13+00:00\" \/>\n<meta property=\"og:image\" content=\"https:\/\/onurkaucuk.com\/wp-content\/uploads\/2025\/07\/Desenli-Kaucuk-Levhalar-1.jpg\" \/>\n\t<meta property=\"og:image:width\" content=\"952\" \/>\n\t<meta property=\"og:image:height\" content=\"907\" \/>\n\t<meta property=\"og:image:type\" content=\"image\/jpeg\" \/>\n<meta name=\"twitter:card\" content=\"summary_large_image\" \/>\n<meta name=\"twitter:label1\" content=\"Gesch\u00e4tzte Lesezeit\" \/>\n\t<meta name=\"twitter:data1\" content=\"2\u00a0Minuten\" \/>\n<script type=\"application\/ld+json\" class=\"yoast-schema-graph\">{\"@context\":\"https:\/\/schema.org\",\"@graph\":[{\"@type\":\"WebPage\",\"@id\":\"https:\/\/onurkaucuk.com\/urun\/desenli-kaucuk-levhalar\/\",\"url\":\"https:\/\/onurkaucuk.com\/urun\/desenli-kaucuk-levhalar\/\",\"name\":\"Desenli Kau\u00e7uk Levhalar - Onur Kau&ccedil;uk\",\"isPartOf\":{\"@id\":\"https:\/\/onurkaucuk.com\/#website\"},\"primaryImageOfPage\":{\"@id\":\"https:\/\/onurkaucuk.com\/urun\/desenli-kaucuk-levhalar\/#primaryimage\"},\"image\":{\"@id\":\"https:\/\/onurkaucuk.com\/urun\/desenli-kaucuk-levhalar\/#primaryimage\"},\"thumbnailUrl\":\"https:\/\/onurkaucuk.com\/wp-content\/uploads\/2025\/07\/Desenli-Kaucuk-Levhalar-1.jpg\",\"datePublished\":\"2025-07-31T20:00:43+00:00\",\"dateModified\":\"2025-12-19T09:15:13+00:00\",\"description\":\"Desenli Kau\u00e7uk Levhalar \u00fcr\u00fcn\u00fcn\u00fc incelemek ve Desenli Kau\u00e7uk Levhalar fiyat teklifi almak i\u00e7in hemen t\u0131klay\u0131n. \u0130leti\u015fime ge\u00e7erek \u00fccretsiz teklif al\u0131n.\",\"breadcrumb\":{\"@id\":\"https:\/\/onurkaucuk.com\/urun\/desenli-kaucuk-levhalar\/#breadcrumb\"},\"inLanguage\":\"de\",\"potentialAction\":[{\"@type\":\"ReadAction\",\"target\":[\"https:\/\/onurkaucuk.com\/urun\/desenli-kaucuk-levhalar\/\"]}]},{\"@type\":\"ImageObject\",\"inLanguage\":\"de\",\"@id\":\"https:\/\/onurkaucuk.com\/urun\/desenli-kaucuk-levhalar\/#primaryimage\",\"url\":\"https:\/\/onurkaucuk.com\/wp-content\/uploads\/2025\/07\/Desenli-Kaucuk-Levhalar-1.jpg\",\"contentUrl\":\"https:\/\/onurkaucuk.com\/wp-content\/uploads\/2025\/07\/Desenli-Kaucuk-Levhalar-1.jpg\",\"width\":952,\"height\":907},{\"@type\":\"BreadcrumbList\",\"@id\":\"https:\/\/onurkaucuk.com\/urun\/desenli-kaucuk-levhalar\/#breadcrumb\",\"itemListElement\":[{\"@type\":\"ListItem\",\"position\":1,\"name\":\"Anasayfa\",\"item\":\"https:\/\/onurkaucuk.com\/\"},{\"@type\":\"ListItem\",\"position\":2,\"name\":\"\u00dcr\u00fcnlerimiz\",\"item\":\"https:\/\/onurkaucuk.com\/urunlerimiz\/\"},{\"@type\":\"ListItem\",\"position\":3,\"name\":\"Desenli Kau\u00e7uk Levhalar\"}]},{\"@type\":\"WebSite\",\"@id\":\"https:\/\/onurkaucuk.com\/#website\",\"url\":\"https:\/\/onurkaucuk.com\/\",\"name\":\"Onur Kau&ccedil;uk\",\"description\":\"Kau&ccedil;uk ve Silikonda G&uuml;venilir &Ccedil;&ouml;z&uuml;m Orta\u011f\u0131n\u0131z\",\"publisher\":{\"@id\":\"https:\/\/onurkaucuk.com\/#organization\"},\"potentialAction\":[{\"@type\":\"SearchAction\",\"target\":{\"@type\":\"EntryPoint\",\"urlTemplate\":\"https:\/\/onurkaucuk.com\/?s={search_term_string}\"},\"query-input\":{\"@type\":\"PropertyValueSpecification\",\"valueRequired\":true,\"valueName\":\"search_term_string\"}}],\"inLanguage\":\"de\"},{\"@type\":\"Organization\",\"@id\":\"https:\/\/onurkaucuk.com\/#organization\",\"name\":\"Onur Kau&ccedil;uk\",\"url\":\"https:\/\/onurkaucuk.com\/\",\"logo\":{\"@type\":\"ImageObject\",\"inLanguage\":\"de\",\"@id\":\"https:\/\/onurkaucuk.com\/#\/schema\/logo\/image\/\",\"url\":\"https:\/\/onurkaucuk.com\/wp-content\/uploads\/2025\/07\/onurkaucuk-logo-buyuk.png\",\"contentUrl\":\"https:\/\/onurkaucuk.com\/wp-content\/uploads\/2025\/07\/onurkaucuk-logo-buyuk.png\",\"width\":698,\"height\":250,\"caption\":\"Onur Kau&ccedil;uk\"},\"image\":{\"@id\":\"https:\/\/onurkaucuk.com\/#\/schema\/logo\/image\/\"}}]}<\/script>\n<!-- \/ Yoast SEO plugin. -->","yoast_head_json":{"title":"Desenli Kau\u00e7uk Levhalar - Onur Kau&ccedil;uk","description":"Desenli Kau\u00e7uk Levhalar \u00fcr\u00fcn\u00fcn\u00fc incelemek ve Desenli Kau\u00e7uk Levhalar fiyat teklifi almak i\u00e7in hemen t\u0131klay\u0131n. \u0130leti\u015fime ge\u00e7erek \u00fccretsiz teklif al\u0131n.","robots":{"index":"index","follow":"follow","max-snippet":"max-snippet:-1","max-image-preview":"max-image-preview:large","max-video-preview":"max-video-preview:-1"},"canonical":"https:\/\/onurkaucuk.com\/de\/produkt\/desenli-kaucuk-levhalar\/","og_locale":"de_DE","og_type":"article","og_title":"Desenli Kau\u00e7uk Levhalar - Onur Kau&ccedil;uk","og_description":"Desenli Kau\u00e7uk Levhalar \u00fcr\u00fcn\u00fcn\u00fc incelemek ve Desenli Kau\u00e7uk Levhalar fiyat teklifi almak i\u00e7in hemen t\u0131klay\u0131n. \u0130leti\u015fime ge\u00e7erek \u00fccretsiz teklif al\u0131n.","og_url":"https:\/\/onurkaucuk.com\/de\/produkt\/desenli-kaucuk-levhalar\/","og_site_name":"Onur Kau&ccedil;uk","article_modified_time":"2025-12-19T09:15:13+00:00","og_image":[{"width":952,"height":907,"url":"https:\/\/onurkaucuk.com\/wp-content\/uploads\/2025\/07\/Desenli-Kaucuk-Levhalar-1.jpg","type":"image\/jpeg"}],"twitter_card":"summary_large_image","twitter_misc":{"Gesch\u00e4tzte Lesezeit":"2\u00a0Minuten"},"schema":{"@context":"https:\/\/schema.org","@graph":[{"@type":"WebPage","@id":"https:\/\/onurkaucuk.com\/urun\/desenli-kaucuk-levhalar\/","url":"https:\/\/onurkaucuk.com\/urun\/desenli-kaucuk-levhalar\/","name":"Desenli Kau\u00e7uk Levhalar - Onur Kau&ccedil;uk","isPartOf":{"@id":"https:\/\/onurkaucuk.com\/#website"},"primaryImageOfPage":{"@id":"https:\/\/onurkaucuk.com\/urun\/desenli-kaucuk-levhalar\/#primaryimage"},"image":{"@id":"https:\/\/onurkaucuk.com\/urun\/desenli-kaucuk-levhalar\/#primaryimage"},"thumbnailUrl":"https:\/\/onurkaucuk.com\/wp-content\/uploads\/2025\/07\/Desenli-Kaucuk-Levhalar-1.jpg","datePublished":"2025-07-31T20:00:43+00:00","dateModified":"2025-12-19T09:15:13+00:00","description":"Desenli Kau\u00e7uk Levhalar \u00fcr\u00fcn\u00fcn\u00fc incelemek ve Desenli Kau\u00e7uk Levhalar fiyat teklifi almak i\u00e7in hemen t\u0131klay\u0131n. \u0130leti\u015fime ge\u00e7erek \u00fccretsiz teklif al\u0131n.","breadcrumb":{"@id":"https:\/\/onurkaucuk.com\/urun\/desenli-kaucuk-levhalar\/#breadcrumb"},"inLanguage":"de","potentialAction":[{"@type":"ReadAction","target":["https:\/\/onurkaucuk.com\/urun\/desenli-kaucuk-levhalar\/"]}]},{"@type":"ImageObject","inLanguage":"de","@id":"https:\/\/onurkaucuk.com\/urun\/desenli-kaucuk-levhalar\/#primaryimage","url":"https:\/\/onurkaucuk.com\/wp-content\/uploads\/2025\/07\/Desenli-Kaucuk-Levhalar-1.jpg","contentUrl":"https:\/\/onurkaucuk.com\/wp-content\/uploads\/2025\/07\/Desenli-Kaucuk-Levhalar-1.jpg","width":952,"height":907},{"@type":"BreadcrumbList","@id":"https:\/\/onurkaucuk.com\/urun\/desenli-kaucuk-levhalar\/#breadcrumb","itemListElement":[{"@type":"ListItem","position":1,"name":"Anasayfa","item":"https:\/\/onurkaucuk.com\/"},{"@type":"ListItem","position":2,"name":"\u00dcr\u00fcnlerimiz","item":"https:\/\/onurkaucuk.com\/urunlerimiz\/"},{"@type":"ListItem","position":3,"name":"Desenli Kau\u00e7uk Levhalar"}]},{"@type":"WebSite","@id":"https:\/\/onurkaucuk.com\/#website","url":"https:\/\/onurkaucuk.com\/","name":"Onur Kau&ccedil;uk","description":"Kau&ccedil;uk ve Silikonda G&uuml;venilir &Ccedil;&ouml;z&uuml;m Orta\u011f\u0131n\u0131z","publisher":{"@id":"https:\/\/onurkaucuk.com\/#organization"},"potentialAction":[{"@type":"SearchAction","target":{"@type":"EntryPoint","urlTemplate":"https:\/\/onurkaucuk.com\/?s={search_term_string}"},"query-input":{"@type":"PropertyValueSpecification","valueRequired":true,"valueName":"search_term_string"}}],"inLanguage":"de"},{"@type":"Organization","@id":"https:\/\/onurkaucuk.com\/#organization","name":"Onur Kau&ccedil;uk","url":"https:\/\/onurkaucuk.com\/","logo":{"@type":"ImageObject","inLanguage":"de","@id":"https:\/\/onurkaucuk.com\/#\/schema\/logo\/image\/","url":"https:\/\/onurkaucuk.com\/wp-content\/uploads\/2025\/07\/onurkaucuk-logo-buyuk.png","contentUrl":"https:\/\/onurkaucuk.com\/wp-content\/uploads\/2025\/07\/onurkaucuk-logo-buyuk.png","width":698,"height":250,"caption":"Onur Kau&ccedil;uk"},"image":{"@id":"https:\/\/onurkaucuk.com\/#\/schema\/logo\/image\/"}}]}},"_links":{"self":[{"href":"https:\/\/onurkaucuk.com\/de\/wp-json\/wp\/v2\/product\/27959","targetHints":{"allow":["GET"]}}],"collection":[{"href":"https:\/\/onurkaucuk.com\/de\/wp-json\/wp\/v2\/product"}],"about":[{"href":"https:\/\/onurkaucuk.com\/de\/wp-json\/wp\/v2\/types\/product"}],"wp:featuredmedia":[{"embeddable":true,"href":"https:\/\/onurkaucuk.com\/de\/wp-json\/wp\/v2\/media\/27960"}],"wp:attachment":[{"href":"https:\/\/onurkaucuk.com\/de\/wp-json\/wp\/v2\/media?parent=27959"}],"wp:term":[{"taxonomy":"product_brand","embeddable":true,"href":"https:\/\/onurkaucuk.com\/de\/wp-json\/wp\/v2\/product_brand?post=27959"},{"taxonomy":"product_cat","embeddable":true,"href":"https:\/\/onurkaucuk.com\/de\/wp-json\/wp\/v2\/product_cat?post=27959"},{"taxonomy":"product_tag","embeddable":true,"href":"https:\/\/onurkaucuk.com\/de\/wp-json\/wp\/v2\/product_tag?post=27959"}],"curies":[{"name":"wp","href":"https:\/\/api.w.org\/{rel}","templated":true}]}}