{"id":27967,"date":"2025-07-31T23:05:18","date_gmt":"2025-07-31T20:05:18","guid":{"rendered":"https:\/\/onurkaucuk.com\/?post_type=product&#038;p=27967"},"modified":"2025-12-19T12:15:11","modified_gmt":"2025-12-19T09:15:11","slug":"epdm-sunger-levhalar","status":"publish","type":"product","link":"https:\/\/onurkaucuk.com\/de\/produkt\/epdm-sunger-levhalar\/","title":{"rendered":"EPDM Schwammplatten"},"content":{"rendered":"<p>EPDM-Schaumstoffplatten sind ein flexibles und langlebiges Material mit hoher Best\u00e4ndigkeit gegen UV-Strahlung und Witterungseinfl\u00fcsse. Dank ihrer porenfreien Struktur bieten sie hervorragende Dichtungseigenschaften und verf\u00fcgen aufgrund ihrer Kautschukbasis \u00fcber Suspensionseigenschaften. EPDM-Schaumstoffplatten lassen sich auf verschiedene Gr\u00f6\u00dfen und Abmessungen zuschneiden und k\u00f6nnen mit speziellen Schneidmessern auch zur Dichtungsherstellung verwendet werden.<\/p>\n<p><strong>Hauptmerkmale von EPDM-Schaumplatten:<\/strong><\/p>\n<ul>\n<li><strong>UV- und witterungsbest\u00e4ndig:<\/strong>\u00a0EPDM-Schaumstoffplatten weisen eine hervorragende Best\u00e4ndigkeit gegen\u00fcber Sonnenlicht und \u00e4u\u00dferen Einfl\u00fcssen auf.<\/li>\n<li><strong>Nicht por\u00f6se Struktur:<\/strong>\u00a0Durch seine porenfreie Oberfl\u00e4che bietet es eine hohe Dichtungsleistung und eignet sich daher ideal f\u00fcr Anwendungen, die eine auslaufsichere Abdichtung erfordern.<\/li>\n<li><strong>Mehrzweckverwendung:<\/strong>\u00a0Es findet breite Anwendung im Bauwesen, in der Elektro- und Elektronikindustrie, in der Beleuchtungsindustrie und im Maschinenbau.<\/li>\n<li><strong>Individuelle Zuschnittoption:<\/strong>\u00a0Das Produkt kann auf die f\u00fcr das jeweilige Projekt erforderlichen Abmessungen zugeschnitten werden, und bei Bedarf kann eine Verst\u00e4rkung mit Klebeband hinzugef\u00fcgt werden.<\/li>\n<\/ul>\n<p><strong>Einsatzgebiete<\/strong><\/p>\n<p>EPDM-Schaumstoffplatten sind im Baugewerbe sowie in der Elektro- und Elektronikindustrie, der Beleuchtungsindustrie und im Maschinenbau weit verbreitet. Ihre hohen Dichtungs- und Haltbarkeitseigenschaften machen sie zu einem g\u00e4ngigen Einsatzgebiet in vielen industriellen Anwendungen.<\/p>","protected":false},"excerpt":{"rendered":"<p class=\" translation-block\">Sie k\u00f6nnen sich an unsere <strong>Verkaufsabteilung<\/strong> wenden, um weitere Informationen zu erhalten oder projektspezifische L\u00f6sungen zu entwickeln.<\/p>","protected":false},"featured_media":27968,"template":"","meta":[],"product_brand":[],"product_cat":[245],"product_tag":[],"class_list":{"0":"post-27967","1":"product","2":"type-product","3":"status-publish","4":"has-post-thumbnail","6":"product_cat-sungerler-ve-seritler","8":"first","9":"instock","10":"shipping-taxable","11":"product-type-external"},"yoast_head":"<!-- This site is optimized with the Yoast SEO plugin v25.6 - https:\/\/yoast.com\/wordpress\/plugins\/seo\/ -->\n<title>Epdm S\u00fcnger Levhalar - Onur Kau&ccedil;uk<\/title>\n<meta name=\"description\" content=\"Epdm S\u00fcnger Levhalar \u00fcr\u00fcn\u00fcn\u00fc incelemek ve Epdm S\u00fcnger Levhalar fiyat teklifi almak i\u00e7in hemen t\u0131klay\u0131n. \u0130leti\u015fime ge\u00e7erek \u00fccretsiz teklif al\u0131n.\" \/>\n<meta name=\"robots\" content=\"index, follow, max-snippet:-1, max-image-preview:large, max-video-preview:-1\" \/>\n<link rel=\"canonical\" href=\"https:\/\/onurkaucuk.com\/de\/produkt\/epdm-sunger-levhalar\/\" \/>\n<meta property=\"og:locale\" content=\"de_DE\" \/>\n<meta property=\"og:type\" content=\"article\" \/>\n<meta property=\"og:title\" content=\"Epdm S\u00fcnger Levhalar - Onur Kau&ccedil;uk\" \/>\n<meta property=\"og:description\" content=\"Epdm S\u00fcnger Levhalar \u00fcr\u00fcn\u00fcn\u00fc incelemek ve Epdm S\u00fcnger Levhalar fiyat teklifi almak i\u00e7in hemen t\u0131klay\u0131n. \u0130leti\u015fime ge\u00e7erek \u00fccretsiz teklif al\u0131n.\" \/>\n<meta property=\"og:url\" content=\"https:\/\/onurkaucuk.com\/de\/produkt\/epdm-sunger-levhalar\/\" \/>\n<meta property=\"og:site_name\" content=\"Onur Kau&ccedil;uk\" \/>\n<meta property=\"article:modified_time\" content=\"2025-12-19T09:15:11+00:00\" \/>\n<meta property=\"og:image\" content=\"https:\/\/onurkaucuk.com\/wp-content\/uploads\/2025\/07\/Epdm-Sunger-Levhalar-1.jpg\" \/>\n\t<meta property=\"og:image:width\" content=\"952\" \/>\n\t<meta property=\"og:image:height\" content=\"907\" \/>\n\t<meta property=\"og:image:type\" content=\"image\/jpeg\" \/>\n<meta name=\"twitter:card\" content=\"summary_large_image\" \/>\n<meta name=\"twitter:label1\" content=\"Gesch\u00e4tzte Lesezeit\" \/>\n\t<meta name=\"twitter:data1\" content=\"2\u00a0Minuten\" \/>\n<script type=\"application\/ld+json\" class=\"yoast-schema-graph\">{\"@context\":\"https:\/\/schema.org\",\"@graph\":[{\"@type\":\"WebPage\",\"@id\":\"https:\/\/onurkaucuk.com\/urun\/epdm-sunger-levhalar\/\",\"url\":\"https:\/\/onurkaucuk.com\/urun\/epdm-sunger-levhalar\/\",\"name\":\"Epdm S\u00fcnger Levhalar - Onur Kau&ccedil;uk\",\"isPartOf\":{\"@id\":\"https:\/\/onurkaucuk.com\/#website\"},\"primaryImageOfPage\":{\"@id\":\"https:\/\/onurkaucuk.com\/urun\/epdm-sunger-levhalar\/#primaryimage\"},\"image\":{\"@id\":\"https:\/\/onurkaucuk.com\/urun\/epdm-sunger-levhalar\/#primaryimage\"},\"thumbnailUrl\":\"https:\/\/onurkaucuk.com\/wp-content\/uploads\/2025\/07\/Epdm-Sunger-Levhalar-1.jpg\",\"datePublished\":\"2025-07-31T20:05:18+00:00\",\"dateModified\":\"2025-12-19T09:15:11+00:00\",\"description\":\"Epdm S\u00fcnger Levhalar \u00fcr\u00fcn\u00fcn\u00fc incelemek ve Epdm S\u00fcnger Levhalar fiyat teklifi almak i\u00e7in hemen t\u0131klay\u0131n. \u0130leti\u015fime ge\u00e7erek \u00fccretsiz teklif al\u0131n.\",\"breadcrumb\":{\"@id\":\"https:\/\/onurkaucuk.com\/urun\/epdm-sunger-levhalar\/#breadcrumb\"},\"inLanguage\":\"de\",\"potentialAction\":[{\"@type\":\"ReadAction\",\"target\":[\"https:\/\/onurkaucuk.com\/urun\/epdm-sunger-levhalar\/\"]}]},{\"@type\":\"ImageObject\",\"inLanguage\":\"de\",\"@id\":\"https:\/\/onurkaucuk.com\/urun\/epdm-sunger-levhalar\/#primaryimage\",\"url\":\"https:\/\/onurkaucuk.com\/wp-content\/uploads\/2025\/07\/Epdm-Sunger-Levhalar-1.jpg\",\"contentUrl\":\"https:\/\/onurkaucuk.com\/wp-content\/uploads\/2025\/07\/Epdm-Sunger-Levhalar-1.jpg\",\"width\":952,\"height\":907},{\"@type\":\"BreadcrumbList\",\"@id\":\"https:\/\/onurkaucuk.com\/urun\/epdm-sunger-levhalar\/#breadcrumb\",\"itemListElement\":[{\"@type\":\"ListItem\",\"position\":1,\"name\":\"Anasayfa\",\"item\":\"https:\/\/onurkaucuk.com\/\"},{\"@type\":\"ListItem\",\"position\":2,\"name\":\"\u00dcr\u00fcnlerimiz\",\"item\":\"https:\/\/onurkaucuk.com\/urunlerimiz\/\"},{\"@type\":\"ListItem\",\"position\":3,\"name\":\"Epdm S\u00fcnger Levhalar\"}]},{\"@type\":\"WebSite\",\"@id\":\"https:\/\/onurkaucuk.com\/#website\",\"url\":\"https:\/\/onurkaucuk.com\/\",\"name\":\"Onur Kau&ccedil;uk\",\"description\":\"Kau&ccedil;uk ve Silikonda G&uuml;venilir &Ccedil;&ouml;z&uuml;m Orta\u011f\u0131n\u0131z\",\"publisher\":{\"@id\":\"https:\/\/onurkaucuk.com\/#organization\"},\"potentialAction\":[{\"@type\":\"SearchAction\",\"target\":{\"@type\":\"EntryPoint\",\"urlTemplate\":\"https:\/\/onurkaucuk.com\/?s={search_term_string}\"},\"query-input\":{\"@type\":\"PropertyValueSpecification\",\"valueRequired\":true,\"valueName\":\"search_term_string\"}}],\"inLanguage\":\"de\"},{\"@type\":\"Organization\",\"@id\":\"https:\/\/onurkaucuk.com\/#organization\",\"name\":\"Onur Kau&ccedil;uk\",\"url\":\"https:\/\/onurkaucuk.com\/\",\"logo\":{\"@type\":\"ImageObject\",\"inLanguage\":\"de\",\"@id\":\"https:\/\/onurkaucuk.com\/#\/schema\/logo\/image\/\",\"url\":\"https:\/\/onurkaucuk.com\/wp-content\/uploads\/2025\/07\/onurkaucuk-logo-buyuk.png\",\"contentUrl\":\"https:\/\/onurkaucuk.com\/wp-content\/uploads\/2025\/07\/onurkaucuk-logo-buyuk.png\",\"width\":698,\"height\":250,\"caption\":\"Onur Kau&ccedil;uk\"},\"image\":{\"@id\":\"https:\/\/onurkaucuk.com\/#\/schema\/logo\/image\/\"}}]}<\/script>\n<!-- \/ Yoast SEO plugin. -->","yoast_head_json":{"title":"Epdm S\u00fcnger Levhalar - Onur Kau&ccedil;uk","description":"Epdm S\u00fcnger Levhalar \u00fcr\u00fcn\u00fcn\u00fc incelemek ve Epdm S\u00fcnger Levhalar fiyat teklifi almak i\u00e7in hemen t\u0131klay\u0131n. \u0130leti\u015fime ge\u00e7erek \u00fccretsiz teklif al\u0131n.","robots":{"index":"index","follow":"follow","max-snippet":"max-snippet:-1","max-image-preview":"max-image-preview:large","max-video-preview":"max-video-preview:-1"},"canonical":"https:\/\/onurkaucuk.com\/de\/produkt\/epdm-sunger-levhalar\/","og_locale":"de_DE","og_type":"article","og_title":"Epdm S\u00fcnger Levhalar - Onur Kau&ccedil;uk","og_description":"Epdm S\u00fcnger Levhalar \u00fcr\u00fcn\u00fcn\u00fc incelemek ve Epdm S\u00fcnger Levhalar fiyat teklifi almak i\u00e7in hemen t\u0131klay\u0131n. \u0130leti\u015fime ge\u00e7erek \u00fccretsiz teklif al\u0131n.","og_url":"https:\/\/onurkaucuk.com\/de\/produkt\/epdm-sunger-levhalar\/","og_site_name":"Onur Kau&ccedil;uk","article_modified_time":"2025-12-19T09:15:11+00:00","og_image":[{"width":952,"height":907,"url":"https:\/\/onurkaucuk.com\/wp-content\/uploads\/2025\/07\/Epdm-Sunger-Levhalar-1.jpg","type":"image\/jpeg"}],"twitter_card":"summary_large_image","twitter_misc":{"Gesch\u00e4tzte Lesezeit":"2\u00a0Minuten"},"schema":{"@context":"https:\/\/schema.org","@graph":[{"@type":"WebPage","@id":"https:\/\/onurkaucuk.com\/urun\/epdm-sunger-levhalar\/","url":"https:\/\/onurkaucuk.com\/urun\/epdm-sunger-levhalar\/","name":"Epdm S\u00fcnger Levhalar - Onur Kau&ccedil;uk","isPartOf":{"@id":"https:\/\/onurkaucuk.com\/#website"},"primaryImageOfPage":{"@id":"https:\/\/onurkaucuk.com\/urun\/epdm-sunger-levhalar\/#primaryimage"},"image":{"@id":"https:\/\/onurkaucuk.com\/urun\/epdm-sunger-levhalar\/#primaryimage"},"thumbnailUrl":"https:\/\/onurkaucuk.com\/wp-content\/uploads\/2025\/07\/Epdm-Sunger-Levhalar-1.jpg","datePublished":"2025-07-31T20:05:18+00:00","dateModified":"2025-12-19T09:15:11+00:00","description":"Epdm S\u00fcnger Levhalar \u00fcr\u00fcn\u00fcn\u00fc incelemek ve Epdm S\u00fcnger Levhalar fiyat teklifi almak i\u00e7in hemen t\u0131klay\u0131n. \u0130leti\u015fime ge\u00e7erek \u00fccretsiz teklif al\u0131n.","breadcrumb":{"@id":"https:\/\/onurkaucuk.com\/urun\/epdm-sunger-levhalar\/#breadcrumb"},"inLanguage":"de","potentialAction":[{"@type":"ReadAction","target":["https:\/\/onurkaucuk.com\/urun\/epdm-sunger-levhalar\/"]}]},{"@type":"ImageObject","inLanguage":"de","@id":"https:\/\/onurkaucuk.com\/urun\/epdm-sunger-levhalar\/#primaryimage","url":"https:\/\/onurkaucuk.com\/wp-content\/uploads\/2025\/07\/Epdm-Sunger-Levhalar-1.jpg","contentUrl":"https:\/\/onurkaucuk.com\/wp-content\/uploads\/2025\/07\/Epdm-Sunger-Levhalar-1.jpg","width":952,"height":907},{"@type":"BreadcrumbList","@id":"https:\/\/onurkaucuk.com\/urun\/epdm-sunger-levhalar\/#breadcrumb","itemListElement":[{"@type":"ListItem","position":1,"name":"Anasayfa","item":"https:\/\/onurkaucuk.com\/"},{"@type":"ListItem","position":2,"name":"\u00dcr\u00fcnlerimiz","item":"https:\/\/onurkaucuk.com\/urunlerimiz\/"},{"@type":"ListItem","position":3,"name":"Epdm S\u00fcnger Levhalar"}]},{"@type":"WebSite","@id":"https:\/\/onurkaucuk.com\/#website","url":"https:\/\/onurkaucuk.com\/","name":"Onur Kau&ccedil;uk","description":"Kau&ccedil;uk ve Silikonda G&uuml;venilir &Ccedil;&ouml;z&uuml;m Orta\u011f\u0131n\u0131z","publisher":{"@id":"https:\/\/onurkaucuk.com\/#organization"},"potentialAction":[{"@type":"SearchAction","target":{"@type":"EntryPoint","urlTemplate":"https:\/\/onurkaucuk.com\/?s={search_term_string}"},"query-input":{"@type":"PropertyValueSpecification","valueRequired":true,"valueName":"search_term_string"}}],"inLanguage":"de"},{"@type":"Organization","@id":"https:\/\/onurkaucuk.com\/#organization","name":"Onur Kau&ccedil;uk","url":"https:\/\/onurkaucuk.com\/","logo":{"@type":"ImageObject","inLanguage":"de","@id":"https:\/\/onurkaucuk.com\/#\/schema\/logo\/image\/","url":"https:\/\/onurkaucuk.com\/wp-content\/uploads\/2025\/07\/onurkaucuk-logo-buyuk.png","contentUrl":"https:\/\/onurkaucuk.com\/wp-content\/uploads\/2025\/07\/onurkaucuk-logo-buyuk.png","width":698,"height":250,"caption":"Onur Kau&ccedil;uk"},"image":{"@id":"https:\/\/onurkaucuk.com\/#\/schema\/logo\/image\/"}}]}},"_links":{"self":[{"href":"https:\/\/onurkaucuk.com\/de\/wp-json\/wp\/v2\/product\/27967","targetHints":{"allow":["GET"]}}],"collection":[{"href":"https:\/\/onurkaucuk.com\/de\/wp-json\/wp\/v2\/product"}],"about":[{"href":"https:\/\/onurkaucuk.com\/de\/wp-json\/wp\/v2\/types\/product"}],"wp:featuredmedia":[{"embeddable":true,"href":"https:\/\/onurkaucuk.com\/de\/wp-json\/wp\/v2\/media\/27968"}],"wp:attachment":[{"href":"https:\/\/onurkaucuk.com\/de\/wp-json\/wp\/v2\/media?parent=27967"}],"wp:term":[{"taxonomy":"product_brand","embeddable":true,"href":"https:\/\/onurkaucuk.com\/de\/wp-json\/wp\/v2\/product_brand?post=27967"},{"taxonomy":"product_cat","embeddable":true,"href":"https:\/\/onurkaucuk.com\/de\/wp-json\/wp\/v2\/product_cat?post=27967"},{"taxonomy":"product_tag","embeddable":true,"href":"https:\/\/onurkaucuk.com\/de\/wp-json\/wp\/v2\/product_tag?post=27967"}],"curies":[{"name":"wp","href":"https:\/\/api.w.org\/{rel}","templated":true}]}}