{"id":28017,"date":"2025-07-31T23:43:34","date_gmt":"2025-07-31T20:43:34","guid":{"rendered":"https:\/\/onurkaucuk.com\/?post_type=product&#038;p=28017"},"modified":"2025-12-19T12:09:12","modified_gmt":"2025-12-19T09:09:12","slug":"viton-serit-oring","status":"publish","type":"product","link":"https:\/\/onurkaucuk.com\/de\/produkt\/viton-serit-oring\/","title":{"rendered":"Viton Streifen O-Ring"},"content":{"rendered":"<p><strong>Viton-O-Ring-Streifen und Viton-Platten: Hochleistungsdichtungsl\u00f6sungen<\/strong><\/p>\n<p>Viton-O-Ringe und Viton-Streifen eignen sich besonders als Dichtungsl\u00f6sungen in rauen Umgebungen mit S\u00e4uren, L\u00f6sungsmitteln, Kraftstoffen und Chemikalien. Diese Dichtungsmaterialien zeichnen sich durch ihre hohe Temperatur- und Chemikalienbest\u00e4ndigkeit aus.<\/p>\n<p><strong>Produkteigenschaften:<\/strong><\/p>\n<ul>\n<li><strong>Hohe Temperaturbest\u00e4ndigkeit:<\/strong>\u00a0Viton kann bis zu einer Temperatur von 300 \u00b0C sicher betrieben werden, ohne seine Eigenschaften zu verlieren. Dies macht es zu einer idealen Wahl, insbesondere in Umgebungen, in denen Dampf\u00fcberg\u00e4nge auftreten.<\/li>\n<li><strong>Verschiedene Querschnittsoptionen:<\/strong>\u00a0Viton-O-Ring-Streifen sind als O-Ringe mit definiertem Querschnitt oder als quadratische und rechteckige Streifen erh\u00e4ltlich. Diese Vielfalt bietet passende L\u00f6sungen f\u00fcr unterschiedliche Anwendungen.<\/li>\n<li><strong>Chemische Best\u00e4ndigkeit:<\/strong>\u00a0Viton-Materialien weisen eine ausgezeichnete Best\u00e4ndigkeit gegen\u00fcber aggressiven Chemikalien auf und gew\u00e4hrleisten so eine zuverl\u00e4ssige Abdichtung.<\/li>\n<\/ul>\n<p><strong>Einsatzgebiete<\/strong><\/p>\n<p>Viton-O-Ring-Streifen und -Platten bieten ein breites Anwendungsspektrum in vielen Branchen wie der Automobil-, Luft- und Raumfahrt-, Chemie- und Lebensmittelindustrie. Sie werden besonders bevorzugt in Systemen eingesetzt, die hohen Temperaturen und chemischer Belastung ausgesetzt sind.<\/p>\n<p>Viton-O-Ringe und -Platten eignen sich dank ihrer Langlebigkeit und langen Lebensdauer hervorragend f\u00fcr industrielle Anwendungen. Durch die Auswahl der richtigen Viton-Dichtungsmaterialien k\u00f6nnen Sie Leckagen in Ihren Systemen verhindern und die Effizienz Ihrer Anlagen steigern.<\/p>\n<p>Kontaktieren Sie uns, um mehr \u00fcber diese Hochleistungsdichtungsl\u00f6sungen zu erfahren!<\/p>","protected":false},"excerpt":{"rendered":"<p class=\" translation-block\">Sie k\u00f6nnen sich an unsere <strong>Verkaufsabteilung<\/strong> wenden, um weitere Informationen zu erhalten oder projektspezifische L\u00f6sungen zu entwickeln.<\/p>","protected":false},"featured_media":28018,"template":"","meta":[],"product_brand":[],"product_cat":[245],"product_tag":[],"class_list":{"0":"post-28017","1":"product","2":"type-product","3":"status-publish","4":"has-post-thumbnail","6":"product_cat-sungerler-ve-seritler","8":"first","9":"instock","10":"shipping-taxable","11":"product-type-external"},"yoast_head":"<!-- This site is optimized with the Yoast SEO plugin v25.6 - https:\/\/yoast.com\/wordpress\/plugins\/seo\/ -->\n<title>Viton \u015eerit Oring - Onur Kau&ccedil;uk<\/title>\n<meta name=\"description\" content=\"Viton \u015eerit Oring \u00fcr\u00fcn\u00fcn\u00fc incelemek ve Viton \u015eerit Oring fiyat teklifi almak i\u00e7in hemen t\u0131klay\u0131n. \u0130leti\u015fime ge\u00e7erek \u00fccretsiz teklif al\u0131n.\" \/>\n<meta name=\"robots\" content=\"index, follow, max-snippet:-1, max-image-preview:large, max-video-preview:-1\" \/>\n<link rel=\"canonical\" href=\"https:\/\/onurkaucuk.com\/de\/produkt\/viton-serit-oring\/\" \/>\n<meta property=\"og:locale\" content=\"de_DE\" \/>\n<meta property=\"og:type\" content=\"article\" \/>\n<meta property=\"og:title\" content=\"Viton \u015eerit Oring - Onur Kau&ccedil;uk\" \/>\n<meta property=\"og:description\" content=\"Viton \u015eerit Oring \u00fcr\u00fcn\u00fcn\u00fc incelemek ve Viton \u015eerit Oring fiyat teklifi almak i\u00e7in hemen t\u0131klay\u0131n. \u0130leti\u015fime ge\u00e7erek \u00fccretsiz teklif al\u0131n.\" \/>\n<meta property=\"og:url\" content=\"https:\/\/onurkaucuk.com\/de\/produkt\/viton-serit-oring\/\" \/>\n<meta property=\"og:site_name\" content=\"Onur Kau&ccedil;uk\" \/>\n<meta property=\"article:modified_time\" content=\"2025-12-19T09:09:12+00:00\" \/>\n<meta property=\"og:image\" content=\"https:\/\/onurkaucuk.com\/wp-content\/uploads\/2025\/07\/Viton-Serit-1.jpg\" \/>\n\t<meta property=\"og:image:width\" content=\"952\" \/>\n\t<meta property=\"og:image:height\" content=\"907\" \/>\n\t<meta property=\"og:image:type\" content=\"image\/jpeg\" \/>\n<meta name=\"twitter:card\" content=\"summary_large_image\" \/>\n<meta name=\"twitter:label1\" content=\"Gesch\u00e4tzte Lesezeit\" \/>\n\t<meta name=\"twitter:data1\" content=\"2\u00a0Minuten\" \/>\n<script type=\"application\/ld+json\" class=\"yoast-schema-graph\">{\"@context\":\"https:\/\/schema.org\",\"@graph\":[{\"@type\":\"WebPage\",\"@id\":\"https:\/\/onurkaucuk.com\/urun\/viton-serit-oring\/\",\"url\":\"https:\/\/onurkaucuk.com\/urun\/viton-serit-oring\/\",\"name\":\"Viton \u015eerit Oring - Onur Kau&ccedil;uk\",\"isPartOf\":{\"@id\":\"https:\/\/onurkaucuk.com\/#website\"},\"primaryImageOfPage\":{\"@id\":\"https:\/\/onurkaucuk.com\/urun\/viton-serit-oring\/#primaryimage\"},\"image\":{\"@id\":\"https:\/\/onurkaucuk.com\/urun\/viton-serit-oring\/#primaryimage\"},\"thumbnailUrl\":\"https:\/\/onurkaucuk.com\/wp-content\/uploads\/2025\/07\/Viton-Serit-1.jpg\",\"datePublished\":\"2025-07-31T20:43:34+00:00\",\"dateModified\":\"2025-12-19T09:09:12+00:00\",\"description\":\"Viton \u015eerit Oring \u00fcr\u00fcn\u00fcn\u00fc incelemek ve Viton \u015eerit Oring fiyat teklifi almak i\u00e7in hemen t\u0131klay\u0131n. \u0130leti\u015fime ge\u00e7erek \u00fccretsiz teklif al\u0131n.\",\"breadcrumb\":{\"@id\":\"https:\/\/onurkaucuk.com\/urun\/viton-serit-oring\/#breadcrumb\"},\"inLanguage\":\"de\",\"potentialAction\":[{\"@type\":\"ReadAction\",\"target\":[\"https:\/\/onurkaucuk.com\/urun\/viton-serit-oring\/\"]}]},{\"@type\":\"ImageObject\",\"inLanguage\":\"de\",\"@id\":\"https:\/\/onurkaucuk.com\/urun\/viton-serit-oring\/#primaryimage\",\"url\":\"https:\/\/onurkaucuk.com\/wp-content\/uploads\/2025\/07\/Viton-Serit-1.jpg\",\"contentUrl\":\"https:\/\/onurkaucuk.com\/wp-content\/uploads\/2025\/07\/Viton-Serit-1.jpg\",\"width\":952,\"height\":907},{\"@type\":\"BreadcrumbList\",\"@id\":\"https:\/\/onurkaucuk.com\/urun\/viton-serit-oring\/#breadcrumb\",\"itemListElement\":[{\"@type\":\"ListItem\",\"position\":1,\"name\":\"Anasayfa\",\"item\":\"https:\/\/onurkaucuk.com\/\"},{\"@type\":\"ListItem\",\"position\":2,\"name\":\"\u00dcr\u00fcnlerimiz\",\"item\":\"https:\/\/onurkaucuk.com\/urunlerimiz\/\"},{\"@type\":\"ListItem\",\"position\":3,\"name\":\"Viton \u015eerit Oring\"}]},{\"@type\":\"WebSite\",\"@id\":\"https:\/\/onurkaucuk.com\/#website\",\"url\":\"https:\/\/onurkaucuk.com\/\",\"name\":\"Onur Kau&ccedil;uk\",\"description\":\"Kau&ccedil;uk ve Silikonda G&uuml;venilir &Ccedil;&ouml;z&uuml;m Orta\u011f\u0131n\u0131z\",\"publisher\":{\"@id\":\"https:\/\/onurkaucuk.com\/#organization\"},\"potentialAction\":[{\"@type\":\"SearchAction\",\"target\":{\"@type\":\"EntryPoint\",\"urlTemplate\":\"https:\/\/onurkaucuk.com\/?s={search_term_string}\"},\"query-input\":{\"@type\":\"PropertyValueSpecification\",\"valueRequired\":true,\"valueName\":\"search_term_string\"}}],\"inLanguage\":\"de\"},{\"@type\":\"Organization\",\"@id\":\"https:\/\/onurkaucuk.com\/#organization\",\"name\":\"Onur Kau&ccedil;uk\",\"url\":\"https:\/\/onurkaucuk.com\/\",\"logo\":{\"@type\":\"ImageObject\",\"inLanguage\":\"de\",\"@id\":\"https:\/\/onurkaucuk.com\/#\/schema\/logo\/image\/\",\"url\":\"https:\/\/onurkaucuk.com\/wp-content\/uploads\/2025\/07\/onurkaucuk-logo-buyuk.png\",\"contentUrl\":\"https:\/\/onurkaucuk.com\/wp-content\/uploads\/2025\/07\/onurkaucuk-logo-buyuk.png\",\"width\":698,\"height\":250,\"caption\":\"Onur Kau&ccedil;uk\"},\"image\":{\"@id\":\"https:\/\/onurkaucuk.com\/#\/schema\/logo\/image\/\"}}]}<\/script>\n<!-- \/ Yoast SEO plugin. -->","yoast_head_json":{"title":"Viton \u015eerit Oring - Onur Kau&ccedil;uk","description":"Viton \u015eerit Oring \u00fcr\u00fcn\u00fcn\u00fc incelemek ve Viton \u015eerit Oring fiyat teklifi almak i\u00e7in hemen t\u0131klay\u0131n. \u0130leti\u015fime ge\u00e7erek \u00fccretsiz teklif al\u0131n.","robots":{"index":"index","follow":"follow","max-snippet":"max-snippet:-1","max-image-preview":"max-image-preview:large","max-video-preview":"max-video-preview:-1"},"canonical":"https:\/\/onurkaucuk.com\/de\/produkt\/viton-serit-oring\/","og_locale":"de_DE","og_type":"article","og_title":"Viton \u015eerit Oring - Onur Kau&ccedil;uk","og_description":"Viton \u015eerit Oring \u00fcr\u00fcn\u00fcn\u00fc incelemek ve Viton \u015eerit Oring fiyat teklifi almak i\u00e7in hemen t\u0131klay\u0131n. \u0130leti\u015fime ge\u00e7erek \u00fccretsiz teklif al\u0131n.","og_url":"https:\/\/onurkaucuk.com\/de\/produkt\/viton-serit-oring\/","og_site_name":"Onur Kau&ccedil;uk","article_modified_time":"2025-12-19T09:09:12+00:00","og_image":[{"width":952,"height":907,"url":"https:\/\/onurkaucuk.com\/wp-content\/uploads\/2025\/07\/Viton-Serit-1.jpg","type":"image\/jpeg"}],"twitter_card":"summary_large_image","twitter_misc":{"Gesch\u00e4tzte Lesezeit":"2\u00a0Minuten"},"schema":{"@context":"https:\/\/schema.org","@graph":[{"@type":"WebPage","@id":"https:\/\/onurkaucuk.com\/urun\/viton-serit-oring\/","url":"https:\/\/onurkaucuk.com\/urun\/viton-serit-oring\/","name":"Viton \u015eerit Oring - Onur Kau&ccedil;uk","isPartOf":{"@id":"https:\/\/onurkaucuk.com\/#website"},"primaryImageOfPage":{"@id":"https:\/\/onurkaucuk.com\/urun\/viton-serit-oring\/#primaryimage"},"image":{"@id":"https:\/\/onurkaucuk.com\/urun\/viton-serit-oring\/#primaryimage"},"thumbnailUrl":"https:\/\/onurkaucuk.com\/wp-content\/uploads\/2025\/07\/Viton-Serit-1.jpg","datePublished":"2025-07-31T20:43:34+00:00","dateModified":"2025-12-19T09:09:12+00:00","description":"Viton \u015eerit Oring \u00fcr\u00fcn\u00fcn\u00fc incelemek ve Viton \u015eerit Oring fiyat teklifi almak i\u00e7in hemen t\u0131klay\u0131n. \u0130leti\u015fime ge\u00e7erek \u00fccretsiz teklif al\u0131n.","breadcrumb":{"@id":"https:\/\/onurkaucuk.com\/urun\/viton-serit-oring\/#breadcrumb"},"inLanguage":"de","potentialAction":[{"@type":"ReadAction","target":["https:\/\/onurkaucuk.com\/urun\/viton-serit-oring\/"]}]},{"@type":"ImageObject","inLanguage":"de","@id":"https:\/\/onurkaucuk.com\/urun\/viton-serit-oring\/#primaryimage","url":"https:\/\/onurkaucuk.com\/wp-content\/uploads\/2025\/07\/Viton-Serit-1.jpg","contentUrl":"https:\/\/onurkaucuk.com\/wp-content\/uploads\/2025\/07\/Viton-Serit-1.jpg","width":952,"height":907},{"@type":"BreadcrumbList","@id":"https:\/\/onurkaucuk.com\/urun\/viton-serit-oring\/#breadcrumb","itemListElement":[{"@type":"ListItem","position":1,"name":"Anasayfa","item":"https:\/\/onurkaucuk.com\/"},{"@type":"ListItem","position":2,"name":"\u00dcr\u00fcnlerimiz","item":"https:\/\/onurkaucuk.com\/urunlerimiz\/"},{"@type":"ListItem","position":3,"name":"Viton \u015eerit Oring"}]},{"@type":"WebSite","@id":"https:\/\/onurkaucuk.com\/#website","url":"https:\/\/onurkaucuk.com\/","name":"Onur Kau&ccedil;uk","description":"Kau&ccedil;uk ve Silikonda G&uuml;venilir &Ccedil;&ouml;z&uuml;m Orta\u011f\u0131n\u0131z","publisher":{"@id":"https:\/\/onurkaucuk.com\/#organization"},"potentialAction":[{"@type":"SearchAction","target":{"@type":"EntryPoint","urlTemplate":"https:\/\/onurkaucuk.com\/?s={search_term_string}"},"query-input":{"@type":"PropertyValueSpecification","valueRequired":true,"valueName":"search_term_string"}}],"inLanguage":"de"},{"@type":"Organization","@id":"https:\/\/onurkaucuk.com\/#organization","name":"Onur Kau&ccedil;uk","url":"https:\/\/onurkaucuk.com\/","logo":{"@type":"ImageObject","inLanguage":"de","@id":"https:\/\/onurkaucuk.com\/#\/schema\/logo\/image\/","url":"https:\/\/onurkaucuk.com\/wp-content\/uploads\/2025\/07\/onurkaucuk-logo-buyuk.png","contentUrl":"https:\/\/onurkaucuk.com\/wp-content\/uploads\/2025\/07\/onurkaucuk-logo-buyuk.png","width":698,"height":250,"caption":"Onur Kau&ccedil;uk"},"image":{"@id":"https:\/\/onurkaucuk.com\/#\/schema\/logo\/image\/"}}]}},"_links":{"self":[{"href":"https:\/\/onurkaucuk.com\/de\/wp-json\/wp\/v2\/product\/28017","targetHints":{"allow":["GET"]}}],"collection":[{"href":"https:\/\/onurkaucuk.com\/de\/wp-json\/wp\/v2\/product"}],"about":[{"href":"https:\/\/onurkaucuk.com\/de\/wp-json\/wp\/v2\/types\/product"}],"wp:featuredmedia":[{"embeddable":true,"href":"https:\/\/onurkaucuk.com\/de\/wp-json\/wp\/v2\/media\/28018"}],"wp:attachment":[{"href":"https:\/\/onurkaucuk.com\/de\/wp-json\/wp\/v2\/media?parent=28017"}],"wp:term":[{"taxonomy":"product_brand","embeddable":true,"href":"https:\/\/onurkaucuk.com\/de\/wp-json\/wp\/v2\/product_brand?post=28017"},{"taxonomy":"product_cat","embeddable":true,"href":"https:\/\/onurkaucuk.com\/de\/wp-json\/wp\/v2\/product_cat?post=28017"},{"taxonomy":"product_tag","embeddable":true,"href":"https:\/\/onurkaucuk.com\/de\/wp-json\/wp\/v2\/product_tag?post=28017"}],"curies":[{"name":"wp","href":"https:\/\/api.w.org\/{rel}","templated":true}]}}