{"id":28019,"date":"2025-07-31T23:44:54","date_gmt":"2025-07-31T20:44:54","guid":{"rendered":"https:\/\/onurkaucuk.com\/?post_type=product&#038;p=28019"},"modified":"2025-12-19T12:09:01","modified_gmt":"2025-12-19T09:09:01","slug":"viton-plaka","status":"publish","type":"product","link":"https:\/\/onurkaucuk.com\/de\/produkt\/viton-plaka\/","title":{"rendered":"Viton-Platte"},"content":{"rendered":"<p><strong>Viton-Platte: Langlebige und leistungsstarke Dichtungsl\u00f6sungen<\/strong><\/p>\n<p>Viton-Platten werden aufgrund ihrer sehr geringen Quellf\u00e4higkeit in Mineral\u00f6len und Fetten bevorzugt in \u00f6ligen und hochtemperierten Umgebungen eingesetzt. Sie bieten eine hohe Best\u00e4ndigkeit gegen\u00fcber Chemikalien, L\u00f6sungsmitteln, Hitze, Sauerstoff, Flammen und Ozon. Viton-Platten sind formstabil bei Temperaturen zwischen -10 \u00b0C und 300 \u00b0C und werden als Dichtungsmaterial in Plattenform hergestellt.<\/p>\n<p><strong>Produkteigenschaften:<\/strong><\/p>\n<ul>\n<li><strong>Niedrige Inflationsrate:<\/strong>\u00a0Es bietet Langlebigkeit bei minimaler Quellung in Mineral\u00f6len und Fetten.<\/li>\n<li><strong>Hohe Temperaturbest\u00e4ndigkeit:<\/strong>\u00a0Es kann sicher in einem Temperaturbereich von -10 \u00b0C bis 300 \u00b0C betrieben werden und ist somit die ideale Wahl f\u00fcr anspruchsvolle Umgebungen.<\/li>\n<li><strong>Chemische Best\u00e4ndigkeit:<\/strong>\u00a0Es bietet eine ausgezeichnete Best\u00e4ndigkeit gegen\u00fcber Chemikalien, L\u00f6sungsmitteln, Hitze, Sauerstoff, Flammen und Ozon.<\/li>\n<li><strong>Individuelle Gr\u00f6\u00dfenoptionen:<\/strong>\u00a0Sie k\u00f6nnen zwar in Standardgr\u00f6\u00dfen hergestellt werden, aber es k\u00f6nnen auch Sondergr\u00f6\u00dfen gefertigt werden, um den Kundenw\u00fcnschen gerecht zu werden.<\/li>\n<\/ul>\n<p><strong>Einsatzgebiete<\/strong><\/p>\n<p>Viton-Platten werden nicht nur bevorzugt als Hochtemperaturdichtungen eingesetzt, sondern eignen sich auch f\u00fcr kundenspezifische Plattenzuschnitte. Bei Onur Kau\u00e7uk produzieren wir zuverl\u00e4ssige Dichtungsmaterialien gegen Hei\u00dfwasser, Dampf, pflanzliche und tierische \u00d6le, Gaslecks, \u00d6ll\u00f6sungen, Reinigungsmittel, S\u00e4uren und Ozon.<\/p>\n<p>Viton-Platten werden aus hochwertigen Materialien gefertigt, um die Kundenbed\u00fcrfnisse zu erf\u00fcllen und Werte gem\u00e4\u00df internationaler Standards zu bieten. Ihre Grundfarbe ist Braun, und ihre H\u00e4rte liegt zwischen 50 und 90 Shore A. Wir dokumentieren die Qualit\u00e4t unserer Produkte durch Rohmaterialanalysezertifikate f\u00fcr Viton.<\/p>\n<p><strong>Verwandte Produkte<\/strong><\/p>\n<ul>\n<li>Viton-Gussteile<\/li>\n<li>Viton-O-Ring-Streifen und Viton-Lamellenstreifen<\/li>\n<li>Vitonplatten und Vitondichtungen<\/li>\n<\/ul>\n<p>Viton-Platten sind dank ihrer hohen Leistungsf\u00e4higkeit und Langlebigkeit eine ausgezeichnete Wahl f\u00fcr industrielle Anwendungen. Durch die Verwendung von Viton-Platten zur Erf\u00fcllung Ihrer Dichtungsanforderungen k\u00f6nnen Sie die Effizienz Ihrer Systeme steigern. Kontaktieren Sie uns f\u00fcr weitere Informationen und Produktanfragen!<\/p>","protected":false},"excerpt":{"rendered":"<p class=\" translation-block\">Sie k\u00f6nnen sich an unsere <strong>Verkaufsabteilung<\/strong> wenden, um weitere Informationen zu erhalten oder projektspezifische L\u00f6sungen zu entwickeln.<\/p>","protected":false},"featured_media":28020,"template":"","meta":[],"product_brand":[],"product_cat":[233],"product_tag":[],"class_list":{"0":"post-28019","1":"product","2":"type-product","3":"status-publish","4":"has-post-thumbnail","6":"product_cat-kaucuk-levhalar","8":"first","9":"instock","10":"shipping-taxable","11":"product-type-external"},"yoast_head":"<!-- This site is optimized with the Yoast SEO plugin v25.6 - https:\/\/yoast.com\/wordpress\/plugins\/seo\/ -->\n<title>Viton Plaka - Onur Kau&ccedil;uk<\/title>\n<meta name=\"description\" content=\"Viton Plaka \u00fcr\u00fcn\u00fcn\u00fc incelemek ve Viton Plaka fiyat teklifi almak i\u00e7in hemen t\u0131klay\u0131n. \u0130leti\u015fime ge\u00e7erek \u00fccretsiz teklif al\u0131n.\" \/>\n<meta name=\"robots\" content=\"index, follow, max-snippet:-1, max-image-preview:large, max-video-preview:-1\" \/>\n<link rel=\"canonical\" href=\"https:\/\/onurkaucuk.com\/de\/produkt\/viton-plaka\/\" \/>\n<meta property=\"og:locale\" content=\"de_DE\" \/>\n<meta property=\"og:type\" content=\"article\" \/>\n<meta property=\"og:title\" content=\"Viton Plaka - Onur Kau&ccedil;uk\" \/>\n<meta property=\"og:description\" content=\"Viton Plaka \u00fcr\u00fcn\u00fcn\u00fc incelemek ve Viton Plaka fiyat teklifi almak i\u00e7in hemen t\u0131klay\u0131n. \u0130leti\u015fime ge\u00e7erek \u00fccretsiz teklif al\u0131n.\" \/>\n<meta property=\"og:url\" content=\"https:\/\/onurkaucuk.com\/de\/produkt\/viton-plaka\/\" \/>\n<meta property=\"og:site_name\" content=\"Onur Kau&ccedil;uk\" \/>\n<meta property=\"article:modified_time\" content=\"2025-12-19T09:09:01+00:00\" \/>\n<meta property=\"og:image\" content=\"https:\/\/onurkaucuk.com\/wp-content\/uploads\/2025\/07\/Viton-Plaka-1.jpg\" \/>\n\t<meta property=\"og:image:width\" content=\"952\" \/>\n\t<meta property=\"og:image:height\" content=\"907\" \/>\n\t<meta property=\"og:image:type\" content=\"image\/jpeg\" \/>\n<meta name=\"twitter:card\" content=\"summary_large_image\" \/>\n<meta name=\"twitter:label1\" content=\"Gesch\u00e4tzte Lesezeit\" \/>\n\t<meta name=\"twitter:data1\" content=\"2\u00a0Minuten\" \/>\n<script type=\"application\/ld+json\" class=\"yoast-schema-graph\">{\"@context\":\"https:\/\/schema.org\",\"@graph\":[{\"@type\":\"WebPage\",\"@id\":\"https:\/\/onurkaucuk.com\/urun\/viton-plaka\/\",\"url\":\"https:\/\/onurkaucuk.com\/urun\/viton-plaka\/\",\"name\":\"Viton Plaka - Onur Kau&ccedil;uk\",\"isPartOf\":{\"@id\":\"https:\/\/onurkaucuk.com\/#website\"},\"primaryImageOfPage\":{\"@id\":\"https:\/\/onurkaucuk.com\/urun\/viton-plaka\/#primaryimage\"},\"image\":{\"@id\":\"https:\/\/onurkaucuk.com\/urun\/viton-plaka\/#primaryimage\"},\"thumbnailUrl\":\"https:\/\/onurkaucuk.com\/wp-content\/uploads\/2025\/07\/Viton-Plaka-1.jpg\",\"datePublished\":\"2025-07-31T20:44:54+00:00\",\"dateModified\":\"2025-12-19T09:09:01+00:00\",\"description\":\"Viton Plaka \u00fcr\u00fcn\u00fcn\u00fc incelemek ve Viton Plaka fiyat teklifi almak i\u00e7in hemen t\u0131klay\u0131n. \u0130leti\u015fime ge\u00e7erek \u00fccretsiz teklif al\u0131n.\",\"breadcrumb\":{\"@id\":\"https:\/\/onurkaucuk.com\/urun\/viton-plaka\/#breadcrumb\"},\"inLanguage\":\"de\",\"potentialAction\":[{\"@type\":\"ReadAction\",\"target\":[\"https:\/\/onurkaucuk.com\/urun\/viton-plaka\/\"]}]},{\"@type\":\"ImageObject\",\"inLanguage\":\"de\",\"@id\":\"https:\/\/onurkaucuk.com\/urun\/viton-plaka\/#primaryimage\",\"url\":\"https:\/\/onurkaucuk.com\/wp-content\/uploads\/2025\/07\/Viton-Plaka-1.jpg\",\"contentUrl\":\"https:\/\/onurkaucuk.com\/wp-content\/uploads\/2025\/07\/Viton-Plaka-1.jpg\",\"width\":952,\"height\":907},{\"@type\":\"BreadcrumbList\",\"@id\":\"https:\/\/onurkaucuk.com\/urun\/viton-plaka\/#breadcrumb\",\"itemListElement\":[{\"@type\":\"ListItem\",\"position\":1,\"name\":\"Anasayfa\",\"item\":\"https:\/\/onurkaucuk.com\/\"},{\"@type\":\"ListItem\",\"position\":2,\"name\":\"\u00dcr\u00fcnlerimiz\",\"item\":\"https:\/\/onurkaucuk.com\/urunlerimiz\/\"},{\"@type\":\"ListItem\",\"position\":3,\"name\":\"Viton Plaka\"}]},{\"@type\":\"WebSite\",\"@id\":\"https:\/\/onurkaucuk.com\/#website\",\"url\":\"https:\/\/onurkaucuk.com\/\",\"name\":\"Onur Kau&ccedil;uk\",\"description\":\"Kau&ccedil;uk ve Silikonda G&uuml;venilir &Ccedil;&ouml;z&uuml;m Orta\u011f\u0131n\u0131z\",\"publisher\":{\"@id\":\"https:\/\/onurkaucuk.com\/#organization\"},\"potentialAction\":[{\"@type\":\"SearchAction\",\"target\":{\"@type\":\"EntryPoint\",\"urlTemplate\":\"https:\/\/onurkaucuk.com\/?s={search_term_string}\"},\"query-input\":{\"@type\":\"PropertyValueSpecification\",\"valueRequired\":true,\"valueName\":\"search_term_string\"}}],\"inLanguage\":\"de\"},{\"@type\":\"Organization\",\"@id\":\"https:\/\/onurkaucuk.com\/#organization\",\"name\":\"Onur Kau&ccedil;uk\",\"url\":\"https:\/\/onurkaucuk.com\/\",\"logo\":{\"@type\":\"ImageObject\",\"inLanguage\":\"de\",\"@id\":\"https:\/\/onurkaucuk.com\/#\/schema\/logo\/image\/\",\"url\":\"https:\/\/onurkaucuk.com\/wp-content\/uploads\/2025\/07\/onurkaucuk-logo-buyuk.png\",\"contentUrl\":\"https:\/\/onurkaucuk.com\/wp-content\/uploads\/2025\/07\/onurkaucuk-logo-buyuk.png\",\"width\":698,\"height\":250,\"caption\":\"Onur Kau&ccedil;uk\"},\"image\":{\"@id\":\"https:\/\/onurkaucuk.com\/#\/schema\/logo\/image\/\"}}]}<\/script>\n<!-- \/ Yoast SEO plugin. -->","yoast_head_json":{"title":"Viton Plaka - Onur Kau&ccedil;uk","description":"Viton Plaka \u00fcr\u00fcn\u00fcn\u00fc incelemek ve Viton Plaka fiyat teklifi almak i\u00e7in hemen t\u0131klay\u0131n. \u0130leti\u015fime ge\u00e7erek \u00fccretsiz teklif al\u0131n.","robots":{"index":"index","follow":"follow","max-snippet":"max-snippet:-1","max-image-preview":"max-image-preview:large","max-video-preview":"max-video-preview:-1"},"canonical":"https:\/\/onurkaucuk.com\/de\/produkt\/viton-plaka\/","og_locale":"de_DE","og_type":"article","og_title":"Viton Plaka - Onur Kau&ccedil;uk","og_description":"Viton Plaka \u00fcr\u00fcn\u00fcn\u00fc incelemek ve Viton Plaka fiyat teklifi almak i\u00e7in hemen t\u0131klay\u0131n. \u0130leti\u015fime ge\u00e7erek \u00fccretsiz teklif al\u0131n.","og_url":"https:\/\/onurkaucuk.com\/de\/produkt\/viton-plaka\/","og_site_name":"Onur Kau&ccedil;uk","article_modified_time":"2025-12-19T09:09:01+00:00","og_image":[{"width":952,"height":907,"url":"https:\/\/onurkaucuk.com\/wp-content\/uploads\/2025\/07\/Viton-Plaka-1.jpg","type":"image\/jpeg"}],"twitter_card":"summary_large_image","twitter_misc":{"Gesch\u00e4tzte Lesezeit":"2\u00a0Minuten"},"schema":{"@context":"https:\/\/schema.org","@graph":[{"@type":"WebPage","@id":"https:\/\/onurkaucuk.com\/urun\/viton-plaka\/","url":"https:\/\/onurkaucuk.com\/urun\/viton-plaka\/","name":"Viton Plaka - Onur Kau&ccedil;uk","isPartOf":{"@id":"https:\/\/onurkaucuk.com\/#website"},"primaryImageOfPage":{"@id":"https:\/\/onurkaucuk.com\/urun\/viton-plaka\/#primaryimage"},"image":{"@id":"https:\/\/onurkaucuk.com\/urun\/viton-plaka\/#primaryimage"},"thumbnailUrl":"https:\/\/onurkaucuk.com\/wp-content\/uploads\/2025\/07\/Viton-Plaka-1.jpg","datePublished":"2025-07-31T20:44:54+00:00","dateModified":"2025-12-19T09:09:01+00:00","description":"Viton Plaka \u00fcr\u00fcn\u00fcn\u00fc incelemek ve Viton Plaka fiyat teklifi almak i\u00e7in hemen t\u0131klay\u0131n. \u0130leti\u015fime ge\u00e7erek \u00fccretsiz teklif al\u0131n.","breadcrumb":{"@id":"https:\/\/onurkaucuk.com\/urun\/viton-plaka\/#breadcrumb"},"inLanguage":"de","potentialAction":[{"@type":"ReadAction","target":["https:\/\/onurkaucuk.com\/urun\/viton-plaka\/"]}]},{"@type":"ImageObject","inLanguage":"de","@id":"https:\/\/onurkaucuk.com\/urun\/viton-plaka\/#primaryimage","url":"https:\/\/onurkaucuk.com\/wp-content\/uploads\/2025\/07\/Viton-Plaka-1.jpg","contentUrl":"https:\/\/onurkaucuk.com\/wp-content\/uploads\/2025\/07\/Viton-Plaka-1.jpg","width":952,"height":907},{"@type":"BreadcrumbList","@id":"https:\/\/onurkaucuk.com\/urun\/viton-plaka\/#breadcrumb","itemListElement":[{"@type":"ListItem","position":1,"name":"Anasayfa","item":"https:\/\/onurkaucuk.com\/"},{"@type":"ListItem","position":2,"name":"\u00dcr\u00fcnlerimiz","item":"https:\/\/onurkaucuk.com\/urunlerimiz\/"},{"@type":"ListItem","position":3,"name":"Viton Plaka"}]},{"@type":"WebSite","@id":"https:\/\/onurkaucuk.com\/#website","url":"https:\/\/onurkaucuk.com\/","name":"Onur Kau&ccedil;uk","description":"Kau&ccedil;uk ve Silikonda G&uuml;venilir &Ccedil;&ouml;z&uuml;m Orta\u011f\u0131n\u0131z","publisher":{"@id":"https:\/\/onurkaucuk.com\/#organization"},"potentialAction":[{"@type":"SearchAction","target":{"@type":"EntryPoint","urlTemplate":"https:\/\/onurkaucuk.com\/?s={search_term_string}"},"query-input":{"@type":"PropertyValueSpecification","valueRequired":true,"valueName":"search_term_string"}}],"inLanguage":"de"},{"@type":"Organization","@id":"https:\/\/onurkaucuk.com\/#organization","name":"Onur Kau&ccedil;uk","url":"https:\/\/onurkaucuk.com\/","logo":{"@type":"ImageObject","inLanguage":"de","@id":"https:\/\/onurkaucuk.com\/#\/schema\/logo\/image\/","url":"https:\/\/onurkaucuk.com\/wp-content\/uploads\/2025\/07\/onurkaucuk-logo-buyuk.png","contentUrl":"https:\/\/onurkaucuk.com\/wp-content\/uploads\/2025\/07\/onurkaucuk-logo-buyuk.png","width":698,"height":250,"caption":"Onur Kau&ccedil;uk"},"image":{"@id":"https:\/\/onurkaucuk.com\/#\/schema\/logo\/image\/"}}]}},"_links":{"self":[{"href":"https:\/\/onurkaucuk.com\/de\/wp-json\/wp\/v2\/product\/28019","targetHints":{"allow":["GET"]}}],"collection":[{"href":"https:\/\/onurkaucuk.com\/de\/wp-json\/wp\/v2\/product"}],"about":[{"href":"https:\/\/onurkaucuk.com\/de\/wp-json\/wp\/v2\/types\/product"}],"wp:featuredmedia":[{"embeddable":true,"href":"https:\/\/onurkaucuk.com\/de\/wp-json\/wp\/v2\/media\/28020"}],"wp:attachment":[{"href":"https:\/\/onurkaucuk.com\/de\/wp-json\/wp\/v2\/media?parent=28019"}],"wp:term":[{"taxonomy":"product_brand","embeddable":true,"href":"https:\/\/onurkaucuk.com\/de\/wp-json\/wp\/v2\/product_brand?post=28019"},{"taxonomy":"product_cat","embeddable":true,"href":"https:\/\/onurkaucuk.com\/de\/wp-json\/wp\/v2\/product_cat?post=28019"},{"taxonomy":"product_tag","embeddable":true,"href":"https:\/\/onurkaucuk.com\/de\/wp-json\/wp\/v2\/product_tag?post=28019"}],"curies":[{"name":"wp","href":"https:\/\/api.w.org\/{rel}","templated":true}]}}