{"id":28045,"date":"2025-08-01T00:09:20","date_gmt":"2025-07-31T21:09:20","guid":{"rendered":"https:\/\/onurkaucuk.com\/?post_type=product&#038;p=28045"},"modified":"2025-12-19T12:08:39","modified_gmt":"2025-12-19T09:08:39","slug":"silikon-sunger-levhalar","status":"publish","type":"product","link":"https:\/\/onurkaucuk.com\/de\/produkt\/silikon-sunger-levhalar\/","title":{"rendered":"Silikonschwammbl\u00e4tter"},"content":{"rendered":"<p>Onur Kau\u00e7uk wurde 1985 gegr\u00fcndet und legte dabei gr\u00f6\u00dften Wert auf Kundenzufriedenheit und Servicequalit\u00e4t. 1989 wurde das Unternehmen in eine GmbH umgewandelt, erneuerte seine Vision und Mission und entwickelte sich schnell zu einem f\u00fchrenden und bevorzugten Unternehmen der Branche. Onur Kau\u00e7uk passt sich den sich st\u00e4ndig \u00e4ndernden Marktbedingungen an und erweitert seine Servicebereiche. Ziel ist es, seinen Kunden den besten Service zu bieten, indem es hohe Qualit\u00e4t zu erschwinglichen Preisen anbietet. Seit den Anf\u00e4ngen 1985 in einer kleinen Werkstatt ist Onur Kau\u00e7uk stetig gewachsen und hat 2012 seine Pr\u00e4senz in der Branche durch die Umsetzung bedeutender Innovationen in Technologie und Arbeit gest\u00e4rkt.<\/p>\n<p>Durch die Kombination langj\u00e4hriger Erfahrung mit modernen Technologien hat sich das Unternehmen zum Ziel gesetzt, Produkte anzubieten, die in allen von ihm bedienten Branchen h\u00f6chste Kundenzufriedenheit gew\u00e4hrleisten. Dies hat zu einer deutlichen Erweiterung seiner Produktpalette gef\u00fchrt. Onur Kau\u00e7uk ist stolz darauf, seine Qualit\u00e4tsstandards kontinuierlich zu erh\u00f6hen und gleichzeitig einen Service mit minimaler Fehlerquote unter Einsatz seiner Ressourcen zu bieten.<\/p>","protected":false},"excerpt":{"rendered":"<p class=\" translation-block\">Sie k\u00f6nnen sich an unsere <strong>Verkaufsabteilung<\/strong> wenden, um weitere Informationen zu erhalten oder projektspezifische L\u00f6sungen zu entwickeln.<\/p>","protected":false},"featured_media":28046,"template":"","meta":[],"product_brand":[],"product_cat":[249],"product_tag":[],"class_list":{"0":"post-28045","1":"product","2":"type-product","3":"status-publish","4":"has-post-thumbnail","6":"product_cat-levhalar","8":"first","9":"instock","10":"shipping-taxable","11":"product-type-external"},"yoast_head":"<!-- This site is optimized with the Yoast SEO plugin v25.6 - https:\/\/yoast.com\/wordpress\/plugins\/seo\/ -->\n<title>Silikon S\u00fcnger Levhalar - Onur Kau&ccedil;uk<\/title>\n<meta name=\"description\" content=\"Silikon S\u00fcnger Levhalar \u00fcr\u00fcn\u00fcn\u00fc incelemek ve Silikon S\u00fcnger Levhalar fiyat teklifi almak i\u00e7in hemen t\u0131klay\u0131n. \u0130leti\u015fime ge\u00e7erek \u00fccretsiz teklif al\u0131n.\" \/>\n<meta name=\"robots\" content=\"index, follow, max-snippet:-1, max-image-preview:large, max-video-preview:-1\" \/>\n<link rel=\"canonical\" href=\"https:\/\/onurkaucuk.com\/de\/produkt\/silikon-sunger-levhalar\/\" \/>\n<meta property=\"og:locale\" content=\"de_DE\" \/>\n<meta property=\"og:type\" content=\"article\" \/>\n<meta property=\"og:title\" content=\"Silikon S\u00fcnger Levhalar - Onur Kau&ccedil;uk\" \/>\n<meta property=\"og:description\" content=\"Silikon S\u00fcnger Levhalar \u00fcr\u00fcn\u00fcn\u00fc incelemek ve Silikon S\u00fcnger Levhalar fiyat teklifi almak i\u00e7in hemen t\u0131klay\u0131n. \u0130leti\u015fime ge\u00e7erek \u00fccretsiz teklif al\u0131n.\" \/>\n<meta property=\"og:url\" content=\"https:\/\/onurkaucuk.com\/de\/produkt\/silikon-sunger-levhalar\/\" \/>\n<meta property=\"og:site_name\" content=\"Onur Kau&ccedil;uk\" \/>\n<meta property=\"article:modified_time\" content=\"2025-12-19T09:08:39+00:00\" \/>\n<meta property=\"og:image\" content=\"https:\/\/onurkaucuk.com\/wp-content\/uploads\/2025\/08\/Silikon-Sunger-Levhalar-1.jpg\" \/>\n\t<meta property=\"og:image:width\" content=\"952\" \/>\n\t<meta property=\"og:image:height\" content=\"907\" \/>\n\t<meta property=\"og:image:type\" content=\"image\/jpeg\" \/>\n<meta name=\"twitter:card\" content=\"summary_large_image\" \/>\n<meta name=\"twitter:label1\" content=\"Gesch\u00e4tzte Lesezeit\" \/>\n\t<meta name=\"twitter:data1\" content=\"1\u00a0Minute\" \/>\n<script type=\"application\/ld+json\" class=\"yoast-schema-graph\">{\"@context\":\"https:\/\/schema.org\",\"@graph\":[{\"@type\":\"WebPage\",\"@id\":\"https:\/\/onurkaucuk.com\/urun\/silikon-sunger-levhalar\/\",\"url\":\"https:\/\/onurkaucuk.com\/urun\/silikon-sunger-levhalar\/\",\"name\":\"Silikon S\u00fcnger Levhalar - Onur Kau&ccedil;uk\",\"isPartOf\":{\"@id\":\"https:\/\/onurkaucuk.com\/#website\"},\"primaryImageOfPage\":{\"@id\":\"https:\/\/onurkaucuk.com\/urun\/silikon-sunger-levhalar\/#primaryimage\"},\"image\":{\"@id\":\"https:\/\/onurkaucuk.com\/urun\/silikon-sunger-levhalar\/#primaryimage\"},\"thumbnailUrl\":\"https:\/\/onurkaucuk.com\/wp-content\/uploads\/2025\/08\/Silikon-Sunger-Levhalar-1.jpg\",\"datePublished\":\"2025-07-31T21:09:20+00:00\",\"dateModified\":\"2025-12-19T09:08:39+00:00\",\"description\":\"Silikon S\u00fcnger Levhalar \u00fcr\u00fcn\u00fcn\u00fc incelemek ve Silikon S\u00fcnger Levhalar fiyat teklifi almak i\u00e7in hemen t\u0131klay\u0131n. \u0130leti\u015fime ge\u00e7erek \u00fccretsiz teklif al\u0131n.\",\"breadcrumb\":{\"@id\":\"https:\/\/onurkaucuk.com\/urun\/silikon-sunger-levhalar\/#breadcrumb\"},\"inLanguage\":\"de\",\"potentialAction\":[{\"@type\":\"ReadAction\",\"target\":[\"https:\/\/onurkaucuk.com\/urun\/silikon-sunger-levhalar\/\"]}]},{\"@type\":\"ImageObject\",\"inLanguage\":\"de\",\"@id\":\"https:\/\/onurkaucuk.com\/urun\/silikon-sunger-levhalar\/#primaryimage\",\"url\":\"https:\/\/onurkaucuk.com\/wp-content\/uploads\/2025\/08\/Silikon-Sunger-Levhalar-1.jpg\",\"contentUrl\":\"https:\/\/onurkaucuk.com\/wp-content\/uploads\/2025\/08\/Silikon-Sunger-Levhalar-1.jpg\",\"width\":952,\"height\":907},{\"@type\":\"BreadcrumbList\",\"@id\":\"https:\/\/onurkaucuk.com\/urun\/silikon-sunger-levhalar\/#breadcrumb\",\"itemListElement\":[{\"@type\":\"ListItem\",\"position\":1,\"name\":\"Anasayfa\",\"item\":\"https:\/\/onurkaucuk.com\/\"},{\"@type\":\"ListItem\",\"position\":2,\"name\":\"\u00dcr\u00fcnlerimiz\",\"item\":\"https:\/\/onurkaucuk.com\/urunlerimiz\/\"},{\"@type\":\"ListItem\",\"position\":3,\"name\":\"Silikon S\u00fcnger Levhalar\"}]},{\"@type\":\"WebSite\",\"@id\":\"https:\/\/onurkaucuk.com\/#website\",\"url\":\"https:\/\/onurkaucuk.com\/\",\"name\":\"Onur Kau&ccedil;uk\",\"description\":\"Kau&ccedil;uk ve Silikonda G&uuml;venilir &Ccedil;&ouml;z&uuml;m Orta\u011f\u0131n\u0131z\",\"publisher\":{\"@id\":\"https:\/\/onurkaucuk.com\/#organization\"},\"potentialAction\":[{\"@type\":\"SearchAction\",\"target\":{\"@type\":\"EntryPoint\",\"urlTemplate\":\"https:\/\/onurkaucuk.com\/?s={search_term_string}\"},\"query-input\":{\"@type\":\"PropertyValueSpecification\",\"valueRequired\":true,\"valueName\":\"search_term_string\"}}],\"inLanguage\":\"de\"},{\"@type\":\"Organization\",\"@id\":\"https:\/\/onurkaucuk.com\/#organization\",\"name\":\"Onur Kau&ccedil;uk\",\"url\":\"https:\/\/onurkaucuk.com\/\",\"logo\":{\"@type\":\"ImageObject\",\"inLanguage\":\"de\",\"@id\":\"https:\/\/onurkaucuk.com\/#\/schema\/logo\/image\/\",\"url\":\"https:\/\/onurkaucuk.com\/wp-content\/uploads\/2025\/07\/onurkaucuk-logo-buyuk.png\",\"contentUrl\":\"https:\/\/onurkaucuk.com\/wp-content\/uploads\/2025\/07\/onurkaucuk-logo-buyuk.png\",\"width\":698,\"height\":250,\"caption\":\"Onur Kau&ccedil;uk\"},\"image\":{\"@id\":\"https:\/\/onurkaucuk.com\/#\/schema\/logo\/image\/\"}}]}<\/script>\n<!-- \/ Yoast SEO plugin. -->","yoast_head_json":{"title":"Silikon S\u00fcnger Levhalar - Onur Kau&ccedil;uk","description":"Silikon S\u00fcnger Levhalar \u00fcr\u00fcn\u00fcn\u00fc incelemek ve Silikon S\u00fcnger Levhalar fiyat teklifi almak i\u00e7in hemen t\u0131klay\u0131n. \u0130leti\u015fime ge\u00e7erek \u00fccretsiz teklif al\u0131n.","robots":{"index":"index","follow":"follow","max-snippet":"max-snippet:-1","max-image-preview":"max-image-preview:large","max-video-preview":"max-video-preview:-1"},"canonical":"https:\/\/onurkaucuk.com\/de\/produkt\/silikon-sunger-levhalar\/","og_locale":"de_DE","og_type":"article","og_title":"Silikon S\u00fcnger Levhalar - Onur Kau&ccedil;uk","og_description":"Silikon S\u00fcnger Levhalar \u00fcr\u00fcn\u00fcn\u00fc incelemek ve Silikon S\u00fcnger Levhalar fiyat teklifi almak i\u00e7in hemen t\u0131klay\u0131n. \u0130leti\u015fime ge\u00e7erek \u00fccretsiz teklif al\u0131n.","og_url":"https:\/\/onurkaucuk.com\/de\/produkt\/silikon-sunger-levhalar\/","og_site_name":"Onur Kau&ccedil;uk","article_modified_time":"2025-12-19T09:08:39+00:00","og_image":[{"width":952,"height":907,"url":"https:\/\/onurkaucuk.com\/wp-content\/uploads\/2025\/08\/Silikon-Sunger-Levhalar-1.jpg","type":"image\/jpeg"}],"twitter_card":"summary_large_image","twitter_misc":{"Gesch\u00e4tzte Lesezeit":"1\u00a0Minute"},"schema":{"@context":"https:\/\/schema.org","@graph":[{"@type":"WebPage","@id":"https:\/\/onurkaucuk.com\/urun\/silikon-sunger-levhalar\/","url":"https:\/\/onurkaucuk.com\/urun\/silikon-sunger-levhalar\/","name":"Silikon S\u00fcnger Levhalar - Onur Kau&ccedil;uk","isPartOf":{"@id":"https:\/\/onurkaucuk.com\/#website"},"primaryImageOfPage":{"@id":"https:\/\/onurkaucuk.com\/urun\/silikon-sunger-levhalar\/#primaryimage"},"image":{"@id":"https:\/\/onurkaucuk.com\/urun\/silikon-sunger-levhalar\/#primaryimage"},"thumbnailUrl":"https:\/\/onurkaucuk.com\/wp-content\/uploads\/2025\/08\/Silikon-Sunger-Levhalar-1.jpg","datePublished":"2025-07-31T21:09:20+00:00","dateModified":"2025-12-19T09:08:39+00:00","description":"Silikon S\u00fcnger Levhalar \u00fcr\u00fcn\u00fcn\u00fc incelemek ve Silikon S\u00fcnger Levhalar fiyat teklifi almak i\u00e7in hemen t\u0131klay\u0131n. \u0130leti\u015fime ge\u00e7erek \u00fccretsiz teklif al\u0131n.","breadcrumb":{"@id":"https:\/\/onurkaucuk.com\/urun\/silikon-sunger-levhalar\/#breadcrumb"},"inLanguage":"de","potentialAction":[{"@type":"ReadAction","target":["https:\/\/onurkaucuk.com\/urun\/silikon-sunger-levhalar\/"]}]},{"@type":"ImageObject","inLanguage":"de","@id":"https:\/\/onurkaucuk.com\/urun\/silikon-sunger-levhalar\/#primaryimage","url":"https:\/\/onurkaucuk.com\/wp-content\/uploads\/2025\/08\/Silikon-Sunger-Levhalar-1.jpg","contentUrl":"https:\/\/onurkaucuk.com\/wp-content\/uploads\/2025\/08\/Silikon-Sunger-Levhalar-1.jpg","width":952,"height":907},{"@type":"BreadcrumbList","@id":"https:\/\/onurkaucuk.com\/urun\/silikon-sunger-levhalar\/#breadcrumb","itemListElement":[{"@type":"ListItem","position":1,"name":"Anasayfa","item":"https:\/\/onurkaucuk.com\/"},{"@type":"ListItem","position":2,"name":"\u00dcr\u00fcnlerimiz","item":"https:\/\/onurkaucuk.com\/urunlerimiz\/"},{"@type":"ListItem","position":3,"name":"Silikon S\u00fcnger Levhalar"}]},{"@type":"WebSite","@id":"https:\/\/onurkaucuk.com\/#website","url":"https:\/\/onurkaucuk.com\/","name":"Onur Kau&ccedil;uk","description":"Kau&ccedil;uk ve Silikonda G&uuml;venilir &Ccedil;&ouml;z&uuml;m Orta\u011f\u0131n\u0131z","publisher":{"@id":"https:\/\/onurkaucuk.com\/#organization"},"potentialAction":[{"@type":"SearchAction","target":{"@type":"EntryPoint","urlTemplate":"https:\/\/onurkaucuk.com\/?s={search_term_string}"},"query-input":{"@type":"PropertyValueSpecification","valueRequired":true,"valueName":"search_term_string"}}],"inLanguage":"de"},{"@type":"Organization","@id":"https:\/\/onurkaucuk.com\/#organization","name":"Onur Kau&ccedil;uk","url":"https:\/\/onurkaucuk.com\/","logo":{"@type":"ImageObject","inLanguage":"de","@id":"https:\/\/onurkaucuk.com\/#\/schema\/logo\/image\/","url":"https:\/\/onurkaucuk.com\/wp-content\/uploads\/2025\/07\/onurkaucuk-logo-buyuk.png","contentUrl":"https:\/\/onurkaucuk.com\/wp-content\/uploads\/2025\/07\/onurkaucuk-logo-buyuk.png","width":698,"height":250,"caption":"Onur Kau&ccedil;uk"},"image":{"@id":"https:\/\/onurkaucuk.com\/#\/schema\/logo\/image\/"}}]}},"_links":{"self":[{"href":"https:\/\/onurkaucuk.com\/de\/wp-json\/wp\/v2\/product\/28045","targetHints":{"allow":["GET"]}}],"collection":[{"href":"https:\/\/onurkaucuk.com\/de\/wp-json\/wp\/v2\/product"}],"about":[{"href":"https:\/\/onurkaucuk.com\/de\/wp-json\/wp\/v2\/types\/product"}],"wp:featuredmedia":[{"embeddable":true,"href":"https:\/\/onurkaucuk.com\/de\/wp-json\/wp\/v2\/media\/28046"}],"wp:attachment":[{"href":"https:\/\/onurkaucuk.com\/de\/wp-json\/wp\/v2\/media?parent=28045"}],"wp:term":[{"taxonomy":"product_brand","embeddable":true,"href":"https:\/\/onurkaucuk.com\/de\/wp-json\/wp\/v2\/product_brand?post=28045"},{"taxonomy":"product_cat","embeddable":true,"href":"https:\/\/onurkaucuk.com\/de\/wp-json\/wp\/v2\/product_cat?post=28045"},{"taxonomy":"product_tag","embeddable":true,"href":"https:\/\/onurkaucuk.com\/de\/wp-json\/wp\/v2\/product_tag?post=28045"}],"curies":[{"name":"wp","href":"https:\/\/api.w.org\/{rel}","templated":true}]}}