{"id":28084,"date":"2025-08-01T00:39:10","date_gmt":"2025-07-31T21:39:10","guid":{"rendered":"https:\/\/onurkaucuk.com\/?post_type=product&#038;p=28084"},"modified":"2025-12-19T12:07:56","modified_gmt":"2025-12-19T09:07:56","slug":"rotex-tip-kaplin-lastikleri","status":"publish","type":"product","link":"https:\/\/onurkaucuk.com\/de\/produkt\/rotex-tip-kaplin-lastikleri\/","title":{"rendered":"Kupplungsgummis vom Typ Rotex"},"content":{"rendered":"<p><strong>%%title%% \u00fcr\u00fcn\u00fcn\u00fc incelemek ve %%title%% fiyat teklifi almak i\u00e7in hemen t\u0131klay\u0131n. \u0130leti\u015fime ge\u00e7erek \u00fccretsiz teklif al\u0131n.Rotex Tip Kaplin Lastikleri: Esnek ve Dayan\u0131kl\u0131 Ba\u011flant\u0131 \u00c7\u00f6z\u00fcmleri<\/strong><\/p>\n<p>Rotex-Kupplungsgummis werden aus Naturkautschuk oder Polyurethan hergestellt und zeichnen sich durch hohe Leistungsf\u00e4higkeit und Langlebigkeit aus. Sie gew\u00e4hrleisten zuverl\u00e4ssige Verbindungen in industriellen Anwendungen. Neben Standardgr\u00f6\u00dfen sind Rotex-Kupplungsgummis auch in kundenspezifischen und gr\u00f6\u00dferen Abmessungen erh\u00e4ltlich.<\/p>\n<p><strong>Produkteigenschaften:<\/strong><\/p>\n<ul>\n<li><strong>Hohe Haltbarkeit:<\/strong>\u00a0Kupplungsgummis vom Typ Rotex sind verschlei\u00dffest und gew\u00e4hrleisten so eine lange Lebensdauer.<\/li>\n<li><strong>Flexible Struktur:<\/strong>\u00a0Es verbessert die Systemstabilit\u00e4t durch effektive D\u00e4mpfung mechanischer Schwingungen.<\/li>\n<li><strong>Kundenspezifische Fertigungsoptionen:<\/strong>\u00a0Kundenspezifische und gro\u00df angelegte Fertigung ist gem\u00e4\u00df den Kundenanforderungen m\u00f6glich.<\/li>\n<\/ul>\n<p><strong>Einsatzgebiete<\/strong><\/p>\n<ul>\n<li><strong>Industrielle Anwendungen:<\/strong>\u00a0Kupplungsgummis vom Typ Rotex gew\u00e4hrleisten zuverl\u00e4ssige Verbindungen in einer Vielzahl von Industriemaschinen.<\/li>\n<li><strong>Automobilindustrie:<\/strong>\u00a0Es optimiert die Kraft\u00fcbertragung in Fahrzeugen und verbessert die Leistung.<\/li>\n<\/ul>\n<p>Unsere Kupplungsgummis vom Typ Rotex werden aus hochwertigen Materialien gefertigt und erf\u00fcllen dank kundenspezifischer Anpassungsm\u00f6glichkeiten alle Kundenbed\u00fcrfnisse. Wenn Sie zuverl\u00e4ssige und langlebige Verbindungsl\u00f6sungen suchen, sind unsere Kupplungsgummis vom Typ Rotex die richtige Wahl.<\/p>\n<p><strong>F\u00fcr weitere Informationen und Produktanfragen kontaktieren Sie uns bitte!<\/strong><\/p>","protected":false},"excerpt":{"rendered":"<p class=\" translation-block\">Sie k\u00f6nnen sich an unsere <strong>Verkaufsabteilung<\/strong> wenden, um weitere Informationen zu erhalten oder projektspezifische L\u00f6sungen zu entwickeln.<\/p>","protected":false},"featured_media":28085,"template":"","meta":[],"product_brand":[],"product_cat":[237],"product_tag":[],"class_list":{"0":"post-28084","1":"product","2":"type-product","3":"status-publish","4":"has-post-thumbnail","6":"product_cat-kaplin-lastikleri","8":"first","9":"instock","10":"shipping-taxable","11":"product-type-external"},"yoast_head":"<!-- This site is optimized with the Yoast SEO plugin v25.6 - https:\/\/yoast.com\/wordpress\/plugins\/seo\/ -->\n<title>Rotex Tip Kaplin Lastikleri - Onur Kau&ccedil;uk<\/title>\n<meta name=\"description\" content=\"Rotex Tip Kaplin Lastikleri \u00fcr\u00fcn\u00fcn\u00fc incelemek ve Rotex Tip Kaplin Lastikleri fiyat teklifi almak i\u00e7in hemen t\u0131klay\u0131n. \u0130leti\u015fime ge\u00e7erek \u00fccretsiz teklif al\u0131n.\" \/>\n<meta name=\"robots\" content=\"index, follow, max-snippet:-1, max-image-preview:large, max-video-preview:-1\" \/>\n<link rel=\"canonical\" href=\"https:\/\/onurkaucuk.com\/de\/produkt\/rotex-tip-kaplin-lastikleri\/\" \/>\n<meta property=\"og:locale\" content=\"de_DE\" \/>\n<meta property=\"og:type\" content=\"article\" \/>\n<meta property=\"og:title\" content=\"Rotex Tip Kaplin Lastikleri - Onur Kau&ccedil;uk\" \/>\n<meta property=\"og:description\" content=\"Rotex Tip Kaplin Lastikleri \u00fcr\u00fcn\u00fcn\u00fc incelemek ve Rotex Tip Kaplin Lastikleri fiyat teklifi almak i\u00e7in hemen t\u0131klay\u0131n. \u0130leti\u015fime ge\u00e7erek \u00fccretsiz teklif al\u0131n.\" \/>\n<meta property=\"og:url\" content=\"https:\/\/onurkaucuk.com\/de\/produkt\/rotex-tip-kaplin-lastikleri\/\" \/>\n<meta property=\"og:site_name\" content=\"Onur Kau&ccedil;uk\" \/>\n<meta property=\"article:modified_time\" content=\"2025-12-19T09:07:56+00:00\" \/>\n<meta property=\"og:image\" content=\"https:\/\/onurkaucuk.com\/wp-content\/uploads\/2025\/08\/Rotex-Tip-Kaplin-Lastikleri-1.jpg\" \/>\n\t<meta property=\"og:image:width\" content=\"952\" \/>\n\t<meta property=\"og:image:height\" content=\"907\" \/>\n\t<meta property=\"og:image:type\" content=\"image\/jpeg\" \/>\n<meta name=\"twitter:card\" content=\"summary_large_image\" \/>\n<meta name=\"twitter:label1\" content=\"Gesch\u00e4tzte Lesezeit\" \/>\n\t<meta name=\"twitter:data1\" content=\"2\u00a0Minuten\" \/>\n<script type=\"application\/ld+json\" class=\"yoast-schema-graph\">{\"@context\":\"https:\/\/schema.org\",\"@graph\":[{\"@type\":\"WebPage\",\"@id\":\"https:\/\/onurkaucuk.com\/urun\/rotex-tip-kaplin-lastikleri\/\",\"url\":\"https:\/\/onurkaucuk.com\/urun\/rotex-tip-kaplin-lastikleri\/\",\"name\":\"Rotex Tip Kaplin Lastikleri - Onur Kau&ccedil;uk\",\"isPartOf\":{\"@id\":\"https:\/\/onurkaucuk.com\/#website\"},\"primaryImageOfPage\":{\"@id\":\"https:\/\/onurkaucuk.com\/urun\/rotex-tip-kaplin-lastikleri\/#primaryimage\"},\"image\":{\"@id\":\"https:\/\/onurkaucuk.com\/urun\/rotex-tip-kaplin-lastikleri\/#primaryimage\"},\"thumbnailUrl\":\"https:\/\/onurkaucuk.com\/wp-content\/uploads\/2025\/08\/Rotex-Tip-Kaplin-Lastikleri-1.jpg\",\"datePublished\":\"2025-07-31T21:39:10+00:00\",\"dateModified\":\"2025-12-19T09:07:56+00:00\",\"description\":\"Rotex Tip Kaplin Lastikleri \u00fcr\u00fcn\u00fcn\u00fc incelemek ve Rotex Tip Kaplin Lastikleri fiyat teklifi almak i\u00e7in hemen t\u0131klay\u0131n. \u0130leti\u015fime ge\u00e7erek \u00fccretsiz teklif al\u0131n.\",\"breadcrumb\":{\"@id\":\"https:\/\/onurkaucuk.com\/urun\/rotex-tip-kaplin-lastikleri\/#breadcrumb\"},\"inLanguage\":\"de\",\"potentialAction\":[{\"@type\":\"ReadAction\",\"target\":[\"https:\/\/onurkaucuk.com\/urun\/rotex-tip-kaplin-lastikleri\/\"]}]},{\"@type\":\"ImageObject\",\"inLanguage\":\"de\",\"@id\":\"https:\/\/onurkaucuk.com\/urun\/rotex-tip-kaplin-lastikleri\/#primaryimage\",\"url\":\"https:\/\/onurkaucuk.com\/wp-content\/uploads\/2025\/08\/Rotex-Tip-Kaplin-Lastikleri-1.jpg\",\"contentUrl\":\"https:\/\/onurkaucuk.com\/wp-content\/uploads\/2025\/08\/Rotex-Tip-Kaplin-Lastikleri-1.jpg\",\"width\":952,\"height\":907},{\"@type\":\"BreadcrumbList\",\"@id\":\"https:\/\/onurkaucuk.com\/urun\/rotex-tip-kaplin-lastikleri\/#breadcrumb\",\"itemListElement\":[{\"@type\":\"ListItem\",\"position\":1,\"name\":\"Anasayfa\",\"item\":\"https:\/\/onurkaucuk.com\/\"},{\"@type\":\"ListItem\",\"position\":2,\"name\":\"\u00dcr\u00fcnlerimiz\",\"item\":\"https:\/\/onurkaucuk.com\/urunlerimiz\/\"},{\"@type\":\"ListItem\",\"position\":3,\"name\":\"Rotex Tip Kaplin Lastikleri\"}]},{\"@type\":\"WebSite\",\"@id\":\"https:\/\/onurkaucuk.com\/#website\",\"url\":\"https:\/\/onurkaucuk.com\/\",\"name\":\"Onur Kau&ccedil;uk\",\"description\":\"Kau&ccedil;uk ve Silikonda G&uuml;venilir &Ccedil;&ouml;z&uuml;m Orta\u011f\u0131n\u0131z\",\"publisher\":{\"@id\":\"https:\/\/onurkaucuk.com\/#organization\"},\"potentialAction\":[{\"@type\":\"SearchAction\",\"target\":{\"@type\":\"EntryPoint\",\"urlTemplate\":\"https:\/\/onurkaucuk.com\/?s={search_term_string}\"},\"query-input\":{\"@type\":\"PropertyValueSpecification\",\"valueRequired\":true,\"valueName\":\"search_term_string\"}}],\"inLanguage\":\"de\"},{\"@type\":\"Organization\",\"@id\":\"https:\/\/onurkaucuk.com\/#organization\",\"name\":\"Onur Kau&ccedil;uk\",\"url\":\"https:\/\/onurkaucuk.com\/\",\"logo\":{\"@type\":\"ImageObject\",\"inLanguage\":\"de\",\"@id\":\"https:\/\/onurkaucuk.com\/#\/schema\/logo\/image\/\",\"url\":\"https:\/\/onurkaucuk.com\/wp-content\/uploads\/2025\/07\/onurkaucuk-logo-buyuk.png\",\"contentUrl\":\"https:\/\/onurkaucuk.com\/wp-content\/uploads\/2025\/07\/onurkaucuk-logo-buyuk.png\",\"width\":698,\"height\":250,\"caption\":\"Onur Kau&ccedil;uk\"},\"image\":{\"@id\":\"https:\/\/onurkaucuk.com\/#\/schema\/logo\/image\/\"}}]}<\/script>\n<!-- \/ Yoast SEO plugin. -->","yoast_head_json":{"title":"Rotex Tip Kaplin Lastikleri - Onur Kau&ccedil;uk","description":"Rotex Tip Kaplin Lastikleri \u00fcr\u00fcn\u00fcn\u00fc incelemek ve Rotex Tip Kaplin Lastikleri fiyat teklifi almak i\u00e7in hemen t\u0131klay\u0131n. \u0130leti\u015fime ge\u00e7erek \u00fccretsiz teklif al\u0131n.","robots":{"index":"index","follow":"follow","max-snippet":"max-snippet:-1","max-image-preview":"max-image-preview:large","max-video-preview":"max-video-preview:-1"},"canonical":"https:\/\/onurkaucuk.com\/de\/produkt\/rotex-tip-kaplin-lastikleri\/","og_locale":"de_DE","og_type":"article","og_title":"Rotex Tip Kaplin Lastikleri - Onur Kau&ccedil;uk","og_description":"Rotex Tip Kaplin Lastikleri \u00fcr\u00fcn\u00fcn\u00fc incelemek ve Rotex Tip Kaplin Lastikleri fiyat teklifi almak i\u00e7in hemen t\u0131klay\u0131n. \u0130leti\u015fime ge\u00e7erek \u00fccretsiz teklif al\u0131n.","og_url":"https:\/\/onurkaucuk.com\/de\/produkt\/rotex-tip-kaplin-lastikleri\/","og_site_name":"Onur Kau&ccedil;uk","article_modified_time":"2025-12-19T09:07:56+00:00","og_image":[{"width":952,"height":907,"url":"https:\/\/onurkaucuk.com\/wp-content\/uploads\/2025\/08\/Rotex-Tip-Kaplin-Lastikleri-1.jpg","type":"image\/jpeg"}],"twitter_card":"summary_large_image","twitter_misc":{"Gesch\u00e4tzte Lesezeit":"2\u00a0Minuten"},"schema":{"@context":"https:\/\/schema.org","@graph":[{"@type":"WebPage","@id":"https:\/\/onurkaucuk.com\/urun\/rotex-tip-kaplin-lastikleri\/","url":"https:\/\/onurkaucuk.com\/urun\/rotex-tip-kaplin-lastikleri\/","name":"Rotex Tip Kaplin Lastikleri - Onur Kau&ccedil;uk","isPartOf":{"@id":"https:\/\/onurkaucuk.com\/#website"},"primaryImageOfPage":{"@id":"https:\/\/onurkaucuk.com\/urun\/rotex-tip-kaplin-lastikleri\/#primaryimage"},"image":{"@id":"https:\/\/onurkaucuk.com\/urun\/rotex-tip-kaplin-lastikleri\/#primaryimage"},"thumbnailUrl":"https:\/\/onurkaucuk.com\/wp-content\/uploads\/2025\/08\/Rotex-Tip-Kaplin-Lastikleri-1.jpg","datePublished":"2025-07-31T21:39:10+00:00","dateModified":"2025-12-19T09:07:56+00:00","description":"Rotex Tip Kaplin Lastikleri \u00fcr\u00fcn\u00fcn\u00fc incelemek ve Rotex Tip Kaplin Lastikleri fiyat teklifi almak i\u00e7in hemen t\u0131klay\u0131n. \u0130leti\u015fime ge\u00e7erek \u00fccretsiz teklif al\u0131n.","breadcrumb":{"@id":"https:\/\/onurkaucuk.com\/urun\/rotex-tip-kaplin-lastikleri\/#breadcrumb"},"inLanguage":"de","potentialAction":[{"@type":"ReadAction","target":["https:\/\/onurkaucuk.com\/urun\/rotex-tip-kaplin-lastikleri\/"]}]},{"@type":"ImageObject","inLanguage":"de","@id":"https:\/\/onurkaucuk.com\/urun\/rotex-tip-kaplin-lastikleri\/#primaryimage","url":"https:\/\/onurkaucuk.com\/wp-content\/uploads\/2025\/08\/Rotex-Tip-Kaplin-Lastikleri-1.jpg","contentUrl":"https:\/\/onurkaucuk.com\/wp-content\/uploads\/2025\/08\/Rotex-Tip-Kaplin-Lastikleri-1.jpg","width":952,"height":907},{"@type":"BreadcrumbList","@id":"https:\/\/onurkaucuk.com\/urun\/rotex-tip-kaplin-lastikleri\/#breadcrumb","itemListElement":[{"@type":"ListItem","position":1,"name":"Anasayfa","item":"https:\/\/onurkaucuk.com\/"},{"@type":"ListItem","position":2,"name":"\u00dcr\u00fcnlerimiz","item":"https:\/\/onurkaucuk.com\/urunlerimiz\/"},{"@type":"ListItem","position":3,"name":"Rotex Tip Kaplin Lastikleri"}]},{"@type":"WebSite","@id":"https:\/\/onurkaucuk.com\/#website","url":"https:\/\/onurkaucuk.com\/","name":"Onur Kau&ccedil;uk","description":"Kau&ccedil;uk ve Silikonda G&uuml;venilir &Ccedil;&ouml;z&uuml;m Orta\u011f\u0131n\u0131z","publisher":{"@id":"https:\/\/onurkaucuk.com\/#organization"},"potentialAction":[{"@type":"SearchAction","target":{"@type":"EntryPoint","urlTemplate":"https:\/\/onurkaucuk.com\/?s={search_term_string}"},"query-input":{"@type":"PropertyValueSpecification","valueRequired":true,"valueName":"search_term_string"}}],"inLanguage":"de"},{"@type":"Organization","@id":"https:\/\/onurkaucuk.com\/#organization","name":"Onur Kau&ccedil;uk","url":"https:\/\/onurkaucuk.com\/","logo":{"@type":"ImageObject","inLanguage":"de","@id":"https:\/\/onurkaucuk.com\/#\/schema\/logo\/image\/","url":"https:\/\/onurkaucuk.com\/wp-content\/uploads\/2025\/07\/onurkaucuk-logo-buyuk.png","contentUrl":"https:\/\/onurkaucuk.com\/wp-content\/uploads\/2025\/07\/onurkaucuk-logo-buyuk.png","width":698,"height":250,"caption":"Onur Kau&ccedil;uk"},"image":{"@id":"https:\/\/onurkaucuk.com\/#\/schema\/logo\/image\/"}}]}},"_links":{"self":[{"href":"https:\/\/onurkaucuk.com\/de\/wp-json\/wp\/v2\/product\/28084","targetHints":{"allow":["GET"]}}],"collection":[{"href":"https:\/\/onurkaucuk.com\/de\/wp-json\/wp\/v2\/product"}],"about":[{"href":"https:\/\/onurkaucuk.com\/de\/wp-json\/wp\/v2\/types\/product"}],"wp:featuredmedia":[{"embeddable":true,"href":"https:\/\/onurkaucuk.com\/de\/wp-json\/wp\/v2\/media\/28085"}],"wp:attachment":[{"href":"https:\/\/onurkaucuk.com\/de\/wp-json\/wp\/v2\/media?parent=28084"}],"wp:term":[{"taxonomy":"product_brand","embeddable":true,"href":"https:\/\/onurkaucuk.com\/de\/wp-json\/wp\/v2\/product_brand?post=28084"},{"taxonomy":"product_cat","embeddable":true,"href":"https:\/\/onurkaucuk.com\/de\/wp-json\/wp\/v2\/product_cat?post=28084"},{"taxonomy":"product_tag","embeddable":true,"href":"https:\/\/onurkaucuk.com\/de\/wp-json\/wp\/v2\/product_tag?post=28084"}],"curies":[{"name":"wp","href":"https:\/\/api.w.org\/{rel}","templated":true}]}}