{"id":28130,"date":"2025-07-01T01:18:22","date_gmt":"2025-06-30T22:18:22","guid":{"rendered":"https:\/\/onurkaucuk.com\/?post_type=product&#038;p=28130"},"modified":"2025-12-19T12:14:23","modified_gmt":"2025-12-19T09:14:23","slug":"epdm-neopren-seritler","status":"publish","type":"product","link":"https:\/\/onurkaucuk.com\/de\/produkt\/epdm-neopren-seritler\/","title":{"rendered":"EPDM Neoprenstreifen"},"content":{"rendered":"<p>EPDM \u2013 Neoprenprofile<br \/>\nKundenspezifische Streifendichtungen werden nach Kundenwunsch gefertigt. Je nach Anwendung werden Nitril-, Neopren- oder EPDM-Materialien als Rohmaterialien ausgew\u00e4hlt, um f\u00fcr jede Anwendung optimale Dichtungsl\u00f6sungen zu gew\u00e4hrleisten.<\/p>\n<p><strong>Hauptmerkmale von EPDM \u2013 Neoprenprofilen:<\/strong><\/p>\n<ul>\n<li>EPDM-Deckdichtungen: Gew\u00e4hrleisten eine zuverl\u00e4ssige Abdichtung dank ihrer hohen Temperatur- und Chemikalienbest\u00e4ndigkeit.<\/li>\n<li>Flammhemmende Neoprendichtungen: Speziell gefertigte Neoprendichtungen sind feuerbest\u00e4ndig und bieten auch unter anspruchsvollen Bedingungen zuverl\u00e4ssige Leistung.<\/li>\n<li>EPDM- und Neopren-Dichtungsprofile: Diese Profile sind f\u00fcr verschiedene Anwendungen konzipiert und weisen hohe Dichtungseigenschaften auf.<\/li>\n<li>Nitrilstreifen: Aufgrund ihrer Best\u00e4ndigkeit gegen\u00fcber \u00d6l und Kraftstoff werden Nitrilstreifen h\u00e4ufig in industriellen Anwendungen bevorzugt eingesetzt.<\/li>\n<li>Mit Wollfilz verst\u00e4rkte Streifendichtungen: Hierbei handelt es sich um spezielle Streifendichtungen, die mit Wollfilz verst\u00e4rkt sind und so f\u00fcr zus\u00e4tzliche Haltbarkeit und absolute Dichtheit sorgen.<\/li>\n<\/ul>\n<p><strong>Einsatzgebiete<\/strong><\/p>\n<p>EPDM- und Neoprenprofile finden in verschiedenen Branchen wie der Automobil-, Bau-, Lebensmittel- und Chemieindustrie breite Anwendung. Jedes Produkt ist auf spezifische Anwendungsanforderungen zugeschnitten und bietet somit zuverl\u00e4ssige und effektive Dichtungsl\u00f6sungen.<\/p>","protected":false},"excerpt":{"rendered":"<p class=\" translation-block\">Sie k\u00f6nnen sich an unsere <strong>Verkaufsabteilung<\/strong> wenden, um weitere Informationen zu erhalten oder projektspezifische L\u00f6sungen zu entwickeln.<\/p>","protected":false},"featured_media":28131,"template":"","meta":[],"product_brand":[],"product_cat":[245],"product_tag":[],"class_list":{"0":"post-28130","1":"product","2":"type-product","3":"status-publish","4":"has-post-thumbnail","6":"product_cat-sungerler-ve-seritler","8":"first","9":"instock","10":"shipping-taxable","11":"product-type-external"},"yoast_head":"<!-- This site is optimized with the Yoast SEO plugin v25.6 - https:\/\/yoast.com\/wordpress\/plugins\/seo\/ -->\n<title>EPDM-Neopren \u015eeritler - Onur Kau&ccedil;uk<\/title>\n<meta name=\"description\" content=\"EPDM-Neopren \u015eeritler \u00fcr\u00fcn\u00fcn\u00fc incelemek ve EPDM-Neopren \u015eeritler fiyat teklifi almak i\u00e7in hemen t\u0131klay\u0131n. \u0130leti\u015fime ge\u00e7erek \u00fccretsiz teklif al\u0131n.\" \/>\n<meta name=\"robots\" content=\"index, follow, max-snippet:-1, max-image-preview:large, max-video-preview:-1\" \/>\n<link rel=\"canonical\" href=\"https:\/\/onurkaucuk.com\/de\/produkt\/epdm-neopren-seritler\/\" \/>\n<meta property=\"og:locale\" content=\"de_DE\" \/>\n<meta property=\"og:type\" content=\"article\" \/>\n<meta property=\"og:title\" content=\"EPDM-Neopren \u015eeritler - Onur Kau&ccedil;uk\" \/>\n<meta property=\"og:description\" content=\"EPDM-Neopren \u015eeritler \u00fcr\u00fcn\u00fcn\u00fc incelemek ve EPDM-Neopren \u015eeritler fiyat teklifi almak i\u00e7in hemen t\u0131klay\u0131n. \u0130leti\u015fime ge\u00e7erek \u00fccretsiz teklif al\u0131n.\" \/>\n<meta property=\"og:url\" content=\"https:\/\/onurkaucuk.com\/de\/produkt\/epdm-neopren-seritler\/\" \/>\n<meta property=\"og:site_name\" content=\"Onur Kau&ccedil;uk\" \/>\n<meta property=\"article:modified_time\" content=\"2025-12-19T09:14:23+00:00\" \/>\n<meta property=\"og:image\" content=\"https:\/\/onurkaucuk.com\/wp-content\/uploads\/2025\/08\/EPDM-Neopren-Seritler-1u.jpg\" \/>\n\t<meta property=\"og:image:width\" content=\"952\" \/>\n\t<meta property=\"og:image:height\" content=\"907\" \/>\n\t<meta property=\"og:image:type\" content=\"image\/jpeg\" \/>\n<meta name=\"twitter:card\" content=\"summary_large_image\" \/>\n<meta name=\"twitter:label1\" content=\"Gesch\u00e4tzte Lesezeit\" \/>\n\t<meta name=\"twitter:data1\" content=\"2\u00a0Minuten\" \/>\n<script type=\"application\/ld+json\" class=\"yoast-schema-graph\">{\"@context\":\"https:\/\/schema.org\",\"@graph\":[{\"@type\":\"WebPage\",\"@id\":\"https:\/\/onurkaucuk.com\/urun\/epdm-neopren-seritler\/\",\"url\":\"https:\/\/onurkaucuk.com\/urun\/epdm-neopren-seritler\/\",\"name\":\"EPDM-Neopren \u015eeritler - Onur Kau&ccedil;uk\",\"isPartOf\":{\"@id\":\"https:\/\/onurkaucuk.com\/#website\"},\"primaryImageOfPage\":{\"@id\":\"https:\/\/onurkaucuk.com\/urun\/epdm-neopren-seritler\/#primaryimage\"},\"image\":{\"@id\":\"https:\/\/onurkaucuk.com\/urun\/epdm-neopren-seritler\/#primaryimage\"},\"thumbnailUrl\":\"https:\/\/onurkaucuk.com\/wp-content\/uploads\/2025\/08\/EPDM-Neopren-Seritler-1u.jpg\",\"datePublished\":\"2025-06-30T22:18:22+00:00\",\"dateModified\":\"2025-12-19T09:14:23+00:00\",\"description\":\"EPDM-Neopren \u015eeritler \u00fcr\u00fcn\u00fcn\u00fc incelemek ve EPDM-Neopren \u015eeritler fiyat teklifi almak i\u00e7in hemen t\u0131klay\u0131n. \u0130leti\u015fime ge\u00e7erek \u00fccretsiz teklif al\u0131n.\",\"breadcrumb\":{\"@id\":\"https:\/\/onurkaucuk.com\/urun\/epdm-neopren-seritler\/#breadcrumb\"},\"inLanguage\":\"de\",\"potentialAction\":[{\"@type\":\"ReadAction\",\"target\":[\"https:\/\/onurkaucuk.com\/urun\/epdm-neopren-seritler\/\"]}]},{\"@type\":\"ImageObject\",\"inLanguage\":\"de\",\"@id\":\"https:\/\/onurkaucuk.com\/urun\/epdm-neopren-seritler\/#primaryimage\",\"url\":\"https:\/\/onurkaucuk.com\/wp-content\/uploads\/2025\/08\/EPDM-Neopren-Seritler-1u.jpg\",\"contentUrl\":\"https:\/\/onurkaucuk.com\/wp-content\/uploads\/2025\/08\/EPDM-Neopren-Seritler-1u.jpg\",\"width\":952,\"height\":907},{\"@type\":\"BreadcrumbList\",\"@id\":\"https:\/\/onurkaucuk.com\/urun\/epdm-neopren-seritler\/#breadcrumb\",\"itemListElement\":[{\"@type\":\"ListItem\",\"position\":1,\"name\":\"Anasayfa\",\"item\":\"https:\/\/onurkaucuk.com\/\"},{\"@type\":\"ListItem\",\"position\":2,\"name\":\"\u00dcr\u00fcnlerimiz\",\"item\":\"https:\/\/onurkaucuk.com\/urunlerimiz\/\"},{\"@type\":\"ListItem\",\"position\":3,\"name\":\"EPDM-Neopren \u015eeritler\"}]},{\"@type\":\"WebSite\",\"@id\":\"https:\/\/onurkaucuk.com\/#website\",\"url\":\"https:\/\/onurkaucuk.com\/\",\"name\":\"Onur Kau&ccedil;uk\",\"description\":\"Kau&ccedil;uk ve Silikonda G&uuml;venilir &Ccedil;&ouml;z&uuml;m Orta\u011f\u0131n\u0131z\",\"publisher\":{\"@id\":\"https:\/\/onurkaucuk.com\/#organization\"},\"potentialAction\":[{\"@type\":\"SearchAction\",\"target\":{\"@type\":\"EntryPoint\",\"urlTemplate\":\"https:\/\/onurkaucuk.com\/?s={search_term_string}\"},\"query-input\":{\"@type\":\"PropertyValueSpecification\",\"valueRequired\":true,\"valueName\":\"search_term_string\"}}],\"inLanguage\":\"de\"},{\"@type\":\"Organization\",\"@id\":\"https:\/\/onurkaucuk.com\/#organization\",\"name\":\"Onur Kau&ccedil;uk\",\"url\":\"https:\/\/onurkaucuk.com\/\",\"logo\":{\"@type\":\"ImageObject\",\"inLanguage\":\"de\",\"@id\":\"https:\/\/onurkaucuk.com\/#\/schema\/logo\/image\/\",\"url\":\"https:\/\/onurkaucuk.com\/wp-content\/uploads\/2025\/07\/onurkaucuk-logo-buyuk.png\",\"contentUrl\":\"https:\/\/onurkaucuk.com\/wp-content\/uploads\/2025\/07\/onurkaucuk-logo-buyuk.png\",\"width\":698,\"height\":250,\"caption\":\"Onur Kau&ccedil;uk\"},\"image\":{\"@id\":\"https:\/\/onurkaucuk.com\/#\/schema\/logo\/image\/\"}}]}<\/script>\n<!-- \/ Yoast SEO plugin. -->","yoast_head_json":{"title":"EPDM-Neopren \u015eeritler - Onur Kau&ccedil;uk","description":"EPDM-Neopren \u015eeritler \u00fcr\u00fcn\u00fcn\u00fc incelemek ve EPDM-Neopren \u015eeritler fiyat teklifi almak i\u00e7in hemen t\u0131klay\u0131n. \u0130leti\u015fime ge\u00e7erek \u00fccretsiz teklif al\u0131n.","robots":{"index":"index","follow":"follow","max-snippet":"max-snippet:-1","max-image-preview":"max-image-preview:large","max-video-preview":"max-video-preview:-1"},"canonical":"https:\/\/onurkaucuk.com\/de\/produkt\/epdm-neopren-seritler\/","og_locale":"de_DE","og_type":"article","og_title":"EPDM-Neopren \u015eeritler - Onur Kau&ccedil;uk","og_description":"EPDM-Neopren \u015eeritler \u00fcr\u00fcn\u00fcn\u00fc incelemek ve EPDM-Neopren \u015eeritler fiyat teklifi almak i\u00e7in hemen t\u0131klay\u0131n. \u0130leti\u015fime ge\u00e7erek \u00fccretsiz teklif al\u0131n.","og_url":"https:\/\/onurkaucuk.com\/de\/produkt\/epdm-neopren-seritler\/","og_site_name":"Onur Kau&ccedil;uk","article_modified_time":"2025-12-19T09:14:23+00:00","og_image":[{"width":952,"height":907,"url":"https:\/\/onurkaucuk.com\/wp-content\/uploads\/2025\/08\/EPDM-Neopren-Seritler-1u.jpg","type":"image\/jpeg"}],"twitter_card":"summary_large_image","twitter_misc":{"Gesch\u00e4tzte Lesezeit":"2\u00a0Minuten"},"schema":{"@context":"https:\/\/schema.org","@graph":[{"@type":"WebPage","@id":"https:\/\/onurkaucuk.com\/urun\/epdm-neopren-seritler\/","url":"https:\/\/onurkaucuk.com\/urun\/epdm-neopren-seritler\/","name":"EPDM-Neopren \u015eeritler - Onur Kau&ccedil;uk","isPartOf":{"@id":"https:\/\/onurkaucuk.com\/#website"},"primaryImageOfPage":{"@id":"https:\/\/onurkaucuk.com\/urun\/epdm-neopren-seritler\/#primaryimage"},"image":{"@id":"https:\/\/onurkaucuk.com\/urun\/epdm-neopren-seritler\/#primaryimage"},"thumbnailUrl":"https:\/\/onurkaucuk.com\/wp-content\/uploads\/2025\/08\/EPDM-Neopren-Seritler-1u.jpg","datePublished":"2025-06-30T22:18:22+00:00","dateModified":"2025-12-19T09:14:23+00:00","description":"EPDM-Neopren \u015eeritler \u00fcr\u00fcn\u00fcn\u00fc incelemek ve EPDM-Neopren \u015eeritler fiyat teklifi almak i\u00e7in hemen t\u0131klay\u0131n. \u0130leti\u015fime ge\u00e7erek \u00fccretsiz teklif al\u0131n.","breadcrumb":{"@id":"https:\/\/onurkaucuk.com\/urun\/epdm-neopren-seritler\/#breadcrumb"},"inLanguage":"de","potentialAction":[{"@type":"ReadAction","target":["https:\/\/onurkaucuk.com\/urun\/epdm-neopren-seritler\/"]}]},{"@type":"ImageObject","inLanguage":"de","@id":"https:\/\/onurkaucuk.com\/urun\/epdm-neopren-seritler\/#primaryimage","url":"https:\/\/onurkaucuk.com\/wp-content\/uploads\/2025\/08\/EPDM-Neopren-Seritler-1u.jpg","contentUrl":"https:\/\/onurkaucuk.com\/wp-content\/uploads\/2025\/08\/EPDM-Neopren-Seritler-1u.jpg","width":952,"height":907},{"@type":"BreadcrumbList","@id":"https:\/\/onurkaucuk.com\/urun\/epdm-neopren-seritler\/#breadcrumb","itemListElement":[{"@type":"ListItem","position":1,"name":"Anasayfa","item":"https:\/\/onurkaucuk.com\/"},{"@type":"ListItem","position":2,"name":"\u00dcr\u00fcnlerimiz","item":"https:\/\/onurkaucuk.com\/urunlerimiz\/"},{"@type":"ListItem","position":3,"name":"EPDM-Neopren \u015eeritler"}]},{"@type":"WebSite","@id":"https:\/\/onurkaucuk.com\/#website","url":"https:\/\/onurkaucuk.com\/","name":"Onur Kau&ccedil;uk","description":"Kau&ccedil;uk ve Silikonda G&uuml;venilir &Ccedil;&ouml;z&uuml;m Orta\u011f\u0131n\u0131z","publisher":{"@id":"https:\/\/onurkaucuk.com\/#organization"},"potentialAction":[{"@type":"SearchAction","target":{"@type":"EntryPoint","urlTemplate":"https:\/\/onurkaucuk.com\/?s={search_term_string}"},"query-input":{"@type":"PropertyValueSpecification","valueRequired":true,"valueName":"search_term_string"}}],"inLanguage":"de"},{"@type":"Organization","@id":"https:\/\/onurkaucuk.com\/#organization","name":"Onur Kau&ccedil;uk","url":"https:\/\/onurkaucuk.com\/","logo":{"@type":"ImageObject","inLanguage":"de","@id":"https:\/\/onurkaucuk.com\/#\/schema\/logo\/image\/","url":"https:\/\/onurkaucuk.com\/wp-content\/uploads\/2025\/07\/onurkaucuk-logo-buyuk.png","contentUrl":"https:\/\/onurkaucuk.com\/wp-content\/uploads\/2025\/07\/onurkaucuk-logo-buyuk.png","width":698,"height":250,"caption":"Onur Kau&ccedil;uk"},"image":{"@id":"https:\/\/onurkaucuk.com\/#\/schema\/logo\/image\/"}}]}},"_links":{"self":[{"href":"https:\/\/onurkaucuk.com\/de\/wp-json\/wp\/v2\/product\/28130","targetHints":{"allow":["GET"]}}],"collection":[{"href":"https:\/\/onurkaucuk.com\/de\/wp-json\/wp\/v2\/product"}],"about":[{"href":"https:\/\/onurkaucuk.com\/de\/wp-json\/wp\/v2\/types\/product"}],"wp:featuredmedia":[{"embeddable":true,"href":"https:\/\/onurkaucuk.com\/de\/wp-json\/wp\/v2\/media\/28131"}],"wp:attachment":[{"href":"https:\/\/onurkaucuk.com\/de\/wp-json\/wp\/v2\/media?parent=28130"}],"wp:term":[{"taxonomy":"product_brand","embeddable":true,"href":"https:\/\/onurkaucuk.com\/de\/wp-json\/wp\/v2\/product_brand?post=28130"},{"taxonomy":"product_cat","embeddable":true,"href":"https:\/\/onurkaucuk.com\/de\/wp-json\/wp\/v2\/product_cat?post=28130"},{"taxonomy":"product_tag","embeddable":true,"href":"https:\/\/onurkaucuk.com\/de\/wp-json\/wp\/v2\/product_tag?post=28130"}],"curies":[{"name":"wp","href":"https:\/\/api.w.org\/{rel}","templated":true}]}}