{"id":28132,"date":"2025-08-01T01:19:43","date_gmt":"2025-07-31T22:19:43","guid":{"rendered":"https:\/\/onurkaucuk.com\/?post_type=product&#038;p=28132"},"modified":"2025-12-19T12:01:51","modified_gmt":"2025-12-19T09:01:51","slug":"kaucuk-lama","status":"publish","type":"product","link":"https:\/\/onurkaucuk.com\/de\/produkt\/kaucuk-lama\/","title":{"rendered":"Gummi-Lama"},"content":{"rendered":"<p>Gummiklingen sollten sorgf\u00e4ltig auf der Grundlage der Chemikalien und externen Faktoren ausgew\u00e4hlt werden, mit denen sie in der Umgebung, in der sie verwendet werden, in Kontakt kommen. Bei ihrer Herstellung kann Neopren, Nitril oder Naturkautschuk verwendet werden, was die Haltbarkeit des Produkts erh\u00f6ht.<\/p>\n<p><strong>Eigenschaften der Gummiklingen:<\/strong><\/p>\n<ul>\n<li><strong>Schlag- und reibungsfest:<\/strong>\u00a0Gummischaberklingen aus ungef\u00fclltem Reinkautschukmaterial weisen eine hohe Schlag- und Reibungsfestigkeit auf.<\/li>\n<li><strong>Verschiedene H\u00e4rteoptionen:<\/strong>\u00a0Neopren-Gummistreifen k\u00f6nnen in einem H\u00e4rtebereich von 30\u201390 Shore A hergestellt werden und bieten Flexibilit\u00e4t f\u00fcr eine Vielzahl von Anwendungen.<\/li>\n<li><strong>Breite Einsatzbereiche:<\/strong>\u00a0Gummiplatten werden h\u00e4ufig als Schalld\u00e4mpfer und Dichtungsmaterial verwendet, insbesondere bei Bauprojekten, bei Dammabdeckungen und im Maschinenbau.<\/li>\n<\/ul>\n<p><strong>Benutzerdefinierte Gr\u00f6\u00dfen- und Ma\u00dfoptionen:<\/strong><\/p>\n<p>Die Abmessungen der Gummibl\u00e4tter sind in der folgenden Tabelle aufgef\u00fchrt. Auf Anfrage sind auch Sondergr\u00f6\u00dfen und -abmessungen der Gummimaterialien erh\u00e4ltlich.<\/p>","protected":false},"excerpt":{"rendered":"<p class=\" translation-block\">Sie k\u00f6nnen sich an unsere <strong>Verkaufsabteilung<\/strong> wenden, um weitere Informationen zu erhalten oder projektspezifische L\u00f6sungen zu entwickeln.<\/p>","protected":false},"featured_media":28133,"template":"","meta":[],"product_brand":[],"product_cat":[245],"product_tag":[],"class_list":{"0":"post-28132","1":"product","2":"type-product","3":"status-publish","4":"has-post-thumbnail","6":"product_cat-sungerler-ve-seritler","8":"first","9":"instock","10":"shipping-taxable","11":"product-type-external"},"yoast_head":"<!-- This site is optimized with the Yoast SEO plugin v25.6 - https:\/\/yoast.com\/wordpress\/plugins\/seo\/ -->\n<title>Kau\u00e7uk Lama - Onur Kau&ccedil;uk<\/title>\n<meta name=\"description\" content=\"Kau\u00e7uk Lama \u00fcr\u00fcn\u00fcn\u00fc incelemek ve Kau\u00e7uk Lama fiyat teklifi almak i\u00e7in hemen t\u0131klay\u0131n. \u0130leti\u015fime ge\u00e7erek \u00fccretsiz teklif al\u0131n.\" \/>\n<meta name=\"robots\" content=\"index, follow, max-snippet:-1, max-image-preview:large, max-video-preview:-1\" \/>\n<link rel=\"canonical\" href=\"https:\/\/onurkaucuk.com\/de\/produkt\/kaucuk-lama\/\" \/>\n<meta property=\"og:locale\" content=\"de_DE\" \/>\n<meta property=\"og:type\" content=\"article\" \/>\n<meta property=\"og:title\" content=\"Kau\u00e7uk Lama - Onur Kau&ccedil;uk\" \/>\n<meta property=\"og:description\" content=\"Kau\u00e7uk Lama \u00fcr\u00fcn\u00fcn\u00fc incelemek ve Kau\u00e7uk Lama fiyat teklifi almak i\u00e7in hemen t\u0131klay\u0131n. \u0130leti\u015fime ge\u00e7erek \u00fccretsiz teklif al\u0131n.\" \/>\n<meta property=\"og:url\" content=\"https:\/\/onurkaucuk.com\/de\/produkt\/kaucuk-lama\/\" \/>\n<meta property=\"og:site_name\" content=\"Onur Kau&ccedil;uk\" \/>\n<meta property=\"article:modified_time\" content=\"2025-12-19T09:01:51+00:00\" \/>\n<meta property=\"og:image\" content=\"https:\/\/onurkaucuk.com\/wp-content\/uploads\/2025\/08\/Kaucuk-Lama-1.jpeg\" \/>\n\t<meta property=\"og:image:width\" content=\"952\" \/>\n\t<meta property=\"og:image:height\" content=\"907\" \/>\n\t<meta property=\"og:image:type\" content=\"image\/jpeg\" \/>\n<meta name=\"twitter:card\" content=\"summary_large_image\" \/>\n<meta name=\"twitter:label1\" content=\"Gesch\u00e4tzte Lesezeit\" \/>\n\t<meta name=\"twitter:data1\" content=\"1\u00a0Minute\" \/>\n<script type=\"application\/ld+json\" class=\"yoast-schema-graph\">{\"@context\":\"https:\/\/schema.org\",\"@graph\":[{\"@type\":\"WebPage\",\"@id\":\"https:\/\/onurkaucuk.com\/urun\/kaucuk-lama\/\",\"url\":\"https:\/\/onurkaucuk.com\/urun\/kaucuk-lama\/\",\"name\":\"Kau\u00e7uk Lama - Onur Kau&ccedil;uk\",\"isPartOf\":{\"@id\":\"https:\/\/onurkaucuk.com\/#website\"},\"primaryImageOfPage\":{\"@id\":\"https:\/\/onurkaucuk.com\/urun\/kaucuk-lama\/#primaryimage\"},\"image\":{\"@id\":\"https:\/\/onurkaucuk.com\/urun\/kaucuk-lama\/#primaryimage\"},\"thumbnailUrl\":\"https:\/\/onurkaucuk.com\/wp-content\/uploads\/2025\/08\/Kaucuk-Lama-1.jpeg\",\"datePublished\":\"2025-07-31T22:19:43+00:00\",\"dateModified\":\"2025-12-19T09:01:51+00:00\",\"description\":\"Kau\u00e7uk Lama \u00fcr\u00fcn\u00fcn\u00fc incelemek ve Kau\u00e7uk Lama fiyat teklifi almak i\u00e7in hemen t\u0131klay\u0131n. \u0130leti\u015fime ge\u00e7erek \u00fccretsiz teklif al\u0131n.\",\"breadcrumb\":{\"@id\":\"https:\/\/onurkaucuk.com\/urun\/kaucuk-lama\/#breadcrumb\"},\"inLanguage\":\"de\",\"potentialAction\":[{\"@type\":\"ReadAction\",\"target\":[\"https:\/\/onurkaucuk.com\/urun\/kaucuk-lama\/\"]}]},{\"@type\":\"ImageObject\",\"inLanguage\":\"de\",\"@id\":\"https:\/\/onurkaucuk.com\/urun\/kaucuk-lama\/#primaryimage\",\"url\":\"https:\/\/onurkaucuk.com\/wp-content\/uploads\/2025\/08\/Kaucuk-Lama-1.jpeg\",\"contentUrl\":\"https:\/\/onurkaucuk.com\/wp-content\/uploads\/2025\/08\/Kaucuk-Lama-1.jpeg\",\"width\":952,\"height\":907},{\"@type\":\"BreadcrumbList\",\"@id\":\"https:\/\/onurkaucuk.com\/urun\/kaucuk-lama\/#breadcrumb\",\"itemListElement\":[{\"@type\":\"ListItem\",\"position\":1,\"name\":\"Anasayfa\",\"item\":\"https:\/\/onurkaucuk.com\/\"},{\"@type\":\"ListItem\",\"position\":2,\"name\":\"\u00dcr\u00fcnlerimiz\",\"item\":\"https:\/\/onurkaucuk.com\/urunlerimiz\/\"},{\"@type\":\"ListItem\",\"position\":3,\"name\":\"Kau\u00e7uk Lama\"}]},{\"@type\":\"WebSite\",\"@id\":\"https:\/\/onurkaucuk.com\/#website\",\"url\":\"https:\/\/onurkaucuk.com\/\",\"name\":\"Onur Kau&ccedil;uk\",\"description\":\"Kau&ccedil;uk ve Silikonda G&uuml;venilir &Ccedil;&ouml;z&uuml;m Orta\u011f\u0131n\u0131z\",\"publisher\":{\"@id\":\"https:\/\/onurkaucuk.com\/#organization\"},\"potentialAction\":[{\"@type\":\"SearchAction\",\"target\":{\"@type\":\"EntryPoint\",\"urlTemplate\":\"https:\/\/onurkaucuk.com\/?s={search_term_string}\"},\"query-input\":{\"@type\":\"PropertyValueSpecification\",\"valueRequired\":true,\"valueName\":\"search_term_string\"}}],\"inLanguage\":\"de\"},{\"@type\":\"Organization\",\"@id\":\"https:\/\/onurkaucuk.com\/#organization\",\"name\":\"Onur Kau&ccedil;uk\",\"url\":\"https:\/\/onurkaucuk.com\/\",\"logo\":{\"@type\":\"ImageObject\",\"inLanguage\":\"de\",\"@id\":\"https:\/\/onurkaucuk.com\/#\/schema\/logo\/image\/\",\"url\":\"https:\/\/onurkaucuk.com\/wp-content\/uploads\/2025\/07\/onurkaucuk-logo-buyuk.png\",\"contentUrl\":\"https:\/\/onurkaucuk.com\/wp-content\/uploads\/2025\/07\/onurkaucuk-logo-buyuk.png\",\"width\":698,\"height\":250,\"caption\":\"Onur Kau&ccedil;uk\"},\"image\":{\"@id\":\"https:\/\/onurkaucuk.com\/#\/schema\/logo\/image\/\"}}]}<\/script>\n<!-- \/ Yoast SEO plugin. -->","yoast_head_json":{"title":"Kau\u00e7uk Lama - Onur Kau&ccedil;uk","description":"Kau\u00e7uk Lama \u00fcr\u00fcn\u00fcn\u00fc incelemek ve Kau\u00e7uk Lama fiyat teklifi almak i\u00e7in hemen t\u0131klay\u0131n. \u0130leti\u015fime ge\u00e7erek \u00fccretsiz teklif al\u0131n.","robots":{"index":"index","follow":"follow","max-snippet":"max-snippet:-1","max-image-preview":"max-image-preview:large","max-video-preview":"max-video-preview:-1"},"canonical":"https:\/\/onurkaucuk.com\/de\/produkt\/kaucuk-lama\/","og_locale":"de_DE","og_type":"article","og_title":"Kau\u00e7uk Lama - Onur Kau&ccedil;uk","og_description":"Kau\u00e7uk Lama \u00fcr\u00fcn\u00fcn\u00fc incelemek ve Kau\u00e7uk Lama fiyat teklifi almak i\u00e7in hemen t\u0131klay\u0131n. \u0130leti\u015fime ge\u00e7erek \u00fccretsiz teklif al\u0131n.","og_url":"https:\/\/onurkaucuk.com\/de\/produkt\/kaucuk-lama\/","og_site_name":"Onur Kau&ccedil;uk","article_modified_time":"2025-12-19T09:01:51+00:00","og_image":[{"width":952,"height":907,"url":"https:\/\/onurkaucuk.com\/wp-content\/uploads\/2025\/08\/Kaucuk-Lama-1.jpeg","type":"image\/jpeg"}],"twitter_card":"summary_large_image","twitter_misc":{"Gesch\u00e4tzte Lesezeit":"1\u00a0Minute"},"schema":{"@context":"https:\/\/schema.org","@graph":[{"@type":"WebPage","@id":"https:\/\/onurkaucuk.com\/urun\/kaucuk-lama\/","url":"https:\/\/onurkaucuk.com\/urun\/kaucuk-lama\/","name":"Kau\u00e7uk Lama - Onur Kau&ccedil;uk","isPartOf":{"@id":"https:\/\/onurkaucuk.com\/#website"},"primaryImageOfPage":{"@id":"https:\/\/onurkaucuk.com\/urun\/kaucuk-lama\/#primaryimage"},"image":{"@id":"https:\/\/onurkaucuk.com\/urun\/kaucuk-lama\/#primaryimage"},"thumbnailUrl":"https:\/\/onurkaucuk.com\/wp-content\/uploads\/2025\/08\/Kaucuk-Lama-1.jpeg","datePublished":"2025-07-31T22:19:43+00:00","dateModified":"2025-12-19T09:01:51+00:00","description":"Kau\u00e7uk Lama \u00fcr\u00fcn\u00fcn\u00fc incelemek ve Kau\u00e7uk Lama fiyat teklifi almak i\u00e7in hemen t\u0131klay\u0131n. \u0130leti\u015fime ge\u00e7erek \u00fccretsiz teklif al\u0131n.","breadcrumb":{"@id":"https:\/\/onurkaucuk.com\/urun\/kaucuk-lama\/#breadcrumb"},"inLanguage":"de","potentialAction":[{"@type":"ReadAction","target":["https:\/\/onurkaucuk.com\/urun\/kaucuk-lama\/"]}]},{"@type":"ImageObject","inLanguage":"de","@id":"https:\/\/onurkaucuk.com\/urun\/kaucuk-lama\/#primaryimage","url":"https:\/\/onurkaucuk.com\/wp-content\/uploads\/2025\/08\/Kaucuk-Lama-1.jpeg","contentUrl":"https:\/\/onurkaucuk.com\/wp-content\/uploads\/2025\/08\/Kaucuk-Lama-1.jpeg","width":952,"height":907},{"@type":"BreadcrumbList","@id":"https:\/\/onurkaucuk.com\/urun\/kaucuk-lama\/#breadcrumb","itemListElement":[{"@type":"ListItem","position":1,"name":"Anasayfa","item":"https:\/\/onurkaucuk.com\/"},{"@type":"ListItem","position":2,"name":"\u00dcr\u00fcnlerimiz","item":"https:\/\/onurkaucuk.com\/urunlerimiz\/"},{"@type":"ListItem","position":3,"name":"Kau\u00e7uk Lama"}]},{"@type":"WebSite","@id":"https:\/\/onurkaucuk.com\/#website","url":"https:\/\/onurkaucuk.com\/","name":"Onur Kau&ccedil;uk","description":"Kau&ccedil;uk ve Silikonda G&uuml;venilir &Ccedil;&ouml;z&uuml;m Orta\u011f\u0131n\u0131z","publisher":{"@id":"https:\/\/onurkaucuk.com\/#organization"},"potentialAction":[{"@type":"SearchAction","target":{"@type":"EntryPoint","urlTemplate":"https:\/\/onurkaucuk.com\/?s={search_term_string}"},"query-input":{"@type":"PropertyValueSpecification","valueRequired":true,"valueName":"search_term_string"}}],"inLanguage":"de"},{"@type":"Organization","@id":"https:\/\/onurkaucuk.com\/#organization","name":"Onur Kau&ccedil;uk","url":"https:\/\/onurkaucuk.com\/","logo":{"@type":"ImageObject","inLanguage":"de","@id":"https:\/\/onurkaucuk.com\/#\/schema\/logo\/image\/","url":"https:\/\/onurkaucuk.com\/wp-content\/uploads\/2025\/07\/onurkaucuk-logo-buyuk.png","contentUrl":"https:\/\/onurkaucuk.com\/wp-content\/uploads\/2025\/07\/onurkaucuk-logo-buyuk.png","width":698,"height":250,"caption":"Onur Kau&ccedil;uk"},"image":{"@id":"https:\/\/onurkaucuk.com\/#\/schema\/logo\/image\/"}}]}},"_links":{"self":[{"href":"https:\/\/onurkaucuk.com\/de\/wp-json\/wp\/v2\/product\/28132","targetHints":{"allow":["GET"]}}],"collection":[{"href":"https:\/\/onurkaucuk.com\/de\/wp-json\/wp\/v2\/product"}],"about":[{"href":"https:\/\/onurkaucuk.com\/de\/wp-json\/wp\/v2\/types\/product"}],"wp:featuredmedia":[{"embeddable":true,"href":"https:\/\/onurkaucuk.com\/de\/wp-json\/wp\/v2\/media\/28133"}],"wp:attachment":[{"href":"https:\/\/onurkaucuk.com\/de\/wp-json\/wp\/v2\/media?parent=28132"}],"wp:term":[{"taxonomy":"product_brand","embeddable":true,"href":"https:\/\/onurkaucuk.com\/de\/wp-json\/wp\/v2\/product_brand?post=28132"},{"taxonomy":"product_cat","embeddable":true,"href":"https:\/\/onurkaucuk.com\/de\/wp-json\/wp\/v2\/product_cat?post=28132"},{"taxonomy":"product_tag","embeddable":true,"href":"https:\/\/onurkaucuk.com\/de\/wp-json\/wp\/v2\/product_tag?post=28132"}],"curies":[{"name":"wp","href":"https:\/\/api.w.org\/{rel}","templated":true}]}}