{"id":27950,"date":"2025-07-31T22:51:39","date_gmt":"2025-07-31T19:51:39","guid":{"rendered":"https:\/\/onurkaucuk.com\/?post_type=product&#038;p=27950"},"modified":"2025-12-19T12:13:53","modified_gmt":"2025-12-19T09:13:53","slug":"neopren-kaucuk-levha","status":"publish","type":"product","link":"https:\/\/onurkaucuk.com\/en\/product\/neopren-kaucuk-levha\/","title":{"rendered":"Neoprene Rubber Sheet"},"content":{"rendered":"<p><strong>Neoprene Rubber Sheet: Durable and Versatile Solutions<\/strong><\/p>\n<p><strong>Areas of Use<\/strong><\/p>\n<p>Neoprene rubber sheets are widely used in a variety of industrial and commercial applications. Specifically:<\/p>\n<ul>\n<li><strong>Contact with Seawater:<\/strong>\u00a0It performs excellently in environments exposed to seawater.<\/li>\n<li><strong>Outdoor Use:<\/strong>\u00a0Its durability makes it a preferred choice for outdoor areas exposed to direct sunlight.<\/li>\n<li><strong>Petroleum-Based Liquids:<\/strong>\u00a0It offers high resistance to petroleum-based liquids.<\/li>\n<\/ul>\n<p><strong>Features<\/strong><\/p>\n<ul>\n<li><strong>Resistance to Flammability:<\/strong>\u00a0Neoprene sheets are flame-resistant and provide fire safety.<\/li>\n<li><strong>UV Resistance:<\/strong>\u00a0It exhibits excellent resistance to ultraviolet rays.<\/li>\n<li><strong>Elasticity:<\/strong>\u00a0Its high elasticity provides flexibility in various applications.<\/li>\n<\/ul>\n<p><strong>Work Environment<\/strong><\/p>\n<ul>\n<li><strong>Temperature Range:<\/strong>\u00a0Neoprene rubber sheets can function without deterioration between -30\u00b0C and +120\u00b0C.<\/li>\n<li><strong>Resistance to Environmental Conditions:<\/strong>\u00a0It is resistant to wear and tear and external factors.<\/li>\n<\/ul>\n<p><strong>Size Options<\/strong><\/p>\n<ul>\n<li><strong>Width:<\/strong>\u00a0Standart geni\u015flik 1000 mm\u2019dir.<\/li>\n<li><strong>Length:<\/strong>\u00a0Its height is 2000 mm.<\/li>\n<li><strong>Thickness:<\/strong>\u00a0They are manufactured and stocked in thicknesses of 1 mm, 2 mm, 3 mm, 4 mm, 5 mm, 6 mm, 7 mm, 8 mm, 10 mm, 15 mm, 20 mm, and 30 mm.<\/li>\n<\/ul>\n<p><strong>Hardness Range<\/strong><\/p>\n<p>Neoprene sheets can have a hardness value in the range of 40-80 shore. This feature makes them suitable for custom sizes and gasket cutting.<\/p>\n<p><strong>Material Properties<\/strong><\/p>\n<p>Neoprene rubber sheets are a flame-retardant material resistant to sunlight, corrosion, seawater, acids, and chemicals. They have a non-flammable structure and are widely used in the construction industry, steel structures, and dam construction. They are also preferred in shipbuilding, fertilizer factories, and the glass industry as gasket sealing elements and shock-absorbing elastomer pads.<\/p>\n<p><strong>Other Rubber Sheets<\/strong><\/p>\n<ul>\n<li>Rubber Tire Sheets<\/li>\n<li>Patterned Rubber Sheets<\/li>\n<li>Dielectric Sheet (Insulating Carpet)<\/li>\n<li>EPDM Rubber Sheet<\/li>\n<li>Sandblasted Rubber Sheets<\/li>\n<li>Nitrile (NBR) Rubber Sheet<\/li>\n<\/ul>\n<p>For more information about neoprene rubber sheets or for your specific requests, please contact us!<\/p>","protected":false},"excerpt":{"rendered":"<p class=\" translation-block\">You can contact our <strong>sales department<\/strong> to get more information or to develop solutions specific to your projects.<\/p>","protected":false},"featured_media":27949,"template":"","meta":[],"product_brand":[],"product_cat":[233],"product_tag":[],"class_list":{"0":"post-27950","1":"product","2":"type-product","3":"status-publish","4":"has-post-thumbnail","6":"product_cat-kaucuk-levhalar","8":"first","9":"instock","10":"shipping-taxable","11":"product-type-external"},"yoast_head":"<!-- This site is optimized with the Yoast SEO plugin v25.6 - https:\/\/yoast.com\/wordpress\/plugins\/seo\/ -->\n<title>Neopren Kau\u00e7uk Levha - Onur Kau&ccedil;uk<\/title>\n<meta name=\"description\" content=\"Neopren Kau\u00e7uk Levha \u00fcr\u00fcn\u00fcn\u00fc incelemek ve Neopren Kau\u00e7uk Levha fiyat teklifi almak i\u00e7in hemen t\u0131klay\u0131n. \u0130leti\u015fime ge\u00e7erek \u00fccretsiz teklif al\u0131n.\" \/>\n<meta name=\"robots\" content=\"index, follow, max-snippet:-1, max-image-preview:large, max-video-preview:-1\" \/>\n<link rel=\"canonical\" href=\"https:\/\/onurkaucuk.com\/en\/product\/neopren-kaucuk-levha\/\" \/>\n<meta property=\"og:locale\" content=\"en_US\" \/>\n<meta property=\"og:type\" content=\"article\" \/>\n<meta property=\"og:title\" content=\"Neopren Kau\u00e7uk Levha - Onur Kau&ccedil;uk\" \/>\n<meta property=\"og:description\" content=\"Neopren Kau\u00e7uk Levha \u00fcr\u00fcn\u00fcn\u00fc incelemek ve Neopren Kau\u00e7uk Levha fiyat teklifi almak i\u00e7in hemen t\u0131klay\u0131n. \u0130leti\u015fime ge\u00e7erek \u00fccretsiz teklif al\u0131n.\" \/>\n<meta property=\"og:url\" content=\"https:\/\/onurkaucuk.com\/en\/product\/neopren-kaucuk-levha\/\" \/>\n<meta property=\"og:site_name\" content=\"Onur Kau&ccedil;uk\" \/>\n<meta property=\"article:modified_time\" content=\"2025-12-19T09:13:53+00:00\" \/>\n<meta property=\"og:image\" content=\"https:\/\/onurkaucuk.com\/wp-content\/uploads\/2025\/07\/EPDM-Kaucuk-Levha-1.jpg\" \/>\n\t<meta property=\"og:image:width\" content=\"952\" \/>\n\t<meta property=\"og:image:height\" content=\"907\" \/>\n\t<meta property=\"og:image:type\" content=\"image\/jpeg\" \/>\n<meta name=\"twitter:card\" content=\"summary_large_image\" \/>\n<meta name=\"twitter:label1\" content=\"Est. reading time\" \/>\n\t<meta name=\"twitter:data1\" content=\"2 minutes\" \/>\n<script type=\"application\/ld+json\" class=\"yoast-schema-graph\">{\"@context\":\"https:\/\/schema.org\",\"@graph\":[{\"@type\":\"WebPage\",\"@id\":\"https:\/\/onurkaucuk.com\/urun\/neopren-kaucuk-levha\/\",\"url\":\"https:\/\/onurkaucuk.com\/urun\/neopren-kaucuk-levha\/\",\"name\":\"Neopren Kau\u00e7uk Levha - Onur Kau&ccedil;uk\",\"isPartOf\":{\"@id\":\"https:\/\/onurkaucuk.com\/#website\"},\"primaryImageOfPage\":{\"@id\":\"https:\/\/onurkaucuk.com\/urun\/neopren-kaucuk-levha\/#primaryimage\"},\"image\":{\"@id\":\"https:\/\/onurkaucuk.com\/urun\/neopren-kaucuk-levha\/#primaryimage\"},\"thumbnailUrl\":\"https:\/\/onurkaucuk.com\/wp-content\/uploads\/2025\/07\/EPDM-Kaucuk-Levha-1.jpg\",\"datePublished\":\"2025-07-31T19:51:39+00:00\",\"dateModified\":\"2025-12-19T09:13:53+00:00\",\"description\":\"Neopren Kau\u00e7uk Levha \u00fcr\u00fcn\u00fcn\u00fc incelemek ve Neopren Kau\u00e7uk Levha fiyat teklifi almak i\u00e7in hemen t\u0131klay\u0131n. \u0130leti\u015fime ge\u00e7erek \u00fccretsiz teklif al\u0131n.\",\"breadcrumb\":{\"@id\":\"https:\/\/onurkaucuk.com\/urun\/neopren-kaucuk-levha\/#breadcrumb\"},\"inLanguage\":\"en-US\",\"potentialAction\":[{\"@type\":\"ReadAction\",\"target\":[\"https:\/\/onurkaucuk.com\/urun\/neopren-kaucuk-levha\/\"]}]},{\"@type\":\"ImageObject\",\"inLanguage\":\"en-US\",\"@id\":\"https:\/\/onurkaucuk.com\/urun\/neopren-kaucuk-levha\/#primaryimage\",\"url\":\"https:\/\/onurkaucuk.com\/wp-content\/uploads\/2025\/07\/EPDM-Kaucuk-Levha-1.jpg\",\"contentUrl\":\"https:\/\/onurkaucuk.com\/wp-content\/uploads\/2025\/07\/EPDM-Kaucuk-Levha-1.jpg\",\"width\":952,\"height\":907},{\"@type\":\"BreadcrumbList\",\"@id\":\"https:\/\/onurkaucuk.com\/urun\/neopren-kaucuk-levha\/#breadcrumb\",\"itemListElement\":[{\"@type\":\"ListItem\",\"position\":1,\"name\":\"Anasayfa\",\"item\":\"https:\/\/onurkaucuk.com\/\"},{\"@type\":\"ListItem\",\"position\":2,\"name\":\"\u00dcr\u00fcnlerimiz\",\"item\":\"https:\/\/onurkaucuk.com\/urunlerimiz\/\"},{\"@type\":\"ListItem\",\"position\":3,\"name\":\"Neopren Kau\u00e7uk Levha\"}]},{\"@type\":\"WebSite\",\"@id\":\"https:\/\/onurkaucuk.com\/#website\",\"url\":\"https:\/\/onurkaucuk.com\/\",\"name\":\"Onur Kau&ccedil;uk\",\"description\":\"Kau&ccedil;uk ve Silikonda G&uuml;venilir &Ccedil;&ouml;z&uuml;m Orta\u011f\u0131n\u0131z\",\"publisher\":{\"@id\":\"https:\/\/onurkaucuk.com\/#organization\"},\"potentialAction\":[{\"@type\":\"SearchAction\",\"target\":{\"@type\":\"EntryPoint\",\"urlTemplate\":\"https:\/\/onurkaucuk.com\/?s={search_term_string}\"},\"query-input\":{\"@type\":\"PropertyValueSpecification\",\"valueRequired\":true,\"valueName\":\"search_term_string\"}}],\"inLanguage\":\"en-US\"},{\"@type\":\"Organization\",\"@id\":\"https:\/\/onurkaucuk.com\/#organization\",\"name\":\"Onur Kau&ccedil;uk\",\"url\":\"https:\/\/onurkaucuk.com\/\",\"logo\":{\"@type\":\"ImageObject\",\"inLanguage\":\"en-US\",\"@id\":\"https:\/\/onurkaucuk.com\/#\/schema\/logo\/image\/\",\"url\":\"https:\/\/onurkaucuk.com\/wp-content\/uploads\/2025\/07\/onurkaucuk-logo-buyuk.png\",\"contentUrl\":\"https:\/\/onurkaucuk.com\/wp-content\/uploads\/2025\/07\/onurkaucuk-logo-buyuk.png\",\"width\":698,\"height\":250,\"caption\":\"Onur Kau&ccedil;uk\"},\"image\":{\"@id\":\"https:\/\/onurkaucuk.com\/#\/schema\/logo\/image\/\"}}]}<\/script>\n<!-- \/ Yoast SEO plugin. -->","yoast_head_json":{"title":"Neopren Kau\u00e7uk Levha - Onur Kau&ccedil;uk","description":"Neopren Kau\u00e7uk Levha \u00fcr\u00fcn\u00fcn\u00fc incelemek ve Neopren Kau\u00e7uk Levha fiyat teklifi almak i\u00e7in hemen t\u0131klay\u0131n. \u0130leti\u015fime ge\u00e7erek \u00fccretsiz teklif al\u0131n.","robots":{"index":"index","follow":"follow","max-snippet":"max-snippet:-1","max-image-preview":"max-image-preview:large","max-video-preview":"max-video-preview:-1"},"canonical":"https:\/\/onurkaucuk.com\/en\/product\/neopren-kaucuk-levha\/","og_locale":"en_US","og_type":"article","og_title":"Neopren Kau\u00e7uk Levha - Onur Kau&ccedil;uk","og_description":"Neopren Kau\u00e7uk Levha \u00fcr\u00fcn\u00fcn\u00fc incelemek ve Neopren Kau\u00e7uk Levha fiyat teklifi almak i\u00e7in hemen t\u0131klay\u0131n. \u0130leti\u015fime ge\u00e7erek \u00fccretsiz teklif al\u0131n.","og_url":"https:\/\/onurkaucuk.com\/en\/product\/neopren-kaucuk-levha\/","og_site_name":"Onur Kau&ccedil;uk","article_modified_time":"2025-12-19T09:13:53+00:00","og_image":[{"width":952,"height":907,"url":"https:\/\/onurkaucuk.com\/wp-content\/uploads\/2025\/07\/EPDM-Kaucuk-Levha-1.jpg","type":"image\/jpeg"}],"twitter_card":"summary_large_image","twitter_misc":{"Est. reading time":"2 minutes"},"schema":{"@context":"https:\/\/schema.org","@graph":[{"@type":"WebPage","@id":"https:\/\/onurkaucuk.com\/urun\/neopren-kaucuk-levha\/","url":"https:\/\/onurkaucuk.com\/urun\/neopren-kaucuk-levha\/","name":"Neopren Kau\u00e7uk Levha - Onur Kau&ccedil;uk","isPartOf":{"@id":"https:\/\/onurkaucuk.com\/#website"},"primaryImageOfPage":{"@id":"https:\/\/onurkaucuk.com\/urun\/neopren-kaucuk-levha\/#primaryimage"},"image":{"@id":"https:\/\/onurkaucuk.com\/urun\/neopren-kaucuk-levha\/#primaryimage"},"thumbnailUrl":"https:\/\/onurkaucuk.com\/wp-content\/uploads\/2025\/07\/EPDM-Kaucuk-Levha-1.jpg","datePublished":"2025-07-31T19:51:39+00:00","dateModified":"2025-12-19T09:13:53+00:00","description":"Neopren Kau\u00e7uk Levha \u00fcr\u00fcn\u00fcn\u00fc incelemek ve Neopren Kau\u00e7uk Levha fiyat teklifi almak i\u00e7in hemen t\u0131klay\u0131n. \u0130leti\u015fime ge\u00e7erek \u00fccretsiz teklif al\u0131n.","breadcrumb":{"@id":"https:\/\/onurkaucuk.com\/urun\/neopren-kaucuk-levha\/#breadcrumb"},"inLanguage":"en-US","potentialAction":[{"@type":"ReadAction","target":["https:\/\/onurkaucuk.com\/urun\/neopren-kaucuk-levha\/"]}]},{"@type":"ImageObject","inLanguage":"en-US","@id":"https:\/\/onurkaucuk.com\/urun\/neopren-kaucuk-levha\/#primaryimage","url":"https:\/\/onurkaucuk.com\/wp-content\/uploads\/2025\/07\/EPDM-Kaucuk-Levha-1.jpg","contentUrl":"https:\/\/onurkaucuk.com\/wp-content\/uploads\/2025\/07\/EPDM-Kaucuk-Levha-1.jpg","width":952,"height":907},{"@type":"BreadcrumbList","@id":"https:\/\/onurkaucuk.com\/urun\/neopren-kaucuk-levha\/#breadcrumb","itemListElement":[{"@type":"ListItem","position":1,"name":"Anasayfa","item":"https:\/\/onurkaucuk.com\/"},{"@type":"ListItem","position":2,"name":"\u00dcr\u00fcnlerimiz","item":"https:\/\/onurkaucuk.com\/urunlerimiz\/"},{"@type":"ListItem","position":3,"name":"Neopren Kau\u00e7uk Levha"}]},{"@type":"WebSite","@id":"https:\/\/onurkaucuk.com\/#website","url":"https:\/\/onurkaucuk.com\/","name":"Onur Kau&ccedil;uk","description":"Kau&ccedil;uk ve Silikonda G&uuml;venilir &Ccedil;&ouml;z&uuml;m Orta\u011f\u0131n\u0131z","publisher":{"@id":"https:\/\/onurkaucuk.com\/#organization"},"potentialAction":[{"@type":"SearchAction","target":{"@type":"EntryPoint","urlTemplate":"https:\/\/onurkaucuk.com\/?s={search_term_string}"},"query-input":{"@type":"PropertyValueSpecification","valueRequired":true,"valueName":"search_term_string"}}],"inLanguage":"en-US"},{"@type":"Organization","@id":"https:\/\/onurkaucuk.com\/#organization","name":"Onur Kau&ccedil;uk","url":"https:\/\/onurkaucuk.com\/","logo":{"@type":"ImageObject","inLanguage":"en-US","@id":"https:\/\/onurkaucuk.com\/#\/schema\/logo\/image\/","url":"https:\/\/onurkaucuk.com\/wp-content\/uploads\/2025\/07\/onurkaucuk-logo-buyuk.png","contentUrl":"https:\/\/onurkaucuk.com\/wp-content\/uploads\/2025\/07\/onurkaucuk-logo-buyuk.png","width":698,"height":250,"caption":"Onur Kau&ccedil;uk"},"image":{"@id":"https:\/\/onurkaucuk.com\/#\/schema\/logo\/image\/"}}]}},"_links":{"self":[{"href":"https:\/\/onurkaucuk.com\/en\/wp-json\/wp\/v2\/product\/27950","targetHints":{"allow":["GET"]}}],"collection":[{"href":"https:\/\/onurkaucuk.com\/en\/wp-json\/wp\/v2\/product"}],"about":[{"href":"https:\/\/onurkaucuk.com\/en\/wp-json\/wp\/v2\/types\/product"}],"wp:featuredmedia":[{"embeddable":true,"href":"https:\/\/onurkaucuk.com\/en\/wp-json\/wp\/v2\/media\/27949"}],"wp:attachment":[{"href":"https:\/\/onurkaucuk.com\/en\/wp-json\/wp\/v2\/media?parent=27950"}],"wp:term":[{"taxonomy":"product_brand","embeddable":true,"href":"https:\/\/onurkaucuk.com\/en\/wp-json\/wp\/v2\/product_brand?post=27950"},{"taxonomy":"product_cat","embeddable":true,"href":"https:\/\/onurkaucuk.com\/en\/wp-json\/wp\/v2\/product_cat?post=27950"},{"taxonomy":"product_tag","embeddable":true,"href":"https:\/\/onurkaucuk.com\/en\/wp-json\/wp\/v2\/product_tag?post=27950"}],"curies":[{"name":"wp","href":"https:\/\/api.w.org\/{rel}","templated":true}]}}