{"id":27955,"date":"2025-07-31T22:57:12","date_gmt":"2025-07-31T19:57:12","guid":{"rendered":"https:\/\/onurkaucuk.com\/?post_type=product&#038;p=27955"},"modified":"2025-12-19T12:15:36","modified_gmt":"2025-12-19T09:15:36","slug":"dielektrik-levha-izole-hali","status":"publish","type":"product","link":"https:\/\/onurkaucuk.com\/en\/product\/dielektrik-levha-izole-hali\/","title":{"rendered":"Dielectric Sheet (Insulating Carpet)"},"content":{"rendered":"<p><strong>Dielectric Sheet (Insulating Carpet)<\/strong><\/p>\n<p><strong>Areas of Use<\/strong><\/p>\n<p>Dielectric sheets are mandatory in front of electrical panels and machinery, in transformers, and in areas where occupational health and safety regulations require them. This product is designed to provide electrical insulation and can be safely used in low, medium, and high voltage working environments.<\/p>\n<p><strong>Features<\/strong><\/p>\n<ul>\n<li><strong>High Voltage Resistance:<\/strong>\u00a0They are manufactured to withstand electrical currents between 15,000 and 30,000 volts.<\/li>\n<li><strong>Long-Term Performance:<\/strong>\u00a0It can operate without malfunction for extended periods between -30\u00b0C and +80\u00b0C.<\/li>\n<li><strong>Chemical Resistance:<\/strong>\u00a0It exhibits superior resistance to machine oil and various environmental conditions.<\/li>\n<\/ul>\n<p><strong>Ebatlar<\/strong><\/p>\n<ul>\n<li><strong>Thickness:<\/strong>\u00a0Standard manufacturing thicknesses are 3 mm and 5 mm.<\/li>\n<li><strong>Width:<\/strong>\u00a01 meter.<\/li>\n<li><strong>Length:<\/strong>\u00a0It is supplied in rolls of up to 10 meters. Custom sizes can also be produced to meet customer requirements.<\/li>\n<\/ul>\n<p><strong>Product Information<\/strong><\/p>\n<p>Dielectric sheets are manufactured in gray and are certified by TSE (Turkish Standards Institute). A copy of the TSE certificate is provided to the customer along with the product, and a cold TSE stamp is applied to each meter.<\/p>\n<p><strong>Surface Design<\/strong><\/p>\n<p>The dielectric sheets have a grooved surface, providing excellent grip on the floor. Rubber insulated mats are long-lasting and can be used even in cold conditions. They are a product that must be used safely in any area where electrical current is present.<\/p>\n<p><strong>Related Products<\/strong><\/p>\n<ul>\n<li><strong>Rubber Tire Sheets<\/strong><\/li>\n<li><strong>Patterned Rubber Sheets<\/strong><\/li>\n<li><strong>EPDM Rubber Sheet<\/strong><\/li>\n<li><strong>Sandblasted Rubber Sheets<\/strong><\/li>\n<li><strong>Neoprene Rubber Sheet<\/strong><\/li>\n<li><strong>Nitrile (NBR) Rubber Sheet<\/strong><\/li>\n<\/ul>\n<p>For more information and product inquiries, please contact us!<\/p>","protected":false},"excerpt":{"rendered":"<p class=\" translation-block\">You can contact our <strong>sales department<\/strong> to get more information or to develop solutions specific to your projects.<\/p>","protected":false},"featured_media":27956,"template":"","meta":[],"product_brand":[],"product_cat":[233],"product_tag":[],"class_list":{"0":"post-27955","1":"product","2":"type-product","3":"status-publish","4":"has-post-thumbnail","6":"product_cat-kaucuk-levhalar","8":"first","9":"instock","10":"shipping-taxable","11":"product-type-external"},"yoast_head":"<!-- This site is optimized with the Yoast SEO plugin v25.6 - https:\/\/yoast.com\/wordpress\/plugins\/seo\/ -->\n<title>Dielektrik Levha (\u0130zole Hal\u0131) - Onur Kau&ccedil;uk<\/title>\n<meta name=\"description\" content=\"Dielektrik Levha (\u0130zole Hal\u0131) \u00fcr\u00fcn\u00fcn\u00fc incelemek ve Dielektrik Levha (\u0130zole Hal\u0131) fiyat teklifi almak i\u00e7in hemen t\u0131klay\u0131n. \u0130leti\u015fime ge\u00e7erek \u00fccretsiz teklif al\u0131n.\" \/>\n<meta name=\"robots\" content=\"index, follow, max-snippet:-1, max-image-preview:large, max-video-preview:-1\" \/>\n<link rel=\"canonical\" href=\"https:\/\/onurkaucuk.com\/en\/product\/dielektrik-levha-izole-hali\/\" \/>\n<meta property=\"og:locale\" content=\"en_US\" \/>\n<meta property=\"og:type\" content=\"article\" \/>\n<meta property=\"og:title\" content=\"Dielektrik Levha (\u0130zole Hal\u0131) - Onur Kau&ccedil;uk\" \/>\n<meta property=\"og:description\" content=\"Dielektrik Levha (\u0130zole Hal\u0131) \u00fcr\u00fcn\u00fcn\u00fc incelemek ve Dielektrik Levha (\u0130zole Hal\u0131) fiyat teklifi almak i\u00e7in hemen t\u0131klay\u0131n. \u0130leti\u015fime ge\u00e7erek \u00fccretsiz teklif al\u0131n.\" \/>\n<meta property=\"og:url\" content=\"https:\/\/onurkaucuk.com\/en\/product\/dielektrik-levha-izole-hali\/\" \/>\n<meta property=\"og:site_name\" content=\"Onur Kau&ccedil;uk\" \/>\n<meta property=\"article:modified_time\" content=\"2025-12-19T09:15:36+00:00\" \/>\n<meta property=\"og:image\" content=\"https:\/\/onurkaucuk.com\/wp-content\/uploads\/2025\/07\/Dielektrik-Levha-Izole-Hali-1.jpg\" \/>\n\t<meta property=\"og:image:width\" content=\"952\" \/>\n\t<meta property=\"og:image:height\" content=\"907\" \/>\n\t<meta property=\"og:image:type\" content=\"image\/jpeg\" \/>\n<meta name=\"twitter:card\" content=\"summary_large_image\" \/>\n<meta name=\"twitter:label1\" content=\"Est. reading time\" \/>\n\t<meta name=\"twitter:data1\" content=\"2 minutes\" \/>\n<script type=\"application\/ld+json\" class=\"yoast-schema-graph\">{\"@context\":\"https:\/\/schema.org\",\"@graph\":[{\"@type\":\"WebPage\",\"@id\":\"https:\/\/onurkaucuk.com\/urun\/dielektrik-levha-izole-hali\/\",\"url\":\"https:\/\/onurkaucuk.com\/urun\/dielektrik-levha-izole-hali\/\",\"name\":\"Dielektrik Levha (\u0130zole Hal\u0131) - Onur Kau&ccedil;uk\",\"isPartOf\":{\"@id\":\"https:\/\/onurkaucuk.com\/#website\"},\"primaryImageOfPage\":{\"@id\":\"https:\/\/onurkaucuk.com\/urun\/dielektrik-levha-izole-hali\/#primaryimage\"},\"image\":{\"@id\":\"https:\/\/onurkaucuk.com\/urun\/dielektrik-levha-izole-hali\/#primaryimage\"},\"thumbnailUrl\":\"https:\/\/onurkaucuk.com\/wp-content\/uploads\/2025\/07\/Dielektrik-Levha-Izole-Hali-1.jpg\",\"datePublished\":\"2025-07-31T19:57:12+00:00\",\"dateModified\":\"2025-12-19T09:15:36+00:00\",\"description\":\"Dielektrik Levha (\u0130zole Hal\u0131) \u00fcr\u00fcn\u00fcn\u00fc incelemek ve Dielektrik Levha (\u0130zole Hal\u0131) fiyat teklifi almak i\u00e7in hemen t\u0131klay\u0131n. \u0130leti\u015fime ge\u00e7erek \u00fccretsiz teklif al\u0131n.\",\"breadcrumb\":{\"@id\":\"https:\/\/onurkaucuk.com\/urun\/dielektrik-levha-izole-hali\/#breadcrumb\"},\"inLanguage\":\"en-US\",\"potentialAction\":[{\"@type\":\"ReadAction\",\"target\":[\"https:\/\/onurkaucuk.com\/urun\/dielektrik-levha-izole-hali\/\"]}]},{\"@type\":\"ImageObject\",\"inLanguage\":\"en-US\",\"@id\":\"https:\/\/onurkaucuk.com\/urun\/dielektrik-levha-izole-hali\/#primaryimage\",\"url\":\"https:\/\/onurkaucuk.com\/wp-content\/uploads\/2025\/07\/Dielektrik-Levha-Izole-Hali-1.jpg\",\"contentUrl\":\"https:\/\/onurkaucuk.com\/wp-content\/uploads\/2025\/07\/Dielektrik-Levha-Izole-Hali-1.jpg\",\"width\":952,\"height\":907},{\"@type\":\"BreadcrumbList\",\"@id\":\"https:\/\/onurkaucuk.com\/urun\/dielektrik-levha-izole-hali\/#breadcrumb\",\"itemListElement\":[{\"@type\":\"ListItem\",\"position\":1,\"name\":\"Anasayfa\",\"item\":\"https:\/\/onurkaucuk.com\/\"},{\"@type\":\"ListItem\",\"position\":2,\"name\":\"\u00dcr\u00fcnlerimiz\",\"item\":\"https:\/\/onurkaucuk.com\/urunlerimiz\/\"},{\"@type\":\"ListItem\",\"position\":3,\"name\":\"Dielektrik Levha (\u0130zole Hal\u0131)\"}]},{\"@type\":\"WebSite\",\"@id\":\"https:\/\/onurkaucuk.com\/#website\",\"url\":\"https:\/\/onurkaucuk.com\/\",\"name\":\"Onur Kau&ccedil;uk\",\"description\":\"Kau&ccedil;uk ve Silikonda G&uuml;venilir &Ccedil;&ouml;z&uuml;m Orta\u011f\u0131n\u0131z\",\"publisher\":{\"@id\":\"https:\/\/onurkaucuk.com\/#organization\"},\"potentialAction\":[{\"@type\":\"SearchAction\",\"target\":{\"@type\":\"EntryPoint\",\"urlTemplate\":\"https:\/\/onurkaucuk.com\/?s={search_term_string}\"},\"query-input\":{\"@type\":\"PropertyValueSpecification\",\"valueRequired\":true,\"valueName\":\"search_term_string\"}}],\"inLanguage\":\"en-US\"},{\"@type\":\"Organization\",\"@id\":\"https:\/\/onurkaucuk.com\/#organization\",\"name\":\"Onur Kau&ccedil;uk\",\"url\":\"https:\/\/onurkaucuk.com\/\",\"logo\":{\"@type\":\"ImageObject\",\"inLanguage\":\"en-US\",\"@id\":\"https:\/\/onurkaucuk.com\/#\/schema\/logo\/image\/\",\"url\":\"https:\/\/onurkaucuk.com\/wp-content\/uploads\/2025\/07\/onurkaucuk-logo-buyuk.png\",\"contentUrl\":\"https:\/\/onurkaucuk.com\/wp-content\/uploads\/2025\/07\/onurkaucuk-logo-buyuk.png\",\"width\":698,\"height\":250,\"caption\":\"Onur Kau&ccedil;uk\"},\"image\":{\"@id\":\"https:\/\/onurkaucuk.com\/#\/schema\/logo\/image\/\"}}]}<\/script>\n<!-- \/ Yoast SEO plugin. -->","yoast_head_json":{"title":"Dielektrik Levha (\u0130zole Hal\u0131) - Onur Kau&ccedil;uk","description":"Dielektrik Levha (\u0130zole Hal\u0131) \u00fcr\u00fcn\u00fcn\u00fc incelemek ve Dielektrik Levha (\u0130zole Hal\u0131) fiyat teklifi almak i\u00e7in hemen t\u0131klay\u0131n. \u0130leti\u015fime ge\u00e7erek \u00fccretsiz teklif al\u0131n.","robots":{"index":"index","follow":"follow","max-snippet":"max-snippet:-1","max-image-preview":"max-image-preview:large","max-video-preview":"max-video-preview:-1"},"canonical":"https:\/\/onurkaucuk.com\/en\/product\/dielektrik-levha-izole-hali\/","og_locale":"en_US","og_type":"article","og_title":"Dielektrik Levha (\u0130zole Hal\u0131) - Onur Kau&ccedil;uk","og_description":"Dielektrik Levha (\u0130zole Hal\u0131) \u00fcr\u00fcn\u00fcn\u00fc incelemek ve Dielektrik Levha (\u0130zole Hal\u0131) fiyat teklifi almak i\u00e7in hemen t\u0131klay\u0131n. \u0130leti\u015fime ge\u00e7erek \u00fccretsiz teklif al\u0131n.","og_url":"https:\/\/onurkaucuk.com\/en\/product\/dielektrik-levha-izole-hali\/","og_site_name":"Onur Kau&ccedil;uk","article_modified_time":"2025-12-19T09:15:36+00:00","og_image":[{"width":952,"height":907,"url":"https:\/\/onurkaucuk.com\/wp-content\/uploads\/2025\/07\/Dielektrik-Levha-Izole-Hali-1.jpg","type":"image\/jpeg"}],"twitter_card":"summary_large_image","twitter_misc":{"Est. reading time":"2 minutes"},"schema":{"@context":"https:\/\/schema.org","@graph":[{"@type":"WebPage","@id":"https:\/\/onurkaucuk.com\/urun\/dielektrik-levha-izole-hali\/","url":"https:\/\/onurkaucuk.com\/urun\/dielektrik-levha-izole-hali\/","name":"Dielektrik Levha (\u0130zole Hal\u0131) - Onur Kau&ccedil;uk","isPartOf":{"@id":"https:\/\/onurkaucuk.com\/#website"},"primaryImageOfPage":{"@id":"https:\/\/onurkaucuk.com\/urun\/dielektrik-levha-izole-hali\/#primaryimage"},"image":{"@id":"https:\/\/onurkaucuk.com\/urun\/dielektrik-levha-izole-hali\/#primaryimage"},"thumbnailUrl":"https:\/\/onurkaucuk.com\/wp-content\/uploads\/2025\/07\/Dielektrik-Levha-Izole-Hali-1.jpg","datePublished":"2025-07-31T19:57:12+00:00","dateModified":"2025-12-19T09:15:36+00:00","description":"Dielektrik Levha (\u0130zole Hal\u0131) \u00fcr\u00fcn\u00fcn\u00fc incelemek ve Dielektrik Levha (\u0130zole Hal\u0131) fiyat teklifi almak i\u00e7in hemen t\u0131klay\u0131n. \u0130leti\u015fime ge\u00e7erek \u00fccretsiz teklif al\u0131n.","breadcrumb":{"@id":"https:\/\/onurkaucuk.com\/urun\/dielektrik-levha-izole-hali\/#breadcrumb"},"inLanguage":"en-US","potentialAction":[{"@type":"ReadAction","target":["https:\/\/onurkaucuk.com\/urun\/dielektrik-levha-izole-hali\/"]}]},{"@type":"ImageObject","inLanguage":"en-US","@id":"https:\/\/onurkaucuk.com\/urun\/dielektrik-levha-izole-hali\/#primaryimage","url":"https:\/\/onurkaucuk.com\/wp-content\/uploads\/2025\/07\/Dielektrik-Levha-Izole-Hali-1.jpg","contentUrl":"https:\/\/onurkaucuk.com\/wp-content\/uploads\/2025\/07\/Dielektrik-Levha-Izole-Hali-1.jpg","width":952,"height":907},{"@type":"BreadcrumbList","@id":"https:\/\/onurkaucuk.com\/urun\/dielektrik-levha-izole-hali\/#breadcrumb","itemListElement":[{"@type":"ListItem","position":1,"name":"Anasayfa","item":"https:\/\/onurkaucuk.com\/"},{"@type":"ListItem","position":2,"name":"\u00dcr\u00fcnlerimiz","item":"https:\/\/onurkaucuk.com\/urunlerimiz\/"},{"@type":"ListItem","position":3,"name":"Dielektrik Levha (\u0130zole Hal\u0131)"}]},{"@type":"WebSite","@id":"https:\/\/onurkaucuk.com\/#website","url":"https:\/\/onurkaucuk.com\/","name":"Onur Kau&ccedil;uk","description":"Kau&ccedil;uk ve Silikonda G&uuml;venilir &Ccedil;&ouml;z&uuml;m Orta\u011f\u0131n\u0131z","publisher":{"@id":"https:\/\/onurkaucuk.com\/#organization"},"potentialAction":[{"@type":"SearchAction","target":{"@type":"EntryPoint","urlTemplate":"https:\/\/onurkaucuk.com\/?s={search_term_string}"},"query-input":{"@type":"PropertyValueSpecification","valueRequired":true,"valueName":"search_term_string"}}],"inLanguage":"en-US"},{"@type":"Organization","@id":"https:\/\/onurkaucuk.com\/#organization","name":"Onur Kau&ccedil;uk","url":"https:\/\/onurkaucuk.com\/","logo":{"@type":"ImageObject","inLanguage":"en-US","@id":"https:\/\/onurkaucuk.com\/#\/schema\/logo\/image\/","url":"https:\/\/onurkaucuk.com\/wp-content\/uploads\/2025\/07\/onurkaucuk-logo-buyuk.png","contentUrl":"https:\/\/onurkaucuk.com\/wp-content\/uploads\/2025\/07\/onurkaucuk-logo-buyuk.png","width":698,"height":250,"caption":"Onur Kau&ccedil;uk"},"image":{"@id":"https:\/\/onurkaucuk.com\/#\/schema\/logo\/image\/"}}]}},"_links":{"self":[{"href":"https:\/\/onurkaucuk.com\/en\/wp-json\/wp\/v2\/product\/27955","targetHints":{"allow":["GET"]}}],"collection":[{"href":"https:\/\/onurkaucuk.com\/en\/wp-json\/wp\/v2\/product"}],"about":[{"href":"https:\/\/onurkaucuk.com\/en\/wp-json\/wp\/v2\/types\/product"}],"wp:featuredmedia":[{"embeddable":true,"href":"https:\/\/onurkaucuk.com\/en\/wp-json\/wp\/v2\/media\/27956"}],"wp:attachment":[{"href":"https:\/\/onurkaucuk.com\/en\/wp-json\/wp\/v2\/media?parent=27955"}],"wp:term":[{"taxonomy":"product_brand","embeddable":true,"href":"https:\/\/onurkaucuk.com\/en\/wp-json\/wp\/v2\/product_brand?post=27955"},{"taxonomy":"product_cat","embeddable":true,"href":"https:\/\/onurkaucuk.com\/en\/wp-json\/wp\/v2\/product_cat?post=27955"},{"taxonomy":"product_tag","embeddable":true,"href":"https:\/\/onurkaucuk.com\/en\/wp-json\/wp\/v2\/product_tag?post=27955"}],"curies":[{"name":"wp","href":"https:\/\/api.w.org\/{rel}","templated":true}]}}