{"id":27957,"date":"2025-07-31T22:59:14","date_gmt":"2025-07-31T19:59:14","guid":{"rendered":"https:\/\/onurkaucuk.com\/?post_type=product&#038;p=27957"},"modified":"2025-12-19T12:15:20","modified_gmt":"2025-12-19T09:15:20","slug":"kumlama-kaucuk-levhalar","status":"publish","type":"product","link":"https:\/\/onurkaucuk.com\/en\/product\/kumlama-kaucuk-levhalar\/","title":{"rendered":"Sandblasted Rubber Sheets"},"content":{"rendered":"<p><strong>Sandblasting Rubber Sheets: Durable and Versatile Solutions<\/strong><\/p>\n<p><strong>Areas of Use<\/strong><\/p>\n<p>Sandblasted rubber sheets are widely used in a variety of industrial applications. Specifically:<\/p>\n<ul>\n<li>Sandblasting Booths: As a protective material.<\/li>\n<li>Textile Industry: For applications requiring high durability.<\/li>\n<li>Printing and Marble Machinery: For environments requiring resistance to high pressure.<\/li>\n<\/ul>\n<p><strong>Features<\/strong><\/p>\n<ul>\n<li>High Rubber Content: The rubber content is very high, with a density of 1.2. This feature enables the sandblasted sheets to exhibit superior resistance to abrasion and pillar warping.<\/li>\n<li>High Elasticity: Can operate comfortably in environments subjected to constant impacts.<\/li>\n<\/ul>\n<p><strong>Work Environment<\/strong><\/p>\n<ul>\n<li>Temperature Range: Can operate without malfunction between -30\u00b0C and +100\u00b0C.<\/li>\n<li>Durability: Sandblasted rubber sheets are known for their resistance to harsh conditions.<\/li>\n<\/ul>\n<p><strong>Size Options<\/strong><\/p>\n<ul>\n<li>Width: Standard widths are 1000 mm, 1200 mm, and 1500 mm.<\/li>\n<li>Length: Length options from 2000 mm to 10000 mm.<\/li>\n<li>Available in thicknesses of 2 mm, 3 mm, 4 mm, 5 mm, 6 mm, 7 mm, 8 mm, 10 mm, 15 mm, 20 mm, and 30 mm, and are in stock.<\/li>\n<\/ul>\n<p><strong>Custom Production Capabilities<\/strong><\/p>\n<p>Sandblasted rubber sheets can be produced in standard sizes as well as custom sizes. Thanks to their soft structure, they are ideal for damping and similar needs.<\/p>\n<p><strong>Material Properties<\/strong><\/p>\n<p>Sandblasted rubber sheets are produced directly from natural rubber. This pure form, free of filler additives, is highly resistant to friction, abrasion, impact, and external factors. These special rubber sheets can be used in all sectors of industry as abrasives, dampers, and shock absorbers.<\/p>\n<p><strong>Other Rubber Sheets<\/strong><\/p>\n<ul>\n<li>Rubber Tire Sheets<\/li>\n<li>Patterned Rubber Sheets<\/li>\n<li>Dielectric Sheet (Insulating Carpet)<\/li>\n<li>EPDM Rubber Sheet<\/li>\n<li>Neoprene Rubber Sheet<\/li>\n<li>Nitrile (NBR) Rubber Sheet<\/li>\n<\/ul>\n<p>For more information about sandblasted rubber sheets or for your specific requests, please contact us!<\/p>","protected":false},"excerpt":{"rendered":"<p class=\" translation-block\">You can contact our <strong>sales department<\/strong> to get more information or to develop solutions specific to your projects.<\/p>","protected":false},"featured_media":27958,"template":"","meta":[],"product_brand":[],"product_cat":[233],"product_tag":[],"class_list":{"0":"post-27957","1":"product","2":"type-product","3":"status-publish","4":"has-post-thumbnail","6":"product_cat-kaucuk-levhalar","8":"first","9":"instock","10":"shipping-taxable","11":"product-type-external"},"yoast_head":"<!-- This site is optimized with the Yoast SEO plugin v25.6 - https:\/\/yoast.com\/wordpress\/plugins\/seo\/ -->\n<title>Kumlama Kau\u00e7uk Levhalar - Onur Kau&ccedil;uk<\/title>\n<meta name=\"description\" content=\"Kumlama Kau\u00e7uk Levhalar \u00fcr\u00fcn\u00fcn\u00fc incelemek ve Kumlama Kau\u00e7uk Levhalar fiyat teklifi almak i\u00e7in hemen t\u0131klay\u0131n. \u0130leti\u015fime ge\u00e7erek \u00fccretsiz teklif al\u0131n.\" \/>\n<meta name=\"robots\" content=\"index, follow, max-snippet:-1, max-image-preview:large, max-video-preview:-1\" \/>\n<link rel=\"canonical\" href=\"https:\/\/onurkaucuk.com\/en\/product\/kumlama-kaucuk-levhalar\/\" \/>\n<meta property=\"og:locale\" content=\"en_US\" \/>\n<meta property=\"og:type\" content=\"article\" \/>\n<meta property=\"og:title\" content=\"Kumlama Kau\u00e7uk Levhalar - Onur Kau&ccedil;uk\" \/>\n<meta property=\"og:description\" content=\"Kumlama Kau\u00e7uk Levhalar \u00fcr\u00fcn\u00fcn\u00fc incelemek ve Kumlama Kau\u00e7uk Levhalar fiyat teklifi almak i\u00e7in hemen t\u0131klay\u0131n. \u0130leti\u015fime ge\u00e7erek \u00fccretsiz teklif al\u0131n.\" \/>\n<meta property=\"og:url\" content=\"https:\/\/onurkaucuk.com\/en\/product\/kumlama-kaucuk-levhalar\/\" \/>\n<meta property=\"og:site_name\" content=\"Onur Kau&ccedil;uk\" \/>\n<meta property=\"article:modified_time\" content=\"2025-12-19T09:15:20+00:00\" \/>\n<meta property=\"og:image\" content=\"https:\/\/onurkaucuk.com\/wp-content\/uploads\/2025\/07\/Kumlama-Kaucuk-Levhalar-1.jpg\" \/>\n\t<meta property=\"og:image:width\" content=\"952\" \/>\n\t<meta property=\"og:image:height\" content=\"907\" \/>\n\t<meta property=\"og:image:type\" content=\"image\/jpeg\" \/>\n<meta name=\"twitter:card\" content=\"summary_large_image\" \/>\n<meta name=\"twitter:label1\" content=\"Est. reading time\" \/>\n\t<meta name=\"twitter:data1\" content=\"2 minutes\" \/>\n<script type=\"application\/ld+json\" class=\"yoast-schema-graph\">{\"@context\":\"https:\/\/schema.org\",\"@graph\":[{\"@type\":\"WebPage\",\"@id\":\"https:\/\/onurkaucuk.com\/urun\/kumlama-kaucuk-levhalar\/\",\"url\":\"https:\/\/onurkaucuk.com\/urun\/kumlama-kaucuk-levhalar\/\",\"name\":\"Kumlama Kau\u00e7uk Levhalar - Onur Kau&ccedil;uk\",\"isPartOf\":{\"@id\":\"https:\/\/onurkaucuk.com\/#website\"},\"primaryImageOfPage\":{\"@id\":\"https:\/\/onurkaucuk.com\/urun\/kumlama-kaucuk-levhalar\/#primaryimage\"},\"image\":{\"@id\":\"https:\/\/onurkaucuk.com\/urun\/kumlama-kaucuk-levhalar\/#primaryimage\"},\"thumbnailUrl\":\"https:\/\/onurkaucuk.com\/wp-content\/uploads\/2025\/07\/Kumlama-Kaucuk-Levhalar-1.jpg\",\"datePublished\":\"2025-07-31T19:59:14+00:00\",\"dateModified\":\"2025-12-19T09:15:20+00:00\",\"description\":\"Kumlama Kau\u00e7uk Levhalar \u00fcr\u00fcn\u00fcn\u00fc incelemek ve Kumlama Kau\u00e7uk Levhalar fiyat teklifi almak i\u00e7in hemen t\u0131klay\u0131n. \u0130leti\u015fime ge\u00e7erek \u00fccretsiz teklif al\u0131n.\",\"breadcrumb\":{\"@id\":\"https:\/\/onurkaucuk.com\/urun\/kumlama-kaucuk-levhalar\/#breadcrumb\"},\"inLanguage\":\"en-US\",\"potentialAction\":[{\"@type\":\"ReadAction\",\"target\":[\"https:\/\/onurkaucuk.com\/urun\/kumlama-kaucuk-levhalar\/\"]}]},{\"@type\":\"ImageObject\",\"inLanguage\":\"en-US\",\"@id\":\"https:\/\/onurkaucuk.com\/urun\/kumlama-kaucuk-levhalar\/#primaryimage\",\"url\":\"https:\/\/onurkaucuk.com\/wp-content\/uploads\/2025\/07\/Kumlama-Kaucuk-Levhalar-1.jpg\",\"contentUrl\":\"https:\/\/onurkaucuk.com\/wp-content\/uploads\/2025\/07\/Kumlama-Kaucuk-Levhalar-1.jpg\",\"width\":952,\"height\":907},{\"@type\":\"BreadcrumbList\",\"@id\":\"https:\/\/onurkaucuk.com\/urun\/kumlama-kaucuk-levhalar\/#breadcrumb\",\"itemListElement\":[{\"@type\":\"ListItem\",\"position\":1,\"name\":\"Anasayfa\",\"item\":\"https:\/\/onurkaucuk.com\/\"},{\"@type\":\"ListItem\",\"position\":2,\"name\":\"\u00dcr\u00fcnlerimiz\",\"item\":\"https:\/\/onurkaucuk.com\/urunlerimiz\/\"},{\"@type\":\"ListItem\",\"position\":3,\"name\":\"Kumlama Kau\u00e7uk Levhalar\"}]},{\"@type\":\"WebSite\",\"@id\":\"https:\/\/onurkaucuk.com\/#website\",\"url\":\"https:\/\/onurkaucuk.com\/\",\"name\":\"Onur Kau&ccedil;uk\",\"description\":\"Kau&ccedil;uk ve Silikonda G&uuml;venilir &Ccedil;&ouml;z&uuml;m Orta\u011f\u0131n\u0131z\",\"publisher\":{\"@id\":\"https:\/\/onurkaucuk.com\/#organization\"},\"potentialAction\":[{\"@type\":\"SearchAction\",\"target\":{\"@type\":\"EntryPoint\",\"urlTemplate\":\"https:\/\/onurkaucuk.com\/?s={search_term_string}\"},\"query-input\":{\"@type\":\"PropertyValueSpecification\",\"valueRequired\":true,\"valueName\":\"search_term_string\"}}],\"inLanguage\":\"en-US\"},{\"@type\":\"Organization\",\"@id\":\"https:\/\/onurkaucuk.com\/#organization\",\"name\":\"Onur Kau&ccedil;uk\",\"url\":\"https:\/\/onurkaucuk.com\/\",\"logo\":{\"@type\":\"ImageObject\",\"inLanguage\":\"en-US\",\"@id\":\"https:\/\/onurkaucuk.com\/#\/schema\/logo\/image\/\",\"url\":\"https:\/\/onurkaucuk.com\/wp-content\/uploads\/2025\/07\/onurkaucuk-logo-buyuk.png\",\"contentUrl\":\"https:\/\/onurkaucuk.com\/wp-content\/uploads\/2025\/07\/onurkaucuk-logo-buyuk.png\",\"width\":698,\"height\":250,\"caption\":\"Onur Kau&ccedil;uk\"},\"image\":{\"@id\":\"https:\/\/onurkaucuk.com\/#\/schema\/logo\/image\/\"}}]}<\/script>\n<!-- \/ Yoast SEO plugin. -->","yoast_head_json":{"title":"Kumlama Kau\u00e7uk Levhalar - Onur Kau&ccedil;uk","description":"Kumlama Kau\u00e7uk Levhalar \u00fcr\u00fcn\u00fcn\u00fc incelemek ve Kumlama Kau\u00e7uk Levhalar fiyat teklifi almak i\u00e7in hemen t\u0131klay\u0131n. \u0130leti\u015fime ge\u00e7erek \u00fccretsiz teklif al\u0131n.","robots":{"index":"index","follow":"follow","max-snippet":"max-snippet:-1","max-image-preview":"max-image-preview:large","max-video-preview":"max-video-preview:-1"},"canonical":"https:\/\/onurkaucuk.com\/en\/product\/kumlama-kaucuk-levhalar\/","og_locale":"en_US","og_type":"article","og_title":"Kumlama Kau\u00e7uk Levhalar - Onur Kau&ccedil;uk","og_description":"Kumlama Kau\u00e7uk Levhalar \u00fcr\u00fcn\u00fcn\u00fc incelemek ve Kumlama Kau\u00e7uk Levhalar fiyat teklifi almak i\u00e7in hemen t\u0131klay\u0131n. \u0130leti\u015fime ge\u00e7erek \u00fccretsiz teklif al\u0131n.","og_url":"https:\/\/onurkaucuk.com\/en\/product\/kumlama-kaucuk-levhalar\/","og_site_name":"Onur Kau&ccedil;uk","article_modified_time":"2025-12-19T09:15:20+00:00","og_image":[{"width":952,"height":907,"url":"https:\/\/onurkaucuk.com\/wp-content\/uploads\/2025\/07\/Kumlama-Kaucuk-Levhalar-1.jpg","type":"image\/jpeg"}],"twitter_card":"summary_large_image","twitter_misc":{"Est. reading time":"2 minutes"},"schema":{"@context":"https:\/\/schema.org","@graph":[{"@type":"WebPage","@id":"https:\/\/onurkaucuk.com\/urun\/kumlama-kaucuk-levhalar\/","url":"https:\/\/onurkaucuk.com\/urun\/kumlama-kaucuk-levhalar\/","name":"Kumlama Kau\u00e7uk Levhalar - Onur Kau&ccedil;uk","isPartOf":{"@id":"https:\/\/onurkaucuk.com\/#website"},"primaryImageOfPage":{"@id":"https:\/\/onurkaucuk.com\/urun\/kumlama-kaucuk-levhalar\/#primaryimage"},"image":{"@id":"https:\/\/onurkaucuk.com\/urun\/kumlama-kaucuk-levhalar\/#primaryimage"},"thumbnailUrl":"https:\/\/onurkaucuk.com\/wp-content\/uploads\/2025\/07\/Kumlama-Kaucuk-Levhalar-1.jpg","datePublished":"2025-07-31T19:59:14+00:00","dateModified":"2025-12-19T09:15:20+00:00","description":"Kumlama Kau\u00e7uk Levhalar \u00fcr\u00fcn\u00fcn\u00fc incelemek ve Kumlama Kau\u00e7uk Levhalar fiyat teklifi almak i\u00e7in hemen t\u0131klay\u0131n. \u0130leti\u015fime ge\u00e7erek \u00fccretsiz teklif al\u0131n.","breadcrumb":{"@id":"https:\/\/onurkaucuk.com\/urun\/kumlama-kaucuk-levhalar\/#breadcrumb"},"inLanguage":"en-US","potentialAction":[{"@type":"ReadAction","target":["https:\/\/onurkaucuk.com\/urun\/kumlama-kaucuk-levhalar\/"]}]},{"@type":"ImageObject","inLanguage":"en-US","@id":"https:\/\/onurkaucuk.com\/urun\/kumlama-kaucuk-levhalar\/#primaryimage","url":"https:\/\/onurkaucuk.com\/wp-content\/uploads\/2025\/07\/Kumlama-Kaucuk-Levhalar-1.jpg","contentUrl":"https:\/\/onurkaucuk.com\/wp-content\/uploads\/2025\/07\/Kumlama-Kaucuk-Levhalar-1.jpg","width":952,"height":907},{"@type":"BreadcrumbList","@id":"https:\/\/onurkaucuk.com\/urun\/kumlama-kaucuk-levhalar\/#breadcrumb","itemListElement":[{"@type":"ListItem","position":1,"name":"Anasayfa","item":"https:\/\/onurkaucuk.com\/"},{"@type":"ListItem","position":2,"name":"\u00dcr\u00fcnlerimiz","item":"https:\/\/onurkaucuk.com\/urunlerimiz\/"},{"@type":"ListItem","position":3,"name":"Kumlama Kau\u00e7uk Levhalar"}]},{"@type":"WebSite","@id":"https:\/\/onurkaucuk.com\/#website","url":"https:\/\/onurkaucuk.com\/","name":"Onur Kau&ccedil;uk","description":"Kau&ccedil;uk ve Silikonda G&uuml;venilir &Ccedil;&ouml;z&uuml;m Orta\u011f\u0131n\u0131z","publisher":{"@id":"https:\/\/onurkaucuk.com\/#organization"},"potentialAction":[{"@type":"SearchAction","target":{"@type":"EntryPoint","urlTemplate":"https:\/\/onurkaucuk.com\/?s={search_term_string}"},"query-input":{"@type":"PropertyValueSpecification","valueRequired":true,"valueName":"search_term_string"}}],"inLanguage":"en-US"},{"@type":"Organization","@id":"https:\/\/onurkaucuk.com\/#organization","name":"Onur Kau&ccedil;uk","url":"https:\/\/onurkaucuk.com\/","logo":{"@type":"ImageObject","inLanguage":"en-US","@id":"https:\/\/onurkaucuk.com\/#\/schema\/logo\/image\/","url":"https:\/\/onurkaucuk.com\/wp-content\/uploads\/2025\/07\/onurkaucuk-logo-buyuk.png","contentUrl":"https:\/\/onurkaucuk.com\/wp-content\/uploads\/2025\/07\/onurkaucuk-logo-buyuk.png","width":698,"height":250,"caption":"Onur Kau&ccedil;uk"},"image":{"@id":"https:\/\/onurkaucuk.com\/#\/schema\/logo\/image\/"}}]}},"_links":{"self":[{"href":"https:\/\/onurkaucuk.com\/en\/wp-json\/wp\/v2\/product\/27957","targetHints":{"allow":["GET"]}}],"collection":[{"href":"https:\/\/onurkaucuk.com\/en\/wp-json\/wp\/v2\/product"}],"about":[{"href":"https:\/\/onurkaucuk.com\/en\/wp-json\/wp\/v2\/types\/product"}],"wp:featuredmedia":[{"embeddable":true,"href":"https:\/\/onurkaucuk.com\/en\/wp-json\/wp\/v2\/media\/27958"}],"wp:attachment":[{"href":"https:\/\/onurkaucuk.com\/en\/wp-json\/wp\/v2\/media?parent=27957"}],"wp:term":[{"taxonomy":"product_brand","embeddable":true,"href":"https:\/\/onurkaucuk.com\/en\/wp-json\/wp\/v2\/product_brand?post=27957"},{"taxonomy":"product_cat","embeddable":true,"href":"https:\/\/onurkaucuk.com\/en\/wp-json\/wp\/v2\/product_cat?post=27957"},{"taxonomy":"product_tag","embeddable":true,"href":"https:\/\/onurkaucuk.com\/en\/wp-json\/wp\/v2\/product_tag?post=27957"}],"curies":[{"name":"wp","href":"https:\/\/api.w.org\/{rel}","templated":true}]}}