{"id":27959,"date":"2025-07-31T23:00:43","date_gmt":"2025-07-31T20:00:43","guid":{"rendered":"https:\/\/onurkaucuk.com\/?post_type=product&#038;p=27959"},"modified":"2025-12-19T12:15:13","modified_gmt":"2025-12-19T09:15:13","slug":"desenli-kaucuk-levhalar","status":"publish","type":"product","link":"https:\/\/onurkaucuk.com\/en\/product\/desenli-kaucuk-levhalar\/","title":{"rendered":"Patterned Rubber Sheets"},"content":{"rendered":"<p><strong>Patterned Rubber Sheets: Aesthetic and Functional Solutions<\/strong><\/p>\n<p>Patterned rubber sheets are used in a variety of industrial and commercial applications due to their aesthetic designs and high performance. Rubber sheets are available in different pattern options and sizes, thus meeting both visual and functional requirements.<\/p>\n<p><strong>Corrugated (Channel-shaped) Rubber Sheets<\/strong><\/p>\n<p>Corrugated rubber sheets do not cause unpleasant odors in the environments where they are used. Available in various colors, their grippy nature makes them safe to use on wet surfaces.<\/p>\n<ul>\n<li><strong>Thin Corrugated Sheet:<\/strong>\n<ul>\n<li>Thickness: 3 mm<\/li>\n<li>Width: 1200 mm<\/li>\n<li>Length: 10000 mm<\/li>\n<\/ul>\n<\/li>\n<li><strong>Medium Corrugated Sheet:<\/strong>\n<ul>\n<li>Thickness: 3 mm<\/li>\n<li>Width: 1200 mm<\/li>\n<li>Length: 10000 mm<\/li>\n<\/ul>\n<\/li>\n<li><strong>Wide Corrugated Sheet:<\/strong>\n<ul>\n<li>Thickness: 5 mm<\/li>\n<li>Width: 1200 mm<\/li>\n<li>Length: 10000 mm<\/li>\n<\/ul>\n<\/li>\n<\/ul>\n<p><strong>Rubber Rated and PVC Rated Sheets<\/strong><\/p>\n<p>Rubber-pointed sheets and PVC-pointed sheets are preferred as general-purpose flooring. Both types are available in a wide range of colors.<\/p>\n<ul>\n<li><strong>Rubber Rated Sheet:<\/strong>\n<ul>\n<li>Thickness: 5 mm<\/li>\n<li>Width: 1000 mm<\/li>\n<li>Length: 7000 mm<\/li>\n<\/ul>\n<\/li>\n<li><strong>PVC Rated Sheet:<\/strong>\n<ul>\n<li>Thickness: 3 mm<\/li>\n<li>Width: 1100 mm<\/li>\n<li>Length: 16000 mm (alternative: Thickness 3 mm, Width: 2000 mm, Length: 16000 mm)<\/li>\n<\/ul>\n<\/li>\n<\/ul>\n<p><strong>Cord Fabric Rubber Sheets<\/strong><\/p>\n<p>Cord fabric reinforced rubber sheets offer high tensile strength. They can be produced with single-layer or, optionally, double-layer cord fabric reinforcement.<\/p>\n<ul>\n<li><strong>Dimensions:<\/strong>\n<ul>\n<li>Thickness: 2, 3, 4, 5, 6, 8, 10, 15, 20 mm<\/li>\n<li>Width: 1000 mm (can be wider than 1000 mm for special orders)<\/li>\n<li>Length: 10000 mm<\/li>\n<\/ul>\n<\/li>\n<\/ul>\n<p><strong>Other Rubber Sheets<\/strong><\/p>\n<ul>\n<li><strong>Baklava Patterned Rubber Sheets<\/strong><\/li>\n<li><strong>Coin Patterned Rubber Sheets<\/strong><\/li>\n<li><strong>Serrated Rubber Sheets<\/strong><\/li>\n<li><strong>Grooved Rubber Sheets<\/strong><\/li>\n<li><strong>Dimensions:<\/strong>\n<ul>\n<li>Width: Up to 1000-1200-1500-2000 mm<\/li>\n<li>Thickness: 3, 5, 8, 10 mm<\/li>\n<li>Length: 10000 mm<\/li>\n<\/ul>\n<\/li>\n<\/ul>\n<p><strong>Additional Products<\/strong><\/p>\n<ul>\n<li><strong>Dielectric Sheet (Insulating Carpet)<\/strong><\/li>\n<li><strong>EPDM Rubber Sheet<\/strong><\/li>\n<li><strong>Sandblasted Rubber Sheets<\/strong><\/li>\n<li><strong>Neoprene Rubber Sheet<\/strong><\/li>\n<li><strong>Nitrile (NBR) Rubber Sheet<\/strong><\/li>\n<\/ul>\n<p>Our patterned rubber sheets are manufactured from high-quality materials to meet your various industrial requirements. You can take advantage of our custom manufacturing capabilities for solutions tailored to your needs.<\/p>\n<p><strong>For more information and product inquiries, please contact us!<\/strong><\/p>","protected":false},"excerpt":{"rendered":"<p class=\" translation-block\">You can contact our <strong>sales department<\/strong> to get more information or to develop solutions specific to your projects.<\/p>","protected":false},"featured_media":27960,"template":"","meta":[],"product_brand":[],"product_cat":[233],"product_tag":[],"class_list":{"0":"post-27959","1":"product","2":"type-product","3":"status-publish","4":"has-post-thumbnail","6":"product_cat-kaucuk-levhalar","8":"first","9":"instock","10":"shipping-taxable","11":"product-type-external"},"yoast_head":"<!-- This site is optimized with the Yoast SEO plugin v25.6 - https:\/\/yoast.com\/wordpress\/plugins\/seo\/ -->\n<title>Desenli Kau\u00e7uk Levhalar - Onur Kau&ccedil;uk<\/title>\n<meta name=\"description\" content=\"Desenli Kau\u00e7uk Levhalar \u00fcr\u00fcn\u00fcn\u00fc incelemek ve Desenli Kau\u00e7uk Levhalar fiyat teklifi almak i\u00e7in hemen t\u0131klay\u0131n. \u0130leti\u015fime ge\u00e7erek \u00fccretsiz teklif al\u0131n.\" \/>\n<meta name=\"robots\" content=\"index, follow, max-snippet:-1, max-image-preview:large, max-video-preview:-1\" \/>\n<link rel=\"canonical\" href=\"https:\/\/onurkaucuk.com\/en\/product\/desenli-kaucuk-levhalar\/\" \/>\n<meta property=\"og:locale\" content=\"en_US\" \/>\n<meta property=\"og:type\" content=\"article\" \/>\n<meta property=\"og:title\" content=\"Desenli Kau\u00e7uk Levhalar - Onur Kau&ccedil;uk\" \/>\n<meta property=\"og:description\" content=\"Desenli Kau\u00e7uk Levhalar \u00fcr\u00fcn\u00fcn\u00fc incelemek ve Desenli Kau\u00e7uk Levhalar fiyat teklifi almak i\u00e7in hemen t\u0131klay\u0131n. \u0130leti\u015fime ge\u00e7erek \u00fccretsiz teklif al\u0131n.\" \/>\n<meta property=\"og:url\" content=\"https:\/\/onurkaucuk.com\/en\/product\/desenli-kaucuk-levhalar\/\" \/>\n<meta property=\"og:site_name\" content=\"Onur Kau&ccedil;uk\" \/>\n<meta property=\"article:modified_time\" content=\"2025-12-19T09:15:13+00:00\" \/>\n<meta property=\"og:image\" content=\"https:\/\/onurkaucuk.com\/wp-content\/uploads\/2025\/07\/Desenli-Kaucuk-Levhalar-1.jpg\" \/>\n\t<meta property=\"og:image:width\" content=\"952\" \/>\n\t<meta property=\"og:image:height\" content=\"907\" \/>\n\t<meta property=\"og:image:type\" content=\"image\/jpeg\" \/>\n<meta name=\"twitter:card\" content=\"summary_large_image\" \/>\n<meta name=\"twitter:label1\" content=\"Est. reading time\" \/>\n\t<meta name=\"twitter:data1\" content=\"2 minutes\" \/>\n<script type=\"application\/ld+json\" class=\"yoast-schema-graph\">{\"@context\":\"https:\/\/schema.org\",\"@graph\":[{\"@type\":\"WebPage\",\"@id\":\"https:\/\/onurkaucuk.com\/urun\/desenli-kaucuk-levhalar\/\",\"url\":\"https:\/\/onurkaucuk.com\/urun\/desenli-kaucuk-levhalar\/\",\"name\":\"Desenli Kau\u00e7uk Levhalar - Onur Kau&ccedil;uk\",\"isPartOf\":{\"@id\":\"https:\/\/onurkaucuk.com\/#website\"},\"primaryImageOfPage\":{\"@id\":\"https:\/\/onurkaucuk.com\/urun\/desenli-kaucuk-levhalar\/#primaryimage\"},\"image\":{\"@id\":\"https:\/\/onurkaucuk.com\/urun\/desenli-kaucuk-levhalar\/#primaryimage\"},\"thumbnailUrl\":\"https:\/\/onurkaucuk.com\/wp-content\/uploads\/2025\/07\/Desenli-Kaucuk-Levhalar-1.jpg\",\"datePublished\":\"2025-07-31T20:00:43+00:00\",\"dateModified\":\"2025-12-19T09:15:13+00:00\",\"description\":\"Desenli Kau\u00e7uk Levhalar \u00fcr\u00fcn\u00fcn\u00fc incelemek ve Desenli Kau\u00e7uk Levhalar fiyat teklifi almak i\u00e7in hemen t\u0131klay\u0131n. \u0130leti\u015fime ge\u00e7erek \u00fccretsiz teklif al\u0131n.\",\"breadcrumb\":{\"@id\":\"https:\/\/onurkaucuk.com\/urun\/desenli-kaucuk-levhalar\/#breadcrumb\"},\"inLanguage\":\"en-US\",\"potentialAction\":[{\"@type\":\"ReadAction\",\"target\":[\"https:\/\/onurkaucuk.com\/urun\/desenli-kaucuk-levhalar\/\"]}]},{\"@type\":\"ImageObject\",\"inLanguage\":\"en-US\",\"@id\":\"https:\/\/onurkaucuk.com\/urun\/desenli-kaucuk-levhalar\/#primaryimage\",\"url\":\"https:\/\/onurkaucuk.com\/wp-content\/uploads\/2025\/07\/Desenli-Kaucuk-Levhalar-1.jpg\",\"contentUrl\":\"https:\/\/onurkaucuk.com\/wp-content\/uploads\/2025\/07\/Desenli-Kaucuk-Levhalar-1.jpg\",\"width\":952,\"height\":907},{\"@type\":\"BreadcrumbList\",\"@id\":\"https:\/\/onurkaucuk.com\/urun\/desenli-kaucuk-levhalar\/#breadcrumb\",\"itemListElement\":[{\"@type\":\"ListItem\",\"position\":1,\"name\":\"Anasayfa\",\"item\":\"https:\/\/onurkaucuk.com\/\"},{\"@type\":\"ListItem\",\"position\":2,\"name\":\"\u00dcr\u00fcnlerimiz\",\"item\":\"https:\/\/onurkaucuk.com\/urunlerimiz\/\"},{\"@type\":\"ListItem\",\"position\":3,\"name\":\"Desenli Kau\u00e7uk Levhalar\"}]},{\"@type\":\"WebSite\",\"@id\":\"https:\/\/onurkaucuk.com\/#website\",\"url\":\"https:\/\/onurkaucuk.com\/\",\"name\":\"Onur Kau&ccedil;uk\",\"description\":\"Kau&ccedil;uk ve Silikonda G&uuml;venilir &Ccedil;&ouml;z&uuml;m Orta\u011f\u0131n\u0131z\",\"publisher\":{\"@id\":\"https:\/\/onurkaucuk.com\/#organization\"},\"potentialAction\":[{\"@type\":\"SearchAction\",\"target\":{\"@type\":\"EntryPoint\",\"urlTemplate\":\"https:\/\/onurkaucuk.com\/?s={search_term_string}\"},\"query-input\":{\"@type\":\"PropertyValueSpecification\",\"valueRequired\":true,\"valueName\":\"search_term_string\"}}],\"inLanguage\":\"en-US\"},{\"@type\":\"Organization\",\"@id\":\"https:\/\/onurkaucuk.com\/#organization\",\"name\":\"Onur Kau&ccedil;uk\",\"url\":\"https:\/\/onurkaucuk.com\/\",\"logo\":{\"@type\":\"ImageObject\",\"inLanguage\":\"en-US\",\"@id\":\"https:\/\/onurkaucuk.com\/#\/schema\/logo\/image\/\",\"url\":\"https:\/\/onurkaucuk.com\/wp-content\/uploads\/2025\/07\/onurkaucuk-logo-buyuk.png\",\"contentUrl\":\"https:\/\/onurkaucuk.com\/wp-content\/uploads\/2025\/07\/onurkaucuk-logo-buyuk.png\",\"width\":698,\"height\":250,\"caption\":\"Onur Kau&ccedil;uk\"},\"image\":{\"@id\":\"https:\/\/onurkaucuk.com\/#\/schema\/logo\/image\/\"}}]}<\/script>\n<!-- \/ Yoast SEO plugin. -->","yoast_head_json":{"title":"Desenli Kau\u00e7uk Levhalar - Onur Kau&ccedil;uk","description":"Desenli Kau\u00e7uk Levhalar \u00fcr\u00fcn\u00fcn\u00fc incelemek ve Desenli Kau\u00e7uk Levhalar fiyat teklifi almak i\u00e7in hemen t\u0131klay\u0131n. \u0130leti\u015fime ge\u00e7erek \u00fccretsiz teklif al\u0131n.","robots":{"index":"index","follow":"follow","max-snippet":"max-snippet:-1","max-image-preview":"max-image-preview:large","max-video-preview":"max-video-preview:-1"},"canonical":"https:\/\/onurkaucuk.com\/en\/product\/desenli-kaucuk-levhalar\/","og_locale":"en_US","og_type":"article","og_title":"Desenli Kau\u00e7uk Levhalar - Onur Kau&ccedil;uk","og_description":"Desenli Kau\u00e7uk Levhalar \u00fcr\u00fcn\u00fcn\u00fc incelemek ve Desenli Kau\u00e7uk Levhalar fiyat teklifi almak i\u00e7in hemen t\u0131klay\u0131n. \u0130leti\u015fime ge\u00e7erek \u00fccretsiz teklif al\u0131n.","og_url":"https:\/\/onurkaucuk.com\/en\/product\/desenli-kaucuk-levhalar\/","og_site_name":"Onur Kau&ccedil;uk","article_modified_time":"2025-12-19T09:15:13+00:00","og_image":[{"width":952,"height":907,"url":"https:\/\/onurkaucuk.com\/wp-content\/uploads\/2025\/07\/Desenli-Kaucuk-Levhalar-1.jpg","type":"image\/jpeg"}],"twitter_card":"summary_large_image","twitter_misc":{"Est. reading time":"2 minutes"},"schema":{"@context":"https:\/\/schema.org","@graph":[{"@type":"WebPage","@id":"https:\/\/onurkaucuk.com\/urun\/desenli-kaucuk-levhalar\/","url":"https:\/\/onurkaucuk.com\/urun\/desenli-kaucuk-levhalar\/","name":"Desenli Kau\u00e7uk Levhalar - Onur Kau&ccedil;uk","isPartOf":{"@id":"https:\/\/onurkaucuk.com\/#website"},"primaryImageOfPage":{"@id":"https:\/\/onurkaucuk.com\/urun\/desenli-kaucuk-levhalar\/#primaryimage"},"image":{"@id":"https:\/\/onurkaucuk.com\/urun\/desenli-kaucuk-levhalar\/#primaryimage"},"thumbnailUrl":"https:\/\/onurkaucuk.com\/wp-content\/uploads\/2025\/07\/Desenli-Kaucuk-Levhalar-1.jpg","datePublished":"2025-07-31T20:00:43+00:00","dateModified":"2025-12-19T09:15:13+00:00","description":"Desenli Kau\u00e7uk Levhalar \u00fcr\u00fcn\u00fcn\u00fc incelemek ve Desenli Kau\u00e7uk Levhalar fiyat teklifi almak i\u00e7in hemen t\u0131klay\u0131n. \u0130leti\u015fime ge\u00e7erek \u00fccretsiz teklif al\u0131n.","breadcrumb":{"@id":"https:\/\/onurkaucuk.com\/urun\/desenli-kaucuk-levhalar\/#breadcrumb"},"inLanguage":"en-US","potentialAction":[{"@type":"ReadAction","target":["https:\/\/onurkaucuk.com\/urun\/desenli-kaucuk-levhalar\/"]}]},{"@type":"ImageObject","inLanguage":"en-US","@id":"https:\/\/onurkaucuk.com\/urun\/desenli-kaucuk-levhalar\/#primaryimage","url":"https:\/\/onurkaucuk.com\/wp-content\/uploads\/2025\/07\/Desenli-Kaucuk-Levhalar-1.jpg","contentUrl":"https:\/\/onurkaucuk.com\/wp-content\/uploads\/2025\/07\/Desenli-Kaucuk-Levhalar-1.jpg","width":952,"height":907},{"@type":"BreadcrumbList","@id":"https:\/\/onurkaucuk.com\/urun\/desenli-kaucuk-levhalar\/#breadcrumb","itemListElement":[{"@type":"ListItem","position":1,"name":"Anasayfa","item":"https:\/\/onurkaucuk.com\/"},{"@type":"ListItem","position":2,"name":"\u00dcr\u00fcnlerimiz","item":"https:\/\/onurkaucuk.com\/urunlerimiz\/"},{"@type":"ListItem","position":3,"name":"Desenli Kau\u00e7uk Levhalar"}]},{"@type":"WebSite","@id":"https:\/\/onurkaucuk.com\/#website","url":"https:\/\/onurkaucuk.com\/","name":"Onur Kau&ccedil;uk","description":"Kau&ccedil;uk ve Silikonda G&uuml;venilir &Ccedil;&ouml;z&uuml;m Orta\u011f\u0131n\u0131z","publisher":{"@id":"https:\/\/onurkaucuk.com\/#organization"},"potentialAction":[{"@type":"SearchAction","target":{"@type":"EntryPoint","urlTemplate":"https:\/\/onurkaucuk.com\/?s={search_term_string}"},"query-input":{"@type":"PropertyValueSpecification","valueRequired":true,"valueName":"search_term_string"}}],"inLanguage":"en-US"},{"@type":"Organization","@id":"https:\/\/onurkaucuk.com\/#organization","name":"Onur Kau&ccedil;uk","url":"https:\/\/onurkaucuk.com\/","logo":{"@type":"ImageObject","inLanguage":"en-US","@id":"https:\/\/onurkaucuk.com\/#\/schema\/logo\/image\/","url":"https:\/\/onurkaucuk.com\/wp-content\/uploads\/2025\/07\/onurkaucuk-logo-buyuk.png","contentUrl":"https:\/\/onurkaucuk.com\/wp-content\/uploads\/2025\/07\/onurkaucuk-logo-buyuk.png","width":698,"height":250,"caption":"Onur Kau&ccedil;uk"},"image":{"@id":"https:\/\/onurkaucuk.com\/#\/schema\/logo\/image\/"}}]}},"_links":{"self":[{"href":"https:\/\/onurkaucuk.com\/en\/wp-json\/wp\/v2\/product\/27959","targetHints":{"allow":["GET"]}}],"collection":[{"href":"https:\/\/onurkaucuk.com\/en\/wp-json\/wp\/v2\/product"}],"about":[{"href":"https:\/\/onurkaucuk.com\/en\/wp-json\/wp\/v2\/types\/product"}],"wp:featuredmedia":[{"embeddable":true,"href":"https:\/\/onurkaucuk.com\/en\/wp-json\/wp\/v2\/media\/27960"}],"wp:attachment":[{"href":"https:\/\/onurkaucuk.com\/en\/wp-json\/wp\/v2\/media?parent=27959"}],"wp:term":[{"taxonomy":"product_brand","embeddable":true,"href":"https:\/\/onurkaucuk.com\/en\/wp-json\/wp\/v2\/product_brand?post=27959"},{"taxonomy":"product_cat","embeddable":true,"href":"https:\/\/onurkaucuk.com\/en\/wp-json\/wp\/v2\/product_cat?post=27959"},{"taxonomy":"product_tag","embeddable":true,"href":"https:\/\/onurkaucuk.com\/en\/wp-json\/wp\/v2\/product_tag?post=27959"}],"curies":[{"name":"wp","href":"https:\/\/api.w.org\/{rel}","templated":true}]}}