{"id":27967,"date":"2025-07-31T23:05:18","date_gmt":"2025-07-31T20:05:18","guid":{"rendered":"https:\/\/onurkaucuk.com\/?post_type=product&#038;p=27967"},"modified":"2025-12-19T12:15:11","modified_gmt":"2025-12-19T09:15:11","slug":"epdm-sunger-levhalar","status":"publish","type":"product","link":"https:\/\/onurkaucuk.com\/en\/product\/epdm-sunger-levhalar\/","title":{"rendered":"Epdm Sponge Sheets"},"content":{"rendered":"<p>EPDM foam sheets are a flexible and durable material that provides high resistance to ultraviolet rays and harsh weather conditions. Thanks to its non-porous structure, it provides excellent sealing and, being rubber-based, possesses suspension properties. EPDM foam sheets, which can be cut to various sizes and dimensions, can also be used in gasket production with special cutting blades.<\/p>\n<p><strong>Key Features of EPDM Foam Sheets:<\/strong><\/p>\n<ul>\n<li><strong>UV and Weather Resistant:<\/strong>\u00a0EPDM foam sheets exhibit superior resistance to sunlight and external factors.<\/li>\n<li><strong>Non-porous structure:<\/strong>\u00a0Its non-porous surface provides high sealing performance, making it ideal for applications requiring leak-proof sealing.<\/li>\n<li><strong>Multipurpose Use:<\/strong>\u00a0It is widely used in construction, electrical and electronics, lighting industries, and machinery manufacturing industries.<\/li>\n<li><strong>Custom Cutting Option:<\/strong>\u00a0The product can be cut to the required dimensions specifically for the project, and adhesive tape reinforcement can be added if needed.<\/li>\n<\/ul>\n<p><strong>Areas of Use<\/strong><\/p>\n<p>EPDM foam sheets are widely preferred in the construction sector, as well as in the electrical and electronics, lighting industries, and machinery manufacturing. Their high sealing and durability properties make them commonly used in many industrial applications.<\/p>","protected":false},"excerpt":{"rendered":"<p class=\" translation-block\">You can contact our <strong>sales department<\/strong> to get more information or to develop solutions specific to your projects.<\/p>","protected":false},"featured_media":27968,"template":"","meta":[],"product_brand":[],"product_cat":[245],"product_tag":[],"class_list":{"0":"post-27967","1":"product","2":"type-product","3":"status-publish","4":"has-post-thumbnail","6":"product_cat-sungerler-ve-seritler","8":"first","9":"instock","10":"shipping-taxable","11":"product-type-external"},"yoast_head":"<!-- This site is optimized with the Yoast SEO plugin v25.6 - https:\/\/yoast.com\/wordpress\/plugins\/seo\/ -->\n<title>Epdm S\u00fcnger Levhalar - Onur Kau&ccedil;uk<\/title>\n<meta name=\"description\" content=\"Epdm S\u00fcnger Levhalar \u00fcr\u00fcn\u00fcn\u00fc incelemek ve Epdm S\u00fcnger Levhalar fiyat teklifi almak i\u00e7in hemen t\u0131klay\u0131n. \u0130leti\u015fime ge\u00e7erek \u00fccretsiz teklif al\u0131n.\" \/>\n<meta name=\"robots\" content=\"index, follow, max-snippet:-1, max-image-preview:large, max-video-preview:-1\" \/>\n<link rel=\"canonical\" href=\"https:\/\/onurkaucuk.com\/en\/product\/epdm-sunger-levhalar\/\" \/>\n<meta property=\"og:locale\" content=\"en_US\" \/>\n<meta property=\"og:type\" content=\"article\" \/>\n<meta property=\"og:title\" content=\"Epdm S\u00fcnger Levhalar - Onur Kau&ccedil;uk\" \/>\n<meta property=\"og:description\" content=\"Epdm S\u00fcnger Levhalar \u00fcr\u00fcn\u00fcn\u00fc incelemek ve Epdm S\u00fcnger Levhalar fiyat teklifi almak i\u00e7in hemen t\u0131klay\u0131n. \u0130leti\u015fime ge\u00e7erek \u00fccretsiz teklif al\u0131n.\" \/>\n<meta property=\"og:url\" content=\"https:\/\/onurkaucuk.com\/en\/product\/epdm-sunger-levhalar\/\" \/>\n<meta property=\"og:site_name\" content=\"Onur Kau&ccedil;uk\" \/>\n<meta property=\"article:modified_time\" content=\"2025-12-19T09:15:11+00:00\" \/>\n<meta property=\"og:image\" content=\"https:\/\/onurkaucuk.com\/wp-content\/uploads\/2025\/07\/Epdm-Sunger-Levhalar-1.jpg\" \/>\n\t<meta property=\"og:image:width\" content=\"952\" \/>\n\t<meta property=\"og:image:height\" content=\"907\" \/>\n\t<meta property=\"og:image:type\" content=\"image\/jpeg\" \/>\n<meta name=\"twitter:card\" content=\"summary_large_image\" \/>\n<meta name=\"twitter:label1\" content=\"Est. reading time\" \/>\n\t<meta name=\"twitter:data1\" content=\"2 minutes\" \/>\n<script type=\"application\/ld+json\" class=\"yoast-schema-graph\">{\"@context\":\"https:\/\/schema.org\",\"@graph\":[{\"@type\":\"WebPage\",\"@id\":\"https:\/\/onurkaucuk.com\/urun\/epdm-sunger-levhalar\/\",\"url\":\"https:\/\/onurkaucuk.com\/urun\/epdm-sunger-levhalar\/\",\"name\":\"Epdm S\u00fcnger Levhalar - Onur Kau&ccedil;uk\",\"isPartOf\":{\"@id\":\"https:\/\/onurkaucuk.com\/#website\"},\"primaryImageOfPage\":{\"@id\":\"https:\/\/onurkaucuk.com\/urun\/epdm-sunger-levhalar\/#primaryimage\"},\"image\":{\"@id\":\"https:\/\/onurkaucuk.com\/urun\/epdm-sunger-levhalar\/#primaryimage\"},\"thumbnailUrl\":\"https:\/\/onurkaucuk.com\/wp-content\/uploads\/2025\/07\/Epdm-Sunger-Levhalar-1.jpg\",\"datePublished\":\"2025-07-31T20:05:18+00:00\",\"dateModified\":\"2025-12-19T09:15:11+00:00\",\"description\":\"Epdm S\u00fcnger Levhalar \u00fcr\u00fcn\u00fcn\u00fc incelemek ve Epdm S\u00fcnger Levhalar fiyat teklifi almak i\u00e7in hemen t\u0131klay\u0131n. \u0130leti\u015fime ge\u00e7erek \u00fccretsiz teklif al\u0131n.\",\"breadcrumb\":{\"@id\":\"https:\/\/onurkaucuk.com\/urun\/epdm-sunger-levhalar\/#breadcrumb\"},\"inLanguage\":\"en-US\",\"potentialAction\":[{\"@type\":\"ReadAction\",\"target\":[\"https:\/\/onurkaucuk.com\/urun\/epdm-sunger-levhalar\/\"]}]},{\"@type\":\"ImageObject\",\"inLanguage\":\"en-US\",\"@id\":\"https:\/\/onurkaucuk.com\/urun\/epdm-sunger-levhalar\/#primaryimage\",\"url\":\"https:\/\/onurkaucuk.com\/wp-content\/uploads\/2025\/07\/Epdm-Sunger-Levhalar-1.jpg\",\"contentUrl\":\"https:\/\/onurkaucuk.com\/wp-content\/uploads\/2025\/07\/Epdm-Sunger-Levhalar-1.jpg\",\"width\":952,\"height\":907},{\"@type\":\"BreadcrumbList\",\"@id\":\"https:\/\/onurkaucuk.com\/urun\/epdm-sunger-levhalar\/#breadcrumb\",\"itemListElement\":[{\"@type\":\"ListItem\",\"position\":1,\"name\":\"Anasayfa\",\"item\":\"https:\/\/onurkaucuk.com\/\"},{\"@type\":\"ListItem\",\"position\":2,\"name\":\"\u00dcr\u00fcnlerimiz\",\"item\":\"https:\/\/onurkaucuk.com\/urunlerimiz\/\"},{\"@type\":\"ListItem\",\"position\":3,\"name\":\"Epdm S\u00fcnger Levhalar\"}]},{\"@type\":\"WebSite\",\"@id\":\"https:\/\/onurkaucuk.com\/#website\",\"url\":\"https:\/\/onurkaucuk.com\/\",\"name\":\"Onur Kau&ccedil;uk\",\"description\":\"Kau&ccedil;uk ve Silikonda G&uuml;venilir &Ccedil;&ouml;z&uuml;m Orta\u011f\u0131n\u0131z\",\"publisher\":{\"@id\":\"https:\/\/onurkaucuk.com\/#organization\"},\"potentialAction\":[{\"@type\":\"SearchAction\",\"target\":{\"@type\":\"EntryPoint\",\"urlTemplate\":\"https:\/\/onurkaucuk.com\/?s={search_term_string}\"},\"query-input\":{\"@type\":\"PropertyValueSpecification\",\"valueRequired\":true,\"valueName\":\"search_term_string\"}}],\"inLanguage\":\"en-US\"},{\"@type\":\"Organization\",\"@id\":\"https:\/\/onurkaucuk.com\/#organization\",\"name\":\"Onur Kau&ccedil;uk\",\"url\":\"https:\/\/onurkaucuk.com\/\",\"logo\":{\"@type\":\"ImageObject\",\"inLanguage\":\"en-US\",\"@id\":\"https:\/\/onurkaucuk.com\/#\/schema\/logo\/image\/\",\"url\":\"https:\/\/onurkaucuk.com\/wp-content\/uploads\/2025\/07\/onurkaucuk-logo-buyuk.png\",\"contentUrl\":\"https:\/\/onurkaucuk.com\/wp-content\/uploads\/2025\/07\/onurkaucuk-logo-buyuk.png\",\"width\":698,\"height\":250,\"caption\":\"Onur Kau&ccedil;uk\"},\"image\":{\"@id\":\"https:\/\/onurkaucuk.com\/#\/schema\/logo\/image\/\"}}]}<\/script>\n<!-- \/ Yoast SEO plugin. -->","yoast_head_json":{"title":"Epdm S\u00fcnger Levhalar - Onur Kau&ccedil;uk","description":"Epdm S\u00fcnger Levhalar \u00fcr\u00fcn\u00fcn\u00fc incelemek ve Epdm S\u00fcnger Levhalar fiyat teklifi almak i\u00e7in hemen t\u0131klay\u0131n. \u0130leti\u015fime ge\u00e7erek \u00fccretsiz teklif al\u0131n.","robots":{"index":"index","follow":"follow","max-snippet":"max-snippet:-1","max-image-preview":"max-image-preview:large","max-video-preview":"max-video-preview:-1"},"canonical":"https:\/\/onurkaucuk.com\/en\/product\/epdm-sunger-levhalar\/","og_locale":"en_US","og_type":"article","og_title":"Epdm S\u00fcnger Levhalar - Onur Kau&ccedil;uk","og_description":"Epdm S\u00fcnger Levhalar \u00fcr\u00fcn\u00fcn\u00fc incelemek ve Epdm S\u00fcnger Levhalar fiyat teklifi almak i\u00e7in hemen t\u0131klay\u0131n. \u0130leti\u015fime ge\u00e7erek \u00fccretsiz teklif al\u0131n.","og_url":"https:\/\/onurkaucuk.com\/en\/product\/epdm-sunger-levhalar\/","og_site_name":"Onur Kau&ccedil;uk","article_modified_time":"2025-12-19T09:15:11+00:00","og_image":[{"width":952,"height":907,"url":"https:\/\/onurkaucuk.com\/wp-content\/uploads\/2025\/07\/Epdm-Sunger-Levhalar-1.jpg","type":"image\/jpeg"}],"twitter_card":"summary_large_image","twitter_misc":{"Est. reading time":"2 minutes"},"schema":{"@context":"https:\/\/schema.org","@graph":[{"@type":"WebPage","@id":"https:\/\/onurkaucuk.com\/urun\/epdm-sunger-levhalar\/","url":"https:\/\/onurkaucuk.com\/urun\/epdm-sunger-levhalar\/","name":"Epdm S\u00fcnger Levhalar - Onur Kau&ccedil;uk","isPartOf":{"@id":"https:\/\/onurkaucuk.com\/#website"},"primaryImageOfPage":{"@id":"https:\/\/onurkaucuk.com\/urun\/epdm-sunger-levhalar\/#primaryimage"},"image":{"@id":"https:\/\/onurkaucuk.com\/urun\/epdm-sunger-levhalar\/#primaryimage"},"thumbnailUrl":"https:\/\/onurkaucuk.com\/wp-content\/uploads\/2025\/07\/Epdm-Sunger-Levhalar-1.jpg","datePublished":"2025-07-31T20:05:18+00:00","dateModified":"2025-12-19T09:15:11+00:00","description":"Epdm S\u00fcnger Levhalar \u00fcr\u00fcn\u00fcn\u00fc incelemek ve Epdm S\u00fcnger Levhalar fiyat teklifi almak i\u00e7in hemen t\u0131klay\u0131n. \u0130leti\u015fime ge\u00e7erek \u00fccretsiz teklif al\u0131n.","breadcrumb":{"@id":"https:\/\/onurkaucuk.com\/urun\/epdm-sunger-levhalar\/#breadcrumb"},"inLanguage":"en-US","potentialAction":[{"@type":"ReadAction","target":["https:\/\/onurkaucuk.com\/urun\/epdm-sunger-levhalar\/"]}]},{"@type":"ImageObject","inLanguage":"en-US","@id":"https:\/\/onurkaucuk.com\/urun\/epdm-sunger-levhalar\/#primaryimage","url":"https:\/\/onurkaucuk.com\/wp-content\/uploads\/2025\/07\/Epdm-Sunger-Levhalar-1.jpg","contentUrl":"https:\/\/onurkaucuk.com\/wp-content\/uploads\/2025\/07\/Epdm-Sunger-Levhalar-1.jpg","width":952,"height":907},{"@type":"BreadcrumbList","@id":"https:\/\/onurkaucuk.com\/urun\/epdm-sunger-levhalar\/#breadcrumb","itemListElement":[{"@type":"ListItem","position":1,"name":"Anasayfa","item":"https:\/\/onurkaucuk.com\/"},{"@type":"ListItem","position":2,"name":"\u00dcr\u00fcnlerimiz","item":"https:\/\/onurkaucuk.com\/urunlerimiz\/"},{"@type":"ListItem","position":3,"name":"Epdm S\u00fcnger Levhalar"}]},{"@type":"WebSite","@id":"https:\/\/onurkaucuk.com\/#website","url":"https:\/\/onurkaucuk.com\/","name":"Onur Kau&ccedil;uk","description":"Kau&ccedil;uk ve Silikonda G&uuml;venilir &Ccedil;&ouml;z&uuml;m Orta\u011f\u0131n\u0131z","publisher":{"@id":"https:\/\/onurkaucuk.com\/#organization"},"potentialAction":[{"@type":"SearchAction","target":{"@type":"EntryPoint","urlTemplate":"https:\/\/onurkaucuk.com\/?s={search_term_string}"},"query-input":{"@type":"PropertyValueSpecification","valueRequired":true,"valueName":"search_term_string"}}],"inLanguage":"en-US"},{"@type":"Organization","@id":"https:\/\/onurkaucuk.com\/#organization","name":"Onur Kau&ccedil;uk","url":"https:\/\/onurkaucuk.com\/","logo":{"@type":"ImageObject","inLanguage":"en-US","@id":"https:\/\/onurkaucuk.com\/#\/schema\/logo\/image\/","url":"https:\/\/onurkaucuk.com\/wp-content\/uploads\/2025\/07\/onurkaucuk-logo-buyuk.png","contentUrl":"https:\/\/onurkaucuk.com\/wp-content\/uploads\/2025\/07\/onurkaucuk-logo-buyuk.png","width":698,"height":250,"caption":"Onur Kau&ccedil;uk"},"image":{"@id":"https:\/\/onurkaucuk.com\/#\/schema\/logo\/image\/"}}]}},"_links":{"self":[{"href":"https:\/\/onurkaucuk.com\/en\/wp-json\/wp\/v2\/product\/27967","targetHints":{"allow":["GET"]}}],"collection":[{"href":"https:\/\/onurkaucuk.com\/en\/wp-json\/wp\/v2\/product"}],"about":[{"href":"https:\/\/onurkaucuk.com\/en\/wp-json\/wp\/v2\/types\/product"}],"wp:featuredmedia":[{"embeddable":true,"href":"https:\/\/onurkaucuk.com\/en\/wp-json\/wp\/v2\/media\/27968"}],"wp:attachment":[{"href":"https:\/\/onurkaucuk.com\/en\/wp-json\/wp\/v2\/media?parent=27967"}],"wp:term":[{"taxonomy":"product_brand","embeddable":true,"href":"https:\/\/onurkaucuk.com\/en\/wp-json\/wp\/v2\/product_brand?post=27967"},{"taxonomy":"product_cat","embeddable":true,"href":"https:\/\/onurkaucuk.com\/en\/wp-json\/wp\/v2\/product_cat?post=27967"},{"taxonomy":"product_tag","embeddable":true,"href":"https:\/\/onurkaucuk.com\/en\/wp-json\/wp\/v2\/product_tag?post=27967"}],"curies":[{"name":"wp","href":"https:\/\/api.w.org\/{rel}","templated":true}]}}