{"id":27972,"date":"2025-07-31T23:07:44","date_gmt":"2025-07-31T20:07:44","guid":{"rendered":"https:\/\/onurkaucuk.com\/?post_type=product&#038;p=27972"},"modified":"2025-12-19T12:15:07","modified_gmt":"2025-12-19T09:15:07","slug":"kaporta-sungeri","status":"publish","type":"product","link":"https:\/\/onurkaucuk.com\/en\/product\/kaporta-sungeri\/","title":{"rendered":"Body Sponge"},"content":{"rendered":"<p><strong>EPDM Rubber Foams (Bodywork Foams)<\/strong><\/p>\n<p>EPDM rubber sponges have a non-porous surface, which makes them perfectly waterproof, dustproof, and airtight. The porous internal structure of the sponges allows for good compression, while maintaining a high ability to return to their original shape after compression.<\/p>\n<p><strong>Applications of EPDM Bodywork Foam:<\/strong><\/p>\n<ul>\n<li><strong>Ship Hatch Hatches and Doors:<\/strong>\u00a0It delivers high performance in applications requiring water and air tightness.<\/li>\n<li><strong>Textile Dyeing Covers:<\/strong>\u00a0Ideal for sealing purposes in painting applications.<\/li>\n<li><strong>Machinery Manufacturing Industry:<\/strong>\u00a0It is used in industrial machinery in environments requiring elastic sealing.<\/li>\n<li><strong>Other areas requiring elastic sealing:<\/strong>\u00a0It provides flexible sealing in all types of applications.<\/li>\n<\/ul>\n<p><strong>Production Options:<\/strong><\/p>\n<p>EPDM rubber sponges, available in standard lengths of 12 meters, can also be manufactured in custom sizes and dimensions upon request. They have a glossy, non-porous outer coating, providing excellent sealing properties.<\/p>","protected":false},"excerpt":{"rendered":"<p class=\" translation-block\">You can contact our <strong>sales department<\/strong> to get more information or to develop solutions specific to your projects.<\/p>","protected":false},"featured_media":27973,"template":"","meta":[],"product_brand":[],"product_cat":[245],"product_tag":[],"class_list":{"0":"post-27972","1":"product","2":"type-product","3":"status-publish","4":"has-post-thumbnail","6":"product_cat-sungerler-ve-seritler","8":"first","9":"instock","10":"shipping-taxable","11":"product-type-external"},"yoast_head":"<!-- This site is optimized with the Yoast SEO plugin v25.6 - https:\/\/yoast.com\/wordpress\/plugins\/seo\/ -->\n<title>Kaporta S\u00fcngeri - Onur Kau&ccedil;uk<\/title>\n<meta name=\"description\" content=\"Kaporta S\u00fcngeri \u00fcr\u00fcn\u00fcn\u00fc incelemek ve Kaporta S\u00fcngeri fiyat teklifi almak i\u00e7in hemen t\u0131klay\u0131n. \u0130leti\u015fime ge\u00e7erek \u00fccretsiz teklif al\u0131n.\" \/>\n<meta name=\"robots\" content=\"index, follow, max-snippet:-1, max-image-preview:large, max-video-preview:-1\" \/>\n<link rel=\"canonical\" href=\"https:\/\/onurkaucuk.com\/en\/product\/kaporta-sungeri\/\" \/>\n<meta property=\"og:locale\" content=\"en_US\" \/>\n<meta property=\"og:type\" content=\"article\" \/>\n<meta property=\"og:title\" content=\"Kaporta S\u00fcngeri - Onur Kau&ccedil;uk\" \/>\n<meta property=\"og:description\" content=\"Kaporta S\u00fcngeri \u00fcr\u00fcn\u00fcn\u00fc incelemek ve Kaporta S\u00fcngeri fiyat teklifi almak i\u00e7in hemen t\u0131klay\u0131n. \u0130leti\u015fime ge\u00e7erek \u00fccretsiz teklif al\u0131n.\" \/>\n<meta property=\"og:url\" content=\"https:\/\/onurkaucuk.com\/en\/product\/kaporta-sungeri\/\" \/>\n<meta property=\"og:site_name\" content=\"Onur Kau&ccedil;uk\" \/>\n<meta property=\"article:modified_time\" content=\"2025-12-19T09:15:07+00:00\" \/>\n<meta property=\"og:image\" content=\"https:\/\/onurkaucuk.com\/wp-content\/uploads\/2025\/07\/Kaporta-Sungeri-1.jpg\" \/>\n\t<meta property=\"og:image:width\" content=\"952\" \/>\n\t<meta property=\"og:image:height\" content=\"907\" \/>\n\t<meta property=\"og:image:type\" content=\"image\/jpeg\" \/>\n<meta name=\"twitter:card\" content=\"summary_large_image\" \/>\n<meta name=\"twitter:label1\" content=\"Est. reading time\" \/>\n\t<meta name=\"twitter:data1\" content=\"1 minute\" \/>\n<script type=\"application\/ld+json\" class=\"yoast-schema-graph\">{\"@context\":\"https:\/\/schema.org\",\"@graph\":[{\"@type\":\"WebPage\",\"@id\":\"https:\/\/onurkaucuk.com\/urun\/kaporta-sungeri\/\",\"url\":\"https:\/\/onurkaucuk.com\/urun\/kaporta-sungeri\/\",\"name\":\"Kaporta S\u00fcngeri - Onur Kau&ccedil;uk\",\"isPartOf\":{\"@id\":\"https:\/\/onurkaucuk.com\/#website\"},\"primaryImageOfPage\":{\"@id\":\"https:\/\/onurkaucuk.com\/urun\/kaporta-sungeri\/#primaryimage\"},\"image\":{\"@id\":\"https:\/\/onurkaucuk.com\/urun\/kaporta-sungeri\/#primaryimage\"},\"thumbnailUrl\":\"https:\/\/onurkaucuk.com\/wp-content\/uploads\/2025\/07\/Kaporta-Sungeri-1.jpg\",\"datePublished\":\"2025-07-31T20:07:44+00:00\",\"dateModified\":\"2025-12-19T09:15:07+00:00\",\"description\":\"Kaporta S\u00fcngeri \u00fcr\u00fcn\u00fcn\u00fc incelemek ve Kaporta S\u00fcngeri fiyat teklifi almak i\u00e7in hemen t\u0131klay\u0131n. \u0130leti\u015fime ge\u00e7erek \u00fccretsiz teklif al\u0131n.\",\"breadcrumb\":{\"@id\":\"https:\/\/onurkaucuk.com\/urun\/kaporta-sungeri\/#breadcrumb\"},\"inLanguage\":\"en-US\",\"potentialAction\":[{\"@type\":\"ReadAction\",\"target\":[\"https:\/\/onurkaucuk.com\/urun\/kaporta-sungeri\/\"]}]},{\"@type\":\"ImageObject\",\"inLanguage\":\"en-US\",\"@id\":\"https:\/\/onurkaucuk.com\/urun\/kaporta-sungeri\/#primaryimage\",\"url\":\"https:\/\/onurkaucuk.com\/wp-content\/uploads\/2025\/07\/Kaporta-Sungeri-1.jpg\",\"contentUrl\":\"https:\/\/onurkaucuk.com\/wp-content\/uploads\/2025\/07\/Kaporta-Sungeri-1.jpg\",\"width\":952,\"height\":907},{\"@type\":\"BreadcrumbList\",\"@id\":\"https:\/\/onurkaucuk.com\/urun\/kaporta-sungeri\/#breadcrumb\",\"itemListElement\":[{\"@type\":\"ListItem\",\"position\":1,\"name\":\"Anasayfa\",\"item\":\"https:\/\/onurkaucuk.com\/\"},{\"@type\":\"ListItem\",\"position\":2,\"name\":\"\u00dcr\u00fcnlerimiz\",\"item\":\"https:\/\/onurkaucuk.com\/urunlerimiz\/\"},{\"@type\":\"ListItem\",\"position\":3,\"name\":\"Kaporta S\u00fcngeri\"}]},{\"@type\":\"WebSite\",\"@id\":\"https:\/\/onurkaucuk.com\/#website\",\"url\":\"https:\/\/onurkaucuk.com\/\",\"name\":\"Onur Kau&ccedil;uk\",\"description\":\"Kau&ccedil;uk ve Silikonda G&uuml;venilir &Ccedil;&ouml;z&uuml;m Orta\u011f\u0131n\u0131z\",\"publisher\":{\"@id\":\"https:\/\/onurkaucuk.com\/#organization\"},\"potentialAction\":[{\"@type\":\"SearchAction\",\"target\":{\"@type\":\"EntryPoint\",\"urlTemplate\":\"https:\/\/onurkaucuk.com\/?s={search_term_string}\"},\"query-input\":{\"@type\":\"PropertyValueSpecification\",\"valueRequired\":true,\"valueName\":\"search_term_string\"}}],\"inLanguage\":\"en-US\"},{\"@type\":\"Organization\",\"@id\":\"https:\/\/onurkaucuk.com\/#organization\",\"name\":\"Onur Kau&ccedil;uk\",\"url\":\"https:\/\/onurkaucuk.com\/\",\"logo\":{\"@type\":\"ImageObject\",\"inLanguage\":\"en-US\",\"@id\":\"https:\/\/onurkaucuk.com\/#\/schema\/logo\/image\/\",\"url\":\"https:\/\/onurkaucuk.com\/wp-content\/uploads\/2025\/07\/onurkaucuk-logo-buyuk.png\",\"contentUrl\":\"https:\/\/onurkaucuk.com\/wp-content\/uploads\/2025\/07\/onurkaucuk-logo-buyuk.png\",\"width\":698,\"height\":250,\"caption\":\"Onur Kau&ccedil;uk\"},\"image\":{\"@id\":\"https:\/\/onurkaucuk.com\/#\/schema\/logo\/image\/\"}}]}<\/script>\n<!-- \/ Yoast SEO plugin. -->","yoast_head_json":{"title":"Kaporta S\u00fcngeri - Onur Kau&ccedil;uk","description":"Kaporta S\u00fcngeri \u00fcr\u00fcn\u00fcn\u00fc incelemek ve Kaporta S\u00fcngeri fiyat teklifi almak i\u00e7in hemen t\u0131klay\u0131n. \u0130leti\u015fime ge\u00e7erek \u00fccretsiz teklif al\u0131n.","robots":{"index":"index","follow":"follow","max-snippet":"max-snippet:-1","max-image-preview":"max-image-preview:large","max-video-preview":"max-video-preview:-1"},"canonical":"https:\/\/onurkaucuk.com\/en\/product\/kaporta-sungeri\/","og_locale":"en_US","og_type":"article","og_title":"Kaporta S\u00fcngeri - Onur Kau&ccedil;uk","og_description":"Kaporta S\u00fcngeri \u00fcr\u00fcn\u00fcn\u00fc incelemek ve Kaporta S\u00fcngeri fiyat teklifi almak i\u00e7in hemen t\u0131klay\u0131n. \u0130leti\u015fime ge\u00e7erek \u00fccretsiz teklif al\u0131n.","og_url":"https:\/\/onurkaucuk.com\/en\/product\/kaporta-sungeri\/","og_site_name":"Onur Kau&ccedil;uk","article_modified_time":"2025-12-19T09:15:07+00:00","og_image":[{"width":952,"height":907,"url":"https:\/\/onurkaucuk.com\/wp-content\/uploads\/2025\/07\/Kaporta-Sungeri-1.jpg","type":"image\/jpeg"}],"twitter_card":"summary_large_image","twitter_misc":{"Est. reading time":"1 minute"},"schema":{"@context":"https:\/\/schema.org","@graph":[{"@type":"WebPage","@id":"https:\/\/onurkaucuk.com\/urun\/kaporta-sungeri\/","url":"https:\/\/onurkaucuk.com\/urun\/kaporta-sungeri\/","name":"Kaporta S\u00fcngeri - Onur Kau&ccedil;uk","isPartOf":{"@id":"https:\/\/onurkaucuk.com\/#website"},"primaryImageOfPage":{"@id":"https:\/\/onurkaucuk.com\/urun\/kaporta-sungeri\/#primaryimage"},"image":{"@id":"https:\/\/onurkaucuk.com\/urun\/kaporta-sungeri\/#primaryimage"},"thumbnailUrl":"https:\/\/onurkaucuk.com\/wp-content\/uploads\/2025\/07\/Kaporta-Sungeri-1.jpg","datePublished":"2025-07-31T20:07:44+00:00","dateModified":"2025-12-19T09:15:07+00:00","description":"Kaporta S\u00fcngeri \u00fcr\u00fcn\u00fcn\u00fc incelemek ve Kaporta S\u00fcngeri fiyat teklifi almak i\u00e7in hemen t\u0131klay\u0131n. \u0130leti\u015fime ge\u00e7erek \u00fccretsiz teklif al\u0131n.","breadcrumb":{"@id":"https:\/\/onurkaucuk.com\/urun\/kaporta-sungeri\/#breadcrumb"},"inLanguage":"en-US","potentialAction":[{"@type":"ReadAction","target":["https:\/\/onurkaucuk.com\/urun\/kaporta-sungeri\/"]}]},{"@type":"ImageObject","inLanguage":"en-US","@id":"https:\/\/onurkaucuk.com\/urun\/kaporta-sungeri\/#primaryimage","url":"https:\/\/onurkaucuk.com\/wp-content\/uploads\/2025\/07\/Kaporta-Sungeri-1.jpg","contentUrl":"https:\/\/onurkaucuk.com\/wp-content\/uploads\/2025\/07\/Kaporta-Sungeri-1.jpg","width":952,"height":907},{"@type":"BreadcrumbList","@id":"https:\/\/onurkaucuk.com\/urun\/kaporta-sungeri\/#breadcrumb","itemListElement":[{"@type":"ListItem","position":1,"name":"Anasayfa","item":"https:\/\/onurkaucuk.com\/"},{"@type":"ListItem","position":2,"name":"\u00dcr\u00fcnlerimiz","item":"https:\/\/onurkaucuk.com\/urunlerimiz\/"},{"@type":"ListItem","position":3,"name":"Kaporta S\u00fcngeri"}]},{"@type":"WebSite","@id":"https:\/\/onurkaucuk.com\/#website","url":"https:\/\/onurkaucuk.com\/","name":"Onur Kau&ccedil;uk","description":"Kau&ccedil;uk ve Silikonda G&uuml;venilir &Ccedil;&ouml;z&uuml;m Orta\u011f\u0131n\u0131z","publisher":{"@id":"https:\/\/onurkaucuk.com\/#organization"},"potentialAction":[{"@type":"SearchAction","target":{"@type":"EntryPoint","urlTemplate":"https:\/\/onurkaucuk.com\/?s={search_term_string}"},"query-input":{"@type":"PropertyValueSpecification","valueRequired":true,"valueName":"search_term_string"}}],"inLanguage":"en-US"},{"@type":"Organization","@id":"https:\/\/onurkaucuk.com\/#organization","name":"Onur Kau&ccedil;uk","url":"https:\/\/onurkaucuk.com\/","logo":{"@type":"ImageObject","inLanguage":"en-US","@id":"https:\/\/onurkaucuk.com\/#\/schema\/logo\/image\/","url":"https:\/\/onurkaucuk.com\/wp-content\/uploads\/2025\/07\/onurkaucuk-logo-buyuk.png","contentUrl":"https:\/\/onurkaucuk.com\/wp-content\/uploads\/2025\/07\/onurkaucuk-logo-buyuk.png","width":698,"height":250,"caption":"Onur Kau&ccedil;uk"},"image":{"@id":"https:\/\/onurkaucuk.com\/#\/schema\/logo\/image\/"}}]}},"_links":{"self":[{"href":"https:\/\/onurkaucuk.com\/en\/wp-json\/wp\/v2\/product\/27972","targetHints":{"allow":["GET"]}}],"collection":[{"href":"https:\/\/onurkaucuk.com\/en\/wp-json\/wp\/v2\/product"}],"about":[{"href":"https:\/\/onurkaucuk.com\/en\/wp-json\/wp\/v2\/types\/product"}],"wp:featuredmedia":[{"embeddable":true,"href":"https:\/\/onurkaucuk.com\/en\/wp-json\/wp\/v2\/media\/27973"}],"wp:attachment":[{"href":"https:\/\/onurkaucuk.com\/en\/wp-json\/wp\/v2\/media?parent=27972"}],"wp:term":[{"taxonomy":"product_brand","embeddable":true,"href":"https:\/\/onurkaucuk.com\/en\/wp-json\/wp\/v2\/product_brand?post=27972"},{"taxonomy":"product_cat","embeddable":true,"href":"https:\/\/onurkaucuk.com\/en\/wp-json\/wp\/v2\/product_cat?post=27972"},{"taxonomy":"product_tag","embeddable":true,"href":"https:\/\/onurkaucuk.com\/en\/wp-json\/wp\/v2\/product_tag?post=27972"}],"curies":[{"name":"wp","href":"https:\/\/api.w.org\/{rel}","templated":true}]}}