{"id":28084,"date":"2025-08-01T00:39:10","date_gmt":"2025-07-31T21:39:10","guid":{"rendered":"https:\/\/onurkaucuk.com\/?post_type=product&#038;p=28084"},"modified":"2025-12-19T12:07:56","modified_gmt":"2025-12-19T09:07:56","slug":"rotex-tip-kaplin-lastikleri","status":"publish","type":"product","link":"https:\/\/onurkaucuk.com\/en\/product\/rotex-tip-kaplin-lastikleri\/","title":{"rendered":"Rotex Type Coupling Rubbers"},"content":{"rendered":"<p><strong>%%title%% \u00fcr\u00fcn\u00fcn\u00fc incelemek ve %%title%% fiyat teklifi almak i\u00e7in hemen t\u0131klay\u0131n. \u0130leti\u015fime ge\u00e7erek \u00fccretsiz teklif al\u0131n.Rotex Tip Kaplin Lastikleri: Esnek ve Dayan\u0131kl\u0131 Ba\u011flant\u0131 \u00c7\u00f6z\u00fcmleri<\/strong><\/p>\n<p>Rotex coupling rubbers are manufactured from natural rubber or polyurethane materials, offering high performance and durability. These coupling rubbers are designed to provide reliable connections in industrial applications. In addition to standard sizes, Rotex coupling rubbers can also be produced in custom and larger sizes.<\/p>\n<p><strong>Product Features:<\/strong><\/p>\n<ul>\n<li><strong>High Durability:<\/strong>\u00a0Rotex type coupling rubbers are resistant to wear and tear, ensuring long-lasting use.<\/li>\n<li><strong>Flexible Structure:<\/strong>\u00a0It improves system stability by effectively damping mechanical vibrations.<\/li>\n<li><strong>Custom Manufacturing Options:<\/strong>\u00a0Custom and large-scale production is possible according to customer requirements.<\/li>\n<\/ul>\n<p><strong>Areas of Use<\/strong><\/p>\n<ul>\n<li><strong>Industrial Applications:<\/strong>\u00a0Rotex type coupling rubbers provide reliable connections in a variety of industrial machines.<\/li>\n<li><strong>Automotive Industry:<\/strong>\u00a0Ara\u00e7larda g\u00fc\u00e7 iletimini optimize eder ve performans\u0131 art\u0131r\u0131r.<\/li>\n<\/ul>\n<p>Our Rotex type coupling rubbers are manufactured using high-quality materials and can fully meet customer needs with the possibility of custom design. If you are looking for reliable and durable connection solutions, you can choose our Rotex type coupling rubbers.<\/p>\n<p><strong>For more information and product inquiries, please contact us!<\/strong><\/p>","protected":false},"excerpt":{"rendered":"<p class=\" translation-block\">You can contact our <strong>sales department<\/strong> to get more information or to develop solutions specific to your projects.<\/p>","protected":false},"featured_media":28085,"template":"","meta":[],"product_brand":[],"product_cat":[237],"product_tag":[],"class_list":{"0":"post-28084","1":"product","2":"type-product","3":"status-publish","4":"has-post-thumbnail","6":"product_cat-kaplin-lastikleri","8":"first","9":"instock","10":"shipping-taxable","11":"product-type-external"},"yoast_head":"<!-- This site is optimized with the Yoast SEO plugin v25.6 - https:\/\/yoast.com\/wordpress\/plugins\/seo\/ -->\n<title>Rotex Tip Kaplin Lastikleri - Onur Kau&ccedil;uk<\/title>\n<meta name=\"description\" content=\"Rotex Tip Kaplin Lastikleri \u00fcr\u00fcn\u00fcn\u00fc incelemek ve Rotex Tip Kaplin Lastikleri fiyat teklifi almak i\u00e7in hemen t\u0131klay\u0131n. \u0130leti\u015fime ge\u00e7erek \u00fccretsiz teklif al\u0131n.\" \/>\n<meta name=\"robots\" content=\"index, follow, max-snippet:-1, max-image-preview:large, max-video-preview:-1\" \/>\n<link rel=\"canonical\" href=\"https:\/\/onurkaucuk.com\/en\/product\/rotex-tip-kaplin-lastikleri\/\" \/>\n<meta property=\"og:locale\" content=\"en_US\" \/>\n<meta property=\"og:type\" content=\"article\" \/>\n<meta property=\"og:title\" content=\"Rotex Tip Kaplin Lastikleri - Onur Kau&ccedil;uk\" \/>\n<meta property=\"og:description\" content=\"Rotex Tip Kaplin Lastikleri \u00fcr\u00fcn\u00fcn\u00fc incelemek ve Rotex Tip Kaplin Lastikleri fiyat teklifi almak i\u00e7in hemen t\u0131klay\u0131n. \u0130leti\u015fime ge\u00e7erek \u00fccretsiz teklif al\u0131n.\" \/>\n<meta property=\"og:url\" content=\"https:\/\/onurkaucuk.com\/en\/product\/rotex-tip-kaplin-lastikleri\/\" \/>\n<meta property=\"og:site_name\" content=\"Onur Kau&ccedil;uk\" \/>\n<meta property=\"article:modified_time\" content=\"2025-12-19T09:07:56+00:00\" \/>\n<meta property=\"og:image\" content=\"https:\/\/onurkaucuk.com\/wp-content\/uploads\/2025\/08\/Rotex-Tip-Kaplin-Lastikleri-1.jpg\" \/>\n\t<meta property=\"og:image:width\" content=\"952\" \/>\n\t<meta property=\"og:image:height\" content=\"907\" \/>\n\t<meta property=\"og:image:type\" content=\"image\/jpeg\" \/>\n<meta name=\"twitter:card\" content=\"summary_large_image\" \/>\n<meta name=\"twitter:label1\" content=\"Est. reading time\" \/>\n\t<meta name=\"twitter:data1\" content=\"2 minutes\" \/>\n<script type=\"application\/ld+json\" class=\"yoast-schema-graph\">{\"@context\":\"https:\/\/schema.org\",\"@graph\":[{\"@type\":\"WebPage\",\"@id\":\"https:\/\/onurkaucuk.com\/urun\/rotex-tip-kaplin-lastikleri\/\",\"url\":\"https:\/\/onurkaucuk.com\/urun\/rotex-tip-kaplin-lastikleri\/\",\"name\":\"Rotex Tip Kaplin Lastikleri - Onur Kau&ccedil;uk\",\"isPartOf\":{\"@id\":\"https:\/\/onurkaucuk.com\/#website\"},\"primaryImageOfPage\":{\"@id\":\"https:\/\/onurkaucuk.com\/urun\/rotex-tip-kaplin-lastikleri\/#primaryimage\"},\"image\":{\"@id\":\"https:\/\/onurkaucuk.com\/urun\/rotex-tip-kaplin-lastikleri\/#primaryimage\"},\"thumbnailUrl\":\"https:\/\/onurkaucuk.com\/wp-content\/uploads\/2025\/08\/Rotex-Tip-Kaplin-Lastikleri-1.jpg\",\"datePublished\":\"2025-07-31T21:39:10+00:00\",\"dateModified\":\"2025-12-19T09:07:56+00:00\",\"description\":\"Rotex Tip Kaplin Lastikleri \u00fcr\u00fcn\u00fcn\u00fc incelemek ve Rotex Tip Kaplin Lastikleri fiyat teklifi almak i\u00e7in hemen t\u0131klay\u0131n. \u0130leti\u015fime ge\u00e7erek \u00fccretsiz teklif al\u0131n.\",\"breadcrumb\":{\"@id\":\"https:\/\/onurkaucuk.com\/urun\/rotex-tip-kaplin-lastikleri\/#breadcrumb\"},\"inLanguage\":\"en-US\",\"potentialAction\":[{\"@type\":\"ReadAction\",\"target\":[\"https:\/\/onurkaucuk.com\/urun\/rotex-tip-kaplin-lastikleri\/\"]}]},{\"@type\":\"ImageObject\",\"inLanguage\":\"en-US\",\"@id\":\"https:\/\/onurkaucuk.com\/urun\/rotex-tip-kaplin-lastikleri\/#primaryimage\",\"url\":\"https:\/\/onurkaucuk.com\/wp-content\/uploads\/2025\/08\/Rotex-Tip-Kaplin-Lastikleri-1.jpg\",\"contentUrl\":\"https:\/\/onurkaucuk.com\/wp-content\/uploads\/2025\/08\/Rotex-Tip-Kaplin-Lastikleri-1.jpg\",\"width\":952,\"height\":907},{\"@type\":\"BreadcrumbList\",\"@id\":\"https:\/\/onurkaucuk.com\/urun\/rotex-tip-kaplin-lastikleri\/#breadcrumb\",\"itemListElement\":[{\"@type\":\"ListItem\",\"position\":1,\"name\":\"Anasayfa\",\"item\":\"https:\/\/onurkaucuk.com\/\"},{\"@type\":\"ListItem\",\"position\":2,\"name\":\"\u00dcr\u00fcnlerimiz\",\"item\":\"https:\/\/onurkaucuk.com\/urunlerimiz\/\"},{\"@type\":\"ListItem\",\"position\":3,\"name\":\"Rotex Tip Kaplin Lastikleri\"}]},{\"@type\":\"WebSite\",\"@id\":\"https:\/\/onurkaucuk.com\/#website\",\"url\":\"https:\/\/onurkaucuk.com\/\",\"name\":\"Onur Kau&ccedil;uk\",\"description\":\"Kau&ccedil;uk ve Silikonda G&uuml;venilir &Ccedil;&ouml;z&uuml;m Orta\u011f\u0131n\u0131z\",\"publisher\":{\"@id\":\"https:\/\/onurkaucuk.com\/#organization\"},\"potentialAction\":[{\"@type\":\"SearchAction\",\"target\":{\"@type\":\"EntryPoint\",\"urlTemplate\":\"https:\/\/onurkaucuk.com\/?s={search_term_string}\"},\"query-input\":{\"@type\":\"PropertyValueSpecification\",\"valueRequired\":true,\"valueName\":\"search_term_string\"}}],\"inLanguage\":\"en-US\"},{\"@type\":\"Organization\",\"@id\":\"https:\/\/onurkaucuk.com\/#organization\",\"name\":\"Onur Kau&ccedil;uk\",\"url\":\"https:\/\/onurkaucuk.com\/\",\"logo\":{\"@type\":\"ImageObject\",\"inLanguage\":\"en-US\",\"@id\":\"https:\/\/onurkaucuk.com\/#\/schema\/logo\/image\/\",\"url\":\"https:\/\/onurkaucuk.com\/wp-content\/uploads\/2025\/07\/onurkaucuk-logo-buyuk.png\",\"contentUrl\":\"https:\/\/onurkaucuk.com\/wp-content\/uploads\/2025\/07\/onurkaucuk-logo-buyuk.png\",\"width\":698,\"height\":250,\"caption\":\"Onur Kau&ccedil;uk\"},\"image\":{\"@id\":\"https:\/\/onurkaucuk.com\/#\/schema\/logo\/image\/\"}}]}<\/script>\n<!-- \/ Yoast SEO plugin. -->","yoast_head_json":{"title":"Rotex Tip Kaplin Lastikleri - Onur Kau&ccedil;uk","description":"Rotex Tip Kaplin Lastikleri \u00fcr\u00fcn\u00fcn\u00fc incelemek ve Rotex Tip Kaplin Lastikleri fiyat teklifi almak i\u00e7in hemen t\u0131klay\u0131n. \u0130leti\u015fime ge\u00e7erek \u00fccretsiz teklif al\u0131n.","robots":{"index":"index","follow":"follow","max-snippet":"max-snippet:-1","max-image-preview":"max-image-preview:large","max-video-preview":"max-video-preview:-1"},"canonical":"https:\/\/onurkaucuk.com\/en\/product\/rotex-tip-kaplin-lastikleri\/","og_locale":"en_US","og_type":"article","og_title":"Rotex Tip Kaplin Lastikleri - Onur Kau&ccedil;uk","og_description":"Rotex Tip Kaplin Lastikleri \u00fcr\u00fcn\u00fcn\u00fc incelemek ve Rotex Tip Kaplin Lastikleri fiyat teklifi almak i\u00e7in hemen t\u0131klay\u0131n. \u0130leti\u015fime ge\u00e7erek \u00fccretsiz teklif al\u0131n.","og_url":"https:\/\/onurkaucuk.com\/en\/product\/rotex-tip-kaplin-lastikleri\/","og_site_name":"Onur Kau&ccedil;uk","article_modified_time":"2025-12-19T09:07:56+00:00","og_image":[{"width":952,"height":907,"url":"https:\/\/onurkaucuk.com\/wp-content\/uploads\/2025\/08\/Rotex-Tip-Kaplin-Lastikleri-1.jpg","type":"image\/jpeg"}],"twitter_card":"summary_large_image","twitter_misc":{"Est. reading time":"2 minutes"},"schema":{"@context":"https:\/\/schema.org","@graph":[{"@type":"WebPage","@id":"https:\/\/onurkaucuk.com\/urun\/rotex-tip-kaplin-lastikleri\/","url":"https:\/\/onurkaucuk.com\/urun\/rotex-tip-kaplin-lastikleri\/","name":"Rotex Tip Kaplin Lastikleri - Onur Kau&ccedil;uk","isPartOf":{"@id":"https:\/\/onurkaucuk.com\/#website"},"primaryImageOfPage":{"@id":"https:\/\/onurkaucuk.com\/urun\/rotex-tip-kaplin-lastikleri\/#primaryimage"},"image":{"@id":"https:\/\/onurkaucuk.com\/urun\/rotex-tip-kaplin-lastikleri\/#primaryimage"},"thumbnailUrl":"https:\/\/onurkaucuk.com\/wp-content\/uploads\/2025\/08\/Rotex-Tip-Kaplin-Lastikleri-1.jpg","datePublished":"2025-07-31T21:39:10+00:00","dateModified":"2025-12-19T09:07:56+00:00","description":"Rotex Tip Kaplin Lastikleri \u00fcr\u00fcn\u00fcn\u00fc incelemek ve Rotex Tip Kaplin Lastikleri fiyat teklifi almak i\u00e7in hemen t\u0131klay\u0131n. \u0130leti\u015fime ge\u00e7erek \u00fccretsiz teklif al\u0131n.","breadcrumb":{"@id":"https:\/\/onurkaucuk.com\/urun\/rotex-tip-kaplin-lastikleri\/#breadcrumb"},"inLanguage":"en-US","potentialAction":[{"@type":"ReadAction","target":["https:\/\/onurkaucuk.com\/urun\/rotex-tip-kaplin-lastikleri\/"]}]},{"@type":"ImageObject","inLanguage":"en-US","@id":"https:\/\/onurkaucuk.com\/urun\/rotex-tip-kaplin-lastikleri\/#primaryimage","url":"https:\/\/onurkaucuk.com\/wp-content\/uploads\/2025\/08\/Rotex-Tip-Kaplin-Lastikleri-1.jpg","contentUrl":"https:\/\/onurkaucuk.com\/wp-content\/uploads\/2025\/08\/Rotex-Tip-Kaplin-Lastikleri-1.jpg","width":952,"height":907},{"@type":"BreadcrumbList","@id":"https:\/\/onurkaucuk.com\/urun\/rotex-tip-kaplin-lastikleri\/#breadcrumb","itemListElement":[{"@type":"ListItem","position":1,"name":"Anasayfa","item":"https:\/\/onurkaucuk.com\/"},{"@type":"ListItem","position":2,"name":"\u00dcr\u00fcnlerimiz","item":"https:\/\/onurkaucuk.com\/urunlerimiz\/"},{"@type":"ListItem","position":3,"name":"Rotex Tip Kaplin Lastikleri"}]},{"@type":"WebSite","@id":"https:\/\/onurkaucuk.com\/#website","url":"https:\/\/onurkaucuk.com\/","name":"Onur Kau&ccedil;uk","description":"Kau&ccedil;uk ve Silikonda G&uuml;venilir &Ccedil;&ouml;z&uuml;m Orta\u011f\u0131n\u0131z","publisher":{"@id":"https:\/\/onurkaucuk.com\/#organization"},"potentialAction":[{"@type":"SearchAction","target":{"@type":"EntryPoint","urlTemplate":"https:\/\/onurkaucuk.com\/?s={search_term_string}"},"query-input":{"@type":"PropertyValueSpecification","valueRequired":true,"valueName":"search_term_string"}}],"inLanguage":"en-US"},{"@type":"Organization","@id":"https:\/\/onurkaucuk.com\/#organization","name":"Onur Kau&ccedil;uk","url":"https:\/\/onurkaucuk.com\/","logo":{"@type":"ImageObject","inLanguage":"en-US","@id":"https:\/\/onurkaucuk.com\/#\/schema\/logo\/image\/","url":"https:\/\/onurkaucuk.com\/wp-content\/uploads\/2025\/07\/onurkaucuk-logo-buyuk.png","contentUrl":"https:\/\/onurkaucuk.com\/wp-content\/uploads\/2025\/07\/onurkaucuk-logo-buyuk.png","width":698,"height":250,"caption":"Onur Kau&ccedil;uk"},"image":{"@id":"https:\/\/onurkaucuk.com\/#\/schema\/logo\/image\/"}}]}},"_links":{"self":[{"href":"https:\/\/onurkaucuk.com\/en\/wp-json\/wp\/v2\/product\/28084","targetHints":{"allow":["GET"]}}],"collection":[{"href":"https:\/\/onurkaucuk.com\/en\/wp-json\/wp\/v2\/product"}],"about":[{"href":"https:\/\/onurkaucuk.com\/en\/wp-json\/wp\/v2\/types\/product"}],"wp:featuredmedia":[{"embeddable":true,"href":"https:\/\/onurkaucuk.com\/en\/wp-json\/wp\/v2\/media\/28085"}],"wp:attachment":[{"href":"https:\/\/onurkaucuk.com\/en\/wp-json\/wp\/v2\/media?parent=28084"}],"wp:term":[{"taxonomy":"product_brand","embeddable":true,"href":"https:\/\/onurkaucuk.com\/en\/wp-json\/wp\/v2\/product_brand?post=28084"},{"taxonomy":"product_cat","embeddable":true,"href":"https:\/\/onurkaucuk.com\/en\/wp-json\/wp\/v2\/product_cat?post=28084"},{"taxonomy":"product_tag","embeddable":true,"href":"https:\/\/onurkaucuk.com\/en\/wp-json\/wp\/v2\/product_tag?post=28084"}],"curies":[{"name":"wp","href":"https:\/\/api.w.org\/{rel}","templated":true}]}}