{"id":28090,"date":"2025-08-01T00:47:56","date_gmt":"2025-07-31T21:47:56","guid":{"rendered":"https:\/\/onurkaucuk.com\/?post_type=product&#038;p=28090"},"modified":"2025-12-19T12:03:00","modified_gmt":"2025-12-19T09:03:00","slug":"oring-nbr","status":"publish","type":"product","link":"https:\/\/onurkaucuk.com\/en\/product\/oring-nbr\/","title":{"rendered":"Oring NBR"},"content":{"rendered":"<p>Onur Kau\u00e7uk was founded in 1985, prioritizing customer satisfaction and service quality. In 1989, it transitioned to Limited Company status, renewing its vision and mission, and quickly became a leading and preferred company in the industry. Adopting the principle of adapting to constantly changing market conditions and expanding its service areas, Onur Kau\u00e7uk aims to provide its customers with the best service by offering high quality at affordable prices. Having started in a small workshop in 1985, Onur Kau\u00e7uk has continued its steady growth and, in 2012, strengthened its presence in the industry by implementing significant innovations in both technology and work.<\/p>\n<p>By combining years of experience with modern technologies, it has adopted the principle of providing products that ensure superior customer satisfaction in all sectors it serves. This has led to a significant expansion of its product range. Onur Kau\u00e7uk prides itself on continuously raising its quality standards while providing service with minimal margin for error using its resources.<\/p>","protected":false},"excerpt":{"rendered":"<p class=\" translation-block\">You can contact our <strong>sales department<\/strong> to get more information or to develop solutions specific to your projects.<\/p>","protected":false},"featured_media":28091,"template":"","meta":[],"product_brand":[],"product_cat":[243],"product_tag":[],"class_list":{"0":"post-28090","1":"product","2":"type-product","3":"status-publish","4":"has-post-thumbnail","6":"product_cat-oringler","8":"first","9":"instock","10":"shipping-taxable","11":"product-type-external"},"yoast_head":"<!-- This site is optimized with the Yoast SEO plugin v25.6 - https:\/\/yoast.com\/wordpress\/plugins\/seo\/ -->\n<title>Oring NBR - Onur Kau&ccedil;uk<\/title>\n<meta name=\"description\" content=\"Oring NBR \u00fcr\u00fcn\u00fcn\u00fc incelemek ve Oring NBR fiyat teklifi almak i\u00e7in hemen t\u0131klay\u0131n. \u0130leti\u015fime ge\u00e7erek \u00fccretsiz teklif al\u0131n.\" \/>\n<meta name=\"robots\" content=\"index, follow, max-snippet:-1, max-image-preview:large, max-video-preview:-1\" \/>\n<link rel=\"canonical\" href=\"https:\/\/onurkaucuk.com\/en\/product\/oring-nbr\/\" \/>\n<meta property=\"og:locale\" content=\"en_US\" \/>\n<meta property=\"og:type\" content=\"article\" \/>\n<meta property=\"og:title\" content=\"Oring NBR - Onur Kau&ccedil;uk\" \/>\n<meta property=\"og:description\" content=\"Oring NBR \u00fcr\u00fcn\u00fcn\u00fc incelemek ve Oring NBR fiyat teklifi almak i\u00e7in hemen t\u0131klay\u0131n. \u0130leti\u015fime ge\u00e7erek \u00fccretsiz teklif al\u0131n.\" \/>\n<meta property=\"og:url\" content=\"https:\/\/onurkaucuk.com\/en\/product\/oring-nbr\/\" \/>\n<meta property=\"og:site_name\" content=\"Onur Kau&ccedil;uk\" \/>\n<meta property=\"article:modified_time\" content=\"2025-12-19T09:03:00+00:00\" \/>\n<meta property=\"og:image\" content=\"https:\/\/onurkaucuk.com\/wp-content\/uploads\/2025\/08\/Oring-NBR-1.png\" \/>\n\t<meta property=\"og:image:width\" content=\"952\" \/>\n\t<meta property=\"og:image:height\" content=\"907\" \/>\n\t<meta property=\"og:image:type\" content=\"image\/png\" \/>\n<meta name=\"twitter:card\" content=\"summary_large_image\" \/>\n<meta name=\"twitter:label1\" content=\"Est. reading time\" \/>\n\t<meta name=\"twitter:data1\" content=\"1 minute\" \/>\n<script type=\"application\/ld+json\" class=\"yoast-schema-graph\">{\"@context\":\"https:\/\/schema.org\",\"@graph\":[{\"@type\":\"WebPage\",\"@id\":\"https:\/\/onurkaucuk.com\/urun\/oring-nbr\/\",\"url\":\"https:\/\/onurkaucuk.com\/urun\/oring-nbr\/\",\"name\":\"Oring NBR - Onur Kau&ccedil;uk\",\"isPartOf\":{\"@id\":\"https:\/\/onurkaucuk.com\/#website\"},\"primaryImageOfPage\":{\"@id\":\"https:\/\/onurkaucuk.com\/urun\/oring-nbr\/#primaryimage\"},\"image\":{\"@id\":\"https:\/\/onurkaucuk.com\/urun\/oring-nbr\/#primaryimage\"},\"thumbnailUrl\":\"https:\/\/onurkaucuk.com\/wp-content\/uploads\/2025\/08\/Oring-NBR-1.png\",\"datePublished\":\"2025-07-31T21:47:56+00:00\",\"dateModified\":\"2025-12-19T09:03:00+00:00\",\"description\":\"Oring NBR \u00fcr\u00fcn\u00fcn\u00fc incelemek ve Oring NBR fiyat teklifi almak i\u00e7in hemen t\u0131klay\u0131n. \u0130leti\u015fime ge\u00e7erek \u00fccretsiz teklif al\u0131n.\",\"breadcrumb\":{\"@id\":\"https:\/\/onurkaucuk.com\/urun\/oring-nbr\/#breadcrumb\"},\"inLanguage\":\"en-US\",\"potentialAction\":[{\"@type\":\"ReadAction\",\"target\":[\"https:\/\/onurkaucuk.com\/urun\/oring-nbr\/\"]}]},{\"@type\":\"ImageObject\",\"inLanguage\":\"en-US\",\"@id\":\"https:\/\/onurkaucuk.com\/urun\/oring-nbr\/#primaryimage\",\"url\":\"https:\/\/onurkaucuk.com\/wp-content\/uploads\/2025\/08\/Oring-NBR-1.png\",\"contentUrl\":\"https:\/\/onurkaucuk.com\/wp-content\/uploads\/2025\/08\/Oring-NBR-1.png\",\"width\":952,\"height\":907},{\"@type\":\"BreadcrumbList\",\"@id\":\"https:\/\/onurkaucuk.com\/urun\/oring-nbr\/#breadcrumb\",\"itemListElement\":[{\"@type\":\"ListItem\",\"position\":1,\"name\":\"Anasayfa\",\"item\":\"https:\/\/onurkaucuk.com\/\"},{\"@type\":\"ListItem\",\"position\":2,\"name\":\"\u00dcr\u00fcnlerimiz\",\"item\":\"https:\/\/onurkaucuk.com\/urunlerimiz\/\"},{\"@type\":\"ListItem\",\"position\":3,\"name\":\"Oring NBR\"}]},{\"@type\":\"WebSite\",\"@id\":\"https:\/\/onurkaucuk.com\/#website\",\"url\":\"https:\/\/onurkaucuk.com\/\",\"name\":\"Onur Kau&ccedil;uk\",\"description\":\"Kau&ccedil;uk ve Silikonda G&uuml;venilir &Ccedil;&ouml;z&uuml;m Orta\u011f\u0131n\u0131z\",\"publisher\":{\"@id\":\"https:\/\/onurkaucuk.com\/#organization\"},\"potentialAction\":[{\"@type\":\"SearchAction\",\"target\":{\"@type\":\"EntryPoint\",\"urlTemplate\":\"https:\/\/onurkaucuk.com\/?s={search_term_string}\"},\"query-input\":{\"@type\":\"PropertyValueSpecification\",\"valueRequired\":true,\"valueName\":\"search_term_string\"}}],\"inLanguage\":\"en-US\"},{\"@type\":\"Organization\",\"@id\":\"https:\/\/onurkaucuk.com\/#organization\",\"name\":\"Onur Kau&ccedil;uk\",\"url\":\"https:\/\/onurkaucuk.com\/\",\"logo\":{\"@type\":\"ImageObject\",\"inLanguage\":\"en-US\",\"@id\":\"https:\/\/onurkaucuk.com\/#\/schema\/logo\/image\/\",\"url\":\"https:\/\/onurkaucuk.com\/wp-content\/uploads\/2025\/07\/onurkaucuk-logo-buyuk.png\",\"contentUrl\":\"https:\/\/onurkaucuk.com\/wp-content\/uploads\/2025\/07\/onurkaucuk-logo-buyuk.png\",\"width\":698,\"height\":250,\"caption\":\"Onur Kau&ccedil;uk\"},\"image\":{\"@id\":\"https:\/\/onurkaucuk.com\/#\/schema\/logo\/image\/\"}}]}<\/script>\n<!-- \/ Yoast SEO plugin. -->","yoast_head_json":{"title":"Oring NBR - Onur Kau&ccedil;uk","description":"Oring NBR \u00fcr\u00fcn\u00fcn\u00fc incelemek ve Oring NBR fiyat teklifi almak i\u00e7in hemen t\u0131klay\u0131n. \u0130leti\u015fime ge\u00e7erek \u00fccretsiz teklif al\u0131n.","robots":{"index":"index","follow":"follow","max-snippet":"max-snippet:-1","max-image-preview":"max-image-preview:large","max-video-preview":"max-video-preview:-1"},"canonical":"https:\/\/onurkaucuk.com\/en\/product\/oring-nbr\/","og_locale":"en_US","og_type":"article","og_title":"Oring NBR - Onur Kau&ccedil;uk","og_description":"Oring NBR \u00fcr\u00fcn\u00fcn\u00fc incelemek ve Oring NBR fiyat teklifi almak i\u00e7in hemen t\u0131klay\u0131n. \u0130leti\u015fime ge\u00e7erek \u00fccretsiz teklif al\u0131n.","og_url":"https:\/\/onurkaucuk.com\/en\/product\/oring-nbr\/","og_site_name":"Onur Kau&ccedil;uk","article_modified_time":"2025-12-19T09:03:00+00:00","og_image":[{"width":952,"height":907,"url":"https:\/\/onurkaucuk.com\/wp-content\/uploads\/2025\/08\/Oring-NBR-1.png","type":"image\/png"}],"twitter_card":"summary_large_image","twitter_misc":{"Est. reading time":"1 minute"},"schema":{"@context":"https:\/\/schema.org","@graph":[{"@type":"WebPage","@id":"https:\/\/onurkaucuk.com\/urun\/oring-nbr\/","url":"https:\/\/onurkaucuk.com\/urun\/oring-nbr\/","name":"Oring NBR - Onur Kau&ccedil;uk","isPartOf":{"@id":"https:\/\/onurkaucuk.com\/#website"},"primaryImageOfPage":{"@id":"https:\/\/onurkaucuk.com\/urun\/oring-nbr\/#primaryimage"},"image":{"@id":"https:\/\/onurkaucuk.com\/urun\/oring-nbr\/#primaryimage"},"thumbnailUrl":"https:\/\/onurkaucuk.com\/wp-content\/uploads\/2025\/08\/Oring-NBR-1.png","datePublished":"2025-07-31T21:47:56+00:00","dateModified":"2025-12-19T09:03:00+00:00","description":"Oring NBR \u00fcr\u00fcn\u00fcn\u00fc incelemek ve Oring NBR fiyat teklifi almak i\u00e7in hemen t\u0131klay\u0131n. \u0130leti\u015fime ge\u00e7erek \u00fccretsiz teklif al\u0131n.","breadcrumb":{"@id":"https:\/\/onurkaucuk.com\/urun\/oring-nbr\/#breadcrumb"},"inLanguage":"en-US","potentialAction":[{"@type":"ReadAction","target":["https:\/\/onurkaucuk.com\/urun\/oring-nbr\/"]}]},{"@type":"ImageObject","inLanguage":"en-US","@id":"https:\/\/onurkaucuk.com\/urun\/oring-nbr\/#primaryimage","url":"https:\/\/onurkaucuk.com\/wp-content\/uploads\/2025\/08\/Oring-NBR-1.png","contentUrl":"https:\/\/onurkaucuk.com\/wp-content\/uploads\/2025\/08\/Oring-NBR-1.png","width":952,"height":907},{"@type":"BreadcrumbList","@id":"https:\/\/onurkaucuk.com\/urun\/oring-nbr\/#breadcrumb","itemListElement":[{"@type":"ListItem","position":1,"name":"Anasayfa","item":"https:\/\/onurkaucuk.com\/"},{"@type":"ListItem","position":2,"name":"\u00dcr\u00fcnlerimiz","item":"https:\/\/onurkaucuk.com\/urunlerimiz\/"},{"@type":"ListItem","position":3,"name":"Oring NBR"}]},{"@type":"WebSite","@id":"https:\/\/onurkaucuk.com\/#website","url":"https:\/\/onurkaucuk.com\/","name":"Onur Kau&ccedil;uk","description":"Kau&ccedil;uk ve Silikonda G&uuml;venilir &Ccedil;&ouml;z&uuml;m Orta\u011f\u0131n\u0131z","publisher":{"@id":"https:\/\/onurkaucuk.com\/#organization"},"potentialAction":[{"@type":"SearchAction","target":{"@type":"EntryPoint","urlTemplate":"https:\/\/onurkaucuk.com\/?s={search_term_string}"},"query-input":{"@type":"PropertyValueSpecification","valueRequired":true,"valueName":"search_term_string"}}],"inLanguage":"en-US"},{"@type":"Organization","@id":"https:\/\/onurkaucuk.com\/#organization","name":"Onur Kau&ccedil;uk","url":"https:\/\/onurkaucuk.com\/","logo":{"@type":"ImageObject","inLanguage":"en-US","@id":"https:\/\/onurkaucuk.com\/#\/schema\/logo\/image\/","url":"https:\/\/onurkaucuk.com\/wp-content\/uploads\/2025\/07\/onurkaucuk-logo-buyuk.png","contentUrl":"https:\/\/onurkaucuk.com\/wp-content\/uploads\/2025\/07\/onurkaucuk-logo-buyuk.png","width":698,"height":250,"caption":"Onur Kau&ccedil;uk"},"image":{"@id":"https:\/\/onurkaucuk.com\/#\/schema\/logo\/image\/"}}]}},"_links":{"self":[{"href":"https:\/\/onurkaucuk.com\/en\/wp-json\/wp\/v2\/product\/28090","targetHints":{"allow":["GET"]}}],"collection":[{"href":"https:\/\/onurkaucuk.com\/en\/wp-json\/wp\/v2\/product"}],"about":[{"href":"https:\/\/onurkaucuk.com\/en\/wp-json\/wp\/v2\/types\/product"}],"wp:featuredmedia":[{"embeddable":true,"href":"https:\/\/onurkaucuk.com\/en\/wp-json\/wp\/v2\/media\/28091"}],"wp:attachment":[{"href":"https:\/\/onurkaucuk.com\/en\/wp-json\/wp\/v2\/media?parent=28090"}],"wp:term":[{"taxonomy":"product_brand","embeddable":true,"href":"https:\/\/onurkaucuk.com\/en\/wp-json\/wp\/v2\/product_brand?post=28090"},{"taxonomy":"product_cat","embeddable":true,"href":"https:\/\/onurkaucuk.com\/en\/wp-json\/wp\/v2\/product_cat?post=28090"},{"taxonomy":"product_tag","embeddable":true,"href":"https:\/\/onurkaucuk.com\/en\/wp-json\/wp\/v2\/product_tag?post=28090"}],"curies":[{"name":"wp","href":"https:\/\/api.w.org\/{rel}","templated":true}]}}