{"id":28132,"date":"2025-08-01T01:19:43","date_gmt":"2025-07-31T22:19:43","guid":{"rendered":"https:\/\/onurkaucuk.com\/?post_type=product&#038;p=28132"},"modified":"2025-12-19T12:01:51","modified_gmt":"2025-12-19T09:01:51","slug":"kaucuk-lama","status":"publish","type":"product","link":"https:\/\/onurkaucuk.com\/en\/product\/kaucuk-lama\/","title":{"rendered":"Rubber Lama"},"content":{"rendered":"<p>Rubber blades should be carefully selected based on the chemicals and external factors they will come into contact with in the environment they are used in. Neoprene, nitrile, or natural rubber can be used in their production, which increases the product's durability.<\/p>\n<p><strong>Features of Rubber Blades:<\/strong><\/p>\n<ul>\n<li><strong>Impact and Friction Resistant:<\/strong>\u00a0Rubber scraper blades, made of unfilled pure rubber material, show high resistance to impact and friction.<\/li>\n<li><strong>Different Hardness Options:<\/strong>\u00a0Neoprene rubber strips can be manufactured in the hardness range of 30-90 Shore A, providing flexibility in a variety of applications.<\/li>\n<li><strong>Wide Areas of Use:<\/strong>\u00a0Rubber sheets are widely used as noise reducers and sealing materials, especially in construction projects, dam covers, and the machinery manufacturing industry.<\/li>\n<\/ul>\n<p><strong>Custom Size and Dimension Options:<\/strong><\/p>\n<p>The table below shows the dimensions of the rubber blades. Custom sizes and dimensions of rubber materials are also available upon request.<\/p>","protected":false},"excerpt":{"rendered":"<p class=\" translation-block\">You can contact our <strong>sales department<\/strong> to get more information or to develop solutions specific to your projects.<\/p>","protected":false},"featured_media":28133,"template":"","meta":[],"product_brand":[],"product_cat":[245],"product_tag":[],"class_list":{"0":"post-28132","1":"product","2":"type-product","3":"status-publish","4":"has-post-thumbnail","6":"product_cat-sungerler-ve-seritler","8":"first","9":"instock","10":"shipping-taxable","11":"product-type-external"},"yoast_head":"<!-- This site is optimized with the Yoast SEO plugin v25.6 - https:\/\/yoast.com\/wordpress\/plugins\/seo\/ -->\n<title>Kau\u00e7uk Lama - Onur Kau&ccedil;uk<\/title>\n<meta name=\"description\" content=\"Kau\u00e7uk Lama \u00fcr\u00fcn\u00fcn\u00fc incelemek ve Kau\u00e7uk Lama fiyat teklifi almak i\u00e7in hemen t\u0131klay\u0131n. \u0130leti\u015fime ge\u00e7erek \u00fccretsiz teklif al\u0131n.\" \/>\n<meta name=\"robots\" content=\"index, follow, max-snippet:-1, max-image-preview:large, max-video-preview:-1\" \/>\n<link rel=\"canonical\" href=\"https:\/\/onurkaucuk.com\/en\/product\/kaucuk-lama\/\" \/>\n<meta property=\"og:locale\" content=\"en_US\" \/>\n<meta property=\"og:type\" content=\"article\" \/>\n<meta property=\"og:title\" content=\"Kau\u00e7uk Lama - Onur Kau&ccedil;uk\" \/>\n<meta property=\"og:description\" content=\"Kau\u00e7uk Lama \u00fcr\u00fcn\u00fcn\u00fc incelemek ve Kau\u00e7uk Lama fiyat teklifi almak i\u00e7in hemen t\u0131klay\u0131n. \u0130leti\u015fime ge\u00e7erek \u00fccretsiz teklif al\u0131n.\" \/>\n<meta property=\"og:url\" content=\"https:\/\/onurkaucuk.com\/en\/product\/kaucuk-lama\/\" \/>\n<meta property=\"og:site_name\" content=\"Onur Kau&ccedil;uk\" \/>\n<meta property=\"article:modified_time\" content=\"2025-12-19T09:01:51+00:00\" \/>\n<meta property=\"og:image\" content=\"https:\/\/onurkaucuk.com\/wp-content\/uploads\/2025\/08\/Kaucuk-Lama-1.jpeg\" \/>\n\t<meta property=\"og:image:width\" content=\"952\" \/>\n\t<meta property=\"og:image:height\" content=\"907\" \/>\n\t<meta property=\"og:image:type\" content=\"image\/jpeg\" \/>\n<meta name=\"twitter:card\" content=\"summary_large_image\" \/>\n<meta name=\"twitter:label1\" content=\"Est. reading time\" \/>\n\t<meta name=\"twitter:data1\" content=\"1 minute\" \/>\n<script type=\"application\/ld+json\" class=\"yoast-schema-graph\">{\"@context\":\"https:\/\/schema.org\",\"@graph\":[{\"@type\":\"WebPage\",\"@id\":\"https:\/\/onurkaucuk.com\/urun\/kaucuk-lama\/\",\"url\":\"https:\/\/onurkaucuk.com\/urun\/kaucuk-lama\/\",\"name\":\"Kau\u00e7uk Lama - Onur Kau&ccedil;uk\",\"isPartOf\":{\"@id\":\"https:\/\/onurkaucuk.com\/#website\"},\"primaryImageOfPage\":{\"@id\":\"https:\/\/onurkaucuk.com\/urun\/kaucuk-lama\/#primaryimage\"},\"image\":{\"@id\":\"https:\/\/onurkaucuk.com\/urun\/kaucuk-lama\/#primaryimage\"},\"thumbnailUrl\":\"https:\/\/onurkaucuk.com\/wp-content\/uploads\/2025\/08\/Kaucuk-Lama-1.jpeg\",\"datePublished\":\"2025-07-31T22:19:43+00:00\",\"dateModified\":\"2025-12-19T09:01:51+00:00\",\"description\":\"Kau\u00e7uk Lama \u00fcr\u00fcn\u00fcn\u00fc incelemek ve Kau\u00e7uk Lama fiyat teklifi almak i\u00e7in hemen t\u0131klay\u0131n. \u0130leti\u015fime ge\u00e7erek \u00fccretsiz teklif al\u0131n.\",\"breadcrumb\":{\"@id\":\"https:\/\/onurkaucuk.com\/urun\/kaucuk-lama\/#breadcrumb\"},\"inLanguage\":\"en-US\",\"potentialAction\":[{\"@type\":\"ReadAction\",\"target\":[\"https:\/\/onurkaucuk.com\/urun\/kaucuk-lama\/\"]}]},{\"@type\":\"ImageObject\",\"inLanguage\":\"en-US\",\"@id\":\"https:\/\/onurkaucuk.com\/urun\/kaucuk-lama\/#primaryimage\",\"url\":\"https:\/\/onurkaucuk.com\/wp-content\/uploads\/2025\/08\/Kaucuk-Lama-1.jpeg\",\"contentUrl\":\"https:\/\/onurkaucuk.com\/wp-content\/uploads\/2025\/08\/Kaucuk-Lama-1.jpeg\",\"width\":952,\"height\":907},{\"@type\":\"BreadcrumbList\",\"@id\":\"https:\/\/onurkaucuk.com\/urun\/kaucuk-lama\/#breadcrumb\",\"itemListElement\":[{\"@type\":\"ListItem\",\"position\":1,\"name\":\"Anasayfa\",\"item\":\"https:\/\/onurkaucuk.com\/\"},{\"@type\":\"ListItem\",\"position\":2,\"name\":\"\u00dcr\u00fcnlerimiz\",\"item\":\"https:\/\/onurkaucuk.com\/urunlerimiz\/\"},{\"@type\":\"ListItem\",\"position\":3,\"name\":\"Kau\u00e7uk Lama\"}]},{\"@type\":\"WebSite\",\"@id\":\"https:\/\/onurkaucuk.com\/#website\",\"url\":\"https:\/\/onurkaucuk.com\/\",\"name\":\"Onur Kau&ccedil;uk\",\"description\":\"Kau&ccedil;uk ve Silikonda G&uuml;venilir &Ccedil;&ouml;z&uuml;m Orta\u011f\u0131n\u0131z\",\"publisher\":{\"@id\":\"https:\/\/onurkaucuk.com\/#organization\"},\"potentialAction\":[{\"@type\":\"SearchAction\",\"target\":{\"@type\":\"EntryPoint\",\"urlTemplate\":\"https:\/\/onurkaucuk.com\/?s={search_term_string}\"},\"query-input\":{\"@type\":\"PropertyValueSpecification\",\"valueRequired\":true,\"valueName\":\"search_term_string\"}}],\"inLanguage\":\"en-US\"},{\"@type\":\"Organization\",\"@id\":\"https:\/\/onurkaucuk.com\/#organization\",\"name\":\"Onur Kau&ccedil;uk\",\"url\":\"https:\/\/onurkaucuk.com\/\",\"logo\":{\"@type\":\"ImageObject\",\"inLanguage\":\"en-US\",\"@id\":\"https:\/\/onurkaucuk.com\/#\/schema\/logo\/image\/\",\"url\":\"https:\/\/onurkaucuk.com\/wp-content\/uploads\/2025\/07\/onurkaucuk-logo-buyuk.png\",\"contentUrl\":\"https:\/\/onurkaucuk.com\/wp-content\/uploads\/2025\/07\/onurkaucuk-logo-buyuk.png\",\"width\":698,\"height\":250,\"caption\":\"Onur Kau&ccedil;uk\"},\"image\":{\"@id\":\"https:\/\/onurkaucuk.com\/#\/schema\/logo\/image\/\"}}]}<\/script>\n<!-- \/ Yoast SEO plugin. -->","yoast_head_json":{"title":"Kau\u00e7uk Lama - Onur Kau&ccedil;uk","description":"Kau\u00e7uk Lama \u00fcr\u00fcn\u00fcn\u00fc incelemek ve Kau\u00e7uk Lama fiyat teklifi almak i\u00e7in hemen t\u0131klay\u0131n. \u0130leti\u015fime ge\u00e7erek \u00fccretsiz teklif al\u0131n.","robots":{"index":"index","follow":"follow","max-snippet":"max-snippet:-1","max-image-preview":"max-image-preview:large","max-video-preview":"max-video-preview:-1"},"canonical":"https:\/\/onurkaucuk.com\/en\/product\/kaucuk-lama\/","og_locale":"en_US","og_type":"article","og_title":"Kau\u00e7uk Lama - Onur Kau&ccedil;uk","og_description":"Kau\u00e7uk Lama \u00fcr\u00fcn\u00fcn\u00fc incelemek ve Kau\u00e7uk Lama fiyat teklifi almak i\u00e7in hemen t\u0131klay\u0131n. \u0130leti\u015fime ge\u00e7erek \u00fccretsiz teklif al\u0131n.","og_url":"https:\/\/onurkaucuk.com\/en\/product\/kaucuk-lama\/","og_site_name":"Onur Kau&ccedil;uk","article_modified_time":"2025-12-19T09:01:51+00:00","og_image":[{"width":952,"height":907,"url":"https:\/\/onurkaucuk.com\/wp-content\/uploads\/2025\/08\/Kaucuk-Lama-1.jpeg","type":"image\/jpeg"}],"twitter_card":"summary_large_image","twitter_misc":{"Est. reading time":"1 minute"},"schema":{"@context":"https:\/\/schema.org","@graph":[{"@type":"WebPage","@id":"https:\/\/onurkaucuk.com\/urun\/kaucuk-lama\/","url":"https:\/\/onurkaucuk.com\/urun\/kaucuk-lama\/","name":"Kau\u00e7uk Lama - Onur Kau&ccedil;uk","isPartOf":{"@id":"https:\/\/onurkaucuk.com\/#website"},"primaryImageOfPage":{"@id":"https:\/\/onurkaucuk.com\/urun\/kaucuk-lama\/#primaryimage"},"image":{"@id":"https:\/\/onurkaucuk.com\/urun\/kaucuk-lama\/#primaryimage"},"thumbnailUrl":"https:\/\/onurkaucuk.com\/wp-content\/uploads\/2025\/08\/Kaucuk-Lama-1.jpeg","datePublished":"2025-07-31T22:19:43+00:00","dateModified":"2025-12-19T09:01:51+00:00","description":"Kau\u00e7uk Lama \u00fcr\u00fcn\u00fcn\u00fc incelemek ve Kau\u00e7uk Lama fiyat teklifi almak i\u00e7in hemen t\u0131klay\u0131n. \u0130leti\u015fime ge\u00e7erek \u00fccretsiz teklif al\u0131n.","breadcrumb":{"@id":"https:\/\/onurkaucuk.com\/urun\/kaucuk-lama\/#breadcrumb"},"inLanguage":"en-US","potentialAction":[{"@type":"ReadAction","target":["https:\/\/onurkaucuk.com\/urun\/kaucuk-lama\/"]}]},{"@type":"ImageObject","inLanguage":"en-US","@id":"https:\/\/onurkaucuk.com\/urun\/kaucuk-lama\/#primaryimage","url":"https:\/\/onurkaucuk.com\/wp-content\/uploads\/2025\/08\/Kaucuk-Lama-1.jpeg","contentUrl":"https:\/\/onurkaucuk.com\/wp-content\/uploads\/2025\/08\/Kaucuk-Lama-1.jpeg","width":952,"height":907},{"@type":"BreadcrumbList","@id":"https:\/\/onurkaucuk.com\/urun\/kaucuk-lama\/#breadcrumb","itemListElement":[{"@type":"ListItem","position":1,"name":"Anasayfa","item":"https:\/\/onurkaucuk.com\/"},{"@type":"ListItem","position":2,"name":"\u00dcr\u00fcnlerimiz","item":"https:\/\/onurkaucuk.com\/urunlerimiz\/"},{"@type":"ListItem","position":3,"name":"Kau\u00e7uk Lama"}]},{"@type":"WebSite","@id":"https:\/\/onurkaucuk.com\/#website","url":"https:\/\/onurkaucuk.com\/","name":"Onur Kau&ccedil;uk","description":"Kau&ccedil;uk ve Silikonda G&uuml;venilir &Ccedil;&ouml;z&uuml;m Orta\u011f\u0131n\u0131z","publisher":{"@id":"https:\/\/onurkaucuk.com\/#organization"},"potentialAction":[{"@type":"SearchAction","target":{"@type":"EntryPoint","urlTemplate":"https:\/\/onurkaucuk.com\/?s={search_term_string}"},"query-input":{"@type":"PropertyValueSpecification","valueRequired":true,"valueName":"search_term_string"}}],"inLanguage":"en-US"},{"@type":"Organization","@id":"https:\/\/onurkaucuk.com\/#organization","name":"Onur Kau&ccedil;uk","url":"https:\/\/onurkaucuk.com\/","logo":{"@type":"ImageObject","inLanguage":"en-US","@id":"https:\/\/onurkaucuk.com\/#\/schema\/logo\/image\/","url":"https:\/\/onurkaucuk.com\/wp-content\/uploads\/2025\/07\/onurkaucuk-logo-buyuk.png","contentUrl":"https:\/\/onurkaucuk.com\/wp-content\/uploads\/2025\/07\/onurkaucuk-logo-buyuk.png","width":698,"height":250,"caption":"Onur Kau&ccedil;uk"},"image":{"@id":"https:\/\/onurkaucuk.com\/#\/schema\/logo\/image\/"}}]}},"_links":{"self":[{"href":"https:\/\/onurkaucuk.com\/en\/wp-json\/wp\/v2\/product\/28132","targetHints":{"allow":["GET"]}}],"collection":[{"href":"https:\/\/onurkaucuk.com\/en\/wp-json\/wp\/v2\/product"}],"about":[{"href":"https:\/\/onurkaucuk.com\/en\/wp-json\/wp\/v2\/types\/product"}],"wp:featuredmedia":[{"embeddable":true,"href":"https:\/\/onurkaucuk.com\/en\/wp-json\/wp\/v2\/media\/28133"}],"wp:attachment":[{"href":"https:\/\/onurkaucuk.com\/en\/wp-json\/wp\/v2\/media?parent=28132"}],"wp:term":[{"taxonomy":"product_brand","embeddable":true,"href":"https:\/\/onurkaucuk.com\/en\/wp-json\/wp\/v2\/product_brand?post=28132"},{"taxonomy":"product_cat","embeddable":true,"href":"https:\/\/onurkaucuk.com\/en\/wp-json\/wp\/v2\/product_cat?post=28132"},{"taxonomy":"product_tag","embeddable":true,"href":"https:\/\/onurkaucuk.com\/en\/wp-json\/wp\/v2\/product_tag?post=28132"}],"curies":[{"name":"wp","href":"https:\/\/api.w.org\/{rel}","templated":true}]}}